{"id":339,"date":"2024-07-02T13:05:47","date_gmt":"2024-07-02T13:05:47","guid":{"rendered":"http:\/\/localhost\/hommywp\/pa-c5-a-automat-hamburgers-vending-machine-for-sale-price\/"},"modified":"2025-08-01T09:57:32","modified_gmt":"2025-08-01T09:57:32","slug":"pa-c5-a-hamburgers-automaten","status":"publish","type":"product","link":"https:\/\/www.hommy.com\/de\/p\/pa-c5-a-hamburgers-automaten\/","title":{"rendered":"Pa-C5-A Automat Hamburgers Vending Machine For Sale Preis"},"content":{"rendered":"<div>\n<p style=\"text-align: center\"><span style=\"font-size: 29px;font-family: Helvetica\">Hei\u00df- und Kaltgetr\u00e4nkeautomaten 24 Stunden<\/span><\/p>\n<p style=\"text-align: center\"><span style=\"font-size: 29px;font-family: Helvetica\">https:\/\/youtu.be\/fjqlShughpQ&nbsp; <\/span><span style=\"font-family:\u5b8b\u4f53;font-size:29px\">&nbsp;<\/span><\/p>\n<p><span style=\"font-family: Helvetica;font-size: 16px\">Hersteller, Lieferant, Exporteur, Vertriebsh\u00e4ndler von Hamburger Automaten. Wir verf\u00fcgen \u00fcber eine eigene Produktionsst\u00e4tte und arbeiten mit verschiedenen renommierten Herstellern zusammen, um sicherzustellen, dass wir in der Lage sind, qualitativ hochwertige Maschinen anzubieten. Unser Angebot umfasst komplette Maschinen einschlie\u00dflich der Einheit, die K\u00fchlvorrichtung und das Verkaufssystem. Wir bieten qualitativ hochwertige Maschinen.<\/span><\/p>\n<p><span style=\"font-size: 29px;font-family: Helvetica\">Produktspezifikation\uff1a<\/span><\/p>\n<p><span style=\"font-family:\u5b8b\u4f53;font-size:29px\"><img decoding=\"async\" src=\"https:\/\/www.hommy.com\/wp-content\/uploads\/16429863857179.png\" alt=\"product-Hommy-img\" title=\"\"><\/span><\/p>\n<p><\/p>\n<p style=\"margin-bottom:0;text-align:justify\"><span style=\"font-family:\u5b8b\u4f53;font-size:29px\">Produktmerkmale: <\/span><\/p>\n<p><span style=\"font-family:Calibri;font-size:21px\">1. 21<\/span><span style=\"font-family:\u7b49\u7ebf;font-size:21px\">.<\/span><span style=\"font-family:Calibri;font-size:21px\">5\" Touchscreen f\u00fcr Werbung und Bedienung. Cloud Platform Management System. <\/span><\/p>\n<p><span style=\"font-family:Calibri;font-size:21px\">2. Zahlungssystem: M\u00fcnze, Rechnung, Kreditkarte bietet Schnittstelle (MDB-Port), R\u00fcckgabe von M\u00fcnzen. &nbsp;<\/span><\/p>\n<p><span style=\"font-family:Calibri;font-size:21px\">3. Die Maschine im Inneren kann 72pcs Hamburger halten, Lebensmittel-Boxen Gr\u00f6\u00dfe: (L)220mm * (B)180mm * (H)40\uff5e70mm. Lagerung kann 81 Boxen sein, wenn die Breite der Box 150mm ist.<\/span><span style=\"font-family:\u5b8b\u4f53;font-size:21px\"><span style=\"font-family:\u5b8b\u4f53\">\uff08<\/span>Basis auf Ihrer Box, um sie anzupassen \uff09.<\/span><\/p>\n<p><span style=\"font-family:Calibri;font-size:21px\">4. Die Temperatur des Lagerbereichs kann von 5\u2103\uff5e10\u2103 angepasst werden. Es kann Basis auf verschiedene Produkte eingestellt werden.<\/span><\/p>\n<p><span style=\"font-family:Calibri;font-size:21px\">5. Heizung Temperatur: 60\u2103\uff5e90\u2103. N<\/span><span style=\"font-family:\u5b8b\u4f53;font-size:21px\">eed 30 Sekunden<\/span><span style=\"font-family:Calibri;font-size:21px\">s<\/span><span style=\"font-family:\u5b8b\u4f53;font-size:21px\">&nbsp;f\u00fcr Bak<\/span><span style=\"font-family:Calibri;font-size:21px\">ing<\/span><span style=\"font-family:\u5b8b\u4f53;font-size:21px\">&nbsp;eine <\/span><span style=\"font-family:Calibri;font-size:21px\">hamburger<\/span><span style=\"font-family:\u5b8b\u4f53;font-size:21px\">.<\/span><span style=\"font-family:Calibri;font-size:21px\">&nbsp;Die Heizzeit kann je nach Material angepasst werden.&nbsp;<\/span><\/p>\n<p><span style=\"font-family:Calibri;font-size:21px\">6. Schubstange Liefergeschwindigkeit: 60\uff5e90 Sekunden. Die Geschwindigkeit wird f\u00fcr verschiedene Schichten von Paletten variiert werden. <\/span><\/p>\n<p><span style=\"font-family:Calibri;font-size:21px\">7. Erhitzungsmethode: patentierter handels\u00fcblicher Mikrowellenofen (2000W)<\/span><\/p>\n<p><span style=\"font-family:Calibri;font-size:21px\">8. Lebensmitteltyp verf\u00fcgbar: 1-27 Arten, Preis f\u00fcr jedes Produkt und Erhitzungszeit k\u00f6nnen konfiguriert werden <\/span><\/p>\n<p><span style=\"font-family:Calibri;font-size:21px\">9. Maschine K\u00f6rper Material: ganze Maschine sch\u00e4umende Formgebung, gute W\u00e4rmed\u00e4mmung. &nbsp;<\/span><\/p>\n<p><span style=\"font-family:Calibri;font-size:21px\">10. Kompressor: Leistung 550W, Marke Embraco\uff0cK\u00e4ltemittel 134A<\/span><\/p>\n<p style=\"margin-bottom:0;text-align:justify\"><\/p>\n<p style=\"margin-bottom:0;text-align:justify\"><span style=\"font-family:\u5b8b\u4f53;font-size:29px\">Produktvorteil:<\/span><\/p>\n<p style=\"margin-bottom:0;text-align:justify\"><span style=\"font-family: Calibri;font-size: 16px\">1.&nbsp;<\/span><span style=\"font-family: \u5b8b\u4f53;font-size: 20px\">Intelligenter Manipulator XY-Achse Ausgang und Aufzug Lieferung<\/span><\/p>\n<p style=\"margin-bottom:0;text-align:justify\"><span style=\"font-family: \u5b8b\u4f53;font-size: 20px\"><img decoding=\"async\" src=\"https:\/\/www.hommy.com\/wp-content\/uploads\/16429864739993.jpg\" alt=\"product-Hommy-img\" title=\"\"><\/span><\/p>\n<p style=\"vertical-align: baseline\"><span style=\"font-family: Calibri;font-size: 20px\">2<\/span><span style=\"font-family: \u5b8b\u4f53;font-size: 20px\">Gr\u00f6\u00dfere Kapazit\u00e4t etwa <\/span><span style=\"font-family: Calibri;font-size: 20px\">72<\/span><span style=\"font-family: \u5b8b\u4f53;font-size: 20px\">St\u00fcck : 3 St\u00fcck Bahnen pro Lage X 3 Kisten\/Fahrspur X <\/span><span style=\"font-family: Calibri;font-size: 20px\">8<\/span><span style=\"font-family: \u5b8b\u4f53;font-size: 20px\">&nbsp;Schichten=<\/span><span style=\"font-family: Calibri;font-size: 20px\">72<\/span><\/p>\n<p style=\"vertical-align: baseline\"><img loading=\"lazy\" decoding=\"async\" src=\"https:\/\/www.hommy.com\/wp-content\/uploads\/16429864907681.jpg\" title=\"\" alt=\"product-Hommy-img\" width=\"350\" height=\"1440\" border=\"0\" vspace=\"0\" style=\"width: 350px;height: 1440px\"><\/p>\n<p><span style=\"font-family: \u5b8b\u4f53;font-size: 20px\">3.<\/span><span style=\"font-family:Calibri;font-size:21px\">Das Zahlungssystem kann M\u00fcnzen, Scheine, Exchang-M\u00fcnzen und Kreditkarten akzeptieren.<\/span><\/p>\n<p style=\"vertical-align: baseline\"><img loading=\"lazy\" decoding=\"async\" src=\"https:\/\/www.hommy.com\/wp-content\/uploads\/16429865163876.png\" title=\"\" alt=\"product-Hommy-img\" width=\"350\" height=\"546\" border=\"0\" vspace=\"0\" style=\"width: 350px;height: 546px\"><\/p>\n<p><span style=\"font-family:Calibri;font-size:21px\">4. computergesteuertes Fernverwaltungssystem: Abfrage von Verkaufsdaten, Mangelerinnerungen, Maschinenausfallerinnerung.<\/span><\/p>\n<p style=\"vertical-align: baseline\"><img decoding=\"async\" src=\"https:\/\/www.hommy.com\/wp-content\/uploads\/16429865641427.jpg\" alt=\"product-PA-C5-A Hamburger-Automat-Hommy-img\" title=\"\"><\/p>\n<p><span style=\"font-family:\u5b8b\u4f53;font-size:29px\"><\/span><\/p>\n<h2 style=\"font-family: sans-serif\">Welche Lebensmittel befinden sich in einem Automaten?<\/h2>\n<p style=\"margin-top: 5px;margin-bottom: 5px;font-family: sans-serif;font-size: 16px\">Die meisten Automaten bieten verschiedene Arten von Produkten an, aber jeder hat einen anderen Zweck. Einige sind f\u00fcr Menschen mit kleinem Budget gedacht, andere f\u00fcr B\u00fcroangestellte, die keine Zeit haben, einen schnellen Snack oder ein Getr\u00e4nk zu besorgen.<\/p>\n<p style=\"margin-top: 5px;margin-bottom: 5px;font-family: sans-serif;font-size: 16px\"><\/p>\n<h2 style=\"font-family: sans-serif\">Was kann ich in einem Verkaufsautomaten verkaufen?<\/h2>\n<p style=\"margin-top: 5px;margin-bottom: 5px;font-family: sans-serif;font-size: 16px\">Diese Antwort bezieht sich nicht nur auf Verkaufsautomaten und hat nicht die Absicht, eine umfassende oder ersch\u00f6pfende Liste zu sein. Im Allgemeinen sollten Sie die Dinge finden, die ein Automat annehmen kann, und dann die Dinge, die ein Automat verkaufen kann. Ein Automat, der Geld, Getr\u00e4nkeflaschen und S\u00fc\u00dfigkeiten annimmt, nimmt wahrscheinlich die ersten beiden Dinge an (oder kann sie zumindest annehmen), w\u00e4hrend er das dritte wahrscheinlich nicht annimmt und sehr wahrscheinlich auch nicht verkauft. Ein Automat, der Geld, Getr\u00e4nkeflaschen und S\u00fc\u00dfigkeiten annimmt, wird wahrscheinlich eher die ersten beiden Dinge annehmen und das dritte verkaufen. Ein Automat, der nur Geld, nur Getr\u00e4nkeflaschen und nur S\u00fc\u00dfigkeiten annimmt, wird mit geringerer Wahrscheinlichkeit irgendetwas davon annehmen, und mit gr\u00f6\u00dferer Wahrscheinlichkeit nichts davon. Ein Automat, der nur Geld und S\u00fc\u00dfigkeiten annimmt, wird wahrscheinlich keine annehmen und wahrscheinlich auch keine verkaufen.<\/p>\n<p style=\"margin-top: 5px;margin-bottom: 5px;font-family: sans-serif;font-size: 16px\"><\/p>\n<h2 style=\"font-family: sans-serif\">Wie viele Snacks passen in einen Verkaufsautomaten?<\/h2>\n<p style=\"margin-top: 5px;margin-bottom: 5px;font-family: sans-serif;font-size: 16px\">Die meisten Verkaufsautomaten, und ganz sicher die, \u00fcber die wir hier sprechen, haben eine H\u00f6chstzahl von Artikeln, die im Automaten gelagert werden k\u00f6nnen. In einigen ist die H\u00f6chstzahl als letzte Zahl eines Countdown-Timers festgelegt, in anderen ist es die Kapazit\u00e4t des Automaten. Das offensichtlichste Beispiel hierf\u00fcr ist die Anzahl der Tasten, die auf einem einzelnen Keypunch-Ger\u00e4t oder einer Tastatur gedr\u00fcckt werden k\u00f6nnen. Einige Automaten haben eine H\u00f6chstzahl, die auf dem Gewicht der einzuwerfenden Gegenst\u00e4nde basiert, obwohl diese im Allgemeinen nur zur Erkennung gestohlener oder manipulierter Gegenst\u00e4nde verwendet werden.<\/p>\n<\/p><\/div>","protected":false},"excerpt":{"rendered":"<p>Hot and Freeze vending machine 24hours https:\/\/youtu.be\/fjqlShughpQ&nbsp; &nbsp; Manufacturer, Supplier, Exporter, Distributor of Hamburgers Vending Machine. We have our own manufacturing unit and have tie-ups with various reputed manufacturers to ensure that we are able to offer high quality machines. Our offerings comprise of complete machines including the unit, the refrigeration device and the vending [&hellip;]<\/p>\n","protected":false},"featured_media":1954,"comment_status":"open","ping_status":"open","template":"","meta":{"_swt_meta_header_display":false,"_swt_meta_footer_display":false,"_swt_meta_site_title_display":false,"_swt_meta_sticky_header":false,"_swt_meta_transparent_header":false},"product_brand":[],"product_cat":[74,68],"product_tag":[],"class_list":{"0":"post-339","1":"product","2":"type-product","3":"status-publish","4":"has-post-thumbnail","6":"product_cat-hot-food-vending-machine","7":"product_cat-vending-machine","9":"first","10":"instock","11":"shipping-taxable","12":"product-type-simple"},"_links":{"self":[{"href":"https:\/\/www.hommy.com\/de\/wp-json\/wp\/v2\/product\/339","targetHints":{"allow":["GET"]}}],"collection":[{"href":"https:\/\/www.hommy.com\/de\/wp-json\/wp\/v2\/product"}],"about":[{"href":"https:\/\/www.hommy.com\/de\/wp-json\/wp\/v2\/types\/product"}],"replies":[{"embeddable":true,"href":"https:\/\/www.hommy.com\/de\/wp-json\/wp\/v2\/comments?post=339"}],"wp:featuredmedia":[{"embeddable":true,"href":"https:\/\/www.hommy.com\/de\/wp-json\/wp\/v2\/media\/1954"}],"wp:attachment":[{"href":"https:\/\/www.hommy.com\/de\/wp-json\/wp\/v2\/media?parent=339"}],"wp:term":[{"taxonomy":"product_brand","embeddable":true,"href":"https:\/\/www.hommy.com\/de\/wp-json\/wp\/v2\/product_brand?post=339"},{"taxonomy":"product_cat","embeddable":true,"href":"https:\/\/www.hommy.com\/de\/wp-json\/wp\/v2\/product_cat?post=339"},{"taxonomy":"product_tag","embeddable":true,"href":"https:\/\/www.hommy.com\/de\/wp-json\/wp\/v2\/product_tag?post=339"}],"curies":[{"name":"wp","href":"https:\/\/api.w.org\/{rel}","templated":true}]}}