{"id":333,"date":"2024-07-02T13:05:42","date_gmt":"2024-07-02T13:05:42","guid":{"rendered":"http:\/\/localhost\/hommywp\/pa-c5-d-fast-hot-food-dinner-vending-machine-manufacturers-cost\/"},"modified":"2025-08-01T09:57:30","modified_gmt":"2025-08-01T09:57:30","slug":"pa-c5-d-automaten-fur-warme-speisen","status":"publish","type":"product","link":"https:\/\/www.hommy.com\/de\/p\/pa-c5-d-automaten-fur-warme-speisen\/","title":{"rendered":"Pa-C5-D Schnelles warmes Essen Abendessen Verkaufsautomat Hersteller Kosten"},"content":{"rendered":"<div>\n<p style=\"text-align: center\"><strong><span style=\"font-family: Helvetica\"><span style=\"font-size: 29px\">Tiefk\u00fchlkost-Automat <\/span><span style=\"font-size: 29px\">&nbsp;&nbsp;<\/span><\/span><\/strong><\/p>\n<p style=\"text-align: center\"><span style=\"font-family:Calibri;font-size:29px\"><a href=\"https:\/\/youtu.be\/BHUP1KlKXJ8\" style=\"font-size: 20px;text-decoration: underline\" rel=\"nofollow noopener\" target=\"_blank\"><span style=\"font-family: Calibri;font-size: 20px\">https:\/\/youtu.be\/BHUP1KlKXJ8<\/span><\/a><\/span><\/p>\n<p>Wir sind auch ein Lieferant dieses Essensautomaten in jeder Kapazit\u00e4t, die Sie w\u00fcnschen. Unsere Fachleute stellen sicher, die beste Qualit\u00e4t Ausr\u00fcstung in einer effizienten und kosteng\u00fcnstigen Weise herzustellen. Dieses Ger\u00e4t findet Anwendung in verschiedenen Bereichen wie Krankenh\u00e4user, Bildungseinrichtungen und Hotels. Sie verf\u00fcgen \u00fcber verschiedene Funktionen, die sie mit verschiedenen Betriebssystemen kompatibel machen, und sind \u00e4u\u00dferst langlebig. Abgesehen davon bietet unser Team auch After-Sales-Services sowie eine 1-Jahres-Garantie. Setzen Sie sich mit uns in Verbindung und teilen Sie uns Ihre individuellen Anforderungen mit.<\/p>\n<p><span style=\"font-size: 29px;font-family: Helvetica\">Produktspezifikation:<\/span><span style=\"font-family:\u5b8b\u4f53;font-size:29px\"> <\/span><\/p>\n<p><img decoding=\"async\" src=\"https:\/\/www.hommy.com\/wp-content\/uploads\/16429885749685.png\" alt=\"product-Hommy-img\" title=\"\"><\/p>\n<p style=\"margin-bottom:0;text-align:justify\"><span style=\"font-family:\u5b8b\u4f53;font-size:29px\">Produktmerkmale:<\/span><\/p>\n<p style=\"margin-bottom:0;text-align:justify\"><span style=\"font-family:\u5b8b\u4f53;font-size:29px\"><img decoding=\"async\" src=\"https:\/\/www.hommy.com\/wp-content\/uploads\/16429886114114.png\" alt=\"Produkt-PA-C5-D Hei\u00dfgetr\u00e4nkeautomat-Hommy-img\" title=\"\"><\/span><\/p>\n<p style=\"margin-bottom:0;text-align:justify\"><span style=\"font-family:\u5b8b\u4f53;font-size:29px\"><\/span><\/p>\n<p><span style=\"font-family:Calibri;font-size:21px\">1.&nbsp;<\/span><span style=\"font-family:Calibri;font-size:21px\">21.5\"<\/span><span style=\"font-family:Calibri;font-size:21px\">&nbsp;Bildschirm f\u00fcr Werbung und Betrieb .<\/span><\/p>\n<p><span style=\"font-family:\u5b8b\u4f53;font-size:21px\">2.<\/span><span style=\"font-family:Calibri;font-size:21px\">Das Zahlungssystem kann M\u00fcnzen, Scheine, Exchang-M\u00fcnzen und Kreditkarten akzeptieren.<\/span><\/p>\n<p style=\"margin-bottom: 17px\"><span style=\"font-family:Calibri;font-size:21px\">3. Die<\/span><span style=\"font-family:Calibri;font-size:21px\">&nbsp;Maschine innen <\/span><span style=\"font-family:Calibri;font-size:21px\">behalten k\u00f6nnen <\/span><span style=\"font-family:Calibri;font-size:21px\">etwa 60<\/span><span style=\"font-family:Calibri;font-size:21px\">St\u00fcck <\/span><span style=\"font-family:Calibri;font-size:21px\">Boxen ,<\/span><span style=\"font-family:Calibri;font-size:21px\">&nbsp;Halten Sie die Anzahl der Kartons auf der Grundlage Ihrer Gr\u00f6\u00dfe.<\/span><\/p>\n<p><span style=\"font-family:Calibri;font-size:21px\">&nbsp;die mehr Menge sein wird und die Temperatur von -<\/span><span style=\"font-family:Calibri;font-size:21px\">10<\/span><span style=\"font-family:\u5b8b\u4f53;font-size:21px\">\u2103<\/span><span style=\"font-family:Calibri;font-size:21px\">&nbsp;zu <\/span><span style=\"font-family:Calibri;font-size:21px\">-18<\/span><span style=\"font-family:\u5b8b\u4f53;font-size:21px\">\u2103<\/span><span style=\"font-family:Calibri;font-size:21px\">. <\/span><\/p>\n<p><span style=\"font-family:Calibri;font-size:21px\">4. Erweiterte PC-Steuerplatine, gut programmierte Funktion und stabiles Arbeiten.<\/span><\/p>\n<p><span style=\"font-family:Calibri;font-size:21px\">5. <\/span><span style=\"font-family:Calibri;font-size:21px\">Die Heizung arbeitet mit 2 Einheiten 3000W Mikrowelle zu arbeiten. &nbsp;&nbsp;<\/span><\/p>\n<p><span style=\"font-family:Calibri;font-size:21px\">6. <\/span><span style=\"font-family:Calibri;font-size:21px\">Die Temperatur des Gefrierschranks kann auf der Grundlage verschiedener Produkte eingestellt werden<\/span><span style=\"font-family:Calibri;font-size:21px\">t<\/span><span style=\"font-family:Calibri;font-size:21px\">mit automatischer Abtaufunktion, um sicherzustellen, dass die Maschine bei hohen Temperaturen und hoher Luftfeuchtigkeit im Normalbetrieb arbeitet <\/span><span style=\"font-family:Calibri;font-size:21px\">.<\/span><\/p>\n<p><span style=\"font-family:Calibri;font-size:21px\">7<\/span><span style=\"font-family:Calibri;font-size:21px\">. Es gibt eine Stromausfallschutzfunktion, die Maschine zeigt noch die Macht des Staates, hat die Speicherfunktion, die Funktion der \u00dcberlast Leckage-Schutz, sorgen f\u00fcr einen sicheren Betrieb der Maschine. <\/span><\/p>\n<p style=\"margin-bottom:0;text-align:justify\"><span style=\"font-family:Calibri;font-size:21px\">8<\/span><span style=\"font-family:\u5b8b\u4f53;font-size:21px\">. Die Sprache ist Englisch. &nbsp;<\/span><\/p>\n<p><span style=\"font-family:Calibri;font-size:21px\">9<\/span><span style=\"font-family:Calibri;font-size:21px\">. Computer-Fernverwaltungssystem: Abfrage von Verkaufsdaten, Erinnerung an Fehlmengen, Erinnerung an Maschinenausf\u00e4lle.<\/span><\/p>\n<p style=\"margin-bottom:0;text-align:justify\"><\/p>\n<p style=\"margin-bottom:0;text-align:justify\"><span style=\"font-family:\u5b8b\u4f53;font-size:29px\">Produktvorteil:<\/span><\/p>\n<p><span style=\"font-family:Calibri;font-size:21px\">2.&nbsp;<\/span><span style=\"font-family:Calibri;font-size:21px\">21.5\"<\/span><span style=\"font-family:Calibri;font-size:21px\">&nbsp;Bildschirm f\u00fcr Werbung und Betrieb .<\/span><\/p>\n<p style=\"vertical-align: baseline\"><img loading=\"lazy\" decoding=\"async\" src=\"https:\/\/www.hommy.com\/wp-content\/uploads\/16429886899474.png\" title=\"\" alt=\"product-Hommy-img\" width=\"350\" height=\"600\" border=\"0\" vspace=\"0\" style=\"width: 350px;height: 600px\"><\/p>\n<p style=\"margin-bottom:0;text-align:justify\"><span style=\"font-family:Calibri;font-size:21px\">1.&nbsp;<\/span><span style=\"font-family:Calibri;font-size:21px\">Die Maschine arbeitet mit 2Einheiten Mikrowelle, die schnell ausverkauft sein wird. <\/span><\/p>\n<p style=\"vertical-align: baseline\"><img loading=\"lazy\" decoding=\"async\" src=\"https:\/\/www.hommy.com\/wp-content\/uploads\/16429887131008.jpg\" title=\"\" alt=\"Produkt-Hommy-PA-C5-D Hei\u00dfgetr\u00e4nkeautomaten-img\" width=\"350\" height=\"1440\" border=\"0\" vspace=\"0\" style=\"width: 350px;height: 1440px\"><\/p>\n<p style=\"vertical-align: baseline\"><span style=\"font-family: Calibri;font-size: 20px\">2.&nbsp;<\/span><span style=\"font-family: Calibri;font-size: 20px\">Der Innenkanal der Gefrierbox kann je nach Gr\u00f6\u00dfe der Box leicht angepasst werden.<\/span><\/p>\n<p style=\"vertical-align: baseline\"><span style=\"font-family: Calibri;font-size: 20px\">&nbsp;<img loading=\"lazy\" decoding=\"async\" src=\"https:\/\/www.hommy.com\/wp-content\/uploads\/16429887421050.png\" title=\"\" alt=\"product-Hommy-img\" width=\"350\" height=\"630\" border=\"0\" vspace=\"0\" style=\"width: 350px;height: 630px\"><\/span><\/p>\n<p><span style=\"font-family: \u5b8b\u4f53;font-size: 20px\">3.<\/span><span style=\"font-family:Calibri;font-size:21px\">Das Zahlungssystem kann M\u00fcnzen, Scheine, Exchang-M\u00fcnzen und Kreditkarten akzeptieren.<\/span><\/p>\n<p style=\"vertical-align: baseline\"><img loading=\"lazy\" decoding=\"async\" src=\"https:\/\/www.hommy.com\/wp-content\/uploads\/16429887821275.png\" title=\"\" alt=\"product-Hommy-img\" width=\"350\" height=\"546\" border=\"0\" vspace=\"0\" style=\"width: 350px;height: 546px\"><\/p>\n<p><span style=\"font-family:Calibri;font-size:21px\">4.<\/span><span style=\"font-family:Calibri;font-size:21px\">Computer-Fernverwaltungssystem: Abfrage von Verkaufsdaten, Erinnerung an Fehlmengen, Erinnerung an Maschinenausf\u00e4lle.<\/span><\/p>\n<p style=\"vertical-align: baseline\"><img decoding=\"async\" src=\"https:\/\/www.hommy.com\/wp-content\/uploads\/16429888126916.jpg\" alt=\"produkt-Hommy-img-1\" title=\"\"><\/p>\n<p style=\"margin-bottom:0;text-align:justify\"><\/p>\n<h2 style=\"font-family: sans-serif\">Sind Online-Verkaufsautomaten rentabel?<\/h2>\n<p style=\"margin-top: 5px;margin-bottom: 5px;font-family: sans-serif;font-size: 16px\">Verkaufsautomaten, auch Selbstbedienungsautomaten genannt, sind Einzelhandelsger\u00e4te, die Produkte an Kunden verkaufen, ohne dass ein Angestellter eingreifen muss. Sie sind in einer Vielzahl von Einrichtungen zu finden, z. B. in Fastfood-Ketten, Hotels, Superm\u00e4rkten und Lebensmittelgesch\u00e4ften.<\/p>\n<p style=\"margin-top: 5px;margin-bottom: 5px;font-family: sans-serif;font-size: 16px\"><\/p>\n<h2 style=\"font-family: sans-serif\">Wie viel Strom verbraucht ein Snackautomat?<\/h2>\n<p style=\"margin-top: 5px;margin-bottom: 5px;font-family: sans-serif;font-size: 16px\">Der Stromverbrauch f\u00fcr den Betrieb eines Automaten ist ziemlich hoch: Ein durchschnittlicher Automat in Australien verbraucht bis zu 2,5 Kilowattstunden Strom pro Monat und Automat - das ist so viel, als w\u00fcrde die Klimaanlage in Ihrem Haus mehr als einen Monat lang laufen.<\/p>\n<p style=\"margin-top: 5px;margin-bottom: 5px;font-family: sans-serif;font-size: 16px\"><\/p>\n<h2 style=\"font-family: sans-serif\">Was ist eine Vending-Route?<\/h2>\n<p style=\"margin-top: 5px;margin-bottom: 5px;font-family: sans-serif;font-size: 16px\">Verkaufsrouten sind die grundlegende Einheit zur Beschreibung der Struktur einer Gruppe von Verkaufsautomaten in einem Einzelhandelsstandort. Jede Gruppe von Automaten oder ein Cluster kann eine oder mehrere Routen haben, die die Abfolge der Haltestellen darstellen, die von jedem Automaten aus angefahren werden. Die Abfolge der Haltestellen kann wiederholt werden, wobei das Haltestellenmuster, das bei einer Gruppe von Automaten verwendet wird, manchmal als Route bezeichnet wird. Beispielsweise kann Route 1 f\u00fcr eine Gruppe von Automaten aus Route 1, Route 2, Route 3 und Route 4 bestehen.<\/p>\n<\/p><\/div>","protected":false},"excerpt":{"rendered":"<p>Frozen food vending machine &nbsp;&nbsp; https:\/\/youtu.be\/BHUP1KlKXJ8 We are also a supplier of this Dinner Vending Machine in any capacity you might want it in. Our professionals ensure to fabricate the best quality equipment in an efficient and cost-effective manner. This equipment finds application in varied sectors like hospitals, educational institutions, and hotels. It has various [&hellip;]<\/p>\n","protected":false},"featured_media":326,"comment_status":"open","ping_status":"open","template":"","meta":{"_swt_meta_header_display":false,"_swt_meta_footer_display":false,"_swt_meta_site_title_display":false,"_swt_meta_sticky_header":false,"_swt_meta_transparent_header":false},"product_brand":[],"product_cat":[74,68],"product_tag":[],"class_list":{"0":"post-333","1":"product","2":"type-product","3":"status-publish","4":"has-post-thumbnail","6":"product_cat-hot-food-vending-machine","7":"product_cat-vending-machine","9":"first","10":"instock","11":"shipping-taxable","12":"product-type-simple"},"_links":{"self":[{"href":"https:\/\/www.hommy.com\/de\/wp-json\/wp\/v2\/product\/333","targetHints":{"allow":["GET"]}}],"collection":[{"href":"https:\/\/www.hommy.com\/de\/wp-json\/wp\/v2\/product"}],"about":[{"href":"https:\/\/www.hommy.com\/de\/wp-json\/wp\/v2\/types\/product"}],"replies":[{"embeddable":true,"href":"https:\/\/www.hommy.com\/de\/wp-json\/wp\/v2\/comments?post=333"}],"wp:featuredmedia":[{"embeddable":true,"href":"https:\/\/www.hommy.com\/de\/wp-json\/wp\/v2\/media\/326"}],"wp:attachment":[{"href":"https:\/\/www.hommy.com\/de\/wp-json\/wp\/v2\/media?parent=333"}],"wp:term":[{"taxonomy":"product_brand","embeddable":true,"href":"https:\/\/www.hommy.com\/de\/wp-json\/wp\/v2\/product_brand?post=333"},{"taxonomy":"product_cat","embeddable":true,"href":"https:\/\/www.hommy.com\/de\/wp-json\/wp\/v2\/product_cat?post=333"},{"taxonomy":"product_tag","embeddable":true,"href":"https:\/\/www.hommy.com\/de\/wp-json\/wp\/v2\/product_tag?post=333"}],"curies":[{"name":"wp","href":"https:\/\/api.w.org\/{rel}","templated":true}]}}