{"id":325,"date":"2024-07-02T13:05:36","date_gmt":"2024-07-02T13:05:36","guid":{"rendered":"http:\/\/localhost\/hommywp\/pa-c5-c-18-degree-hot-frozen-vending-machine-coin-operated\/"},"modified":"2025-08-01T09:57:30","modified_gmt":"2025-08-01T09:57:30","slug":"pa-c5-c-18grad-heisgetrankeautomaten","status":"publish","type":"product","link":"https:\/\/www.hommy.com\/de\/p\/pa-c5-c-18grad-heisgetrankeautomaten\/","title":{"rendered":"Pa-C5-C -18 Grad hei\u00dfer, gefrorener Verkaufsautomat, m\u00fcnzbetrieben"},"content":{"rendered":"<div>\n<p style=\"text-align: center\"><span style=\"font-family:Calibri;font-size:29px\">&nbsp; &nbsp; &nbsp; &nbsp; &nbsp;Versiegeln von Tiefk\u00fchlkostautomaten <\/span><span style=\"font-family:\u5b8b\u4f53;font-size:29px\">&nbsp;<\/span><span style=\"font-family:\u5b8b\u4f53;font-size:29px\">&nbsp;<\/span><\/p>\n<p style=\"text-align: center\"><span style=\"font-family:Calibri;font-size:29px\"><a href=\"https:\/\/youtu.be\/mGrWMrU2t1E\" rel=\"nofollow noopener\" target=\"_blank\">https:\/\/youtu.be\/mGrWMrU2t1E<\/a> <\/span><\/p>\n<p>Wir sind ein vertrauensw\u00fcrdiger Lieferant von Tiefk\u00fchl-Automaten f\u00fcr alle unsere Kunden. Mit unserer gro\u00dfen Branchenerfahrung sind wir in der Lage, diese Maschinen in einer Vielzahl von Spezifikationen und Designs zu liefern. Abgesehen davon, stellen wir auch sicher, dass unser Angebot an Maschinen in verschiedenen Farben und Ausf\u00fchrungen zu einem sehr wettbewerbsf\u00e4higen Preis erh\u00e4ltlich ist. Dar\u00fcber hinaus sind unsere Maschinenk\u00fchler auch mit einer einj\u00e4hrigen Garantie erh\u00e4ltlich.<\/p>\n<p><span style=\"font-size: 29px;font-family: Helvetica\">Produktspezifikation:<\/span><\/p>\n<p><img decoding=\"async\" src=\"https:\/\/www.hommy.com\/wp-content\/uploads\/16429880106386.png\" alt=\"product-Hommy-img\" title=\"\"><\/p>\n<p style=\"margin-bottom:0;text-align:justify\"><span style=\"font-family:\u5b8b\u4f53;font-size:29px\">Produktmerkmale: <\/span><\/p>\n<p><span style=\"font-family:Calibri;font-size:21px\">1.&nbsp;<\/span><span style=\"font-family:Calibri;font-size:21px\">21.5\"<\/span><span style=\"font-family:Calibri;font-size:21px\">&nbsp;Bildschirm f\u00fcr Werbung und Betrieb .<\/span><\/p>\n<p><span style=\"font-family:\u5b8b\u4f53;font-size:21px\">2.<\/span><span style=\"font-family:Calibri;font-size:21px\">&nbsp;Das Zahlungssystem kann M\u00fcnzen, Scheine, Exchang-M\u00fcnzen und Kreditkarten akzeptieren.<\/span><\/p>\n<p style=\"margin-bottom: 17px\"><span style=\"font-family:Calibri;font-size:21px\">3. Die<\/span><span style=\"font-family:Calibri;font-size:21px\">&nbsp;Maschine innen <\/span><span style=\"font-family:Calibri;font-size:21px\">behalten k\u00f6nnen <\/span><span style=\"font-family:Calibri;font-size:21px\">etwa 60<\/span><span style=\"font-family:Calibri;font-size:21px\">St\u00fcck <\/span><span style=\"font-family:Calibri;font-size:21px\">Boxen ,<\/span><span style=\"font-family:Calibri;font-size:21px\">&nbsp;Halten Sie die Anzahl der Kartons auf der Grundlage Ihrer Gr\u00f6\u00dfe.<\/span><\/p>\n<p><span style=\"font-family:Calibri;font-size:21px\">die mehr Menge sein wird und die Temperatur von -<\/span><span style=\"font-family:Calibri;font-size:21px\">10<\/span><span style=\"font-family:\u5b8b\u4f53;font-size:21px\">\u2103<\/span><span style=\"font-family:Calibri;font-size:21px\">&nbsp;zu <\/span><span style=\"font-family:Calibri;font-size:21px\">-18<\/span><span style=\"font-family:\u5b8b\u4f53;font-size:21px\">\u2103<\/span><span style=\"font-family:Calibri;font-size:21px\">. <\/span><\/p>\n<p><span style=\"font-family:Calibri;font-size:21px\">4. Erweiterte PC-Steuerplatine, gut programmierte Funktion und stabiles Arbeiten.<\/span><\/p>\n<p><span style=\"font-family:Calibri;font-size:21px\">5. <\/span><span style=\"font-family:Calibri;font-size:21px\">die Heizung funktioniert mit 3000W Mikrowelle zu arbeiten. &nbsp;&nbsp;<\/span><\/p>\n<p><span style=\"font-family:Calibri;font-size:21px\">6. <\/span><span style=\"font-family:Calibri;font-size:21px\">Die Temperatur des Gefrierschranks kann auf der Grundlage verschiedener Produkte eingestellt werden<\/span><span style=\"font-family:Calibri;font-size:21px\">t<\/span><span style=\"font-family:Calibri;font-size:21px\">mit automatischer Abtaufunktion, um sicherzustellen, dass die Maschine bei hohen Temperaturen und hoher Luftfeuchtigkeit im Normalbetrieb arbeitet <\/span><span style=\"font-family:Calibri;font-size:21px\">.<\/span><\/p>\n<p><span style=\"font-family:Calibri;font-size:21px\">7<\/span><span style=\"font-family:Calibri;font-size:21px\">. Es gibt eine Stromausfallschutzfunktion, die Maschine zeigt noch die Macht des Staates, hat die Speicherfunktion, die Funktion der \u00dcberlast Leckage-Schutz, sorgen f\u00fcr einen sicheren Betrieb der Maschine. <\/span><\/p>\n<p style=\"margin-bottom:0;text-align:justify\"><span style=\"font-family:Calibri;font-size:21px\">8<\/span><span style=\"font-family:\u5b8b\u4f53;font-size:21px\">. Die Sprache ist Englisch. &nbsp;<\/span><\/p>\n<p><span style=\"font-family:Calibri;font-size:21px\">9<\/span><span style=\"font-family:Calibri;font-size:21px\">. Computer-Fernverwaltungssystem: Abfrage von Verkaufsdaten, Erinnerung an Fehlmengen, Erinnerung an Maschinenausf\u00e4lle.<\/span><\/p>\n<p style=\"margin-bottom:0;text-align:justify\"><\/p>\n<p style=\"margin-bottom:0;text-align:justify\"><span style=\"font-family:\u5b8b\u4f53;font-size:29px\">Produktvorteil:<\/span><\/p>\n<p><span style=\"font-family:Calibri;font-size:21px\">2.&nbsp;<\/span><span style=\"font-family:Calibri;font-size:21px\">21.5\"<\/span><span style=\"font-family:Calibri;font-size:21px\">&nbsp;Bildschirm f\u00fcr Werbung und Betrieb .<\/span><\/p>\n<p style=\"vertical-align: baseline\"><img loading=\"lazy\" decoding=\"async\" src=\"https:\/\/www.hommy.com\/wp-content\/uploads\/16429880684263.png\" title=\"\" alt=\"product-Hommy-img\" width=\"450\" height=\"600\" border=\"0\" vspace=\"0\" style=\"width: 450px;height: 600px\"><\/p>\n<p style=\"margin-bottom:0;text-align:justify\"><span style=\"font-family:Calibri;font-size:21px\">1.&nbsp;<\/span><span style=\"font-family:Calibri;font-size:21px\">Die Maschine arbeitet mit Mikrowellen. <\/span><\/p>\n<p style=\"vertical-align: baseline\"><img loading=\"lazy\" decoding=\"async\" src=\"https:\/\/www.hommy.com\/wp-content\/uploads\/16429880974892.jpg\" title=\"\" alt=\"produkt-Hommy-PA-C5-C -18Grad Hei\u00dfgetr\u00e4nkeautomaten-img\" width=\"350\" height=\"1440\" border=\"0\" vspace=\"0\" style=\"width: 350px;height: 1440px\"><\/p>\n<p style=\"vertical-align: baseline\"><span style=\"font-family: Calibri;font-size: 20px\">2.&nbsp;<\/span><span style=\"font-family: Calibri;font-size: 20px\">Der Innenkanal der Gefrierbox kann je nach Gr\u00f6\u00dfe der Box leicht angepasst werden.<\/span><\/p>\n<p style=\"vertical-align: baseline\"><span style=\"font-family: Calibri;font-size: 20px\">&nbsp;<img loading=\"lazy\" decoding=\"async\" src=\"https:\/\/www.hommy.com\/wp-content\/uploads\/16429881268233.png\" title=\"\" alt=\"product-Hommy-img\" width=\"350\" height=\"630\" border=\"0\" vspace=\"0\" style=\"width: 350px;height: 630px\"><\/span><\/p>\n<p><span style=\"font-family: \u5b8b\u4f53;font-size: 20px\">3.<\/span><span style=\"font-family:Calibri;font-size:21px\">Das Zahlungssystem kann M\u00fcnzen, Scheine, Exchang-M\u00fcnzen und Kreditkarten akzeptieren.<\/span><\/p>\n<p style=\"vertical-align: baseline\"><img loading=\"lazy\" decoding=\"async\" src=\"https:\/\/www.hommy.com\/wp-content\/uploads\/16429881522399.png\" title=\"\" alt=\"product-Hommy-img\" width=\"350\" height=\"546\" border=\"0\" vspace=\"0\" style=\"width: 350px;height: 546px\"><\/p>\n<p><span style=\"font-family:Calibri;font-size:21px\">4.<\/span><span style=\"font-family:Calibri;font-size:21px\">Computer-Fernverwaltungssystem: Abfrage von Verkaufsdaten, Erinnerung an Fehlmengen, Erinnerung an Maschinenausf\u00e4lle.<\/span><\/p>\n<p style=\"vertical-align: baseline\"><img decoding=\"async\" src=\"https:\/\/www.hommy.com\/wp-content\/uploads\/16429881852523.jpg\" alt=\"product-PA-C5-C -18Grad-Hei\u00dfgetr\u00e4nkeautomat-Hommy-img\" title=\"\"><\/p>\n<h2 style=\"font-family: sans-serif\">Welche Stadt hat die meisten Verkaufsautomaten?<\/h2>\n<p style=\"margin-top: 5px;margin-bottom: 5px;font-family: sans-serif;font-size: 16px\">In gewisser Weise sind Verkaufsautomaten das vergessene Stiefkind der Verbraucher. Wir sehen sie als bequeme, schnelle L\u00f6sung an, denken aber nur selten an sie als praktikable Option. Doch die Zahlen sagen etwas anderes. Der Automat ist in Gebrauch, und die Zahl der K\u00e4ufe zeigt, dass die Beliebtheit dieser Automaten weiter zunimmt. 12.000 Automaten gibt es in ganz Japan, wie aus einem Zeitschriftenartikel aus dem Jahr 2005 hervorgeht, als es nur etwa 7.500 Automaten in Japan gab.<\/p>\n<p style=\"margin-top: 5px;margin-bottom: 5px;font-family: sans-serif;font-size: 16px\"><\/p>\n<h2 style=\"font-family: sans-serif\">Wie gut ist das Automatengesch\u00e4ft?<\/h2>\n<p style=\"margin-top: 5px;margin-bottom: 5px;font-family: sans-serif;font-size: 16px\">Verkaufsautomaten gibt es schon seit vielen Jahren. Es gab sie sowohl in Restaurants als auch in Lebensmittelgesch\u00e4ften. Mit dem Aufkommen der heutigen Zeit sind Automaten zu einer der effektivsten Methoden geworden, um Ihre Produkte zu verkaufen. Mit der Popularit\u00e4t von Automatenfirmen ist es einfach, qualitativ hochwertige Automatenfirmen zu finden und einen Automaten in Ihrem Unternehmen installieren zu lassen. Im folgenden Artikel finden Sie Tipps, die Sie befolgen k\u00f6nnen, um das beste Automatenunternehmen zu finden.<\/p>\n<p style=\"margin-top: 5px;margin-bottom: 5px;font-family: sans-serif;font-size: 16px\"><\/p>\n<h2 style=\"font-family: sans-serif\">Wie funktionieren die Lebensmittelautomaten?<\/h2>\n<p style=\"margin-top: 5px;margin-bottom: 5px;font-family: sans-serif;font-size: 16px\">Lebensmittelautomaten bestehen aus zwei Teilen. Der erste ist ein mechanischer Automat, der eine bestimmte Art von Lebensmitteln an Sie ausgibt. Dieser Automat wechselt nicht die Lebensmittel, aber er \u00e4ndert die Art der Lebensmittel, die Sie erhalten. Im Allgemeinen sind Lebensmittelautomaten eher in gro\u00dfen St\u00e4dten oder Einkaufszentren zu finden, aber das ist nicht immer der Fall. Es ist auch nicht ungew\u00f6hnlich, dass ein einziges Lebensmittelgesch\u00e4ft seine eigenen Automaten hat. Die meisten Lebensmittell\u00e4den haben Lebensmittelautomaten. Das sind die Automaten, die Ihnen beim Betreten des Ladens Ihre Lebensmittel liefern. Es gibt verschiedene Arten von Automaten, die unterschiedliche Arten von Lebensmitteln liefern. Einige liefern nur eine Art von Lebensmitteln, z. B. Tiefk\u00fchlpizzen. Andere liefern zwei Arten von Lebensmitteln, z. B. Sandwiches und Limonaden. Schlie\u00dflich gibt es auch Automaten, die zwei Arten von Lebensmitteln kombinieren, z. B. einen Hotdog mit einer Limonade oder ein gegrilltes K\u00e4sesandwich.Jeder Automat ist mit einem Code versehen, der angibt, wie viel er ausgibt. Manche Automaten geben genau die richtige Menge aus, w\u00e4hrend andere viel mehr oder weniger ausgeben, als Sie brauchen.<\/p>\n<\/p><\/div>","protected":false},"excerpt":{"rendered":"<p>&nbsp; &nbsp; &nbsp; &nbsp; &nbsp;Sealing frozen food vending machine &nbsp;&nbsp; https:\/\/youtu.be\/mGrWMrU2t1E We are a trusted supplier of Frozen Vending Machines to all of our clients. With our vast industry experience, we are able to provide these machines in a variety of specifications and designs. Apart from this, we also ensure that our range of machines [&hellip;]<\/p>\n","protected":false},"featured_media":1953,"comment_status":"open","ping_status":"open","template":"","meta":{"_swt_meta_header_display":false,"_swt_meta_footer_display":false,"_swt_meta_site_title_display":false,"_swt_meta_sticky_header":false,"_swt_meta_transparent_header":false},"product_brand":[],"product_cat":[74,68],"product_tag":[],"class_list":{"0":"post-325","1":"product","2":"type-product","3":"status-publish","4":"has-post-thumbnail","6":"product_cat-hot-food-vending-machine","7":"product_cat-vending-machine","9":"first","10":"instock","11":"shipping-taxable","12":"product-type-simple"},"_links":{"self":[{"href":"https:\/\/www.hommy.com\/de\/wp-json\/wp\/v2\/product\/325","targetHints":{"allow":["GET"]}}],"collection":[{"href":"https:\/\/www.hommy.com\/de\/wp-json\/wp\/v2\/product"}],"about":[{"href":"https:\/\/www.hommy.com\/de\/wp-json\/wp\/v2\/types\/product"}],"replies":[{"embeddable":true,"href":"https:\/\/www.hommy.com\/de\/wp-json\/wp\/v2\/comments?post=325"}],"wp:featuredmedia":[{"embeddable":true,"href":"https:\/\/www.hommy.com\/de\/wp-json\/wp\/v2\/media\/1953"}],"wp:attachment":[{"href":"https:\/\/www.hommy.com\/de\/wp-json\/wp\/v2\/media?parent=325"}],"wp:term":[{"taxonomy":"product_brand","embeddable":true,"href":"https:\/\/www.hommy.com\/de\/wp-json\/wp\/v2\/product_brand?post=325"},{"taxonomy":"product_cat","embeddable":true,"href":"https:\/\/www.hommy.com\/de\/wp-json\/wp\/v2\/product_cat?post=325"},{"taxonomy":"product_tag","embeddable":true,"href":"https:\/\/www.hommy.com\/de\/wp-json\/wp\/v2\/product_tag?post=325"}],"curies":[{"name":"wp","href":"https:\/\/api.w.org\/{rel}","templated":true}]}}