{"id":318,"date":"2024-07-02T12:48:38","date_gmt":"2024-07-02T12:48:38","guid":{"rendered":"http:\/\/localhost\/hommywp\/pa-c8-french-fries-vending-machine\/"},"modified":"2025-08-01T09:57:30","modified_gmt":"2025-08-01T09:57:30","slug":"pa-c8-pommes-frites-automaten","status":"publish","type":"product","link":"https:\/\/www.hommy.com\/de\/p\/pa-c8-pommes-frites-automaten\/","title":{"rendered":"PA-C8 Pommes frites-Automat"},"content":{"rendered":"<div>\n<h1 style=\"text-align: center\"><strong><span style=\"letter-spacing: 0px;font-family: arial, helvetica, sans-serif;font-size: 24px\"><a name=\"Fries vending machine\"><\/a>Pommes-Automat<\/span><\/strong><\/h1>\n<p style=\"text-align: center\"><a href=\"#Fries vending machine\" target=\"_self\" data-lv=\"0\" rel=\"noopener\"><span style=\"letter-spacing: 0px;font-family: arial, helvetica, sans-serif;font-size: 18px\">Pommes-Automat<\/span><\/a><span style=\"letter-spacing: 0px;font-family: arial, helvetica, sans-serif;font-size: 18px\">|<a href=\"#Product Features\" target=\"_self\" data-lv=\"0\" rel=\"noopener\">Produktmerkmale<\/a>|<a href=\"#Product specification\" target=\"_self\" data-lv=\"0\" rel=\"noopener\">Produktspezifikation<\/a>|<a href=\"#Product Advantage\" target=\"_self\" data-lv=\"0\" rel=\"noopener\">Produktvorteil<\/a><\/span><\/p>\n<p><strong><span style=\"letter-spacing: 0px;font-family: arial, helvetica, sans-serif;font-size: 24px\"><br \/><\/span><\/strong><\/p>\n<p><strong><span style=\"letter-spacing: 0px;font-family: arial, helvetica, sans-serif;font-size: 24px\"><br \/><\/span><\/strong><\/p>\n<p><\/p>\n<p style=\"text-align: center\">&nbsp;&nbsp;&nbsp;&nbsp;<\/p>\n<p><\/p>\n<p><span style=\"font-family:\u5b8b\u4f53;letter-spacing:0;font-size:29px\"><\/span><\/p>\n<div class=\"d-tem01-graphic tem01-graphic mockup\" data-detail=\"wrap\">\n<div class=\"cont-section clearfix d-clearfix\">\n<div class=\"col-md-6 col-sm-6 col-xs-6\"><\/p>\n<p><\/p>\n<p><\/p>\n<p><\/p>\n<p style=\"text-align:center\"><img loading=\"lazy\" decoding=\"async\" src=\"https:\/\/www.hommy.com\/wp-content\/uploads\/16841138152247.png\" alt=\"product-Hommy-PA-C8 Pommes Frites-Automat-img\" title=\"\" width=\"700\" height=\"551\" border=\"0\" vspace=\"0\" style=\"width: 700px;height: 551px\"><\/p>\n<p>&nbsp; &nbsp; &nbsp; &nbsp; &nbsp; &nbsp;<\/p>\n<\/div>\n<div class=\"col-md-6 col-sm-6 col-xs-6\">\n<div class=\"right-p\">\n<div class=\"h2 heading\">\n<h1 style=\"margin: 0px;text-indent: 0px;text-align: justify\"><span style=\"font-size: 24px\"><strong><span style=\"letter-spacing: 0px;font-family: arial, helvetica, sans-serif\"><a name=\"Product Features\"><\/a>Produktmerkmale<\/span><\/strong><\/span><\/h1>\n<p style=\"margin-top:0;margin-right:0;margin-bottom:0;margin-left:0;text-indent:0;text-align:justify\"><span style=\"letter-spacing: 0px;font-family: arial, helvetica, sans-serif;font-size: 18px\"><br \/><\/span><\/p>\n<p><span style=\"font-size: 18px;font-family: arial, helvetica, sans-serif\">1: der 42\"-Werbebildschirm vor der Maschine&nbsp;<\/span><\/p>\n<p><span style=\"font-size: 18px;font-family: arial, helvetica, sans-serif\">2: Frittierzeit: 90-145 Sekunden einstellbar<\/span><\/p>\n<p><span style=\"font-family: arial, helvetica, sans-serif;font-size: 18px\"><span style=\"font-family: arial, helvetica, sans-serif\">3: Frittiertemperatur: 175<\/span><span style=\"font-family: arial, helvetica, sans-serif\">\u2103<\/span><span style=\"font-family: arial, helvetica, sans-serif\">-185<\/span><span style=\"font-family: arial, helvetica, sans-serif\">\u2103<\/span><span style=\"font-family: arial, helvetica, sans-serif\">.<\/span><\/span><\/p>\n<p><span style=\"font-family: arial, helvetica, sans-serif;font-size: 18px\"><span style=\"font-family: arial, helvetica, sans-serif\">4: Pommes-frites-Laden behalten die <\/span><span style=\"font-family: arial, helvetica, sans-serif\">Temperatur : -7\u2103-0\u2103 .<\/span><span style=\"font-family: arial, helvetica, sans-serif\">&nbsp;<\/span><\/span><\/p>\n<p><span style=\"font-size: 18px;font-family: arial, helvetica, sans-serif\">5: Maschine kann Pflanzen\u00f6l oder Rinderfett verwenden, gebrannte Sch\u00fcssel halten 5.6L \u00d6l. <\/span><span style=\"font-family: arial, helvetica, sans-serif;font-size: 18px\"><span style=\"font-family: Calibri\"><br \/><\/span><span style=\"font-family: arial, helvetica, sans-serif\"><span style=\"font-family: arial, helvetica, sans-serif\">6: Gefrorene Pommes Frites-Br\u00fche: 25kg, <\/span><span style=\"font-family: arial, helvetica, sans-serif\">etwa 110 <\/span><span style=\"font-family: arial, helvetica, sans-serif\">Portionen (6 Beutel)<\/span><\/span><\/span><span style=\"font-family: Calibri;font-size: 20px\"> <\/span><\/p>\n<p><span style=\"font-size: 18px;font-family: arial, helvetica, sans-serif\">7: die Maschine kann im Innen- oder Au\u00dfenbereich gehalten werden, im Freien muss ein Dach hinzugef\u00fcgt werden.<\/span><\/p>\n<p><span style=\"font-size: 18px;font-family: arial, helvetica, sans-serif\">8: Kein \u00d6l-Rauchen, geruchsfrei<br \/>9: Verbindung mit Zahlungssystem: Papierschein, M\u00fcnze, Wechselm\u00fcnze, Kreditkarte nur MDB-Schnittstelle.<\/span><\/p>\n<p><span style=\"font-size: 18px;font-family: arial, helvetica, sans-serif\">10:Alle 16 Tage m\u00fcssen Sie die Fritteuse herausnehmen und sie reinigen lassen.<\/span><\/p>\n<p><span style=\"font-size: 18px;font-family: arial, helvetica, sans-serif\">11. die Maschine haben Remote-Funktion, k\u00f6nnen Sie sehen, jeden Tag verkaufen Bericht auch die Maschine haben Erinnerung Funktion. &nbsp;<\/span><\/p>\n<p><span style=\"font-size: 18px;font-family: arial, helvetica, sans-serif\">12. alle 400 Portionen oder Maschine arbeiten 4 Tag, es muss das \u00d6l zu \u00e4ndern.<\/span><\/p>\n<p><span style=\"font-size: 18px;font-family: arial, helvetica, sans-serif\">13: die Maschine im Inneren haben 3 Art von Saft-Box f\u00fcr Sie zu w\u00e4hlen. <\/span><\/p>\n<p><span style=\"font-size: 18px;font-family: arial, helvetica, sans-serif\">14:Brandverh\u00fctung und Lebensmittelsicherheit<\/span><\/p>\n<p><span style=\"font-family: arial, helvetica, sans-serif;font-size: 18px\"><span style=\"font-family: arial, helvetica, sans-serif\">A:<\/span><span style=\"font-family: arial, helvetica, sans-serif\">&nbsp;Es gibt 2 Sensoren im \u00d6l, um die \u00d6ltemperatur zu messen. W\u00e4hrend der Erkennung vergleichen sie sich gegenseitig, wenn der Sensor eine zu hohe Temperatur feststellt, wird die Maschine angehalten.<\/span><\/span><\/p>\n<p><span style=\"font-family: arial, helvetica, sans-serif;font-size: 18px\"><span style=\"font-family: \u5b8b\u4f53;font-size: 20px\">B:<\/span><span style=\"font-family: Calibri;font-size: 20px\">Auf der R\u00fcckseite der Fritteuse befinden sich 2 \u00dcberhitzungssensoren.<\/span><\/span><\/p>\n<p><span style=\"font-size: 18px;font-family: arial, helvetica, sans-serif\">C: Maschine Friteuse ist komplett versiegelt, auch wenn \u00d6l verbrannt ist, ist es nur innerhalb Friteuse, Feuer wird nie gehen, um Sch\u00e4den zu verursachen. <\/span><\/p>\n<p><span style=\"font-family: arial, helvetica, sans-serif;font-size: 18px\">15:Die Maschine verf\u00fcgt \u00fcber eine Lebensmittelsicherheitskontrollfunktion:<\/span><\/p>\n<p><span style=\"font-family: arial, helvetica, sans-serif;font-size: 18px\">Die Maschine hat eine Erinnerungsfunktion, wir erinnern das Personal regelm\u00e4\u00dfig daran, das \u00d6l zu wechseln, um die Lebensmittelsicherheit zu gew\u00e4hrleisten.<\/span><\/p>\n<p><span style=\"font-family: arial, helvetica, sans-serif;font-size: 18px\">A: Die Maschine kann die Erhitzungszeit des \u00d6ls berechnen, nach 48 Stunden wird die Maschine den Bediener per SMS informieren, das \u00d6l zu wechseln, wenn der Bediener das \u00d6l nicht rechtzeitig wechselt, schaltet sich die Maschine automatisch ab.<\/span><\/p>\n<p><span style=\"font-family: arial, helvetica, sans-serif;font-size: 18px\">B: Wenn das Ger\u00e4t feststellt, dass die K\u00fchlschranktemperatur 2 Stunden lang \u00fcber 0 Celsius liegt, informiert es den Bediener.<\/span><\/p>\n<p><span style=\"font-family: arial, helvetica, sans-serif;font-size: 18px\">16: Leistung: 2800 W bei eingeschalteter Fritteuse. Die durchschnittliche Leistung betr\u00e4gt 1000W.<\/span><\/p>\n<p><span style=\"font-size: 18px\"><span style=\"font-family: arial, helvetica, sans-serif\">17\uff1aGr\u00f6\u00dfe\uff1a<\/span><span style=\"font-family: Calibri\"><span style=\"font-family: Calibri\"><\/span><span style=\"font-family: arial, helvetica, sans-serif\">1050mm * 833mm * 1998mm<\/span><\/span><\/span><\/p>\n<\/div>\n<\/div>\n<p>&nbsp; &nbsp; &nbsp; &nbsp; &nbsp; &nbsp;<\/p><\/div>\n<\/div>\n<\/div>\n<h1><strong><span style=\"letter-spacing: 0px;font-size: 24px;font-family: arial, helvetica, sans-serif\"><a name=\"Product specification\"><\/a>Produktspezifikation<\/span><\/strong><\/h1>\n<p><img decoding=\"async\" src=\"https:\/\/www.hommy.com\/wp-content\/uploads\/16841138634873.jpg\" alt=\"product-Hommy-img\" title=\"\"><\/p>\n<p><\/p>\n<p><span style=\"font-family:\u5b8b\u4f53;letter-spacing:0;font-size:29px\"><\/span><\/p>\n<h1><span style=\"font-family: arial, helvetica, sans-serif;font-size: 24px\"><strong><span style=\"font-family: arial, helvetica, sans-serif;letter-spacing: 0px\"><a name=\"Product Advantage\"><\/a>Produktvorteil<\/span><\/strong><\/span><\/h1>\n<p><span style=\"font-family: arial, helvetica, sans-serif;font-size: 24px\"><strong><span style=\"font-family: arial, helvetica, sans-serif;letter-spacing: 0px\"><\/span><\/strong><\/span><\/p>\n<div class=\"d-tem01-graphic tem01-graphic mockup\" data-detail=\"wrap\">\n<div class=\"cont-section clearfix d-clearfix\">\n<div class=\"col-md-6 col-sm-6 col-xs-6\">\n<div class=\"right-p\">\n<div class=\"h2 heading\">\n<p style=\"margin-top: 0;margin-right: 0;margin-bottom: 0;padding: 0;vertical-align: baseline\"><span style=\"letter-spacing: 0px;font-family: arial, helvetica, sans-serif;font-size: 18px\">1. Die Maschine im Inneren haben 3 Art von Saft f\u00fcr Sie zu w\u00e4hlen, die Saft-Box k\u00f6nnen Sie jede Geschmacksbasis auf Ihrem Markt setzen.&nbsp;<\/span><span style=\"font-family: \u5b8b\u4f53;letter-spacing: 0;font-size: 20px\">&nbsp;<\/span><\/p>\n<\/div>\n<\/div>\n<div class=\"graphic_pic animated wow bounceIn\" data-wow-delay=\".7s\">\n<p style=\"text-align:center\"><img loading=\"lazy\" decoding=\"async\" src=\"https:\/\/www.hommy.com\/wp-content\/uploads\/16104273736605.png\" alt=\"product-Hommy-img\" title=\"\" width=\"350\" height=\"500\" border=\"0\" vspace=\"0\" style=\"width: 350px;height: 500px\"><\/p>\n<\/div>\n<\/div>\n<div class=\"col-md-6 col-sm-6 col-xs-6\">\n<div class=\"right-p\">\n<div class=\"h2 heading\">\n<p style=\"text-indent: 0;padding: 0;vertical-align: baseline\"><span style=\"letter-spacing: 0px;font-family: arial, helvetica, sans-serif;font-size: 18px\">2.  Das quantitative Dosiersystem in der Maschine wird mit einem Stab angetrieben, um sicherzustellen, dass die Aliquoten jedes Mal gleich sind.<\/span><\/p>\n<p style=\"text-indent: 0;padding: 0;vertical-align: baseline\"><span style=\"letter-spacing: 0px;font-family: arial, helvetica, sans-serif;font-size: 18px\"><br \/><\/span><\/p>\n<\/div>\n<\/div>\n<div class=\"graphic_pic animated wow bounceIn\" data-wow-delay=\".7s\">\n<p style=\"text-align:center\"><img loading=\"lazy\" decoding=\"async\" src=\"https:\/\/www.hommy.com\/wp-content\/uploads\/16104279021623.png\" alt=\"product-Hommy-PA-C8 Pommes Frites-Automat-img\" title=\"\" width=\"350\" height=\"436\" border=\"0\" vspace=\"0\" style=\"width: 350px;height: 436px\"><\/p>\n<\/div>\n<\/div>\n<\/div>\n<\/div>\n<p><span style=\"font-family: arial, helvetica, sans-serif;font-size: 24px\"><strong><span style=\"font-family: arial, helvetica, sans-serif;letter-spacing: 0px\"><\/span><\/strong><\/span><\/p>\n<div class=\"d-tem01-graphic tem01-graphic mockup\" data-detail=\"wrap\">\n<div class=\"cont-section clearfix d-clearfix\">\n<div class=\"col-md-6 col-sm-6 col-xs-6\">\n<div class=\"right-p\">\n<div class=\"h2 heading\">\n<p><span style=\"font-family: arial, helvetica, sans-serif;font-size: 18px\"><span style=\"font-family: arial, helvetica, sans-serif;letter-spacing: 0px\">3.&nbsp;<\/span><span style=\"font-family: arial, helvetica, sans-serif\">Das Zahlungssystem kann M\u00fcnzen, Scheine, Exchang-M\u00fcnzen und Kreditkarten akzeptieren.<\/span><\/span><\/p>\n<p><span style=\"font-family: arial, helvetica, sans-serif;font-size: 18px\"><span style=\"font-family: arial, helvetica, sans-serif\"><br \/><\/span><\/span><\/p>\n<\/div>\n<\/div>\n<div class=\"graphic_pic animated wow bounceIn\" data-wow-delay=\".7s\">\n<p style=\"text-align:center\"><img loading=\"lazy\" decoding=\"async\" src=\"https:\/\/www.hommy.com\/wp-content\/uploads\/16104282731690.png\" alt=\"product-Hommy-img\" title=\"\" width=\"350\" height=\"500\" border=\"0\" vspace=\"0\" style=\"width: 350px;height: 500px\"><\/p>\n<\/div>\n<\/div>\n<div class=\"col-md-6 col-sm-6 col-xs-6\">\n<div class=\"right-p\">\n<div class=\"h2 heading\">\n<p><span style=\"font-family: arial, helvetica, sans-serif;font-size: 18px\">4. Computer-Fernverwaltungssystem: Abfrage von Verkaufsdetails, Mangelerinnerungen, Maschinenausfallerinnerung.<\/span><\/p>\n<\/div>\n<\/div>\n<div class=\"graphic_pic animated wow bounceIn\" data-wow-delay=\".7s\">\n<p style=\"text-align:center\"><img loading=\"lazy\" decoding=\"async\" src=\"https:\/\/www.hommy.com\/wp-content\/uploads\/16104281316072.jpg\" alt=\"product-PA-C8 Pommes-frites-Automat-Hommy-img\" title=\"\" width=\"350\" height=\"500\" border=\"0\" vspace=\"0\" style=\"width: 350px;height: 500px\"><\/p>\n<\/div>\n<\/div>\n<\/div>\n<\/div>\n<p><span style=\"font-family:\u5b8b\u4f53;letter-spacing:0;font-size:29px\"><\/span><\/p>\n<p><\/p>\n<\/p><\/div>","protected":false},"excerpt":{"rendered":"<p>Fries vending machine Fries vending machine|Product Features|Product specification|Product Advantage &nbsp;&nbsp;&nbsp;&nbsp; &nbsp; &nbsp; &nbsp; &nbsp; &nbsp; &nbsp; Product Features 1:&nbsp;the 42&quot; advertising screen in front of the machine&nbsp; 2: Frying time: 90-145 Seconds adjustable 3: Frying&nbsp;temperature: 175\u2103-185\u2103. 4: keep french fried store keep the temperature :&nbsp;-7\u2103&#8211;0\u2103&nbsp;.&nbsp; 5:&nbsp;Machine can use vegetable oil or beef fat, fired bowl [&hellip;]<\/p>\n","protected":false},"featured_media":312,"comment_status":"open","ping_status":"open","template":"","meta":{"_swt_meta_header_display":false,"_swt_meta_footer_display":false,"_swt_meta_site_title_display":false,"_swt_meta_sticky_header":false,"_swt_meta_transparent_header":false},"product_brand":[],"product_cat":[73,68],"product_tag":[],"class_list":{"0":"post-318","1":"product","2":"type-product","3":"status-publish","4":"has-post-thumbnail","6":"product_cat-french-fries-vending-machine","7":"product_cat-vending-machine","9":"first","10":"instock","11":"shipping-taxable","12":"product-type-simple"},"_links":{"self":[{"href":"https:\/\/www.hommy.com\/de\/wp-json\/wp\/v2\/product\/318","targetHints":{"allow":["GET"]}}],"collection":[{"href":"https:\/\/www.hommy.com\/de\/wp-json\/wp\/v2\/product"}],"about":[{"href":"https:\/\/www.hommy.com\/de\/wp-json\/wp\/v2\/types\/product"}],"replies":[{"embeddable":true,"href":"https:\/\/www.hommy.com\/de\/wp-json\/wp\/v2\/comments?post=318"}],"wp:featuredmedia":[{"embeddable":true,"href":"https:\/\/www.hommy.com\/de\/wp-json\/wp\/v2\/media\/312"}],"wp:attachment":[{"href":"https:\/\/www.hommy.com\/de\/wp-json\/wp\/v2\/media?parent=318"}],"wp:term":[{"taxonomy":"product_brand","embeddable":true,"href":"https:\/\/www.hommy.com\/de\/wp-json\/wp\/v2\/product_brand?post=318"},{"taxonomy":"product_cat","embeddable":true,"href":"https:\/\/www.hommy.com\/de\/wp-json\/wp\/v2\/product_cat?post=318"},{"taxonomy":"product_tag","embeddable":true,"href":"https:\/\/www.hommy.com\/de\/wp-json\/wp\/v2\/product_tag?post=318"}],"curies":[{"name":"wp","href":"https:\/\/api.w.org\/{rel}","templated":true}]}}