{"id":311,"date":"2024-07-02T12:41:30","date_gmt":"2024-07-02T12:41:30","guid":{"rendered":"http:\/\/localhost\/hommywp\/hm-aj02-drinks-vending-machines\/"},"modified":"2025-08-01T09:57:30","modified_gmt":"2025-08-01T09:57:30","slug":"hm-aj02-getrankeautomaten","status":"publish","type":"product","link":"https:\/\/www.hommy.com\/de\/p\/hm-aj02-getrankeautomaten\/","title":{"rendered":"HM-AJ02 Getr\u00e4nkeverkaufsautomaten"},"content":{"rendered":"<div>\n<p style=\"text-align: center\"><span style=\"font-family:Calibri;font-size:29px\">Hersteller von Sodaautomaten<\/span><\/p>\n<p style=\"text-align: center\"><span style=\"font-family: Calibri;font-size: 29px\">&nbsp; &nbsp; &nbsp; &nbsp; &nbsp; &nbsp; &nbsp; &nbsp; &nbsp; &nbsp; &nbsp; &nbsp; &nbsp; &nbsp; &nbsp; &nbsp; &nbsp; &nbsp; &nbsp; &nbsp; &nbsp; &nbsp; &nbsp; &nbsp; &nbsp; &nbsp; &nbsp; https:\/\/youtu.be\/r5pGq47GZRk<\/span><span style=\"font-family: \u5b8b\u4f53;font-size: 29px\">&nbsp;<\/span><\/p>\n<p><span style=\"font-family: \u5b8b\u4f53;font-size: 29px\">&nbsp;&nbsp; &nbsp; &nbsp; &nbsp; &nbsp; &nbsp; &nbsp; &nbsp;<\/span><\/p>\n<p><span style=\"font-family:\u5b8b\u4f53;font-size:29px\">Produkt <\/span><span style=\"font-family:\u5b8b\u4f53;font-size:29px\">Spezifikation:<\/span><\/p>\n<p><span style=\"font-family:\u5b8b\u4f53;font-size:29px\"><\/span><\/p>\n<p><img decoding=\"async\" src=\"https:\/\/www.hommy.com\/wp-content\/uploads\/16431817002770.png\" alt=\"product-Hommy-img\" title=\"\"><\/p>\n<p><img decoding=\"async\" src=\"https:\/\/www.hommy.com\/wp-content\/uploads\/16431817051742.png\" alt=\"product-Hommy-img\" title=\"\"><\/p>\n<p><img decoding=\"async\" src=\"https:\/\/www.hommy.com\/wp-content\/uploads\/16431817134316.png\" alt=\"product-Hommy-img\" title=\"\"><\/p>\n<p><img decoding=\"async\" src=\"https:\/\/www.hommy.com\/wp-content\/uploads\/16431819938817.png\" alt=\"Produkt-HM-AJ02 Getr\u00e4nkeautomaten-Hommy-img\" title=\"\"><\/p>\n<p style=\"margin-bottom:0;text-align:justify\"><span style=\"font-family:\u5b8b\u4f53;font-size:29px\">Produktmerkmale: <\/span><\/p>\n<p style=\"margin-bottom:0;text-align:justify\"><span style=\"font-family:Arial;font-size:21px\">1.&nbsp;<\/span><span style=\"font-family:Arial;font-size:21px\">21'' Bildschirm f\u00fcr Werbung und Bedienung.<\/span><\/p>\n<p style=\"margin-bottom:0;text-align:justify\"><span style=\"font-family:Arial;font-size:21px\">2.&nbsp;<\/span><span style=\"font-family:Arial;font-size:21px\">Zahlungssystem: M\u00fcnze, Schein und R\u00fcckm\u00fcnze, MDB-Schnittstelle f\u00fcr Kreditkarte. <\/span><\/p>\n<p style=\"margin-bottom:0;text-align:justify\"><span style=\"font-family:Arial;font-size:21px\">3.&nbsp;<\/span><span style=\"font-family:Arial;font-size:21px\">Es stehen 36 Geschmacksrichtungen zur Auswahl, die Soda-Getr\u00e4nk mit Eis ist. <\/span><span style=\"font-family:\u7b49\u7ebf;font-size:21px\">Te<\/span><span style=\"font-family:\u7b49\u7ebf;font-size:21px\">a <\/span><span style=\"font-family:Arial;font-size:21px\">Mit Eis trinken, Saft mit Eis oder ohne Eis, Saft mit Eis oder ohne Eis mischen. &nbsp;<\/span><\/p>\n<p style=\"margin-bottom:0;text-align:justify\"><span style=\"font-family:Arial;font-size:21px\">4.&nbsp;<\/span><span style=\"font-family:Arial;font-size:21px\">Die K\u00fchltemperatur f\u00fcr Erfrischungsgetr\u00e4nke kann von 0~5\u02daC gew\u00e4hlt werden.<\/span><\/p>\n<p style=\"margin-bottom:0;text-align:justify\"><span style=\"font-family:Arial;font-size:21px\">5.&nbsp;<\/span><span style=\"font-family:Arial;font-size:21px\">Die Maschine produziert automatisch Eisw\u00fcrfel. K\u00fchlung Temperatur -5~0\u02daC.<\/span><\/p>\n<p style=\"margin-bottom:0;text-align:justify\"><span style=\"font-family:Arial;font-size:21px\">6.&nbsp;<\/span><span style=\"font-family:Arial;font-size:21px\">F\u00fcr die Wasserbef\u00fcllung k\u00f6nnen Sie das Ger\u00e4t an Leitungswasser anschlie\u00dfen oder das Wasser mit einem Wasserfass auff\u00fcllen. Wir empfehlen jedoch den Anschluss an Leitungswasser, um h\u00e4ufiges Nachf\u00fcllen von Wasser zu vermeiden. <\/span><\/p>\n<p style=\"margin-bottom:0;text-align:justify\"><span style=\"font-family:Arial;font-size:21px\">7.&nbsp;<\/span><span style=\"font-family:Arial;font-size:21px\">Lagerung von 100 St\u00fcck 500ml (=16oz) Pappbechern.<\/span><\/p>\n<p style=\"margin-bottom:0;text-align:justify\"><span style=\"font-family:Arial;font-size:21px\">8.&nbsp;<\/span><span style=\"font-family:Arial;font-size:21px\">Alle wichtigen Sprachen sind verf\u00fcgbar. <\/span><\/p>\n<p style=\"margin-bottom:0;text-align:justify\"><span style=\"font-family:Arial;font-size:21px\">9.&nbsp;<\/span><span style=\"font-family:Arial;font-size:21px\">Fern\u00fcberwachungs- und -verwaltungssoftware, die es Ihnen erm\u00f6glicht, die Verkaufsdaten zu verwalten, den Echtzeitstatus der Maschine, das Verkaufsvolumen, die Materialsituation und eine Alarmmeldung zum Auff\u00fcllen des Materials auf das Mobiltelefon zu \u00fcberpr\u00fcfen. Entdecken Sie rechtzeitig den Maschinenausfall und senden Sie die Arbeitsdiagnose direkt an das \u00dcberwachungszentrum der Fabrik, um das Problem schneller zu l\u00f6sen.<\/span><\/p>\n<p style=\"margin-bottom:0;text-align:justify\"><span style=\"font-family:Arial;font-size:21px\">10.&nbsp;<\/span><span style=\"font-family:Arial;font-size:21px\">Gr\u00f6\u00dfe der Maschine: 933X839X1929mm <\/span><\/p>\n<p style=\"margin-bottom:0;text-align:justify\"><span style=\"font-family:\u5b8b\u4f53;font-size:29px\">&nbsp;<\/span><\/p>\n<p style=\"margin-bottom:0;text-align:justify\"><span style=\"font-family:\u5b8b\u4f53;font-size:29px\">Produktvorteil:<\/span><\/p>\n<p style=\"vertical-align: baseline\"><span style=\"font-family: Calibri;font-size: 20px\">1.&nbsp;<\/span><span style=\"font-family: Calibri;font-size: 20px\">Gr\u00f6\u00dferer Gefrierschrank, um 2 Packungsboxen f\u00fcr die Soda-Saucen und 6 Saft zu halten, halten die Temperatur von 3 Grad auf 8 Grad. <\/span><span style=\"font-family: \u5b8b\u4f53;font-size: 20px\">&nbsp;&nbsp;<\/span><\/p>\n<p style=\"vertical-align: baseline\"><span style=\"font-family: \u5b8b\u4f53;font-size: 20px\"><img loading=\"lazy\" decoding=\"async\" src=\"https:\/\/www.hommy.com\/wp-content\/uploads\/16431820291701.png\" title=\"\" alt=\"Produkt-Hommy-HM-AJ02 Getr\u00e4nkeautomaten-IMG\" width=\"350\" height=\"504\" border=\"0\" vspace=\"0\" style=\"width: 350px;height: 504px\"><\/span><\/p>\n<p style=\"margin-bottom:0;text-align:justify\"><span style=\"font-family: Calibri;font-size: 20px\">2.&nbsp;<\/span><span style=\"font-family: Calibri;font-size: 20px\">Lagerung von 100 St\u00fcck 500ml=16OZ Pappbechern.<\/span><\/p>\n<p style=\"margin-bottom:0;text-align:justify\"><img loading=\"lazy\" decoding=\"async\" src=\"https:\/\/www.hommy.com\/wp-content\/uploads\/16431821757393.png\" title=\"\" alt=\"product-Hommy-img\" width=\"350\" height=\"737\" border=\"0\" vspace=\"0\" style=\"width: 350px;height: 737px\"><\/p>\n<p><span style=\"font-family: \u5b8b\u4f53;font-size: 20px\">3.<\/span><span style=\"font-family:Calibri;font-size:21px\">Das Zahlungssystem kann M\u00fcnzen, Scheine, Exchang-M\u00fcnzen und Kreditkarten akzeptieren.<\/span><\/p>\n<p style=\"vertical-align: baseline\"><img loading=\"lazy\" decoding=\"async\" src=\"https:\/\/www.hommy.com\/wp-content\/uploads\/16431822358936.png\" title=\"\" alt=\"produkt-Hommy-img-1\" width=\"350\" height=\"546\" border=\"0\" vspace=\"0\" style=\"width: 350px;height: 546px\"><\/p>\n<p><span style=\"font-family:Calibri;font-size:21px\">4.<\/span><span style=\"font-family:Calibri;font-size:21px\">Computer-Fernverwaltungssystem: Abfrage von Verkaufsdaten, Erinnerung an Fehlmengen, Erinnerung an Maschinenausf\u00e4lle.<\/span><\/p>\n<p style=\"vertical-align: baseline\"><img decoding=\"async\" src=\"https:\/\/www.hommy.com\/wp-content\/uploads\/16431822849546.jpg\" alt=\"produkt-Hommy-img-1\" title=\"\"><\/p>\n<p style=\"vertical-align: baseline\"><span style=\"font-family: \u5b8b\u4f53;font-size: 20px\">5<\/span><span style=\"font-family: Calibri;font-size: 20px\">. die Maschine haben automatische Clear-System, k\u00f6nnen Sie auf Client-Anforderung, wie lange es eingestellt wird, basieren <\/span><\/p>\n<p style=\"vertical-align: baseline\"><span style=\"font-family: \u5b8b\u4f53;font-size: 20px\">&nbsp;<\/span><span style=\"font-family: Calibri;font-size: 20px\">&nbsp;&nbsp;Automatisch, um einmal die Maschine zu l\u00f6schen. <\/span><\/p>\n<p style=\"vertical-align: baseline\"><img loading=\"lazy\" decoding=\"async\" src=\"https:\/\/www.hommy.com\/wp-content\/uploads\/16431823398318.png\" title=\"\" alt=\"produkt-Hommy-img-1\" width=\"350\" height=\"712\" border=\"0\" vspace=\"0\" style=\"width: 350px;height: 712px\"><\/p>\n<p><\/p>\n<\/p><\/div>","protected":false},"excerpt":{"rendered":"<p>Soda vending machine manufacturers &nbsp; &nbsp; &nbsp; &nbsp; &nbsp; &nbsp; &nbsp; &nbsp; &nbsp; &nbsp; &nbsp; &nbsp; &nbsp; &nbsp; &nbsp; &nbsp; &nbsp; &nbsp; &nbsp; &nbsp; &nbsp; &nbsp; &nbsp; &nbsp; &nbsp; &nbsp; &nbsp; https:\/\/youtu.be\/r5pGq47GZRk&nbsp; &nbsp;&nbsp; &nbsp; &nbsp; &nbsp; &nbsp; &nbsp; &nbsp; &nbsp; Product specification: Product Features: 1.&nbsp;21&#039;&#039; screen for advertisement and operation. 2.&nbsp;Payment system: coin, bill and [&hellip;]<\/p>\n","protected":false},"featured_media":1971,"comment_status":"open","ping_status":"open","template":"","meta":{"_swt_meta_header_display":false,"_swt_meta_footer_display":false,"_swt_meta_site_title_display":false,"_swt_meta_sticky_header":false,"_swt_meta_transparent_header":false},"product_brand":[],"product_cat":[72,68],"product_tag":[],"class_list":{"0":"post-311","1":"product","2":"type-product","3":"status-publish","4":"has-post-thumbnail","6":"product_cat-soda-drink-vending-machine","7":"product_cat-vending-machine","9":"first","10":"instock","11":"shipping-taxable","12":"product-type-simple"},"_links":{"self":[{"href":"https:\/\/www.hommy.com\/de\/wp-json\/wp\/v2\/product\/311","targetHints":{"allow":["GET"]}}],"collection":[{"href":"https:\/\/www.hommy.com\/de\/wp-json\/wp\/v2\/product"}],"about":[{"href":"https:\/\/www.hommy.com\/de\/wp-json\/wp\/v2\/types\/product"}],"replies":[{"embeddable":true,"href":"https:\/\/www.hommy.com\/de\/wp-json\/wp\/v2\/comments?post=311"}],"wp:featuredmedia":[{"embeddable":true,"href":"https:\/\/www.hommy.com\/de\/wp-json\/wp\/v2\/media\/1971"}],"wp:attachment":[{"href":"https:\/\/www.hommy.com\/de\/wp-json\/wp\/v2\/media?parent=311"}],"wp:term":[{"taxonomy":"product_brand","embeddable":true,"href":"https:\/\/www.hommy.com\/de\/wp-json\/wp\/v2\/product_brand?post=311"},{"taxonomy":"product_cat","embeddable":true,"href":"https:\/\/www.hommy.com\/de\/wp-json\/wp\/v2\/product_cat?post=311"},{"taxonomy":"product_tag","embeddable":true,"href":"https:\/\/www.hommy.com\/de\/wp-json\/wp\/v2\/product_tag?post=311"}],"curies":[{"name":"wp","href":"https:\/\/api.w.org\/{rel}","templated":true}]}}