{"id":301,"date":"2024-07-02T12:41:20","date_gmt":"2024-07-02T12:41:20","guid":{"rendered":"http:\/\/localhost\/hommywp\/hm-aj01-soda-drink-vending-machine\/"},"modified":"2025-08-01T09:57:30","modified_gmt":"2025-08-01T09:57:30","slug":"hm-aj01-soda-getranke-automaten","status":"publish","type":"product","link":"https:\/\/www.hommy.com\/de\/p\/hm-aj01-soda-getranke-automaten\/","title":{"rendered":"HM-AJ01 Soda-Getr\u00e4nke-Automat"},"content":{"rendered":"<div>\n<p style=\"text-align: center\"><span style=\"font-family:Calibri;font-size:29px\">&nbsp; &nbsp; &nbsp; &nbsp; &nbsp; &nbsp; &nbsp; &nbsp; &nbsp; &nbsp; &nbsp; &nbsp; &nbsp; &nbsp; &nbsp; &nbsp; &nbsp;Verkaufsautomat f\u00fcr Limonade <\/span><\/p>\n<p style=\"text-align: center\"><span style=\"font-family:Calibri;font-size:29px\">&nbsp; &nbsp; &nbsp; &nbsp; &nbsp; &nbsp; &nbsp; &nbsp; &nbsp; &nbsp; &nbsp; &nbsp; &nbsp; &nbsp; &nbsp; &nbsp; &nbsp; &nbsp; https:\/\/youtu.be\/UTZxYBdFvxw <\/span><span style=\"font-family:\u5b8b\u4f53;font-size:29px\">&nbsp;&nbsp;&nbsp;&nbsp;&nbsp;&nbsp;&nbsp;&nbsp;&nbsp;&nbsp;&nbsp;&nbsp;&nbsp;&nbsp;&nbsp;&nbsp;&nbsp;&nbsp;&nbsp;<\/span><\/p>\n<p><span style=\"font-family:\u5b8b\u4f53;font-size:29px\">Produkt <\/span><span style=\"font-family:\u5b8b\u4f53;font-size:29px\">Spezifikation:<\/span><\/p>\n<p><span style=\"font-family:\u5b8b\u4f53;font-size:29px\"><\/span><\/p>\n<p><img decoding=\"async\" src=\"https:\/\/www.hommy.com\/wp-content\/uploads\/16431829429542.png\" alt=\"product-Hommy-img\" title=\"\"><\/p>\n<p><img decoding=\"async\" src=\"https:\/\/www.hommy.com\/wp-content\/uploads\/16431829436484.png\" alt=\"product-Hommy-img\" title=\"\"><\/p>\n<p><img decoding=\"async\" src=\"https:\/\/www.hommy.com\/wp-content\/uploads\/16431829478764.png\" alt=\"product-HM-AJ01 Soda-Getr\u00e4nke-Automat-Hommy-img\" title=\"\"><\/p>\n<p><img decoding=\"async\" src=\"https:\/\/www.hommy.com\/wp-content\/uploads\/16431829096382.png\" alt=\"product-Hommy-HM-AJ01 Soda-Getr\u00e4nke-Automat-img\" title=\"\"><\/p>\n<p style=\"margin-bottom:0;text-align:justify\"><span style=\"font-family:\u5b8b\u4f53;font-size:29px\"><br \/><\/span><\/p>\n<p style=\"margin-bottom:0;text-align:justify\"><span style=\"font-family:\u5b8b\u4f53;font-size:29px\">Produktmerkmale: <\/span><\/p>\n<p style=\"margin-bottom:0;text-align:justify\"><span style=\"font-family:Arial;font-size:21px\">1.&nbsp;<\/span><span style=\"font-family:Arial;font-size:21px\">21'' Bildschirm f\u00fcr Werbung und Bedienung.<\/span><\/p>\n<p style=\"margin-bottom:0;text-align:justify\"><span style=\"font-family:Arial;font-size:21px\">2.&nbsp;<\/span><span style=\"font-family:Arial;font-size:21px\">Zahlungssystem: M\u00fcnze, Schein und R\u00fcckm\u00fcnze, MDB-Schnittstelle f\u00fcr Kreditkarte. <\/span><\/p>\n<p style=\"margin-bottom:0;text-align:justify\"><span style=\"font-family:Arial;font-size:21px\">3.&nbsp;<\/span><span style=\"font-family:Arial;font-size:21px\">Es gibt 5 Geschmacksrichtungen zur Auswahl, n\u00e4mlich Limonade mit Eis oder <\/span><span style=\"font-family:\u7b49\u7ebf;font-size:21px\">Te<\/span><span style=\"font-family:\u7b49\u7ebf;font-size:21px\">a <\/span><span style=\"font-family:Arial;font-size:21px\">Getr\u00e4nk mit Eis . &nbsp;<\/span><\/p>\n<p style=\"margin-bottom:0;text-align:justify\"><span style=\"font-family:Arial;font-size:21px\">4.&nbsp;<\/span><span style=\"font-family:Arial;font-size:21px\">Die K\u00fchltemperatur f\u00fcr Erfrischungsgetr\u00e4nke kann von 0~5\u02daC gew\u00e4hlt werden.<\/span><\/p>\n<p style=\"margin-bottom:0;text-align:justify\"><span style=\"font-family:Arial;font-size:21px\">5.&nbsp;<\/span><span style=\"font-family:Arial;font-size:21px\">Die Maschine produziert automatisch Eisw\u00fcrfel. K\u00fchlung Temperatur -5~0\u02daC.<\/span><\/p>\n<p style=\"margin-bottom:0;text-align:justify\"><span style=\"font-family:Arial;font-size:21px\">6.&nbsp;<\/span><span style=\"font-family:Arial;font-size:21px\">F\u00fcr die Wasserbef\u00fcllung k\u00f6nnen Sie das Ger\u00e4t an Leitungswasser anschlie\u00dfen oder das Wasser mit einem Wasserfass auff\u00fcllen. Wir empfehlen jedoch den Anschluss an Leitungswasser, um h\u00e4ufiges Nachf\u00fcllen von Wasser zu vermeiden. <\/span><\/p>\n<p style=\"margin-bottom:0;text-align:justify\"><span style=\"font-family:Arial;font-size:21px\">7.&nbsp;<\/span><span style=\"font-family:Arial;font-size:21px\">Lagerung von 100 St\u00fcck 500ml (=16oz) Pappbechern.<\/span><\/p>\n<p style=\"margin-bottom:0;text-align:justify\"><span style=\"font-family:Arial;font-size:21px\">8.&nbsp;<\/span><span style=\"font-family:Arial;font-size:21px\">Alle wichtigen Sprachen sind verf\u00fcgbar. <\/span><\/p>\n<p style=\"margin-bottom:0;text-align:justify\"><span style=\"font-family:Arial;font-size:21px\">9.&nbsp;<\/span><span style=\"font-family:Arial;font-size:21px\">Fern\u00fcberwachungs- und -verwaltungssoftware, die es Ihnen erm\u00f6glicht, die Verkaufsdaten zu verwalten, den Echtzeitstatus der Maschine, das Verkaufsvolumen, die Materialsituation und eine Alarmmeldung zum Auff\u00fcllen des Materials auf das Mobiltelefon zu \u00fcberpr\u00fcfen. Entdecken Sie rechtzeitig den Maschinenausfall und senden Sie die Arbeitsdiagnose direkt an das \u00dcberwachungszentrum der Fabrik, um das Problem schneller zu l\u00f6sen.<\/span><\/p>\n<p style=\"margin-bottom:0;text-align:justify\"><span style=\"font-family:Arial;font-size:21px\">10.&nbsp;<\/span><span style=\"font-family:Arial;font-size:21px\">Gr\u00f6\u00dfe der Maschine: 933X839X1929mm <\/span><\/p>\n<p style=\"margin-bottom:0;text-align:justify\"><span style=\"font-family:\u5b8b\u4f53;font-size:29px\">&nbsp;<\/span><\/p>\n<p style=\"margin-bottom:0;text-align:justify\"><span style=\"font-family:\u5b8b\u4f53;font-size:29px\">Produktvorteil:<\/span><\/p>\n<p style=\"vertical-align: baseline\"><span style=\"font-family: Calibri;font-size: 20px\">1.&nbsp;<\/span><span style=\"font-family: Calibri;font-size: 20px\">Gr\u00f6\u00dfere Gefriertruhe, um 6 Packungen f\u00fcr die So\u00dfen aufzubewahren und die Temperatur von 3 Grad bis 8 Grad zu halten. <\/span><span style=\"font-family: \u5b8b\u4f53;font-size: 20px\">&nbsp;&nbsp;<\/span><\/p>\n<p style=\"vertical-align: baseline\"><span style=\"font-family: \u5b8b\u4f53;font-size: 20px\"><img decoding=\"async\" src=\"https:\/\/www.hommy.com\/wp-content\/uploads\/16431830544884.png\" alt=\"product-Hommy-img\" title=\"\"><\/span><\/p>\n<p style=\"margin-bottom:0;text-align:justify\"><span style=\"font-family: Calibri;font-size: 20px\">2.&nbsp;<\/span><span style=\"font-family: Calibri;font-size: 20px\">Lagerung von 100 St\u00fcck 500ml=16OZ Pappbechern.<\/span><\/p>\n<p style=\"margin-bottom:0;text-align:justify\"><img decoding=\"async\" src=\"https:\/\/www.hommy.com\/wp-content\/uploads\/16431830843169.png\" alt=\"product-Hommy-img\" title=\"\"><\/p>\n<p><span style=\"font-family: \u5b8b\u4f53;font-size: 20px\">3.<\/span><span style=\"font-family:Calibri;font-size:21px\">Das Zahlungssystem kann M\u00fcnzen, Scheine, Exchang-M\u00fcnzen und Kreditkarten akzeptieren.<\/span><\/p>\n<p style=\"vertical-align: baseline\"><img loading=\"lazy\" decoding=\"async\" src=\"https:\/\/www.hommy.com\/wp-content\/uploads\/16431831251385.png\" title=\"\" alt=\"produkt-Hommy-img-1\" width=\"350\" height=\"546\" border=\"0\" vspace=\"0\" style=\"width: 350px;height: 546px\"><\/p>\n<p><span style=\"font-family:Calibri;font-size:21px\">4.<\/span><span style=\"font-family:Calibri;font-size:21px\">Computer-Fernverwaltungssystem: Abfrage von Verkaufsdaten, Erinnerung an Fehlmengen, Erinnerung an Maschinenausf\u00e4lle.<\/span><\/p>\n<p style=\"vertical-align: baseline\"><img decoding=\"async\" src=\"https:\/\/www.hommy.com\/wp-content\/uploads\/16431831928712.jpg\" alt=\"produkt-Hommy-img-1\" title=\"\"><\/p>\n<p style=\"vertical-align: baseline\"><span style=\"font-family: \u5b8b\u4f53;font-size: 20px\">5<\/span><span style=\"font-family: Calibri;font-size: 20px\">. die Maschine haben automatische Clear-System, k\u00f6nnen Sie auf Client-Anforderung, wie lange es eingestellt wird, basieren <\/span><\/p>\n<p style=\"vertical-align: baseline\"><span style=\"font-family: \u5b8b\u4f53;font-size: 20px\">&nbsp;<\/span><span style=\"font-family: Calibri;font-size: 20px\">&nbsp;&nbsp;Automatisch, um einmal die Maschine zu l\u00f6schen. <\/span><\/p>\n<p style=\"vertical-align: baseline\"><img loading=\"lazy\" decoding=\"async\" src=\"https:\/\/www.hommy.com\/wp-content\/uploads\/16431832628852.png\" title=\"\" alt=\"product-HM-AJ01 Soda-Getr\u00e4nke-Automat-Hommy-img-1\" width=\"350\" height=\"712\" border=\"0\" vspace=\"0\" style=\"width: 350px;height: 712px\"><\/p>\n<p><span style=\"font-family:\u5b8b\u4f53;font-size:29px\"><br \/><\/span><\/p>\n<p><\/p>\n<\/p><\/div>","protected":false},"excerpt":{"rendered":"<p>&nbsp; &nbsp; &nbsp; &nbsp; &nbsp; &nbsp; &nbsp; &nbsp; &nbsp; &nbsp; &nbsp; &nbsp; &nbsp; &nbsp; &nbsp; &nbsp; &nbsp;Vending machine for soda &nbsp; &nbsp; &nbsp; &nbsp; &nbsp; &nbsp; &nbsp; &nbsp; &nbsp; &nbsp; &nbsp; &nbsp; &nbsp; &nbsp; &nbsp; &nbsp; &nbsp; &nbsp; https:\/\/youtu.be\/UTZxYBdFvxw &nbsp;&nbsp;&nbsp;&nbsp;&nbsp;&nbsp;&nbsp;&nbsp;&nbsp;&nbsp;&nbsp;&nbsp;&nbsp;&nbsp;&nbsp;&nbsp;&nbsp;&nbsp;&nbsp; Product specification: Product Features : 1.&nbsp;21&#039;&#039; screen for advertisement and operation. 2.&nbsp;Payment system: coin, bill [&hellip;]<\/p>\n","protected":false},"featured_media":1970,"comment_status":"open","ping_status":"open","template":"","meta":{"_swt_meta_header_display":false,"_swt_meta_footer_display":false,"_swt_meta_site_title_display":false,"_swt_meta_sticky_header":false,"_swt_meta_transparent_header":false},"product_brand":[],"product_cat":[72,68],"product_tag":[],"class_list":{"0":"post-301","1":"product","2":"type-product","3":"status-publish","4":"has-post-thumbnail","6":"product_cat-soda-drink-vending-machine","7":"product_cat-vending-machine","9":"first","10":"instock","11":"shipping-taxable","12":"product-type-simple"},"_links":{"self":[{"href":"https:\/\/www.hommy.com\/de\/wp-json\/wp\/v2\/product\/301","targetHints":{"allow":["GET"]}}],"collection":[{"href":"https:\/\/www.hommy.com\/de\/wp-json\/wp\/v2\/product"}],"about":[{"href":"https:\/\/www.hommy.com\/de\/wp-json\/wp\/v2\/types\/product"}],"replies":[{"embeddable":true,"href":"https:\/\/www.hommy.com\/de\/wp-json\/wp\/v2\/comments?post=301"}],"wp:featuredmedia":[{"embeddable":true,"href":"https:\/\/www.hommy.com\/de\/wp-json\/wp\/v2\/media\/1970"}],"wp:attachment":[{"href":"https:\/\/www.hommy.com\/de\/wp-json\/wp\/v2\/media?parent=301"}],"wp:term":[{"taxonomy":"product_brand","embeddable":true,"href":"https:\/\/www.hommy.com\/de\/wp-json\/wp\/v2\/product_brand?post=301"},{"taxonomy":"product_cat","embeddable":true,"href":"https:\/\/www.hommy.com\/de\/wp-json\/wp\/v2\/product_cat?post=301"},{"taxonomy":"product_tag","embeddable":true,"href":"https:\/\/www.hommy.com\/de\/wp-json\/wp\/v2\/product_tag?post=301"}],"curies":[{"name":"wp","href":"https:\/\/api.w.org\/{rel}","templated":true}]}}