{"id":291,"date":"2024-07-02T12:32:25","date_gmt":"2024-07-02T12:32:25","guid":{"rendered":"http:\/\/localhost\/hommywp\/hm160a-automated-milkshake-vending-machine-for-sale-price\/"},"modified":"2025-08-01T09:57:30","modified_gmt":"2025-08-01T09:57:30","slug":"milchshake-automat","status":"publish","type":"product","link":"https:\/\/www.hommy.com\/de\/p\/milchshake-automat\/","title":{"rendered":"HM160A Automatischer Milchshake-Automat Zum Verkaufspreis"},"content":{"rendered":"<p style=\"text-align: center\"><\/p>\n<h2 style=\"text-align: center\">&nbsp;<strong><span style=\"line-height: 1.42857;font-family: arial, helvetica, sans-serif;font-size: 24px\"><a name=\"http:\/\/wij2rdgc.allweyes.com\/table-top-vending-ice-cream-machine\"><\/a>Milchshake-Automat<\/span><\/strong><\/h2>\n<p style=\"text-align: center\"><span style=\"font-size: 16px\"><span style=\"line-height: 1.42857;font-family: arial, helvetica, sans-serif\"><a href=\"#PRODUCT FEATURES\" target=\"_self\" data-lv=\"0\" rel=\"noopener\">PRODUKTMERKMALE<\/a>|<a href=\"#Vending milkshake machine\" target=\"_self\" data-lv=\"0\" rel=\"noopener\">Milchshake-Automat<\/a>|<a href=\"#PRODUCT SPECIFICATION\" target=\"_self\" data-lv=\"0\" rel=\"noopener\">PRODUKTSPEZIFIKATION<\/a>|<a href=\"#PRODUCT ADVANTAG\" target=\"_self\" data-lv=\"0\" rel=\"noopener\">PRODUKTVORTEIL<\/a><\/span><\/span><\/p>\n<p><\/p>\n<p><!-- Video start --><video poster=\"https:\/\/img80002414.weyesimg.com\/uploads\/www.hommy.com\/video\/15866853031191.mp4?vframe\/jpg\/offset\/1\" id=\"video\" preload=\"auto\" controls=\"controls\" style=\"width:100%;height:510px\"><\/video><!-- Video end --><\/p>\n<p>Milchshake-Automaten geh\u00f6ren zu den g\u00e4ngigsten und zuverl\u00e4ssigsten Automaten in Superm\u00e4rkten, gro\u00dfen Ladenketten und sogar Fastfood-Ketten. Der Milkshake-Automat ist ein Automat, der k\u00fchle und s\u00e4ttigende Milchshakes herstellt, perfekt f\u00fcr den Sommer. Wenn du einen Milchshake aus dem Automaten kaufst, kannst du deine Lieblingsgeschmacksrichtungen wie Vanille, Schokolade, Erdbeere usw. ausw\u00e4hlen, dann bezahlen, ein wenig warten und den gew\u00fcnschten Milchshake erhalten.<\/p>\n<p><\/p>\n<p>Wenn Sie schon immer Ihr eigenes Gesch\u00e4ft haben wollten, aber nicht den Stress eines Ladengesch\u00e4fts auf sich nehmen wollen, dann k\u00f6nnte ein Milchshake-Automatengesch\u00e4ft genau das Richtige f\u00fcr Sie sein! Mit minimalen Gemeinkosten und ohne Inventar, das Sie im Auge behalten m\u00fcssen, ist diese Art von Gesch\u00e4ft perfekt f\u00fcr vielbesch\u00e4ftigte Unternehmer. Au\u00dferdem: Wer liebt keine Milchshakes?!<\/p>\n<p>Mit unseren Automaten k\u00f6nnen Sie Ihren Kunden einen k\u00f6stlichen Milchshake anbieten, den sie jederzeit genie\u00dfen k\u00f6nnen. Au\u00dferdem sind unsere Automaten einfach zu bedienen und erfordern nur minimale Wartung, sodass Sie sich auf Ihr Gesch\u00e4ft konzentrieren k\u00f6nnen.<\/p>\n<h2><strong><span style=\"font-size: 24px;font-family: arial, helvetica, sans-serif\"><a name=\"PRODUCT FEATURES\"><\/a>PRODUKTMERKMALE<\/span><\/strong><\/h2>\n<div class=\"text-left d-tem09-title d-interval\" data-detail=\"wrap\">\n<div class=\"title-header\">\n<p style=\"margin: 0px;text-align: justify;text-indent: 0px\"><span style=\"letter-spacing: 0px;font-family: Calibri;font-size: 16px\">Hommy Vending Milchshake-Maschine haben mehr humanisierte Funktion: innen haben 3 Geschmack f\u00fcr Sie zu w\u00e4hlen, frisch zu halten, Mixer in Trichter, auftauen, Pasteurisierung, Fernbedienung, verkauft Bericht, erinnern, <\/span><span style=\"letter-spacing: 0px;font-family: \u5b8b\u4f53;font-size: 16px\">verschiedene Sprachen w\u00e4hlen. Wir begr\u00fc\u00dfen auch OEM und ODM.&nbsp;<\/span><\/p>\n<\/div>\n<\/div>\n<p>&nbsp;<\/p>\n<div class=\"d-tem11-graphic tem11-graphic mockup\" data-detail=\"wrap\">\n<div class=\"tab_row\">\n<div class=\"img\" style=\"width: 50%\"><img loading=\"lazy\" decoding=\"async\" width=\"563\" height=\"747\" title=\"\" style=\"width: 563px;height: 747px\" alt=\"product-Hommy-img\" src=\"https:\/\/www.hommy.com\/wp-content\/uploads\/15866853985802.png\" border=\"0\" vspace=\"0\"><\/div>\n<div class=\"text_box\" style=\"width: 50%\">\n<div class=\"txt\">\n<div class=\"title\">\n<h2>&nbsp;<strong><span style=\"font-size: 24px;font-family: arial, helvetica, sans-serif\"><a name=\"Vending milkshake machine\"><\/a>Milchshake-Automat<\/span><\/strong><\/h2>\n<\/div>\n<p>&nbsp;<\/p>\n<p style=\"line-height: 1.75em\">10,1-Zoll-Touchscreen-Tablet-\u00e4hnlicher Controller mit Android-System&nbsp;<\/p>\n<p style=\"line-height: 1.75em\">Maschinenstatus (Trichter- und Zylindertemperatur, rationierte Einstellung, Produktionsprozess, Fehler, Materialstandswarnung, Preis) <\/p>\n<p style=\"line-height: 1.75em\">Daten\u00fcberpr\u00fcfung (Verkaufsvolumen) <\/p>\n<p style=\"line-height: 1.75em\">Dispensersteuerung <\/p>\n<p style=\"line-height: 1.75em\">Einstellungen der Maschine <\/p>\n<p style=\"line-height: 1.75em\">Intelligente Bedienung <\/p>\n<p style=\"line-height: 1.75em\">Funktion Senden an Mobiltelefon Alarm <\/p>\n<p style=\"line-height: 1.75em\">Die Maschine im Inneren haben mehr Funktion, das kann Ihnen helfen, mehr k\u00fcnstliche Kosten zu sparen:<\/p>\n<p style=\"line-height: 1.75em\">Das Vork\u00fchlsystem h\u00e4lt die Mischung im Auto- und Standby-Modus unter 5\u2103. <\/p>\n<p style=\"line-height: 1.75em\">Die Luftpumpe f\u00f6rdert das Gemisch mit einer bestimmten Luftmenge zu den Gefrierzylindern. <\/p>\n<p style=\"line-height: 1.75em\">Der Mischer sorgt f\u00fcr eine gleichm\u00e4\u00dfige Mischung in den Trichtern. <\/p>\n<p style=\"line-height: 1.75em\">Die W\u00e4rmebehandlung bietet eine t\u00e4gliche Reinigungsroutine, um das Produkt gem\u00e4\u00df den Qualit\u00e4ts- und Sicherheitsstandards bis zu zwei Wochen vor der vollst\u00e4ndigen Reinigung mit Demontage zu erhalten. <\/p>\n<p style=\"line-height: 1.75em\"><span style=\"font-size: 18px\"><strong><br \/><\/strong><\/span><\/p>\n<p style=\"line-height: 1.75em\"><span style=\"font-size: 18px\"><strong>Entfrosten <\/strong><\/span><\/p>\n<p style=\"line-height: 1.75em\">Die Produktionsabtauung l\u00e4sst das Produkt in beiden Zylindern schnell schmelzen und geht dann zur\u00fcck in den Produktionsmodus, um zu reproduzieren. <\/p>\n<p style=\"line-height: 1.75em\">Das Abtauen durch Waschen l\u00e4sst das Produkt in den Zylindern schnell schmelzen, so dass vor der Reinigung deutlich weniger Reste \u00fcbrig bleiben. <\/p>\n<p style=\"line-height: 1.75em\"><strong><span style=\"font-size: 18px\"><br \/><\/span><\/strong><\/p>\n<p style=\"line-height: 1.75em\"><strong><span style=\"font-size: 18px\">Desinfektion <\/span><\/strong><\/p>\n<p style=\"line-height: 1.75em\">Spezielle Funktion, die den Desinfektionsprozess halbautomatisch und einfach macht. <\/p>\n<p style=\"line-height: 1.75em\">Demontieren Sie die Maschine nicht, um den Halsteil, die Luftpumpeneinheit, den Schl\u00e4ger und den Zylinder zu reinigen.<br \/>\nDer Z\u00e4hler erm\u00f6glicht es dem Bediener, die Anzahl der ausgegebenen Portionen zu sehen. <\/p>\n<p style=\"line-height: 1.75em\">&nbsp;<\/p>\n<\/div>\n<\/div>\n<\/div>\n<\/div>\n<p>&nbsp;<\/p>\n<div class=\"text-left d-tem09-title d-interval\" data-detail=\"wrap\">\n<div class=\"title-header\">\n<h2><strong><span style=\"font-size: 24px;font-family: arial, helvetica, sans-serif\"><a name=\"PRODUCT SPECIFICATION\"><\/a>PRODUKTSPEZIFIKATION<\/span><\/strong><\/h2>\n<p><span>Hervorragende Kundenerfahrungen sind der Ausgangspunkt von Hommy.<\/span><\/p>\n<p><span><\/span><\/p>\n<p><span><br \/><img decoding=\"async\" src=\"https:\/\/www.hommy.com\/wp-content\/uploads\/15866860778248.png\" title=\"uploads\/www.hommy.com\/images\/https:\/\/www.hommy.com\/wp-content\/uploads\/15866860778248.png\" alt=\"bild.png\" \/><\/span><\/p>\n<p><span><br \/><\/span><\/p>\n<h2><strong><span style=\"font-size: 24px;font-family: arial, helvetica, sans-serif\"><a name=\"PRODUCT ADVANTAG\"><\/a>PRODUKTVORTEIL<\/span><\/strong><br \/><\/h2>\n<\/div>\n<\/div>\n<div class=\"text-left d-tem09-title d-interval\" data-detail=\"wrap\">\n<div class=\"title-header\">\n<p>Hommy haben produzieren <a style=\"color:blue\" href=\"\/de\/\">Speiseeismaschine<\/a> f\u00fcr 20 Jahre Erfahrung, Vending-Eis-Maschine f\u00fcgen Sie mehr Funktion Softeis, weil kein Kerl, um die ganze Zeit zu warten. wir auf dieser Basis f\u00fcgen Sie mehr Sensor und Software verwenden, um es zu kontrollieren, die gute Qualit\u00e4t und gute Funktion ist.<\/p>\n<\/div>\n<\/div>\n<div class=\"d-tem01-graphic tem01-graphic mockup\" data-detail=\"wrap\">\n<div class=\"cont-section clearfix d-clearfix\">\n<div class=\"col-md-6 col-sm-6 col-xs-6\">\n<div class=\"right-p\">\n<div class=\"h2 heading\">Pasteurisierung&nbsp;<\/div>\n<div class=\"description\"><span style=\"letter-spacing: 0px;font-family: \u5b8b\u4f53;font-size: 16px\">Wenn Sie Eis in der Nacht verkaufen, wird das System automatisch eingestellt Pasteurisierung : Kann t\u00f6ten <\/span><span style=\"font-family: Calibri;font-size: 16px\">die Bakterien <\/span><span style=\"font-family: \u5b8b\u4f53;font-size: 16px\">dass <\/span><span style=\"font-family: Calibri;font-size: 16px\">produzieren<\/span><span style=\"font-family: \u5b8b\u4f53;font-size: 16px\">&nbsp;<\/span><span style=\"font-family: Calibri;font-size: 16px\">innerhalb der Maschine<\/span><span style=\"font-family: \u5b8b\u4f53;font-size: 16px\">&nbsp;von -5<\/span><span style=\"font-family: \u5b8b\u4f53;font-size: 16px\">\u2103<\/span><span style=\"font-family: \u5b8b\u4f53;font-size: 16px\">&nbsp;<\/span><span style=\"font-family: Arial;font-size: 16px\">\u2192<\/span><span style=\"font-family: \u5b8b\u4f53;font-size: 16px\">&nbsp;<\/span><span style=\"font-family: \u5b8b\u4f53;font-size: 16px\">65<\/span><span style=\"font-family: \u5b8b\u4f53;font-size: 16px\">\u2103<\/span><span style=\"font-family: Arial;font-size: 16px\">\u2192<\/span><span style=\"font-family: \u5b8b\u4f53;font-size: 16px\">&nbsp;-5<\/span><span style=\"font-family: \u5b8b\u4f53;font-size: 16px\">\u2103<\/span><span style=\"font-family: Calibri;font-size: 16px\">Prozess<\/span><span style=\"font-family: \u5b8b\u4f53;font-size: 16px\">&nbsp;( Desinfizieren Sie den Ladezylinder und das Rohmaterial im Inneren, dann k\u00fchlen Sie den Buchungsstatus ). so k\u00f6nnen Sie die Maschine alle 14 Tage ein Mal aufbewahren.&nbsp;<\/span>&nbsp;&nbsp;&nbsp;&nbsp;&nbsp;&nbsp;&nbsp;&nbsp;&nbsp;&nbsp;&nbsp;&nbsp;<\/p>\n<p style=\"text-align: center\"><img decoding=\"async\" title=\"\" alt=\"Produkt-Milchshake-Maschine -Hommy-img\" src=\"https:\/\/www.hommy.com\/wp-content\/uploads\/15787019009152-5.png\"><\/p>\n<\/div>\n<\/div>\n<\/div>\n<div class=\"col-md-6 col-sm-6 col-xs-6\">\n<div class=\"right-p\">\n<div class=\"h2 heading\">Sensor verlassen<\/div>\n<div class=\"description\"><span style=\"font-family: \u5b8b\u4f53;font-size: 16px\">Sensor haben lassen <\/span><span style=\"font-family: Calibri;font-size: 16px\">Zweite Stufe, die erste Stufe der fehlenden Materialebene Alarm, die zweite Stufe der automatischen Abschaltung.<\/span><span style=\"font-family: \u5b8b\u4f53;font-size: 16px\">&nbsp;Wenn Sie die erste Nachricht erhalten, haben Sie einige Zeit f\u00fcr Sie, um Material hinzuzuf\u00fcgen keine Notwendigkeit, die Maschine zu stoppen, um es zu arbeiten. <\/span><\/div>\n<\/div>\n<div class=\"graphic_pic animated wow bounceIn\" data-wow-delay=\".7s\">\n<p style=\"text-align: center\"><img loading=\"lazy\" decoding=\"async\" width=\"473\" height=\"306\" title=\"\" style=\"width: 203px\" alt=\"Produkt-Hommy-Milchshake-Maschine -img\" src=\"https:\/\/www.hommy.com\/wp-content\/uploads\/15788874673345-5.jpg\"><\/p>\n<\/div>\n<\/div>\n<\/div>\n<\/div>\n<p><\/p>\n<p>&nbsp;<\/p>\n<div class=\"d-tem01-graphic tem01-graphic mockup\" data-detail=\"wrap\">\n<div class=\"cont-section clearfix d-clearfix\">\n<div class=\"col-md-6 col-sm-6 col-xs-6\">\n<div class=\"right-p\">\n<div class=\"h2 heading\">Bef\u00f6rderungsfunktion<\/div>\n<div class=\"description\">\n<p style=\"font-family: Calibri;font-size: 16px;font-style: normal;font-weight: normal;margin-top: 0px;margin-bottom: 0px\"><span style=\"font-family: \u5b8b\u4f53;font-size: 16px\">Die Maschine im Inneren haben Promotion-Funktion, die Sie Setup der F\u00f6rderung jederzeit von Tag zu Zeit alle folgen Sie. Sie k\u00f6nnen die zweite Eiscreme halben Preis geben Sie Client mehr Rabatt <\/span><\/p>\n<p style=\"margin: 1em 0px 13px\"><span style=\"font-family: \u5b8b\u4f53;font-size: 16px\"><span>&nbsp;&nbsp;&nbsp;Das kann Ihnen helfen, die Ausverkaufsmenge zu erh\u00f6hen.<\/span><\/span><\/p>\n<\/div>\n<\/div>\n<div class=\"graphic_pic animated wow bounceIn\" data-wow-delay=\".7s\">\n<p style=\"text-align: center\"><img decoding=\"async\" title=\"\" alt=\"Produkt-HM160A Milchshake-Automat-Hommy-img\" src=\"https:\/\/www.hommy.com\/wp-content\/uploads\/15788858121941-5.png\"><\/p>\n<\/div>\n<\/div>\n<div class=\"col-md-6 col-sm-6 col-xs-6\">\n<div class=\"right-p\">\n<div class=\"h2 heading\">Andere Sprache<\/div>\n<div class=\"description\">\n<p style=\"font-family: Calibri;font-size: 16px;font-style: normal;font-weight: normal;margin-top: 0px;margin-bottom: 0px\"><span style=\"font-family: \u5b8b\u4f53;font-size: 16px\">Die Maschine im Inneren hat mehrere Sprachen f\u00fcr Sie zu w\u00e4hlen: Chinesisch, Englisch, Polen, Saudi-Arabien, Malaysia, Thailand, Spanien.<\/span><\/p>\n<p>.<\/p><\/div>\n<\/div>\n<div class=\"graphic_pic animated wow bounceIn\" data-wow-delay=\".7s\">\n<p style=\"text-align: center\"><img loading=\"lazy\" decoding=\"async\" width=\"404\" height=\"209\" title=\"\" style=\"width: 271px\" alt=\"Produkt-Hommy-HM160A Milchshake-Automat-img\" src=\"https:\/\/www.hommy.com\/wp-content\/uploads\/15788858317746-5.png\"><\/p>\n<\/div>\n<\/div>\n<\/div>\n<\/div>\n<p style=\"text-align: center\"><\/p>\n<p>Dokument\uff1a<img decoding=\"async\" src=\"https:\/\/www.hommy.com\/wp-content\/uploads\/icon_pdf-9.gif\" style=\"margin-right: 2px\" alt=\"produkt-Hommy-img-1\" title=\"\"><a href=\"https:\/\/img80002414.weyesimg.com\/uploads\/www.hommy.com\/addon\/16028350847689.pdf\" title=\"16028350847689.pdf\" style=\"font-size: 12px\">16028350847689.pdf<\/a><\/p>\n<h2 style=\"font-family: sans-serif\">Wie funktioniert ein Milchshake-Automat?<\/h2>\n<p style=\"margin-top: 5px;margin-bottom: 5px;font-family: sans-serif;font-size: 16px\">Der Kaufvorgang ist sehr einfach, man muss nur die gew\u00fcnschte Geschmacksrichtung und Menge des Milchshakes im Men\u00fc auf dem Display ausw\u00e4hlen, dann mit Rechnung oder Kreditkarte bezahlen, warten, bis der Milchshake ausgegeben wird, und dann kann man ihn abholen und genie\u00dfen.<\/p>\n<p style=\"margin-top: 5px;margin-bottom: 5px;font-family: sans-serif;font-size: 16px\"><\/p>\n<h2 style=\"font-family: sans-serif\">Sind Milchshake-Automaten ein rentables Gesch\u00e4ft?<\/h2>\n<p style=\"margin-top: 5px;margin-bottom: 5px;font-family: sans-serif;font-size: 16px\">Es ist eine Tatsache, dass das Gesch\u00e4ft mit Milchshakes in vielen Teilen der Welt immer beliebter wird. Viele Caf\u00e9s, Restaurants, Fast-Food-L\u00e4den und sogar Lebensmittelgesch\u00e4fte bieten jetzt auch Milchshake-Automaten an. Wenn Sie planen, in das Gesch\u00e4ft mit Milchshake-Automaten einzusteigen, dann k\u00f6nnen Sie sicher sein, dass es sich um ein sehr rentables Gesch\u00e4ft handelt.<\/p>\n<\/p><\/div>","protected":false},"excerpt":{"rendered":"<p>&nbsp;Vending milkshake machine PRODUCT FEATURES|Vending milkshake machine|PRODUCT SPECIFICATION|PRODUCT ADVANTAG Milkshake vending machines are one of the most common and reliable vending machines in supermarkets, large chain stores and even fast food chains. The Milkshake Vending Machine is a vending machine that makes cool and satisfying milkshakes, perfect for summer. When you buy a milkshake from [&hellip;]<\/p>\n","protected":false},"featured_media":284,"comment_status":"open","ping_status":"open","template":"","meta":{"_swt_meta_header_display":false,"_swt_meta_footer_display":false,"_swt_meta_site_title_display":false,"_swt_meta_sticky_header":false,"_swt_meta_transparent_header":false},"product_brand":[],"product_cat":[71,68],"product_tag":[],"class_list":{"0":"post-291","1":"product","2":"type-product","3":"status-publish","4":"has-post-thumbnail","6":"product_cat-ice-cream-vending-machine","7":"product_cat-vending-machine","9":"first","10":"instock","11":"shipping-taxable","12":"product-type-simple"},"_links":{"self":[{"href":"https:\/\/www.hommy.com\/de\/wp-json\/wp\/v2\/product\/291","targetHints":{"allow":["GET"]}}],"collection":[{"href":"https:\/\/www.hommy.com\/de\/wp-json\/wp\/v2\/product"}],"about":[{"href":"https:\/\/www.hommy.com\/de\/wp-json\/wp\/v2\/types\/product"}],"replies":[{"embeddable":true,"href":"https:\/\/www.hommy.com\/de\/wp-json\/wp\/v2\/comments?post=291"}],"wp:featuredmedia":[{"embeddable":true,"href":"https:\/\/www.hommy.com\/de\/wp-json\/wp\/v2\/media\/284"}],"wp:attachment":[{"href":"https:\/\/www.hommy.com\/de\/wp-json\/wp\/v2\/media?parent=291"}],"wp:term":[{"taxonomy":"product_brand","embeddable":true,"href":"https:\/\/www.hommy.com\/de\/wp-json\/wp\/v2\/product_brand?post=291"},{"taxonomy":"product_cat","embeddable":true,"href":"https:\/\/www.hommy.com\/de\/wp-json\/wp\/v2\/product_cat?post=291"},{"taxonomy":"product_tag","embeddable":true,"href":"https:\/\/www.hommy.com\/de\/wp-json\/wp\/v2\/product_tag?post=291"}],"curies":[{"name":"wp","href":"https:\/\/api.w.org\/{rel}","templated":true}]}}