{"id":283,"date":"2024-07-02T12:32:18","date_gmt":"2024-07-02T12:32:18","guid":{"rendered":"http:\/\/localhost\/hommywp\/hm116c-table-top-frozen-yogurt-ice-cream-vending-machine-for-shop\/"},"modified":"2025-08-01T09:57:30","modified_gmt":"2025-08-01T09:57:30","slug":"hm116c-tischautomat-fur-eiscreme","status":"publish","type":"product","link":"https:\/\/www.hommy.com\/de\/p\/hm116c-tischautomat-fur-eiscreme\/","title":{"rendered":"Hm116c Tischplatte gefrorener Joghurt-Eiscreme-Automat f\u00fcr Gesch\u00e4ft"},"content":{"rendered":"<p>&nbsp;<\/p>\n<h2 style=\"text-align: center\"><strong><span style=\"font-family: arial, helvetica, sans-serif;font-size: 24px\"><a name=\"Tablet top Semi-Automatic Vending ice cream machine\"><\/a>Tischplatte Halbautomatische Speiseeis-Verkaufsmaschine<\/span><\/strong><\/h2>\n<p style=\"text-align: center\"><a href=\"#Tablet top Semi-Automatic Vending ice cream machine\" target=\"_self\" data-lv=\"0\" rel=\"noopener\"><span style=\"font-size: 16px;font-family: arial, helvetica, sans-serif\">Tischplatte Halbautomatische Speiseeis-Verkaufsmaschine<\/span><\/a><span style=\"font-size: 16px;font-family: arial, helvetica, sans-serif\">|<a href=\"#PRODUCT FEATURES\" target=\"_self\" data-lv=\"0\" rel=\"noopener\">PRODUKTMERKMALE<\/a>|<a href=\"#One flavour Semi-Automatic Vending ice cream machine\" target=\"_self\" data-lv=\"0\" rel=\"noopener\">Halbautomatische Speiseeismaschine mit einer Geschmacksrichtung<\/a>|<a href=\"#PRODUCT SPECIFICATION\" target=\"_self\" data-lv=\"0\" rel=\"noopener\">PRODUKTSPEZIFIKATION<\/a><\/span><\/p>\n<p><span style=\"font-size: 20px\"><br \/><\/span><\/p>\n<p><!-- Video start --><video poster=\"https:\/\/img80002414.weyesimg.com\/uploads\/www.hommy.com\/video\/15866891701789.mp4?vframe\/jpg\/offset\/1\" id=\"video\" preload=\"auto\" controls=\"controls\" style=\"width:100%;height:510px\"><\/video><!-- Video end --><\/p>\n<p><!-- Video start --><video poster=\"https:\/\/img80002414.weyesimg.com\/uploads\/www.hommy.com\/video\/15866892228873.mp4?vframe\/jpg\/offset\/1\" id=\"video\" preload=\"auto\" controls=\"controls\" style=\"width:100%;height:510px\"><\/video><!-- Video end --><\/p>\n<div class=\"text-left d-tem09-title d-interval\" data-detail=\"wrap\">\n<div class=\"title-header\">\n<p>Unsere Produktionsst\u00e4tte befindet sich in einer fortschrittlichen Produktionsbasis. Sie ist mit moderner Technologie und den besten Maschinen der Klasse ausgestattet, um unsere Maschinen an die Kunden auszuliefern. Abgesehen davon, haben wir auch Pflege der kundenspezifischen Verpackung f\u00fcr unser Angebot genommen. Die angebotenen Maschinen k\u00f6nnen bei uns zu einem taschenfreundlichen Preis erworben werden.<\/p>\n<h2><strong><span style=\"font-size: 24px;font-family: arial, helvetica, sans-serif\"><a name=\"PRODUCT FEATURES\"><\/a>PRODUKTMERKMALE<\/span><\/strong><\/h2>\n<div class=\"subtitle\"><span>Das Werk von Hommy erstreckt sich \u00fcber eine Fl\u00e4che von 30500 Quadratmetern in der Stadt Xinhui Jiangmen und umfasst flexible Produktionslinien, ein Forschungs- und Entwicklungslabor, ein Schulungszentrum und eine mit modernsten Ger\u00e4ten ausgestattete Werkstatt.<\/span><\/div>\n<\/div>\n<\/div>\n<p>&nbsp;<\/p>\n<div class=\"d-tem11-graphic tem11-graphic mockup\" data-detail=\"wrap\">\n<div class=\"tab_row\">\n<div class=\"img\" style=\"width: 50%\"><img loading=\"lazy\" decoding=\"async\" title=\"\" alt=\"product-Hommy-img\" src=\"https:\/\/www.hommy.com\/wp-content\/uploads\/15866897447758.png\" width=\"747\" height=\"1205\" border=\"0\" vspace=\"0\" style=\"width: 747px;height: 1205px\"><\/div>\n<div class=\"text_box\" style=\"width: 50%\">\n<div class=\"txt\">\n<div class=\"title\">\n<h2><strong><span style=\"font-family: arial, helvetica, sans-serif;font-size: 24px\"><a name=\"One flavour Semi-Automatic Vending ice cream machine\"><\/a>Halbautomatische Speiseeismaschine mit einer Geschmacksrichtung<\/span><\/strong><\/h2>\n<p><\/p>\n<p>Sie k\u00f6nnen einen Becher- oder T\u00fctenspender f\u00fcr die Maschine w\u00e4hlen&nbsp;<span style=\"font-size: 14px\">&nbsp;<\/span><\/p>\n<\/div>\n<p style=\"line-height: 2em\">10,1-Zoll-Touchscreen-Tablet-\u00e4hnlicher Controller mit Android-System<br \/>Maschinenstatus (Trichter- und Zylindertemperatur, rationierte Einstellung, Produktionsprozess, Fehler, Materialstandswarnung, Preis)<br \/>Daten\u00fcberpr\u00fcfung (Verkaufsvolumen)<br \/>Dispensersteuerung<br \/>Einstellungen der Maschine<br \/>Intelligente Bedienung<br \/>Funktion Senden an Mobiltelefon Alarm<br \/>Die Maschine im Inneren haben mehr Funktionen, die Ihnen helfen k\u00f6nnen, mehr k\u00fcnstliche Kosten zu sparen: <br \/>Das Vork\u00fchlsystem h\u00e4lt die Mischung im Auto- und Standby-Modus unter 5\u2103.<br \/>Die Luftpumpe f\u00f6rdert das Gemisch mit einer bestimmten Luftmenge zu den Gefrierzylindern.<br \/>Der Mischer sorgt f\u00fcr eine gleichm\u00e4\u00dfige Mischung in den Trichtern.<br \/>Die W\u00e4rmebehandlung bietet eine t\u00e4gliche Reinigungsroutine, um das Produkt gem\u00e4\u00df den Qualit\u00e4ts- und Sicherheitsstandards bis zu zwei Wochen vor der vollst\u00e4ndigen Reinigung mit Demontage zu erhalten.<br \/><span style=\"font-size: 18px\"><strong><br \/><\/strong><\/span><\/p>\n<p style=\"line-height: 2em\"><span style=\"font-size: 18px\"><strong>Entfrosten <\/strong><\/span><br \/>Die Produktionsabtauung l\u00e4sst das Produkt in beiden Zylindern schnell schmelzen und geht dann zur\u00fcck in den Produktionsmodus, um zu reproduzieren. <br \/>Das Abtauen durch Waschen l\u00e4sst das Produkt in den Zylindern schnell schmelzen, so dass vor der Reinigung deutlich weniger Reste \u00fcbrig bleiben. <br \/><strong><span style=\"font-size: 18px\"><br \/><\/span><\/strong><\/p>\n<p style=\"line-height: 2em\"><strong><span style=\"font-size: 18px\">Desinfektion<\/span><\/strong><br \/>Spezielle Funktion, die den Desinfektionsprozess halbautomatisch und einfach macht.<br \/>Demontieren Sie die Maschine nicht, um den Halsteil, die Luftpumpeneinheit, den Schl\u00e4ger und den Zylinder zu reinigen. <\/p>\n<p>&nbsp;<\/p>\n<\/div>\n<\/div>\n<\/div>\n<\/div>\n<p>&nbsp;<\/p>\n<div class=\"text-left d-tem09-title d-interval\" data-detail=\"wrap\">\n<div class=\"title-header\">\n<p><span style=\"font-size: 24px\"><br \/><\/span><\/p>\n<p><span style=\"font-size: 24px\"><\/span><\/p>\n<h2><strong><span style=\"font-size: 24px;font-family: arial, helvetica, sans-serif\"><a name=\"PRODUCT SPECIFICATION\"><\/a>PRODUKTSPEZIFIKATION<\/span><\/strong><\/h2>\n<p><span>Hervorragende Kundenerfahrungen sind der Ausgangspunkt von Hommy.<\/span><\/p>\n<p><span><br \/><img decoding=\"async\" src=\"https:\/\/www.hommy.com\/wp-content\/uploads\/15866898582668.png\" title=\"uploads\/www.hommy.com\/images\/https:\/\/www.hommy.com\/wp-content\/uploads\/15866898582668.png\" alt=\"bild.png\" \/><\/span><\/p>\n<p><span style=\"font-size: 24px\"><br \/><\/span><\/p>\n<h2><strong><span style=\"font-size: 24px;font-family: arial, helvetica, sans-serif\"><a name=\"PRODUCT ADVANTAGE\"><\/a>PRODUKTVORTEIL<\/span><\/strong><\/h2>\n<\/div>\n<\/div>\n<div class=\"text-left d-tem09-title d-interval\" data-detail=\"wrap\">\n<div class=\"title-header\">\n<p>Hommy haben produzieren <a style=\"color:blue\" href=\"\/de\/\">Speiseeismaschine<\/a> f\u00fcr 20 Jahre Erfahrung, Vending-Eis-Maschine f\u00fcgen Sie mehr Funktion Softeis, weil kein Kerl, um die ganze Zeit zu warten. wir auf dieser Basis f\u00fcgen Sie mehr Sensor und Software verwenden, um es zu kontrollieren, die gute Qualit\u00e4t und gute Funktion ist.<\/p>\n<\/div>\n<\/div>\n<div class=\"d-tem01-graphic tem01-graphic mockup\" data-detail=\"wrap\">\n<div class=\"cont-section clearfix d-clearfix\">\n<div class=\"col-md-6 col-sm-6 col-xs-6\" style=\"width: 501px\">\n<div class=\"right-p\">\n<div class=\"h2 heading\">Abtauen&nbsp;<\/div>\n<p><\/p>\n<p><span style=\"letter-spacing: 0px;font-family: \u5b8b\u4f53;font-size: 16px\">Wenn die Maschine arbeiten 1 Stunde nicht verkaufen Eis, Zylinder einige Zeit blockiert werden, richten wir das System automtic Abtauen, so kann die Maschine noch arbeiten und abtauen innen Eis und machte gute Qualit\u00e4t Eis oder gefrorenen Joghurt.&nbsp;<\/span><\/p>\n<\/div>\n<div class=\"graphic_pic animated wow bounceIn\" data-wow-delay=\".7s\">\n<p style=\"text-align: center\"><img loading=\"lazy\" decoding=\"async\" width=\"393\" height=\"211\" title=\"\" alt=\"Produkt-HM116C Tisch-Eisverkaufsmaschine-Hommy-img\" src=\"https:\/\/www.hommy.com\/wp-content\/uploads\/15788853994504-4.png\" style=\"width: 415px\"><\/p>\n<p><\/p>\n<p>&nbsp; &nbsp; &nbsp; &nbsp; &nbsp; &nbsp;<\/p><\/div>\n<\/div>\n<div class=\"col-md-6 col-sm-6 col-xs-6\" style=\"width: 501px\">\n<div class=\"right-p\">\n<div class=\"h2 heading\">Waffelt\u00fcten- und Eisbecherspender&nbsp;&nbsp;<\/div>\n<p><\/p>\n<p>HM116T wird mit einem Waffelt\u00fcten- oder Becherspender zu einem HM116C-Automaten kombiniert, der in einem unbeaufsichtigten 24-Stunden-Laden oder au\u00dferhalb des Ladens aufgestellt werden kann.<\/p>\n<p><\/p>\n<\/div>\n<div class=\"graphic_pic animated wow bounceIn\" data-wow-delay=\".7s\"><img loading=\"lazy\" decoding=\"async\" width=\"473\" height=\"228\" title=\"\" alt=\"product-Hommy-HM116C Tisch-Eisverkaufsmaschine-img\" src=\"https:\/\/www.hommy.com\/wp-content\/uploads\/15866909545893.jpg\" style=\"width: 473px\">&nbsp; &nbsp; &nbsp; &nbsp; &nbsp; &nbsp; &nbsp;&nbsp;<\/div>\n<\/div>\n<\/div>\n<\/div>\n<div class=\"d-tem01-graphic tem01-graphic mockup\" data-detail=\"wrap\">\n<div class=\"cont-section clearfix d-clearfix\">\n<div class=\"col-md-6 col-sm-6 col-xs-6\" style=\"width: 501px\">\n<div class=\"right-p\">\n<div class=\"h2 heading\">Pasteurisierung&nbsp;<\/div>\n<div class=\"description\" style=\"line-height: 24.5px\"><span style=\"letter-spacing: 0px;font-family: \u5b8b\u4f53;font-size: 16px\">Wenn Sie Eis in der Nacht verkaufen, wird das System automatisch eingestellt Pasteurisierung : Kann t\u00f6ten&nbsp;<\/span><span style=\"font-family: Calibri;font-size: 16px\">die Bakterien&nbsp;<\/span><span style=\"font-family: \u5b8b\u4f53;font-size: 16px\">dass&nbsp;<\/span><span style=\"font-family: Calibri;font-size: 16px\">produzieren<\/span><span style=\"font-family: \u5b8b\u4f53;font-size: 16px\">&nbsp;<\/span><span style=\"font-family: Calibri;font-size: 16px\">innerhalb der Maschine<\/span><span style=\"font-family: \u5b8b\u4f53;font-size: 16px\">&nbsp;von -5<\/span><span style=\"font-family: \u5b8b\u4f53;font-size: 16px\">\u2103<\/span><span style=\"font-family: \u5b8b\u4f53;font-size: 16px\">&nbsp;<\/span><span style=\"font-family: Arial;font-size: 16px\">\u2192<\/span><span style=\"font-family: \u5b8b\u4f53;font-size: 16px\">&nbsp;<\/span><span style=\"font-family: \u5b8b\u4f53;font-size: 16px\">65<\/span><span style=\"font-family: \u5b8b\u4f53;font-size: 16px\">\u2103<\/span><span style=\"font-family: Arial;font-size: 16px\">\u2192<\/span><span style=\"font-family: \u5b8b\u4f53;font-size: 16px\">&nbsp;-5<\/span><span style=\"font-family: \u5b8b\u4f53;font-size: 16px\">\u2103<\/span><span style=\"font-family: Calibri;font-size: 16px\">Prozess<\/span><span style=\"font-family: \u5b8b\u4f53;font-size: 16px\">&nbsp;( Desinfizieren Sie den Ladezylinder und das Rohmaterial im Inneren, dann k\u00fchlen Sie den Buchungsstatus ). so k\u00f6nnen Sie die Maschine alle 14 Tage ein Mal aufbewahren.&nbsp;<\/span>&nbsp;&nbsp;&nbsp;&nbsp;&nbsp;&nbsp;&nbsp;&nbsp;&nbsp;&nbsp;&nbsp;&nbsp;<\/p>\n<p style=\"text-align: center\"><img decoding=\"async\" title=\"\" alt=\"product-Hommy-img\" src=\"https:\/\/www.hommy.com\/wp-content\/uploads\/15787019009152-4.png\"><\/p>\n<\/div>\n<\/div>\n<\/div>\n<div class=\"col-md-6 col-sm-6 col-xs-6\" style=\"width: 501px\">\n<div class=\"right-p\">\n<div class=\"h2 heading\">Sensor verlassen<\/div>\n<div class=\"description\" style=\"line-height: 24.5px\"><span style=\"font-family: \u5b8b\u4f53;font-size: 16px\">Sensor haben lassen&nbsp;<\/span><span style=\"font-family: Calibri;font-size: 16px\">Zweite Stufe, die erste Stufe der fehlenden Materialebene Alarm, die zweite Stufe der automatischen Abschaltung.<\/span><span style=\"font-family: \u5b8b\u4f53;font-size: 16px\">&nbsp;Wenn Sie die erste Nachricht erhalten, haben Sie einige Zeit f\u00fcr Sie, um Material hinzuzuf\u00fcgen keine Notwendigkeit, die Maschine zu stoppen, um es zu arbeiten.<\/span><\/div>\n<\/div>\n<div class=\"graphic_pic animated wow bounceIn\" data-wow-delay=\".7s\">\n<p style=\"text-align: center\"><img loading=\"lazy\" decoding=\"async\" width=\"473\" height=\"306\" title=\"\" alt=\"Produkt-Hommy-Verkaufseismaschine -img\" src=\"https:\/\/www.hommy.com\/wp-content\/uploads\/15788874673345-4.jpg\" style=\"width: 203px\"><\/p>\n<\/div>\n<\/div>\n<\/div>\n<\/div>\n<p>&nbsp;<\/p>\n<div class=\"d-tem01-graphic tem01-graphic mockup\" data-detail=\"wrap\">\n<div class=\"cont-section clearfix d-clearfix\">\n<div class=\"col-md-6 col-sm-6 col-xs-6\" style=\"width: 501px\">\n<div class=\"right-p\">\n<div class=\"h2 heading\">Bef\u00f6rderungsfunktion<\/div>\n<div class=\"description\" style=\"line-height: 24.5px\">\n<p style=\"margin-bottom: 0px;font-family: Calibri;font-size: 16px\"><span style=\"font-family: \u5b8b\u4f53\">Die Maschine im Inneren haben Promotion-Funktion, die Sie Setup der F\u00f6rderung jederzeit von Tag zu Zeit alle folgen Sie. Sie k\u00f6nnen die zweite Eiscreme halben Preis geben Sie Client mehr Rabatt<\/span><\/p>\n<p style=\"margin-top: 1em;margin-bottom: 13px\"><span style=\"font-family: \u5b8b\u4f53;font-size: 16px\"><span>&nbsp;&nbsp;&nbsp;Das kann Ihnen helfen, die Ausverkaufsmenge zu erh\u00f6hen.<\/span><\/span><\/p>\n<\/div>\n<\/div>\n<div class=\"graphic_pic animated wow bounceIn\" data-wow-delay=\".7s\">\n<p style=\"text-align: center\"><img decoding=\"async\" title=\"\" alt=\"produkt-Hommy-img-1\" src=\"https:\/\/www.hommy.com\/wp-content\/uploads\/15788858121941-4.png\"><\/p>\n<\/div>\n<\/div>\n<div class=\"col-md-6 col-sm-6 col-xs-6\" style=\"width: 501px\">\n<div class=\"right-p\">\n<div class=\"h2 heading\">Andere Sprache<\/div>\n<div class=\"description\" style=\"line-height: 24.5px\">\n<p style=\"margin-bottom: 0px;font-family: Calibri;font-size: 16px\"><span style=\"font-family: \u5b8b\u4f53\">Die Maschine im Inneren hat mehrere Sprachen f\u00fcr Sie zu w\u00e4hlen: Chinesisch, Englisch, Polen, Saudi-Arabien, Malaysia, Thailand, Spanien.<\/span><\/p>\n<p>.<\/p><\/div>\n<\/div>\n<div class=\"graphic_pic animated wow bounceIn\" data-wow-delay=\".7s\">\n<p style=\"text-align: center\"><img loading=\"lazy\" decoding=\"async\" width=\"404\" height=\"209\" title=\"\" alt=\"Produkt-Verkaufsautomat f\u00fcr Speiseeis -Hommy-img-1\" src=\"https:\/\/www.hommy.com\/wp-content\/uploads\/15788858317746-4.png\" style=\"width: 271px\"><\/p>\n<\/div>\n<\/div>\n<\/div>\n<\/div>\n<p> &nbsp; &nbsp; &nbsp; &nbsp; &nbsp; &nbsp; &nbsp; &nbsp; &nbsp; &nbsp; &nbsp; &nbsp; &nbsp; &nbsp; &nbsp; &nbsp; &nbsp; &nbsp; &nbsp; &nbsp; &nbsp; &nbsp; &nbsp; &nbsp; &nbsp; &nbsp; &nbsp; &nbsp; &nbsp; &nbsp; &nbsp; &nbsp; &nbsp; &nbsp; &nbsp; &nbsp; &nbsp; &nbsp;<\/p>\n<p>Dokument\uff1a<img decoding=\"async\" src=\"https:\/\/www.hommy.com\/wp-content\/uploads\/icon_pdf-8.gif\" style=\"margin-right: 2px\" alt=\"product-HM116C Tisch-Eisverkaufsmaschine-Hommy-img-1\" title=\"\"><a href=\"https:\/\/img80002414.weyesimg.com\/uploads\/www.hommy.com\/addon\/16028360706859.pdf\" title=\"16028360706859.pdf\" style=\"font-size: 12px\">16028360706859.pdf<\/a><\/p>\n<h2 style=\"font-family: sans-serif\">Wie funktionieren die Ramen-Automaten?<\/h2>\n<p style=\"margin-top: 5px;margin-bottom: 5px;font-family: sans-serif;font-size: 16px\">Es gibt viele verschiedene Modelle von Ramen-Automaten auf dem Markt, aber das Grundprinzip ist dasselbe: Sie bestehen aus einem gro\u00dfen, geschlossenen Geh\u00e4use, in das der Kunde die Lebensmittel einwirft, und einem Ausgabemechanismus, der mit einer M\u00fcnze oder einem Schl\u00fcssel aktiviert wird.<\/p>\n<p style=\"margin-top: 5px;margin-bottom: 5px;font-family: sans-serif;font-size: 16px\"><\/p>\n<h2 style=\"font-family: sans-serif\">Wie funktioniert yo Kai Express?<\/h2>\n<p style=\"margin-top: 5px;margin-bottom: 5px;font-family: sans-serif;font-size: 16px\">Die Funktionsweise des Produkts besteht darin, dass Sie das Produkt auf Ihre Zunge legen, um den Wirkstoff zu verabreichen. Infolgedessen schlucken Sie Wasser, und Ihr Verdauungssystem l\u00f6st das Produkt auf und verarbeitet das Wasser, wodurch der Wirkstoff dorthin gelangt, wo er sein soll.<\/p>\n<p style=\"margin-top: 5px;margin-bottom: 5px;font-family: sans-serif;font-size: 16px\"><\/p>\n<h2 style=\"font-family: sans-serif\">Lohnen sich Eisverkaufsautomaten?<\/h2>\n<p style=\"margin-top: 5px;margin-bottom: 5px;font-family: sans-serif;font-size: 16px\">Die Eismaschinentechnik entwickelt sich st\u00e4ndig weiter und bringt Innovationen hervor, die die Art und Weise, wie wir Eis konsumieren, ver\u00e4ndern. Von den ersten Maschinen, die mit einem Vakuumschlauch das Wasser aus einem gro\u00dfen Eisblock saugten, haben wir uns weit entfernt. Heute haben wir Maschinen, die Eis ausgeben und servieren, das zumindest teilweise gefroren ist.<\/p>\n<\/p><\/div>","protected":false},"excerpt":{"rendered":"<p>&nbsp; Tablet top Semi-Automatic Vending ice cream machine Tablet top Semi-Automatic Vending ice cream machine|PRODUCT FEATURES|One flavour Semi-Automatic Vending ice cream machine|PRODUCT SPECIFICATION Our manufacturing facility is located in an advanced production base. It is well equipped with modern technology and the best-in-class machines to deliver our range of machines at clients&#039; end. Apart from [&hellip;]<\/p>\n","protected":false},"featured_media":274,"comment_status":"open","ping_status":"open","template":"","meta":{"_swt_meta_header_display":false,"_swt_meta_footer_display":false,"_swt_meta_site_title_display":false,"_swt_meta_sticky_header":false,"_swt_meta_transparent_header":false},"product_brand":[],"product_cat":[71,68],"product_tag":[],"class_list":{"0":"post-283","1":"product","2":"type-product","3":"status-publish","4":"has-post-thumbnail","6":"product_cat-ice-cream-vending-machine","7":"product_cat-vending-machine","9":"first","10":"instock","11":"shipping-taxable","12":"product-type-simple"},"_links":{"self":[{"href":"https:\/\/www.hommy.com\/de\/wp-json\/wp\/v2\/product\/283","targetHints":{"allow":["GET"]}}],"collection":[{"href":"https:\/\/www.hommy.com\/de\/wp-json\/wp\/v2\/product"}],"about":[{"href":"https:\/\/www.hommy.com\/de\/wp-json\/wp\/v2\/types\/product"}],"replies":[{"embeddable":true,"href":"https:\/\/www.hommy.com\/de\/wp-json\/wp\/v2\/comments?post=283"}],"wp:featuredmedia":[{"embeddable":true,"href":"https:\/\/www.hommy.com\/de\/wp-json\/wp\/v2\/media\/274"}],"wp:attachment":[{"href":"https:\/\/www.hommy.com\/de\/wp-json\/wp\/v2\/media?parent=283"}],"wp:term":[{"taxonomy":"product_brand","embeddable":true,"href":"https:\/\/www.hommy.com\/de\/wp-json\/wp\/v2\/product_brand?post=283"},{"taxonomy":"product_cat","embeddable":true,"href":"https:\/\/www.hommy.com\/de\/wp-json\/wp\/v2\/product_cat?post=283"},{"taxonomy":"product_tag","embeddable":true,"href":"https:\/\/www.hommy.com\/de\/wp-json\/wp\/v2\/product_tag?post=283"}],"curies":[{"name":"wp","href":"https:\/\/api.w.org\/{rel}","templated":true}]}}