{"id":273,"date":"2024-07-02T12:32:11","date_gmt":"2024-07-02T12:32:11","guid":{"rendered":"http:\/\/localhost\/hommywp\/china-froyo-ice-cream-self-serve-vending-machine-suppliers\/"},"modified":"2025-08-01T09:57:30","modified_gmt":"2025-08-01T09:57:30","slug":"automatischer-verkaufsautomat-fur-gefrorenen-joghurt","status":"publish","type":"product","link":"https:\/\/www.hommy.com\/de\/p\/automatischer-verkaufsautomat-fur-gefrorenen-joghurt\/","title":{"rendered":"China Froyo Eiscreme selbst servieren Vending Machine Lieferanten"},"content":{"rendered":"<p style=\"text-align: center\">&nbsp;<\/p>\n<h2 style=\"text-align: center\"><strong><span style=\"line-height: 1.42857;font-family: arial, helvetica, sans-serif;font-size: 24px\"><a name=\"Automatic vending frozn Yogurt\"><\/a>Automatische Verkaufsautomaten f\u00fcr Joghurt und Softeis<\/span><\/strong><\/h2>\n<p style=\"text-align: center\"><a href=\"#Automatic vending frozn Yogurt\" target=\"_self\" data-lv=\"0\" rel=\"noopener\"><span style=\"font-size: 16px\"><span style=\"line-height: 1.42857;font-family: arial, helvetica, sans-serif\">Verkaufsautomaten f\u00fcr gefrorenen Joghurt<\/span><\/span><\/a><span style=\"font-size: 16px\"><span style=\"line-height: 1.42857;font-family: arial, helvetica, sans-serif\">|<a href=\"#PRODUCT FEATURES\" target=\"_self\" data-lv=\"0\" rel=\"noopener\">PRODUKTMERKMALE<\/a>|<a href=\"#HM931 Vending Frozen Yogurt\" target=\"_self\" data-lv=\"0\" rel=\"noopener\">HM931 Verkaufsautomat f\u00fcr gefrorenen Joghurt<\/a>|<a href=\"#PRODUCT DETAILS\" target=\"_self\" data-lv=\"0\" rel=\"noopener\">PRODUKTANGABEN<\/a>|<a href=\"#PRODUCT ADVANTAGE\" target=\"_self\" data-lv=\"0\" rel=\"noopener\">PRODUKTVORTEIL<\/a>|<a href=\"#Automatic vending frozn Yogurt machine\" target=\"_self\" data-lv=\"0\" rel=\"noopener\">Automatischer Verkaufsautomat f\u00fcr gefrorenen Joghurt<\/a><\/span><\/span><\/p>\n<p><strong><span style=\"line-height: 1.42857;font-family: arial, helvetica, sans-serif;font-size: 24px\"><br \/><\/span><\/strong><\/p>\n<p><span style=\"font-size: 20px;line-height: 1.42857\"><br \/><\/span><\/p>\n<p><!-- Video start --><video poster=\"https:\/\/img80002414.weyesimg.com\/uploads\/wij2rdgc.allweyes.com\/video\/15553826498991.mp4?vframe\/jpg\/offset\/1\" id=\"video\" preload=\"auto\" controls=\"controls\" style=\"width:100%;height:510px\"><\/video><!-- Video end --><\/p>\n<p>&nbsp;Ice Cream Self Serve Vending Machines sind das beliebteste Produkt unter den Kunden. Wir bieten <a style=\"color:blue\" href=\"https:\/\/www.hommy.com\/de\/verkaufsautomat\/\">Eiscreme-Automat<\/a>s f\u00fcr unsere Kunden zu einem sehr erschwinglichen Preis. Diese Maschinen sind sehr einfach zu installieren und k\u00f6nnen sehr leicht bedient werden. Sie sind der beste Weg, um den Kunden das Eis zu servieren.<\/p>\n<div class=\"text-left d-tem09-title d-interval\" data-detail=\"wrap\">\n<div class=\"title-header\">\n<h2><strong><span style=\"font-size: 24px;font-family: arial, helvetica, sans-serif\"><a name=\"PRODUCT FEATURES\"><\/a>PRODUKTMERKMALE<\/span><\/strong><\/h2>\n<div class=\"subtitle\"><span>Das Werk von Hommy erstreckt sich \u00fcber eine Fl\u00e4che von 30500 Quadratmetern in der Stadt Xinhui Jiangmen und umfasst flexible Produktionslinien, ein Forschungs- und Entwicklungslabor, ein Schulungszentrum und eine mit modernsten Ger\u00e4ten ausgestattete Werkstatt.<\/span><\/div>\n<\/div>\n<\/div>\n<p>&nbsp;<\/p>\n<div class=\"d-tem11-graphic tem11-graphic mockup\" data-detail=\"wrap\">\n<div class=\"tab_row\">\n<div class=\"img\" style=\"width: 50%\">\n<p style=\"text-align:center\"><img decoding=\"async\" title=\"\" alt=\"produkt-HM931 Halbautomatische Speiseeis-Verkaufsmaschine-Hommy-img\" src=\"https:\/\/www.hommy.com\/wp-content\/uploads\/15865900183784.jpg\"><\/p>\n<\/div>\n<div class=\"text_box\" style=\"width: 50%\">\n<div class=\"txt\">\n<p><strong style=\"font-family: arial, helvetica, sans-serif;font-size: 24px;color: inherit\"><a name=\"HM931 Vending Frozen Yogurt\"><\/a>HM931 Verkaufsautomat f\u00fcr gefrorenen Joghurt und Softeis&nbsp;<\/strong><\/p>\n<p>&nbsp;<\/p>\n<p style=\"line-height: 2em\">10,1-Zoll-Touchscreen-Tablet-\u00e4hnlicher Controller mit Android-System<br \/>Maschinenstatus (Trichter- und Zylindertemperatur, rationierte Einstellung, Produktionsprozess, Fehler, Materialstandswarnung, Preis)<br \/>Daten\u00fcberpr\u00fcfung (Verkaufsvolumen)<br \/>Dispensersteuerung<br \/>Einstellungen der Maschine<br \/>Intelligente Bedienung<br \/>Funktion Senden an Mobiltelefon Alarm<br \/>Die Maschine im Inneren haben mehr Funktion, das kann Ihnen helfen, mehr k\u00fcnstliche Kosten zu sparen: <br \/>Das Vork\u00fchlsystem h\u00e4lt die Mischung im Auto- und Standby-Modus unter 5\u2103.<br \/>Die Luftpumpe f\u00f6rdert das Gemisch mit einer bestimmten Luftmenge zu den Gefrierzylindern.<br \/>Der Mischer sorgt f\u00fcr eine gleichm\u00e4\u00dfige Mischung in den Trichtern.<br \/>Die W\u00e4rmebehandlung bietet eine t\u00e4gliche Reinigungsroutine, um das Produkt gem\u00e4\u00df den Qualit\u00e4ts- und Sicherheitsstandards bis zu zwei Wochen vor der vollst\u00e4ndigen Reinigung mit Demontage zu erhalten.<br \/><span style=\"font-size: 18px\"><strong><br \/><\/strong><\/span><\/p>\n<p style=\"line-height: 2em\"><span style=\"font-size: 18px\"><strong>Entfrosten <\/strong><\/span><br \/>Die Produktionsabtauung l\u00e4sst das Produkt in beiden Zylindern schnell schmelzen und geht dann zur\u00fcck in den Produktionsmodus, um zu reproduzieren. <br \/>Das Abtauen durch Waschen l\u00e4sst das Produkt in den Zylindern schnell schmelzen, so dass vor der Reinigung deutlich weniger Reste \u00fcbrig bleiben. <br \/><strong><span style=\"font-size: 18px\"><br \/><\/span><\/strong><\/p>\n<p style=\"line-height: 2em\"><strong><span style=\"font-size: 18px\">Desinfektion<\/span><\/strong><br \/>Spezielle Funktion, die den Desinfektionsprozess halbautomatisch und einfach macht.<br \/>Demontieren Sie die Maschine nicht, um den Halsteil, die Luftpumpeneinheit, den Schl\u00e4ger und den Zylinder zu reinigen. <br \/>Der Z\u00e4hler erm\u00f6glicht es dem Bediener, die Anzahl der ausgegebenen Portionen zu sehen.<\/p>\n<p>&nbsp;<\/p>\n<\/div>\n<\/div>\n<\/div>\n<\/div>\n<p>&nbsp;<\/p>\n<div class=\"text-left d-tem09-title d-interval\" data-detail=\"wrap\">\n<div class=\"title-header\">\n<h2><strong><span style=\"font-size: 24px;font-family: arial, helvetica, sans-serif\"><a name=\"PRODUCT DETAILS\"><\/a>PRODUKTANGABEN<\/span><\/strong><\/h2>\n<p><span>Nach jahrelanger Entwicklung haben wir einen umfangreichen Netzvertrieb in verschiedenen L\u00e4ndern aufgebaut und erhalten gutes Feedback von unseren Kunden.<\/span><\/p>\n<p><span><img decoding=\"async\" src=\"https:\/\/www.hommy.com\/wp-content\/uploads\/15865889343417.png\" title=\"uploads\/www.hommy.com\/images\/https:\/\/www.hommy.com\/wp-content\/uploads\/15865889343417.png\" alt=\"bild.png\" \/><\/span><\/p>\n<\/div>\n<\/div>\n<p>&nbsp;<\/p>\n<div class=\"d-tem18-graphic d-clearfix d-interval mockup clearfix\" data-detail=\"wrap\">\n<div class=\"col-md-3 col-sm-6 col-xs-6\">\n<div class=\"item\">\n<div class=\"images\"><img decoding=\"async\" title=\"\" alt=\"Produkt-Verkaufseismaschine -Hommy-img\" src=\"https:\/\/www.hommy.com\/wp-content\/uploads\/15553836668919.jpg\"><\/div>\n<\/div>\n<\/div>\n<div class=\"col-md-3 col-sm-6 col-xs-6\">\n<div class=\"item\">\n<div class=\"images\"><img decoding=\"async\" title=\"\" alt=\"product-Hommy-img\" src=\"https:\/\/www.hommy.com\/wp-content\/uploads\/15553836743956.jpg\"><\/div>\n<\/div>\n<\/div>\n<div class=\"col-md-3 col-sm-6 col-xs-6\">\n<div class=\"item\">\n<div class=\"images\"><img decoding=\"async\" title=\"\" alt=\"Produkt-Hommy-Verkaufseismaschine -img\" src=\"https:\/\/www.hommy.com\/wp-content\/uploads\/15553836824820.jpg\"><\/div>\n<\/div>\n<\/div>\n<div class=\"col-md-3 col-sm-6 col-xs-6\">\n<div class=\"item\">\n<div class=\"images\"><img decoding=\"async\" title=\"\" alt=\"product-Hommy-HM931 Halbautomatische Speiseeismaschine-img\" src=\"https:\/\/www.hommy.com\/wp-content\/uploads\/15553836974995.jpg\"><\/div>\n<\/div>\n<\/div>\n<\/div>\n<p>&nbsp;<\/p>\n<div class=\"d-tem18-graphic d-clearfix d-interval mockup clearfix\" data-detail=\"wrap\">\n<div class=\"col-md-3 col-sm-6 col-xs-6\">\n<div class=\"item\">\n<div class=\"images\"><img decoding=\"async\" title=\"\" alt=\"produkt-HM931 Halbautomatische Speiseeis-Verkaufsmaschine-Hommy-img-1\" src=\"https:\/\/www.hommy.com\/wp-content\/uploads\/15553837083520.jpg\"><\/div>\n<\/div>\n<\/div>\n<div class=\"col-md-3 col-sm-6 col-xs-6\">\n<div class=\"item\">\n<div class=\"images\"><img decoding=\"async\" title=\"\" alt=\"produkt-Hommy-img-1\" src=\"https:\/\/www.hommy.com\/wp-content\/uploads\/15553837173715.jpg\"><\/div>\n<\/div>\n<\/div>\n<div class=\"col-md-3 col-sm-6 col-xs-6\">\n<div class=\"item\">\n<div class=\"images\"><img decoding=\"async\" title=\"\" alt=\"Produkt-Verkaufsautomat f\u00fcr Speiseeis -Hommy-img-1\" src=\"https:\/\/www.hommy.com\/wp-content\/uploads\/15553837259830.jpg\"><\/div>\n<\/div>\n<\/div>\n<div class=\"col-md-3 col-sm-6 col-xs-6\">\n<div class=\"item\">\n<div class=\"images\"><img decoding=\"async\" title=\"\" alt=\"produkt-Hommy-img-1\" src=\"https:\/\/www.hommy.com\/wp-content\/uploads\/15553837338758.jpg\"><\/div>\n<\/div>\n<\/div>\n<\/div>\n<p>&nbsp;<\/p>\n<div class=\"text-left d-tem09-title d-interval\" data-detail=\"wrap\">\n<div class=\"title-header\">\n<h2><strong><span style=\"font-size: 24px;font-family: arial, helvetica, sans-serif\"><a name=\"PRODUCT ADVANTAGE\"><\/a>PRODUKTVORTEIL<\/span><\/strong><\/h2>\n<div class=\"subtitle\">\n<p><span>Au\u00dferdem tragen hochqualifizierte Ingenieure, f\u00e4hige Technologen und sachkundiges Personal viel zur Entwicklung des Unternehmens bei.<\/span><\/p>\n<p><span><br \/><\/span><\/p>\n<\/div>\n<\/div>\n<\/div>\n<p style=\"text-align:center\"><img decoding=\"async\" src=\"https:\/\/www.hommy.com\/wp-content\/uploads\/15553838159494.jpg\" alt=\"Produkt-Hommy-Verkaufseismaschine -img-1\" title=\"\"><\/p>\n<p><\/p>\n<div class=\"d-tem04-promotion d-tem01-promotion mockup\" data-detail=\"wrap\">\n<div class=\"cont-section\">\n<div class=\"main\">\n<div class=\"header text-center\">\n<h2><strong><span style=\"font-family: arial, helvetica, sans-serif;font-size: 24px\"><a name=\"Automatic vending frozn Yogurt machine\"><\/a>Automatischer Verkaufsautomat f\u00fcr gefrorenen Joghurt<\/span><\/strong><\/h2>\n<div class=\"subtitle\" style=\"text-align: left\">\n<p><\/p>\n<p style=\"line-height: 2em\"><strong><span><\/span><\/strong>Abtauen: wenn die Maschine arbeiten 1 Stunde nicht verkaufen Eis, Zylinder einige Zeit blockiert werden, richten wir das System automtic Abtauen, so dass die Maschine kann noch arbeiten und abtauen innen Eis und machte gute Qualit\u00e4t Eis oder gefrorenen Joghurt.<\/p>\n<p style=\"line-height: 2em\"><strong><span><\/span><\/strong>Luftpumpe: einstellbarer \u00dcberlauf von 20% bis 80%, reduziert die Bildung von Eiskristallen, macht gefrorenen Joghurt (Eis) Geschmack glatt und wei\u00df aussehen; reduzieren den Einsatz von Rohstoffen, erh\u00f6hen die Gewinne.<\/p>\n<p style=\"line-height: 2em\"><strong><span><\/span><\/strong>Lassen Sie censer haben Zweite Stufe, die erste Stufe der fehlenden Materialebene Alarm, die zweite Stufe der automatischen Abschaltung. Wenn Sie die erste Nachricht erhalten, haben Sie einige Zeit f\u00fcr Sie, um Material hinzuzuf\u00fcgen keine Notwendigkeit, die Maschine zu stoppen, um es zu arbeiten.<\/p>\n<p style=\"line-height: 2em\"><strong><span><\/span><\/strong>Die Maschine im Inneren haben Promotion-Funktion, Sie Einrichtung von Montag bis Freitag in 10:00 bis 12:00 kaufen Eis mit einigen Rabatt<br \/>\nDas kann Ihnen helfen, die Ausverkaufsmenge zu erh\u00f6hen.<\/p>\n<p style=\"line-height: 2em\"><strong><span><\/span><\/strong>Die Maschine im Inneren hat mehrere Sprachen f\u00fcr Sie zu w\u00e4hlen: Chinesisch, Englisch, Polen, Saudi-Arabien, Malaysia, Thailand, Spanien.<\/p>\n<p style=\"line-height: 2em\"><strong><span><\/span><\/strong>Maschine innen haben 3 Belag f\u00fcr Kunden zu w\u00e4hlen.<\/p>\n<\/div>\n<\/div>\n<\/div>\n<\/div>\n<\/div>\n<p>&nbsp;Dokument\uff1a<img decoding=\"async\" src=\"https:\/\/www.hommy.com\/wp-content\/uploads\/icon_pdf-7.gif\" style=\"margin-right: 2px\" alt=\"product-Hommy-HM931 Halbautomatische Speiseeis-Verkaufsmaschine-img-1\" title=\"\"><a href=\"https:\/\/img80002414.weyesimg.com\/uploads\/www.hommy.com\/addon\/16028336929840.pdf\" title=\"16028336929840.pdf\" style=\"font-size: 12px\">16028336929840.pdf<\/a><\/p>\n<h2>Wie liest ein Verkaufsautomat Geld?<\/h2>\n<p style=\"margin-top: 5px;margin-bottom: 5px\">Ein Automat ist ein kleiner Kasten, in den man eine M\u00fcnze wirft und einen Knopf dr\u00fcckt. Dann gibt er das aus, was man verlangt hat. Ich k\u00f6nnte zum Beispiel einen Knopf dr\u00fccken, um einen Kaffee zu bekommen, und der Automat gibt einen Kaffee in eine Tasse aus.<\/p>\n<p style=\"margin-top: 5px;margin-bottom: 5px\"><\/p>\n<h2>Wie viel kostet die Anschaffung eines Eisverkaufsautomaten?<\/h2>\n<p style=\"margin-top: 5px;margin-bottom: 5px\">Eisautomaten werden in einer Vielzahl von Einrichtungen f\u00fcr unterschiedliche Zwecke eingesetzt. Die Kosten f\u00fcr Eisautomaten h\u00e4ngen in hohem Ma\u00dfe von der Menge des ben\u00f6tigten Eises und Wassers, dem ben\u00f6tigten Platz, den Kosten der Maschine und anderen Faktoren ab.<\/p>\n<p style=\"margin-top: 5px;margin-bottom: 5px\"><\/p>\n<h2>Wie benutzen Japaner Verkaufsautomaten?<\/h2>\n<p style=\"margin-top: 5px;margin-bottom: 5px\">In diesem Artikel werden wir uns die verschiedenen Arten von Verkaufsautomaten ansehen, wie sie funktionieren und wie die Menschen sie benutzen.<\/p>\n<\/p><\/div>","protected":false},"excerpt":{"rendered":"<p>&nbsp; Automatic vending frozn Yogurt &amp; soft ice cream machine Automatic vending frozn Yogurt|PRODUCT FEATURES|HM931 Vending Frozen Yogurt|PRODUCT DETAILS|PRODUCT ADVANTAGE|Automatic vending frozn Yogurt machine &nbsp;Ice Cream Self Serve Vending Machines are the most popular product among the customers. We are offering ice cream vending machines to our customers at a very affordable price. These machines [&hellip;]<\/p>\n","protected":false},"featured_media":261,"comment_status":"open","ping_status":"open","template":"","meta":{"_swt_meta_header_display":false,"_swt_meta_footer_display":false,"_swt_meta_site_title_display":false,"_swt_meta_sticky_header":false,"_swt_meta_transparent_header":false},"product_brand":[],"product_cat":[71,68],"product_tag":[],"class_list":{"0":"post-273","1":"product","2":"type-product","3":"status-publish","4":"has-post-thumbnail","6":"product_cat-ice-cream-vending-machine","7":"product_cat-vending-machine","9":"first","10":"instock","11":"shipping-taxable","12":"product-type-simple"},"_links":{"self":[{"href":"https:\/\/www.hommy.com\/de\/wp-json\/wp\/v2\/product\/273","targetHints":{"allow":["GET"]}}],"collection":[{"href":"https:\/\/www.hommy.com\/de\/wp-json\/wp\/v2\/product"}],"about":[{"href":"https:\/\/www.hommy.com\/de\/wp-json\/wp\/v2\/types\/product"}],"replies":[{"embeddable":true,"href":"https:\/\/www.hommy.com\/de\/wp-json\/wp\/v2\/comments?post=273"}],"wp:featuredmedia":[{"embeddable":true,"href":"https:\/\/www.hommy.com\/de\/wp-json\/wp\/v2\/media\/261"}],"wp:attachment":[{"href":"https:\/\/www.hommy.com\/de\/wp-json\/wp\/v2\/media?parent=273"}],"wp:term":[{"taxonomy":"product_brand","embeddable":true,"href":"https:\/\/www.hommy.com\/de\/wp-json\/wp\/v2\/product_brand?post=273"},{"taxonomy":"product_cat","embeddable":true,"href":"https:\/\/www.hommy.com\/de\/wp-json\/wp\/v2\/product_cat?post=273"},{"taxonomy":"product_tag","embeddable":true,"href":"https:\/\/www.hommy.com\/de\/wp-json\/wp\/v2\/product_tag?post=273"}],"curies":[{"name":"wp","href":"https:\/\/api.w.org\/{rel}","templated":true}]}}