{"id":260,"date":"2024-07-02T12:32:04","date_gmt":"2024-07-02T12:32:04","guid":{"rendered":"http:\/\/localhost\/hommywp\/hm931s-sundae-ice-cream-self-vending-machine-factory-cheap-cost\/"},"modified":"2025-08-01T09:57:30","modified_gmt":"2025-08-01T09:57:30","slug":"hm931s-eisbecher-verkaufsmaschine-fur-speiseeis","status":"publish","type":"product","link":"https:\/\/www.hommy.com\/de\/p\/hm931s-eisbecher-verkaufsmaschine-fur-speiseeis\/","title":{"rendered":"Hm931s Sundae Ice Cream Self Vending Machine Factory G\u00fcnstige Kosten"},"content":{"rendered":"<p style=\"text-align: center\"><\/p>\n<h2 style=\"text-align: center\">&nbsp;<strong><span style=\"line-height: 1.42857;font-family: arial, helvetica, sans-serif;font-size: 24px\"><a name=\"Vending sundae ice cream machine\"><\/a>Eisbecher-Verkaufsmaschine<\/span><\/strong><\/h2>\n<p style=\"text-align: center\"><span style=\"font-size: 16px\"><span style=\"line-height: 1.42857;font-family: arial, helvetica, sans-serif\"><a href=\"#Vending sundae ice cream machine\" target=\"_self\" data-lv=\"0\" rel=\"noopener\">Eisbecher-Verkaufsmaschine<\/a>|<a href=\"#RODUCT FEATURES\" target=\"_self\" data-lv=\"0\" rel=\"noopener\">RODUKTMERKMALE<\/a>|<a href=\"#Vending Sundae ice cream machine\" target=\"_self\" data-lv=\"0\" rel=\"noopener\">Vending Sundae Eiscreme-Maschine<\/a>|<a href=\"#PRODUCT SPECIFICATION\" target=\"_self\" data-lv=\"0\" rel=\"noopener\">PRODUKTSPEZIFIKATION<\/a>|<a href=\"#PRODUCT SPECIFICATION\" target=\"_self\" data-lv=\"0\" rel=\"noopener\">PRODUKTSPEZIFIKATION<\/a><\/span><\/span><\/p>\n<p><span style=\"font-size: 20px;line-height: 1.42857\"><br \/><\/span><\/p>\n<p><!-- Video start --><video poster=\"https:\/\/img80002414.weyesimg.com\/uploads\/www.hommy.com\/video\/15865859723575.mp4?vframe\/jpg\/offset\/1\" id=\"video\" preload=\"auto\" controls=\"controls\" style=\"width:100%;height:510px\"><\/video><!-- Video end --><\/p>\n<p>Unsere breite Palette an qualit\u00e4tsgepr\u00fcften Eiscreme-Automaten gew\u00e4hrleistet, dass die produzierten Eiscremes und Milchshakes von un\u00fcbertroffener Qualit\u00e4t sind und dass Sie sich ihres Geschmacks, ihrer Textur und ihres Aromas sicher sein k\u00f6nnen. Unsere Produktion von Eiscreme-Automaten sind weithin f\u00fcr ihre einzigartigen Eigenschaften wie Null-Abfall-Produktion, Null-Emission, umweltfreundlichen Betrieb und Null-Wartungskosten applaudiert.<\/p>\n<p><span style=\"font-size: 24px\"><br \/><\/span><\/p>\n<h2><strong><span style=\"font-family: arial, helvetica, sans-serif;font-size: 24px\"><a name=\"RODUCT FEATURES\"><\/a>RODUKTMERKMALE<\/span><\/strong><\/h2>\n<div class=\"text-left d-tem09-title d-interval\" data-detail=\"wrap\">\n<div class=\"title-header\">\n<p style=\"margin: 0px;text-align: justify;text-indent: 0px\"><span style=\"letter-spacing: 0px;font-family: Calibri;font-size: 16px\">Hommy Vending <a style=\"color:blue\" href=\"\/de\/\">Speiseeismaschine<\/a> haben mehr humanisierte Funktion: frisch halten, Luftpumpe, Mischer im Trichter, auftauen, Pasteurisierung, Fernbedienung, verkauft Bericht, erinnern, <\/span><span style=\"letter-spacing: 0px;font-family: \u5b8b\u4f53;font-size: 16px\">verschiedene Sprachen w\u00e4hlen. Wir begr\u00fc\u00dfen auch OEM und ODM.&nbsp;<\/span><\/p>\n<\/div>\n<\/div>\n<p>&nbsp;<\/p>\n<div class=\"d-tem11-graphic tem11-graphic mockup\" data-detail=\"wrap\">\n<div class=\"tab_row\">\n<div class=\"img\" style=\"width: 50%\"><img loading=\"lazy\" decoding=\"async\" width=\"563\" height=\"682\" title=\"\" style=\"width: 563px;height: 682px\" alt=\"product-Hommy-img\" src=\"https:\/\/www.hommy.com\/wp-content\/uploads\/15865861187157.png\" border=\"0\" vspace=\"0\"><\/div>\n<div class=\"text_box\" style=\"width: 50%\">\n<div class=\"txt\">\n<div class=\"title\">\n<h2><strong><span style=\"font-family: arial, helvetica, sans-serif;font-size: 24px\"><a name=\"Vending Sundae ice cream machine\"><\/a>Vending Sundae Eiscreme-Maschine<\/span><\/strong><\/h2>\n<\/div>\n<p>&nbsp;<\/p>\n<p style=\"margin-top:0;margin-right:0;margin-bottom:0;margin-left:0;text-indent:0;text-align:justify\"><span style=\"font-family:\u5b8b\u4f53;letter-spacing:0;font-size:14px\">1.3 Geschmacksrichtungen Eisbecher f\u00fcr Sie zu w\u00e4hlen.<\/span><\/p>\n<p style=\"margin-top:0;margin-right:0;margin-bottom:0;margin-left:0;text-indent:0;text-align:justify\"><span style=\"font-family:\u5b8b\u4f53;letter-spacing:0;font-size:14px\">2. innen kann etwa 70pcs Tasse und 70pcs L\u00f6ffel halten.<\/span><\/p>\n<p style=\"margin-top:0;margin-right:0;margin-bottom:0;margin-left:0;text-indent:0;text-align:justify\"><span style=\"font-family:\u5b8b\u4f53;letter-spacing:0;font-size:14px\">3. Zahlungssystem: In Landesw\u00e4hrung -Bargeld\/M\u00fcnze\/Wechselm\u00fcnze\/Kreditkarte\/Online-Pay.<\/span><\/p>\n<p style=\"margin-top:0;margin-right:0;margin-bottom:0;margin-left:0;text-indent:0;text-align:justify\"><span style=\"font-family:\u5b8b\u4f53;letter-spacing:0;font-size:14px\">4.<\/span><span style=\"font-family: Calibri;letter-spacing: 0px\">10,1-Zoll-Touchscreen-Tablet-\u00e4hnlicher Controller mit<\/span><span style=\"font-family: \u5b8b\u4f53;letter-spacing: 0px\">&nbsp;<\/span><span style=\"font-family: Calibri;letter-spacing: 0px\">Android-System<\/span><\/p>\n<p style=\"margin-top:0;margin-right:0;margin-bottom:0;margin-left:0;text-indent:0;text-align:justify\"><span style=\"font-family:Calibri;letter-spacing:0;font-size:14px\">5. Maschinenzust\u00e4nde (Trichter- und Zylindertemperatur<\/span><span style=\"font-family:\u5b8b\u4f53;letter-spacing:0;font-size:14px\">&nbsp;,<\/span><span style=\"font-family:Calibri;letter-spacing:0;font-size:14px\">rationierte Einstellung, Produktionsprozess, Fehler, Materialstandswarnung, Preis<\/span><span style=\"font-family:\u5b8b\u4f53;letter-spacing:0;font-size:14px\">)<\/span><\/p>\n<p style=\"margin-top:0;margin-right:0;margin-bottom:0;margin-left:0;text-indent:0;text-align:justify\"><span style=\"font-family:Calibri;letter-spacing:0;font-size:14px\">\u00dcberpr\u00fcfung der Daten (Verkaufsvolumen) ,&nbsp;<\/span><span style=\"font-family: Calibri;letter-spacing: 0px\">Dispensing Controlling,&nbsp;<\/span><span style=\"font-family: Calibri;letter-spacing: 0px\">Einstellungen der Maschine&nbsp;<\/span><span style=\"font-family: Calibri;letter-spacing: 0px\">Intelligente Bedienung<\/span><span style=\"font-family: Calibri;letter-spacing: 0px\">Funktion zum Senden eines Alarms an ein Mobiltelefon.<\/span><\/p>\n<p style=\"line-height: 1.75em\">6. die Maschine im Inneren haben mehr Funktion, das kann Ihnen helfen, mehr k\u00fcnstliche Kosten zu sparen:<\/p>\n<p style=\"line-height: 1.75em\"><span style=\"text-align: justify;font-family: \u5b8b\u4f53;letter-spacing: 0px;font-size: 16px\">-<\/span><span style=\"text-align: justify;font-family: Calibri;letter-spacing: 0px;font-size: 16px\">Das Vork\u00fchlsystem h\u00e4lt die Mischung unter 5<\/span><span style=\"text-align: justify;font-family: \u5b8b\u4f53;letter-spacing: 0px;font-size: 16px\">\u2103<\/span><span style=\"text-align: justify;font-family: Calibri;letter-spacing: 0px;font-size: 16px\">&nbsp;im Auto- und Standby-Modus.<\/span><\/p>\n<p style=\"margin-top:0;margin-right:0;margin-bottom:0;margin-left:0;text-indent:0;text-align:justify\"><span style=\"font-family:\u5b8b\u4f53;letter-spacing:0;font-size:16px\">-<\/span><span style=\"font-family:Calibri;letter-spacing:0;font-size:16px\">Die Luftpumpe f\u00f6rdert das Gemisch mit einer bestimmten Luftmenge zu den Gefrierzylindern.<\/span><\/p>\n<p style=\"margin-top:0;margin-right:0;margin-bottom:0;margin-left:0;text-indent:0;text-align:justify\"><span style=\"font-family:\u5b8b\u4f53;letter-spacing:0;font-size:16px\">-<\/span><span style=\"font-family:Calibri;letter-spacing:0;font-size:16px\">Der Mischer sorgt f\u00fcr eine gleichm\u00e4\u00dfige Mischung in den Trichtern.<\/span><\/p>\n<p style=\"margin-top:0;margin-right:0;margin-bottom:0;margin-left:0;text-indent:0;text-align:justify\"><span style=\"font-family:\u5b8b\u4f53;letter-spacing:0;font-size:16px\">-<\/span><span style=\"font-family:Calibri;letter-spacing:0;font-size:16px\">Die W\u00e4rmebehandlung bietet eine t\u00e4gliche Reinigungsroutine, um das Produkt gem\u00e4\u00df den Qualit\u00e4ts- und Sicherheitsstandards bis zu zwei Wochen vor der vollst\u00e4ndigen Reinigung mit Demontage zu erhalten.<\/span><\/p>\n<p style=\"margin-top:0;margin-right:0;margin-bottom:0;margin-left:0;text-indent:0;text-align:justify\"><span style=\"font-family:\u5b8b\u4f53;letter-spacing:0;font-size:16px\">-<\/span><span style=\"font-family:Calibri;letter-spacing:0;font-size:16px\">Entfrosten <\/span><\/p>\n<p style=\"margin-top:0;margin-right:0;margin-bottom:0;margin-left:0;text-indent:0;text-align:justify\"><span style=\"font-family:Calibri;letter-spacing:0;font-size:16px\">- Die Produktionsabtauung l\u00e4sst das Produkt in beiden Zylindern schnell schmelzen und geht dann zur\u00fcck in den Produktionsmodus, um zu reproduzieren. <\/span><\/p>\n<p style=\"margin-top:0;margin-right:0;margin-bottom:0;margin-left:0;text-indent:0;text-align:justify\"><span style=\"font-family:Calibri;letter-spacing:0;font-size:16px\">- Das Abtauen durch Waschen l\u00e4sst das Produkt in den Zylindern schnell schmelzen, so dass vor der Reinigung deutlich weniger Reste \u00fcbrig bleiben. <\/span><\/p>\n<p style=\"margin-top:0;margin-right:0;margin-bottom:0;margin-left:0;text-indent:0;text-align:justify\"><span style=\"font-family:\u5b8b\u4f53;letter-spacing:0;font-size:16px\">-<\/span><span style=\"font-family:Calibri;letter-spacing:0;font-size:16px\">Desinfektion<\/span><\/p>\n<p style=\"margin-top:0;margin-right:0;margin-bottom:0;margin-left:0;text-indent:0;text-align:justify\"><span style=\"font-family:Calibri;letter-spacing:0;font-size:16px\">- Spezielle Funktion, die den Desinfektionsprozess halbautomatisch und einfach macht.<\/span><\/p>\n<p style=\"margin-top:0;margin-right:0;margin-bottom:0;margin-left:0;text-indent:0;text-align:justify\"><span style=\"font-family:Calibri;letter-spacing:0;font-size:16px\">- Demontieren Sie die Maschine nicht, um den Halsteil, die Luftpumpeneinheit, den Schl\u00e4ger und den Zylinder zu reinigen. <\/span><\/p>\n<p style=\"margin-top:0;margin-right:0;margin-bottom:0;margin-left:0;text-indent:0;text-align:justify\"><span style=\"font-family:\u5b8b\u4f53;letter-spacing:0;font-size:16px\">-<\/span><span style=\"font-family:Calibri;letter-spacing:0;font-size:16px\">Der Z\u00e4hler erm\u00f6glicht es dem Bediener, die Anzahl der ausgegebenen Portionen zu sehen.<\/span><\/p>\n<p style=\"line-height: 1.75em\"><span style=\"font-size: 18px\"><strong><br \/><\/strong><\/span><\/p>\n<p style=\"line-height: 1.75em\"><\/p>\n<p style=\"line-height: 1.75em\">&nbsp;<\/p>\n<\/div>\n<\/div>\n<\/div>\n<\/div>\n<p>&nbsp;<\/p>\n<div class=\"text-left d-tem09-title d-interval\" data-detail=\"wrap\">\n<div class=\"title-header\">\n<h2><strong><span style=\"font-family: arial, helvetica, sans-serif;font-size: 24px\"><a name=\"PRODUCT SPECIFICATION\"><\/a>PRODUKTSPEZIFIKATION<\/span><\/strong><\/h2>\n<p><span>Hervorragende Kundenerfahrungen sind der Ausgangspunkt von Hommy.<\/span><\/p>\n<p><span><img decoding=\"async\" src=\"https:\/\/www.hommy.com\/wp-content\/uploads\/15865866043625.png\" title=\"uploads\/www.hommy.com\/images\/https:\/\/www.hommy.com\/wp-content\/uploads\/15865866043625.png\" alt=\"bild.png\" \/><\/span><\/p>\n<p><span><br \/><\/span><\/p>\n<h2><strong><span style=\"font-size: 24px;font-family: arial, helvetica, sans-serif\"><a name=\"PRODUCT SPECIFICATION\"><\/a>PRODUKTSPEZIFIKATION<\/span><\/strong><br \/><\/h2>\n<p><\/p>\n<p>Hommy haben produzieren Eismaschine f\u00fcr 20 Jahre Erfahrung, Vending-Eis-Maschine f\u00fcgen Sie mehr Funktion Softeis, weil kein Kerl, um die ganze Zeit zu warten. wir auf dieser Basis f\u00fcgen Sie mehr Sensor und Software verwenden, um es zu kontrollieren, die gute Qualit\u00e4t und gute Funktion ist.<\/p>\n<\/div>\n<\/div>\n<div class=\"d-tem01-graphic tem01-graphic mockup\" data-detail=\"wrap\">\n<div class=\"cont-section clearfix d-clearfix\">\n<div class=\"col-md-6 col-sm-6 col-xs-6\">\n<div class=\"right-p\">\n<div class=\"h2 heading\">Abtauen&nbsp;<\/div>\n<p><\/p>\n<p><span style=\"letter-spacing: 0px;font-family: \u5b8b\u4f53;font-size: 16px\">Wenn die Maschine arbeiten 1 Stunde nicht verkaufen Eis, Zylinder einige Zeit blockiert werden, richten wir das System automtic Abtauen, so kann die Maschine noch arbeiten und abtauen innen Eis und machte gute Qualit\u00e4t Eis oder gefrorenen Joghurt.&nbsp;<\/span><\/p>\n<\/div>\n<div class=\"graphic_pic animated wow bounceIn\" data-wow-delay=\".7s\">\n<p style=\"text-align: center\"><img loading=\"lazy\" decoding=\"async\" width=\"393\" height=\"211\" title=\"\" style=\"width: 415px\" alt=\"Produkt-Hommy-Automat -img\" src=\"https:\/\/www.hommy.com\/wp-content\/uploads\/15788853994504-3.png\"><\/p>\n<p><\/p>\n<p>&nbsp; &nbsp; &nbsp; &nbsp; &nbsp; &nbsp;<\/p><\/div>\n<\/div>\n<div class=\"col-md-6 col-sm-6 col-xs-6\">\n<div class=\"right-p\">\n<div class=\"h2 heading\">Luftpumpe&nbsp;<\/div>\n<div class=\"description\">\n<p><span style=\"letter-spacing: 0px;font-family: \u5b8b\u4f53;font-size: 16px\">Einstellbarer \u00dcberlauf von 20% bis 80%, reduziert die Bildung von Eiskristallen, macht gefrorenen Joghurt (Eiscreme) geschmeidig und sieht wei\u00df aus; reduziert den Einsatz von Rohstoffen, erh\u00f6ht den Gewinn<\/span><\/p>\n<p>.<\/p><\/div>\n<\/div>\n<div class=\"graphic_pic animated wow bounceIn\" data-wow-delay=\".7s\"><img loading=\"lazy\" decoding=\"async\" width=\"473\" height=\"228\" title=\"\" style=\"width: 473px\" alt=\"Produkt-Automat -Hommy-img\" src=\"https:\/\/www.hommy.com\/wp-content\/uploads\/15787019643805-3.png\"><br \/>\n &nbsp; &nbsp; &nbsp; &nbsp; &nbsp; &nbsp;<\/div>\n<\/div>\n<\/div>\n<\/div>\n<p>&nbsp;<\/p>\n<p>&nbsp;<\/p>\n<div class=\"d-tem01-graphic tem01-graphic mockup\" data-detail=\"wrap\">\n<div class=\"cont-section clearfix d-clearfix\">\n<div class=\"col-md-6 col-sm-6 col-xs-6\">\n<div class=\"right-p\">\n<div class=\"h2 heading\">Pasteurisierung&nbsp;<\/div>\n<div class=\"description\"><span style=\"letter-spacing: 0px;font-family: \u5b8b\u4f53;font-size: 16px\">Wenn Sie Eis in der Nacht verkaufen, wird das System automatisch eingestellt Pasteurisierung : Kann t\u00f6ten <\/span><span style=\"font-family: Calibri;font-size: 16px\">die Bakterien <\/span><span style=\"font-family: \u5b8b\u4f53;font-size: 16px\">dass <\/span><span style=\"font-family: Calibri;font-size: 16px\">produzieren<\/span><span style=\"font-family: \u5b8b\u4f53;font-size: 16px\">&nbsp;<\/span><span style=\"font-family: Calibri;font-size: 16px\">innerhalb der Maschine<\/span><span style=\"font-family: \u5b8b\u4f53;font-size: 16px\">&nbsp;von -5<\/span><span style=\"font-family: \u5b8b\u4f53;font-size: 16px\">\u2103<\/span><span style=\"font-family: \u5b8b\u4f53;font-size: 16px\">&nbsp;<\/span><span style=\"font-family: Arial;font-size: 16px\">\u2192<\/span><span style=\"font-family: \u5b8b\u4f53;font-size: 16px\">&nbsp;<\/span><span style=\"font-family: \u5b8b\u4f53;font-size: 16px\">65<\/span><span style=\"font-family: \u5b8b\u4f53;font-size: 16px\">\u2103<\/span><span style=\"font-family: Arial;font-size: 16px\">\u2192<\/span><span style=\"font-family: \u5b8b\u4f53;font-size: 16px\">&nbsp;-5<\/span><span style=\"font-family: \u5b8b\u4f53;font-size: 16px\">\u2103<\/span><span style=\"font-family: Calibri;font-size: 16px\">Prozess<\/span><span style=\"font-family: \u5b8b\u4f53;font-size: 16px\">&nbsp;( Desinfizieren Sie den Ladezylinder und das Rohmaterial im Inneren, dann k\u00fchlen Sie den Buchungsstatus ). so k\u00f6nnen Sie die Maschine alle 14 Tage ein Mal aufbewahren.&nbsp;<\/span>&nbsp;&nbsp;&nbsp;&nbsp;&nbsp;&nbsp;&nbsp;&nbsp;&nbsp;&nbsp;&nbsp;&nbsp;<\/p>\n<p style=\"text-align: center\"><img decoding=\"async\" title=\"\" alt=\"Produkt-HM931S Eisbecher-Verkaufsmaschine-Hommy-img\" src=\"https:\/\/www.hommy.com\/wp-content\/uploads\/15787019009152-3.png\"><\/p>\n<\/div>\n<\/div>\n<\/div>\n<div class=\"col-md-6 col-sm-6 col-xs-6\">\n<div class=\"right-p\">\n<div class=\"h2 heading\">Sensor verlassen<\/div>\n<div class=\"description\"><span style=\"font-family: \u5b8b\u4f53;font-size: 16px\">Sensor haben lassen <\/span><span style=\"font-family: Calibri;font-size: 16px\">Zweite Stufe, die erste Stufe der fehlenden Materialebene Alarm, die zweite Stufe der automatischen Abschaltung.<\/span><span style=\"font-family: \u5b8b\u4f53;font-size: 16px\">&nbsp;Wenn Sie die erste Nachricht erhalten, haben Sie einige Zeit f\u00fcr Sie, um Material hinzuzuf\u00fcgen keine Notwendigkeit, die Maschine zu stoppen, um es zu arbeiten. <\/span><\/div>\n<\/div>\n<div class=\"graphic_pic animated wow bounceIn\" data-wow-delay=\".7s\">\n<p style=\"text-align: center\"><img loading=\"lazy\" decoding=\"async\" width=\"473\" height=\"306\" title=\"\" style=\"width: 203px\" alt=\"product-Hommy-img\" src=\"https:\/\/www.hommy.com\/wp-content\/uploads\/15788874673345-3.jpg\"><\/p>\n<\/div>\n<\/div>\n<\/div>\n<\/div>\n<p><\/p>\n<p>&nbsp;<\/p>\n<div class=\"d-tem01-graphic tem01-graphic mockup\" data-detail=\"wrap\">\n<div class=\"cont-section clearfix d-clearfix\">\n<div class=\"col-md-6 col-sm-6 col-xs-6\">\n<div class=\"right-p\">\n<div class=\"h2 heading\">Bef\u00f6rderungsfunktion<\/div>\n<div class=\"description\">\n<p style=\"font-family: Calibri;font-size: 16px;font-style: normal;font-weight: normal;margin-top: 0px;margin-bottom: 0px\"><span style=\"font-family: \u5b8b\u4f53;font-size: 16px\">Die Maschine im Inneren haben Promotion-Funktion, die Sie Setup der F\u00f6rderung jederzeit von Tag zu Zeit alle folgen Sie. Sie k\u00f6nnen die zweite Eiscreme halben Preis geben Sie Client mehr Rabatt <\/span><\/p>\n<p style=\"margin: 1em 0px 13px\"><span style=\"font-family: \u5b8b\u4f53;font-size: 16px\"><span>&nbsp;&nbsp;&nbsp;Das kann Ihnen helfen, die Ausverkaufsmenge zu erh\u00f6hen.<\/span><\/span><\/p>\n<\/div>\n<\/div>\n<div class=\"graphic_pic animated wow bounceIn\" data-wow-delay=\".7s\">\n<p style=\"text-align: center\"><img decoding=\"async\" title=\"\" alt=\"produkt-Hommy-img-1\" src=\"https:\/\/www.hommy.com\/wp-content\/uploads\/15788858121941-3.png\"><\/p>\n<\/div>\n<\/div>\n<div class=\"col-md-6 col-sm-6 col-xs-6\">\n<div class=\"right-p\">\n<div class=\"h2 heading\">Andere Sprache<\/div>\n<div class=\"description\">\n<p style=\"font-family: Calibri;font-size: 16px;font-style: normal;font-weight: normal;margin-top: 0px;margin-bottom: 0px\"><span style=\"font-family: \u5b8b\u4f53;font-size: 16px\">Die Maschine im Inneren hat mehrere Sprachen f\u00fcr Sie zu w\u00e4hlen: Chinesisch, Englisch, Polen, Saudi-Arabien, Malaysia, Thailand, Spanien.<\/span><\/p>\n<p>.<\/p><\/div>\n<\/div>\n<div class=\"graphic_pic animated wow bounceIn\" data-wow-delay=\".7s\">\n<p style=\"text-align: center\"><img loading=\"lazy\" decoding=\"async\" width=\"404\" height=\"209\" title=\"\" style=\"width: 271px\" alt=\"Produkt-Hommy-HM931S Eisbecher-Automat-img-1\" src=\"https:\/\/www.hommy.com\/wp-content\/uploads\/15788858317746-3.png\"><\/p>\n<\/div>\n<\/div>\n<\/div>\n<\/div>\n<p>Dokument\uff1a<img decoding=\"async\" src=\"https:\/\/www.hommy.com\/wp-content\/uploads\/icon_pdf-6.gif\" style=\"margin-right: 2px\" alt=\"Produkt-Hommy-Automat -img-1\" title=\"\"><a href=\"https:\/\/img80002414.weyesimg.com\/uploads\/www.hommy.com\/addon\/16028339783025.pdf\" title=\"16028339783025.pdf\" style=\"font-size: 12px\">16028339783025.pdf<\/a><\/p>\n<h2>Ist <a style=\"color:blue\" href=\"\/de\/\">Eismaschine<\/a> das Geld wert?<\/h2>\n<p style=\"margin-top: 5px;margin-bottom: 5px\">Mein Sohn ist ein gro\u00dfer Fan von Eiscreme. Er mag es, weil es wie Eiscreme schmeckt und weil er es selbst belegen kann. Wenn wir einkaufen gehen, m\u00f6chte er immer Vanilleeis mit Schokoladenst\u00fcckchen, Schokoladensirup und Schokoladenstreuseln, aber ich habe dar\u00fcber nachgedacht, ihm eine Eismaschine zu kaufen. Ich denke, es w\u00e4re cool, wenn ich mein eigenes Eis machen k\u00f6nnte oder er sein eigenes Eis machen k\u00f6nnte.<\/p>\n<p style=\"margin-top: 5px;margin-bottom: 5px\"><\/p>\n<h2>Wie viel kostet es, sein eigenes Eis herzustellen?<\/h2>\n<p style=\"margin-top: 5px;margin-bottom: 5px\">Eis ist eine gro\u00dfartige M\u00f6glichkeit, Getr\u00e4nke und Lebensmittel zu k\u00fchlen. Meistens wird f\u00fcr die Eisherstellung eine Maschine verwendet, die die Arbeit f\u00fcr den Benutzer erledigt. Es gibt viele Arten von Eismaschinen, die zur Herstellung von Eis verwendet werden k\u00f6nnen, z. B.: Eisbereiter f\u00fcr zu Hause Es gibt viele Eisbereiter f\u00fcr zu Hause, die man kaufen oder selbst bauen kann. Die meisten dieser Maschinen stellen gro\u00dfe Mengen Eis auf einmal her. Das ist ideal f\u00fcr Partys und Versammlungen. Wenn Sie Ihr eigenes Eis zu Hause herstellen wollen, ist das ganz einfach, und es gibt viele Anleitungen, wie man das macht.<\/p>\n<p style=\"margin-top: 5px;margin-bottom: 5px\"><\/p>\n<h2>Sind <a style=\"color:blue\" href=\"https:\/\/www.hommy.com\/de\/verkaufsautomat\/\">Eiscreme-Automat<\/a>s profitabel?<\/h2>\n<p style=\"margin-top: 5px;margin-bottom: 5px\">Speiseeisautomaten sind f\u00fcr die Besitzer der Automaten sehr profitabel. Die Menschen lieben Eiscreme und sind bereit, daf\u00fcr zu bezahlen. Die Gewinnspannen f\u00fcr diese Automaten sind h\u00f6her als bei anderen Automaten. Es gibt verschiedene Arten von Speiseeisautomaten, die von der breiten Masse genutzt werden, um ihren Hei\u00dfhunger auf Speiseeis zu stillen. Diese Automaten k\u00f6nnen alle Arten von Eissorten anbieten, die die Menschen zu Hause genie\u00dfen k\u00f6nnen. Diese Maschinen sind in Hochschulen, Flugh\u00e4fen, Caf\u00e9s und Lebensmittelgesch\u00e4ften weit verbreitet. Die Eiscremeautomaten sind mit verschiedenen Eissorten und anderen Produkten ausgestattet.<\/p>\n<\/p><\/div>","protected":false},"excerpt":{"rendered":"<p>&nbsp;Vending sundae ice cream machine Vending sundae ice cream machine|RODUCT FEATURES|Vending Sundae ice cream machine|PRODUCT SPECIFICATION|PRODUCT SPECIFICATION Our wide range of quality-approved Ice Cream Self Vending Machine ensures that the produced ice creams, milk shakes, are of unmatched quality and that you can be certain of their taste, texture, and aroma. Our production of Ice [&hellip;]<\/p>\n","protected":false},"featured_media":251,"comment_status":"open","ping_status":"open","template":"","meta":{"_swt_meta_header_display":false,"_swt_meta_footer_display":false,"_swt_meta_site_title_display":false,"_swt_meta_sticky_header":false,"_swt_meta_transparent_header":false},"product_brand":[],"product_cat":[71,68],"product_tag":[],"class_list":{"0":"post-260","1":"product","2":"type-product","3":"status-publish","4":"has-post-thumbnail","6":"product_cat-ice-cream-vending-machine","7":"product_cat-vending-machine","9":"first","10":"instock","11":"shipping-taxable","12":"product-type-simple"},"_links":{"self":[{"href":"https:\/\/www.hommy.com\/de\/wp-json\/wp\/v2\/product\/260","targetHints":{"allow":["GET"]}}],"collection":[{"href":"https:\/\/www.hommy.com\/de\/wp-json\/wp\/v2\/product"}],"about":[{"href":"https:\/\/www.hommy.com\/de\/wp-json\/wp\/v2\/types\/product"}],"replies":[{"embeddable":true,"href":"https:\/\/www.hommy.com\/de\/wp-json\/wp\/v2\/comments?post=260"}],"wp:featuredmedia":[{"embeddable":true,"href":"https:\/\/www.hommy.com\/de\/wp-json\/wp\/v2\/media\/251"}],"wp:attachment":[{"href":"https:\/\/www.hommy.com\/de\/wp-json\/wp\/v2\/media?parent=260"}],"wp:term":[{"taxonomy":"product_brand","embeddable":true,"href":"https:\/\/www.hommy.com\/de\/wp-json\/wp\/v2\/product_brand?post=260"},{"taxonomy":"product_cat","embeddable":true,"href":"https:\/\/www.hommy.com\/de\/wp-json\/wp\/v2\/product_cat?post=260"},{"taxonomy":"product_tag","embeddable":true,"href":"https:\/\/www.hommy.com\/de\/wp-json\/wp\/v2\/product_tag?post=260"}],"curies":[{"name":"wp","href":"https:\/\/api.w.org\/{rel}","templated":true}]}}