{"id":250,"date":"2024-07-02T12:21:26","date_gmt":"2024-07-02T12:21:26","guid":{"rendered":"http:\/\/localhost\/hommywp\/hm116t-hot-sale-types-of-soft-ice-cream-vending-machines-wholesale\/"},"modified":"2025-08-01T09:57:30","modified_gmt":"2025-08-01T09:57:30","slug":"tisch-eiscreme-automat","status":"publish","type":"product","link":"https:\/\/www.hommy.com\/de\/p\/tisch-eiscreme-automat\/","title":{"rendered":"HM116T Hei\u00dfer Verkauf Arten von Softeis Automaten Gro\u00dfhandel"},"content":{"rendered":"<div>\n<p style=\"text-align: center\"><span style=\"font-size: 20px\"><br \/><\/span><\/p>\n<h2 style=\"text-align: center\"><strong><span style=\"font-family: arial, helvetica, sans-serif;font-size: 24px\">Tisch-Automaten <a style=\"color:blue\" href=\"\/de\/\">Speiseeismaschine<\/a><\/span><\/strong><\/h2>\n<p style=\"text-align: center\"><span style=\"font-size: 16px;font-family: arial, helvetica, sans-serif\"><a href=\"#PRODUCT FEATURES\" target=\"_self\" data-lv=\"0\" rel=\"noopener\">PRODUKTMERKMALE<\/a>|<a href=\"#Table top vending ice cream machine\" target=\"_self\" data-lv=\"0\" rel=\"noopener\">Tisch-Eisverkaufsmaschine<\/a>|<a href=\"#PRODUCT SPECIFICATION\" target=\"_self\" data-lv=\"0\" rel=\"noopener\">PRODUKTSPEZIFIKATION<\/a>|<a href=\"#PRODUCT ADVANTAGE\" target=\"_self\" data-lv=\"0\" rel=\"noopener\">PRODUKTVORTEIL<\/a>|<a href=\"#Table top vending ice cream machine\" target=\"_self\" data-lv=\"0\" rel=\"noopener\">Tisch-Eisverkaufsmaschine<\/a><\/span><\/p>\n<p><span style=\"font-size: 20px\"><br \/><\/span><\/p>\n<p><!-- Video start --><video poster=\"https:\/\/img80002414.weyesimg.com\/uploads\/wij2rdgc.allweyes.com\/video\/15553973509836.mp4?vframe\/jpg\/offset\/1\" id=\"video\" preload=\"auto\" controls=\"controls\" style=\"width:100%;height:510px\"><\/video><!-- Video end --><\/p>\n<p><!-- Video start --><video poster=\"https:\/\/img80002414.weyesimg.com\/uploads\/wij2rdgc.allweyes.com\/video\/15553974149008.mp4?vframe\/jpg\/offset\/1\" id=\"video\" preload=\"auto\" controls=\"controls\" style=\"width:100%;height:510px\"><\/video><!-- Video end --><\/p>\n<div class=\"text-left d-tem09-title d-interval\" data-detail=\"wrap\">\n<p><h2><strong><span style=\"font-size: 24px;font-family: arial, helvetica, sans-serif\"><\/span><\/strong><\/h2>\n<p>Wenn Sie Softeis lieben, aber die langen Schlangen vor Ihrer Lieblingseisdiele hassen, dann brauchen Sie einen Tisch-Softeis <a style=\"color:blue\" href=\"https:\/\/www.hommy.com\/de\/verkaufsautomat\/\">Eiscreme-Automat<\/a> aus unserem Gesch\u00e4ft.<\/p>\n<p>Ganz gleich, ob Sie ein Tischmodell f\u00fcr Ihre Eisdiele oder ein Standmodell f\u00fcr Ihren Lebensmittelladen suchen, wir haben das Richtige f\u00fcr Sie. Wir bieten eine gro\u00dfe Auswahl an Softeisautomaten, so dass Sie sicher den perfekten Automaten f\u00fcr Ihr Gesch\u00e4ft finden werden.<\/p>\n<p>Unsere Tischmodelle sind ideal f\u00fcr Eisdielen, Imbissst\u00e4nde und andere Unternehmen mit begrenztem Platzangebot. Wenn Sie ein gr\u00f6\u00dferes Gesch\u00e4ft haben oder eine Maschine suchen, die ein h\u00f6heres Kundenaufkommen bew\u00e4ltigen kann, dann sind unsere Standmodelle eine gute Wahl. Ganz gleich, f\u00fcr welches Modell Sie sich entscheiden, Sie k\u00f6nnen sicher sein, dass Sie einen hochwertigen und zuverl\u00e4ssigen Automaten erhalten. Wenn Sie mehr dar\u00fcber erfahren m\u00f6chten, wie unsere Automaten zur Steigerung Ihres Umsatzes beitragen k\u00f6nnen, nehmen Sie noch heute Kontakt mit uns auf.<\/p>\n<h2><strong><span style=\"font-size: 24px;font-family: arial, helvetica, sans-serif\"><a name=\"PRODUCT FEATURES\"><\/a>PRODUKTMERKMALE<\/span><\/strong><\/h2>\n<div class=\"subtitle\"><span>Das Werk von Hommy erstreckt sich \u00fcber eine Fl\u00e4che von 30500 Quadratmetern in der Stadt Xinhui Jiangmen und umfasst flexible Produktionslinien, ein Forschungs- und Entwicklungslabor, ein Schulungszentrum und eine mit modernsten Ger\u00e4ten ausgestattete Werkstatt.<\/span><\/div>\n<\/p>\n<\/div>\n<p>&nbsp;<\/p>\n<div class=\"d-tem11-graphic tem11-graphic mockup\" data-detail=\"wrap\">\n<div class=\"tab_row\">\n<div class=\"img\" style=\"width: 50%\"><img decoding=\"async\" title=\"\" alt=\"product-HM116T Tisch-Eisverkaufsmaschine-Hommy-img\" src=\"https:\/\/www.hommy.com\/wp-content\/uploads\/15553978716753.jpg\"><\/div>\n<div class=\"text_box\" style=\"width: 50%\">\n<div class=\"txt\">\n<p><strong style=\"color: inherit;font-family: inherit;font-size: 30px\"><span style=\"font-family: arial, helvetica, sans-serif;font-size: 24px\"><a name=\"Table top vending ice cream machine\"><\/a>Tisch-Eisverkaufsmaschine<\/span><\/strong><\/p>\n<p>&nbsp;<\/p>\n<p style=\"line-height: 1.5em\">10,1-Zoll-Touchscreen-Tablet-\u00e4hnlicher Controller mit Android-System<br \/>Maschinenstatus (Trichter- und Zylindertemperatur, rationierte Einstellung, Produktionsprozess, Fehler, Materialstandswarnung, Preis)<br \/>Daten\u00fcberpr\u00fcfung (Verkaufsvolumen)<br \/>Dispensersteuerung<br \/>Einstellungen der Maschine<br \/>Intelligente Bedienung<br \/>Funktion Senden an Mobiltelefon Alarm<br \/>Die Maschine im Inneren haben mehr Funktion, das kann Ihnen helfen, mehr k\u00fcnstliche Kosten zu sparen: <br \/>Das Vork\u00fchlsystem h\u00e4lt die Mischung im Auto- und Standby-Modus unter 5\u2103.<br \/>Der Mischer sorgt f\u00fcr eine gleichm\u00e4\u00dfige Mischung in den Trichtern.<br \/>Die W\u00e4rmebehandlung bietet eine t\u00e4gliche Reinigungsroutine, um das Produkt gem\u00e4\u00df den Qualit\u00e4ts- und Sicherheitsstandards bis zu zwei Wochen vor der vollst\u00e4ndigen Reinigung mit Demontage zu erhalten.<br \/><span style=\"font-size: 18px\"><strong><br \/><\/strong><\/span><\/p>\n<p style=\"line-height: 1.5em\"><span style=\"font-size: 18px\"><strong>Entfrosten<\/strong><\/span> <br \/>Die Produktionsabtauung l\u00e4sst das Produkt in beiden Zylindern schnell schmelzen und geht dann zur\u00fcck in den Produktionsmodus, um zu reproduzieren. <br \/>Das Abtauen durch Waschen l\u00e4sst das Produkt in den Zylindern schnell schmelzen, so dass vor der Reinigung deutlich weniger Reste \u00fcbrig bleiben. <br \/><span style=\"font-size: 18px\"><strong><br \/><\/strong><\/span><\/p>\n<p style=\"line-height: 1.5em\"><span style=\"font-size: 18px\"><strong>Desinfektion<\/strong><\/span><br \/>Spezielle Funktion, die den Desinfektionsprozess halbautomatisch und einfach macht.<br \/>Demontieren Sie die Maschine nicht, um den Halsteil, die Luftpumpeneinheit, den Schl\u00e4ger und den Zylinder zu reinigen. <br \/>Der Z\u00e4hler erm\u00f6glicht es dem Bediener, die Anzahl der ausgegebenen Portionen zu sehen.<\/p>\n<p>&nbsp;<\/p>\n<\/div>\n<\/div>\n<\/div>\n<\/div>\n<p>&nbsp; &nbsp; &nbsp; &nbsp;<\/p>\n<p>&nbsp; &nbsp; &nbsp;<\/p>\n<h2><span style=\"font-size: 24px\">&nbsp; &nbsp;<strong><span style=\"font-family: arial, helvetica, sans-serif;font-size: 24px\"><a name=\"PRODUCT SPECIFICATION\"><\/a>PRODUKTSPEZIFIKATION<\/span><\/strong><\/span><\/h2>\n<p><span>&nbsp; &nbsp; &nbsp;Hervorragende Kundenerfahrungen sind der Ausgangspunkt von Hommy.<\/span><\/p>\n<div class=\"text-left d-tem09-title d-interval\" data-detail=\"wrap\">\n<div class=\"title-header\">\n<p><span style=\"font-size: 24px\"><img decoding=\"async\" src=\"https:\/\/www.hommy.com\/wp-content\/uploads\/15866026037065.png\" title=\"uploads\/www.hommy.com\/images\/https:\/\/www.hommy.com\/wp-content\/uploads\/15866026037065.png\" alt=\"bild.png\" \/><\/span><\/p>\n<p><span style=\"font-size: 24px\"><br \/><\/span><\/p>\n<h2><strong><span style=\"font-size: 24px;font-family: arial, helvetica, sans-serif\"><a name=\"PRODUCT ADVANTAGE\"><\/a>PRODUKTVORTEIL<\/span><\/strong><br \/><\/h2>\n<div class=\"subtitle\"><span>Au\u00dferdem tragen hochqualifizierte Ingenieure, f\u00e4hige Technologen und sachkundiges Personal viel zur Entwicklung des Unternehmens bei.<\/span><\/div>\n<\/div>\n<\/div>\n<p><\/p>\n<div class=\"d-tem04-promotion d-tem01-promotion mockup\" data-detail=\"wrap\">\n<div class=\"cont-section\">\n<div class=\"main\">\n<div class=\"header text-center\">\n<h2><strong><span style=\"font-family: arial, helvetica, sans-serif;font-size: 24px\"><a name=\"Table top vending ice cream machine\"><\/a>Tisch-Eisverkaufsmaschine<\/span><\/strong><\/h2>\n<div class=\"subtitle\" style=\"text-align: left\">\n<p><\/p>\n<p style=\"line-height: 2em\"><strong><span><\/span><\/strong>Abtauen: wenn die Maschine arbeiten 1 Stunde nicht verkaufen Eis, Zylinder einige Zeit blockiert werden, richten wir das System automtic Abtauen, so dass die Maschine kann noch arbeiten und abtauen innen Eis und machte gute Qualit\u00e4t Eis oder gefrorenen Joghurt.<\/p>\n<p style=\"line-height: 2em\"><strong><span><\/span><\/strong>Lassen Sie censer haben Zweite Stufe, die erste Stufe der fehlenden Materialebene Alarm, die zweite Stufe der automatischen Abschaltung. Wenn Sie die erste Nachricht erhalten, haben Sie einige Zeit f\u00fcr Sie, um Material hinzuzuf\u00fcgen keine Notwendigkeit, die Maschine zu stoppen, um es zu arbeiten.<\/p>\n<p style=\"line-height: 2em\"><strong><span><\/span><\/strong>Die Maschine im Inneren haben Promotion-Funktion, Sie Einrichtung von Montag bis Freitag in 10:00 bis 12:00 kaufen Eis mit einigen Rabatt<br \/>\n &nbsp; Das kann Ihnen helfen, die Ausverkaufsmenge zu erh\u00f6hen.<\/p>\n<p style=\"line-height: 2em\"><strong><span><\/span><\/strong>Die Maschine im Inneren hat mehrere Sprachen f\u00fcr Sie zu w\u00e4hlen: Chinesisch, Englisch, Polen, Saudi-Arabien, Malaysia, Thailand, Spanien.<\/p>\n<\/div>\n<\/div>\n<\/div>\n<\/div>\n<\/div>\n<p>&nbsp;Dokument\uff1a<img decoding=\"async\" src=\"https:\/\/www.hommy.com\/wp-content\/uploads\/icon_pdf-5.gif\" style=\"margin-right: 2px\" alt=\"product-Hommy-img\" title=\"\"><a href=\"https:\/\/img80002414.weyesimg.com\/uploads\/www.hommy.com\/addon\/16028346312026.pdf\" title=\"16028346312026.pdf\" style=\"font-size: 12px\">16028346312026.pdf<\/a><\/p>\n<h2 style=\"font-family: sans-serif\">K\u00f6nnen Eismaschinen Softeis herstellen?<\/h2>\n<p style=\"margin-top: 5px;margin-bottom: 5px;font-family: sans-serif;font-size: 16px\">Die kurze Antwort: Ja, die moderne Version tut es. Sie sind sogar so gut darin, dass sie gerade eine neue Eismaschine auf den Markt gebracht haben, und daf\u00fcr gibt es einen Grund. Die lange Antwort: Ich habe verschiedene Arten von Eismaschinen ausprobiert. Diese kleine KitchenAid macht k\u00f6stliches Softeis - aber darum geht es mir hier nicht, sondern darum, wie man Eis ohne Eismaschine zubereitet.<\/p>\n<p style=\"margin-top: 5px;margin-bottom: 5px;font-family: sans-serif;font-size: 16px\"><\/p>\n<h2 style=\"font-family: sans-serif\">Wie viel kostet ein <a style=\"color:blue\" href=\"https:\/\/www.hommy.com\/de\/softeismaschine\/\">Softeismaschine<\/a>?<\/h2>\n<p style=\"margin-top: 5px;margin-bottom: 5px;font-family: sans-serif;font-size: 16px\">Es ist definitiv ein Luxusartikel. Der Einzelhandelspreis eines Soft <a style=\"color:blue\" href=\"\/de\/\">Eismaschine<\/a> beginnt normalerweise bei $50 und reicht von $150 bis $300, je nach Ausstattung und Design des Produkts. Je mehr Funktionen und Designs sich der Hersteller einfallen l\u00e4sst, desto h\u00f6her ist der Preis. Aber keine Sorge, Sie werden Ihr Geld wert sein!<\/p>\n<p style=\"margin-top: 5px;margin-bottom: 5px;font-family: sans-serif;font-size: 16px\"><\/p>\n<h2 style=\"font-family: sans-serif\">Wie viel kostet eine Softie-Maschine?<\/h2>\n<p style=\"margin-top: 5px;margin-bottom: 5px;font-family: sans-serif;font-size: 16px\">Eine der h\u00e4ufigsten Fragen, die mir auf der San Diego Comic Con und anderen Comic-Conventions gestellt werden, auf denen ich zum ersten Mal neue Waren sehe und verkaufe, lautet: \"Wie viel kostet das Ding?\" \"Wie viel ist das?\", sagen sie und schauen auf das, was sie in der Hand halten. \"Wie viel kostet eine gro\u00dfe rosa Schachtel?\"<\/p>\n<p style=\"margin-top: 5px;margin-bottom: 5px;font-family: sans-serif;font-size: 16px\">In der Regel handelt es sich um eine kleine Schachtel mit einem Gegenstand, der in der Regel nur eine Sache in einer Schachtel enth\u00e4lt. Es k\u00f6nnte eine Actionfigur, ein T-Shirt, ein Comic, ein Spiel, ein Poster, ein T-Shirt oder ein Pl\u00fcschtier oder auch nur ein tolles Spielzeug sein, je nachdem, was die Person, die es kauft, im Sinn hat. Die Frage bezieht sich in der Regel auf eine Schachtel oder ein B\u00fcndel von Dingen in einer Schachtel, und in der Regel werde ich gefragt, wie viel die Schachtel kostet, was in der Regel nur bei K\u00e4ufen auf einer Convention gefragt und beantwortet wird, da ich feste Preise f\u00fcr Schachteln habe.<\/p>\n<\/div><\/div>","protected":false},"excerpt":{"rendered":"<p>Table top vending ice cream machine PRODUCT FEATURES|Table top vending ice cream machine|PRODUCT SPECIFICATION|PRODUCT ADVANTAGE|Table top vending ice cream machine If you love soft ice cream but hate the long lines at your favorite ice cream shop, then you need a table top soft ice cream vending machine from our business. Whether you\u2019re looking for [&hellip;]<\/p>\n","protected":false},"featured_media":247,"comment_status":"open","ping_status":"open","template":"","meta":{"_swt_meta_header_display":false,"_swt_meta_footer_display":false,"_swt_meta_site_title_display":false,"_swt_meta_sticky_header":false,"_swt_meta_transparent_header":false},"product_brand":[],"product_cat":[71,68],"product_tag":[],"class_list":{"0":"post-250","1":"product","2":"type-product","3":"status-publish","4":"has-post-thumbnail","6":"product_cat-ice-cream-vending-machine","7":"product_cat-vending-machine","9":"first","10":"instock","11":"shipping-taxable","12":"product-type-simple"},"_links":{"self":[{"href":"https:\/\/www.hommy.com\/de\/wp-json\/wp\/v2\/product\/250","targetHints":{"allow":["GET"]}}],"collection":[{"href":"https:\/\/www.hommy.com\/de\/wp-json\/wp\/v2\/product"}],"about":[{"href":"https:\/\/www.hommy.com\/de\/wp-json\/wp\/v2\/types\/product"}],"replies":[{"embeddable":true,"href":"https:\/\/www.hommy.com\/de\/wp-json\/wp\/v2\/comments?post=250"}],"wp:featuredmedia":[{"embeddable":true,"href":"https:\/\/www.hommy.com\/de\/wp-json\/wp\/v2\/media\/247"}],"wp:attachment":[{"href":"https:\/\/www.hommy.com\/de\/wp-json\/wp\/v2\/media?parent=250"}],"wp:term":[{"taxonomy":"product_brand","embeddable":true,"href":"https:\/\/www.hommy.com\/de\/wp-json\/wp\/v2\/product_brand?post=250"},{"taxonomy":"product_cat","embeddable":true,"href":"https:\/\/www.hommy.com\/de\/wp-json\/wp\/v2\/product_cat?post=250"},{"taxonomy":"product_tag","embeddable":true,"href":"https:\/\/www.hommy.com\/de\/wp-json\/wp\/v2\/product_tag?post=250"}],"curies":[{"name":"wp","href":"https:\/\/api.w.org\/{rel}","templated":true}]}}