{"id":246,"date":"2024-07-02T12:21:20","date_gmt":"2024-07-02T12:21:20","guid":{"rendered":"http:\/\/localhost\/hommywp\/milk-shake-vending-machine-manufacturers-for-franchise-business\/"},"modified":"2025-08-01T09:57:28","modified_gmt":"2025-08-01T09:57:28","slug":"speiseeisautomat-mit-2-geschmacksrichtungen","status":"publish","type":"product","link":"https:\/\/www.hommy.com\/de\/p\/speiseeisautomat-mit-2-geschmacksrichtungen\/","title":{"rendered":"Milchshake-Automatenhersteller f\u00fcr Franchise-Unternehmen"},"content":{"rendered":"<div>\n<p style=\"text-align: center\"><\/p>\n<h2 style=\"text-align: center\"><strong><span style=\"font-family: arial, helvetica, sans-serif;font-size: 24px\"><a name=\" 2 flavour Vending ice cream machine\"><\/a>&nbsp;<span style=\"font-family: arial, helvetica, sans-serif;line-height: 1.42857\">2 Geschmacksrichtungen Vending <a style=\"color:blue\" href=\"\/de\/\">Speiseeismaschine<\/a><\/span><\/span><\/strong><\/h2>\n<p style=\"text-align: center\"><span style=\"font-size: 16px\"><span style=\"font-family: arial, helvetica, sans-serif;line-height: 1.42857\"><a href=\"#PRODUCT FEATURES\" target=\"_self\" data-lv=\"0\" rel=\"noopener\">RODUKTMERKMALE<\/a>|<a href=\"#2 flavour Vending ice cream machine\" target=\"_self\" data-lv=\"0\" rel=\"noopener\">2 Geschmacksrichtungen Vending-Eiscreme-Maschine<\/a>|<a href=\"#PRODUCT SPECIFICATION\" target=\"_self\" data-lv=\"0\" rel=\"noopener\">PRODUKTSPEZIFIKATION<\/a>|<a href=\"#PRODUCT ADVANTAGE\" target=\"_self\" data-lv=\"0\" rel=\"noopener\">PRODUKTVORTEIL<\/a>|<a href=\"#2 flavour+1mix Vending ice cream machine\" target=\"_self\" data-lv=\"0\" rel=\"noopener\">2 Geschmacksrichtungen+1Mix Vending-Eiscreme-Maschine<\/a><\/span><\/span><\/p>\n<p><span style=\"font-size: 20px;line-height: 1.42857\"><br \/><\/span><\/p>\n<p><span style=\"font-size: 20px;line-height: 1.42857\"><br \/><\/span><\/p>\n<p><!-- Video start --><video poster=\"https:\/\/img80002414.weyesimg.com\/uploads\/wij2rdgc.allweyes.com\/video\/15553866867786.mp4?vframe\/jpg\/offset\/1\" id=\"video\" preload=\"auto\" controls=\"controls\" style=\"width:100%;height:510px\"><\/video><!-- Video end --><\/p>\n<div class=\"text-left d-tem09-title d-interval\" data-detail=\"wrap\">\n<p><h2><strong><span style=\"font-size: 24px;font-family: arial, helvetica, sans-serif\"><\/span><\/strong><\/h2>\n<p>Dieser hochwertige Milchshake-Automat ist bekannt f\u00fcr seine robuste Konstruktion, einfache Bedienung, Haltbarkeit und lange Lebensdauer.<\/p>\n<p><\/p>\n<p>Unser Unternehmen ist sehr engagiert, um die besten in der Klasse Dienstleistungen. Diese Maschinen werden mit Hilfe von modernen Werkzeugen und Technologie unter Verwendung der besten Qualit\u00e4t der Rohstoffe hergestellt. Unsere Maschinen sind in verschiedenen Gr\u00f6\u00dfen und Ausf\u00fchrungen erh\u00e4ltlich, um die Anforderungen unserer Kunden zu erf\u00fcllen.<\/p>\n<h2><strong><span style=\"font-size: 24px;font-family: arial, helvetica, sans-serif\"><br \/><\/span><\/strong><br \/><\/h2>\n<h2><strong><span style=\"font-size: 24px;font-family: arial, helvetica, sans-serif\"><a name=\"PRODUCT FEATURES\"><\/a><\/span><\/strong><\/h2>\n<h2><strong><span style=\"font-size: 24px;font-family: arial, helvetica, sans-serif\">PRODUKTMERKMALE<\/span><\/strong><\/h2>\n<div class=\"subtitle\"><span>Das Werk von Hommy erstreckt sich \u00fcber eine Fl\u00e4che von 30500 Quadratmetern in der Stadt Xinhui Jiangmen und umfasst flexible Produktionslinien, ein Forschungs- und Entwicklungslabor, ein Schulungszentrum und eine mit modernsten Ger\u00e4ten ausgestattete Werkstatt.<\/span><\/div>\n<\/p>\n<\/div>\n<p>&nbsp;<\/p>\n<div class=\"d-tem11-graphic tem11-graphic mockup\" data-detail=\"wrap\">\n<div class=\"tab_row\">\n<div class=\"img\" style=\"width: 50%\"><img decoding=\"async\" title=\"\" alt=\"product-Hommy-img\" src=\"https:\/\/www.hommy.com\/wp-content\/uploads\/15865908083316.png\"><\/div>\n<div class=\"text_box\" style=\"width: 50%\">\n<div class=\"txt\">\n<div class=\"title\">\n<h2><strong><span style=\"font-family: arial, helvetica, sans-serif;font-size: 24px\"><a name=\"2 flavour Vending ice cream machine\"><\/a>2 Geschmacksrichtungen Vending-Eiscreme-Maschine<\/span><\/strong><\/h2>\n<\/div>\n<p>&nbsp;<\/p>\n<p style=\"line-height: 2em\">10,1-Zoll-Touchscreen-Tablet-\u00e4hnlicher Controller mit Android-System<br \/>Maschinenstatus (Trichter- und Zylindertemperatur, rationierte Einstellung, Produktionsprozess, Fehler, Materialstandswarnung, Preis)<br \/>Daten\u00fcberpr\u00fcfung (Verkaufsvolumen)<br \/>Dispensersteuerung<br \/>Einstellungen der Maschine<br \/>Intelligente Bedienung<br \/>Funktion Senden an Mobiltelefon Alarm<br \/>Die Maschine im Inneren haben mehr Funktion, das kann Ihnen helfen, mehr k\u00fcnstliche Kosten zu sparen: <br \/>Das Vork\u00fchlsystem h\u00e4lt die Mischung im Auto- und Standby-Modus unter 5\u2103.<br \/>Die Luftpumpe f\u00f6rdert das Gemisch mit einer bestimmten Luftmenge zu den Gefrierzylindern.<br \/>Der Mischer sorgt f\u00fcr eine gleichm\u00e4\u00dfige Mischung in den Trichtern.<br \/>Die W\u00e4rmebehandlung bietet eine t\u00e4gliche Reinigungsroutine, um das Produkt gem\u00e4\u00df den Qualit\u00e4ts- und Sicherheitsstandards bis zu zwei Wochen vor der vollst\u00e4ndigen Reinigung mit Demontage zu erhalten.<br \/><span style=\"font-size: 18px\"><strong><br \/><\/strong><\/span><\/p>\n<p style=\"line-height: 2em\"><span style=\"font-size: 18px\"><strong>Entfrosten <\/strong><\/span><br \/>Die Produktionsabtauung l\u00e4sst das Produkt in beiden Zylindern schnell schmelzen und geht dann zur\u00fcck in den Produktionsmodus, um zu reproduzieren. <br \/>Das Abtauen durch Waschen l\u00e4sst das Produkt in den Zylindern schnell schmelzen, so dass vor der Reinigung deutlich weniger Reste \u00fcbrig bleiben. <br \/><strong><span style=\"font-size: 18px\"><br \/><\/span><\/strong><\/p>\n<p style=\"line-height: 2em\"><strong><span style=\"font-size: 18px\">Desinfektion<\/span><\/strong><br \/>Spezielle Funktion, die den Desinfektionsprozess halbautomatisch und einfach macht.<br \/>Demontieren Sie die Maschine nicht, um den Halsteil, die Luftpumpeneinheit, den Schl\u00e4ger und den Zylinder zu reinigen. <\/p>\n<p>&nbsp;<\/p>\n<\/div>\n<\/div>\n<\/div>\n<\/div>\n<p>&nbsp;<\/p>\n<div class=\"text-left d-tem09-title d-interval\" data-detail=\"wrap\">\n<div class=\"title-header\">\n<p><span style=\"font-size: 24px\"><br \/><\/span><\/p>\n<p><span style=\"font-size: 24px\"><\/span><\/p>\n<h2><strong><span style=\"font-size: 24px;font-family: arial, helvetica, sans-serif\"><a name=\"PRODUCT SPECIFICATION\"><\/a>PRODUKTSPEZIFIKATION<\/span><\/strong><\/h2>\n<p><span>Hervorragende Kundenerfahrungen sind der Ausgangspunkt von Hommy.<\/span><\/p>\n<p><span><br \/><\/span><img decoding=\"async\" src=\"https:\/\/www.hommy.com\/wp-content\/uploads\/15865910264788.png\" title=\"uploads\/www.hommy.com\/images\/https:\/\/www.hommy.com\/wp-content\/uploads\/15865910264788.png\" alt=\"bild.png\" \/><\/p>\n<p><span style=\"font-size: 24px\"><br \/><\/span><\/p>\n<p><strong><span style=\"font-size: 24px;font-family: arial, helvetica, sans-serif\"><a name=\"PRODUCT ADVANTAGE\"><\/a>PRODUKTVORTEIL<\/span><\/strong><\/p>\n<div class=\"subtitle\"><span>Au\u00dferdem tragen hochqualifizierte Ingenieure, f\u00e4hige Technologen und sachkundiges Personal viel zur Entwicklung des Unternehmens bei.<\/span><\/div>\n<\/div>\n<\/div>\n<p><\/p>\n<div class=\"d-tem14-graphic mockup\" data-detail=\"wrap\">\n<div class=\"clearfix d-clearfix\">\n<div class=\"col-md-6 col-sm-6 col-xs-6\">\n<div class=\"thumbnail\"><img decoding=\"async\" src=\"https:\/\/www.hommy.com\/wp-content\/uploads\/15553857822086.jpg\" alt=\"product-Hommy-img\" title=\"\"><\/div>\n<\/div>\n<div class=\"col-md-6 col-sm-6 col-xs-6\">\n<div class=\"thumbnail\"><img decoding=\"async\" src=\"https:\/\/www.hommy.com\/wp-content\/uploads\/15553857901363.jpg\" alt=\"Produkt-Hommy-Automat -img\" title=\"\"><\/div>\n<\/div>\n<\/div>\n<\/div>\n<p><\/p>\n<div class=\"d-tem04-promotion d-tem01-promotion mockup\" data-detail=\"wrap\">\n<div class=\"cont-section\">\n<div class=\"main\">\n<div class=\"header text-center\">\n<h2><strong><span style=\"font-family: arial, helvetica, sans-serif;font-size: 24px\"><a name=\"2 flavour+1mix Vending ice cream machine\"><\/a>2 Geschmacksrichtungen+1Mix Vending-Eiscreme-Maschine<\/span><\/strong><\/h2>\n<div class=\"subtitle\" style=\"text-align: left\">\n<p><\/p>\n<p style=\"line-height: 2em\"><strong><span><\/span><\/strong>Abtauen: wenn die Maschine arbeiten 1 Stunde nicht verkaufen Eis, Zylinder einige Zeit blockiert werden, richten wir das System automtic Abtauen, so dass die Maschine kann noch arbeiten und abtauen innen Eis und machte gute Qualit\u00e4t Eis oder gefrorenen Joghurt.<\/p>\n<p style=\"line-height: 2em\"><strong><span><\/span><\/strong>Luftpumpe: einstellbarer \u00dcberlauf von 20% bis 80%, reduziert die Bildung von Eiskristallen, macht gefrorenen Joghurt (Eis) Geschmack glatt und wei\u00df aussehen; reduzieren den Einsatz von Rohstoffen, erh\u00f6hen die Gewinne.<\/p>\n<p style=\"line-height: 2em\"><strong><span><\/span><\/strong>Wenn Sie verkaufen aus Eis in der Nacht das System automatische Einrichtung Pasteurisierung: Kann die Bakterien, die in der Maschine von -5\u2103 \u2192 65\u2103\u2192 -5\u2103process (desinfizieren Sie den Ladezylinder und Rohstoff im Inneren, dann k\u00fchlen, um Buchungsstatus). so k\u00f6nnen Sie die Maschine alle 14 Tage einmal zu halten.<\/p>\n<p style=\"line-height: 2em\"><strong><span><\/span><\/strong>Lassen Sie censer haben Zweite Stufe, die erste Stufe der fehlenden Materialebene Alarm, die zweite Stufe der automatischen Abschaltung. Wenn Sie die erste Nachricht erhalten, haben Sie einige Zeit f\u00fcr Sie, um Material hinzuzuf\u00fcgen keine Notwendigkeit, die Maschine zu stoppen, um es zu arbeiten.<\/p>\n<p style=\"line-height: 2em\"><strong><span><\/span><\/strong>Die Promotion-Funktion kann helfen, jeden Tag ausverkaufte Menge hinzuzuf\u00fcgen, die Sie von Montag bis Freitag in 10:00 bis 12:00 kaufen Eis mit einigen Rabatt auf Kundenk\u00e4ufe zu ziehen.<\/p>\n<p style=\"line-height: 2em\"><strong><span><\/span><\/strong>Die Maschine im Inneren hat mehrere Sprachen f\u00fcr Sie zu w\u00e4hlen: Chinesisch, Englisch, Polen, Saudi-Arabien, Malaysia, Thailand, Spanien.<\/p>\n<h2>Warum hat mir ein Automat mehr berechnet?<\/h2>\n<p style=\"margin-top: 5px;margin-bottom: 5px\"><\/p>\n<p style=\"margin-top: 5px;margin-bottom: 5px\">Ich kaufte eine Dose Cola an einem Automaten im Bahnhof von Toronto. Sie kostete $1,50, und der Automat sagte, ich h\u00e4tte $1,47 auf meinem Konto. Aber als ich auf meinen Kassenbon schaute, stand dort, dass ich nur $1.40 hatte. Wie konnte das passieren?<\/p>\n<p style=\"margin-top: 5px;margin-bottom: 5px\"><\/p>\n<p style=\"margin-top: 5px;margin-bottom: 5px\">Antwort: Der Automat dachte, Sie h\u00e4tten mehr Geld auf Ihrem Konto, als Sie tats\u00e4chlich hatten.<\/p>\n<p style=\"margin-top: 5px;margin-bottom: 5px\"><\/p>\n<p style=\"margin-top: 5px;margin-bottom: 5px\">Dies ist ein Fall, in dem der Automat versucht hat, nett zu sein. Er bot Ihnen einen erm\u00e4\u00dfigten Preis f\u00fcr das Automatenprodukt an. Der Automat wollte Ihnen einen Gefallen tun.<\/p>\n<p style=\"margin-top: 5px;margin-bottom: 5px\"><\/p>\n<p style=\"margin-top: 5px;margin-bottom: 5px\"><\/p>\n<h2>Funktioniert ein aufgeklebter Dollar?<\/h2>\n<p style=\"margin-top: 5px;margin-bottom: 5px\"><\/p>\n<p style=\"margin-top: 5px;margin-bottom: 5px\">Geht es Ihnen wie mir? Ich bin erst k\u00fcrzlich zum Tonband konvertiert.<\/p>\n<p style=\"margin-top: 5px;margin-bottom: 5px\"><\/p>\n<p style=\"margin-top: 5px;margin-bottom: 5px\">Ich habe das \"Tupfen\" ein paar Monate lang gemacht, dann war ich frustriert und kehrte zu dem zur\u00fcck, was ich vorher gemacht hatte. Ich war mit meinen Ergebnissen unzufrieden und begann dar\u00fcber nachzudenken, dass Klebeband eine gute Sache sein kann, vielleicht sogar eine gro\u00dfartige Sache.<\/p>\n<p style=\"margin-top: 5px;margin-bottom: 5px\"><\/p>\n<p style=\"margin-top: 5px;margin-bottom: 5px\">Also kaufte ich mir eine Aufnahmeausr\u00fcstung und begann mit dem Aufnehmen.<\/p>\n<p style=\"margin-top: 5px;margin-bottom: 5px\"><\/p>\n<p style=\"margin-top: 5px;margin-bottom: 5px\"><\/p>\n<h2>Wie viel kostet ein echter Verkaufsautomat? Eine \u00fcberraschend kurze Antwort<\/h2>\n<p style=\"margin-top: 5px;margin-bottom: 5px\"><\/p>\n<p style=\"margin-top: 5px;margin-bottom: 5px\">Die ehrw\u00fcrdige Vending Times hat einen Artikel ver\u00f6ffentlicht, der die durchschnittlichen Kosten eines echten Automaten aufzeigt. Mir gef\u00e4llt der Artikel, weil er eine Aufschl\u00fcsselung der Kosten enth\u00e4lt, was ich selten sehe. Als Datenfan war ich jedoch daran interessiert, wie sie zu ihrer Sch\u00e4tzung kamen.<\/p>\n<p style=\"margin-top: 5px;margin-bottom: 5px\"><\/p>\n<p style=\"margin-top: 5px;margin-bottom: 5px\">Hier ist das Problem. Die Daten des Artikels stammen aus der j\u00e4hrlichen Umfrage der Vending Times, in der die typischen Akteure der Vendingbranche zu ihren Kosten befragt werden. Der Artikel enth\u00e4lt jedoch keinen Haftungsausschluss bez\u00fcglich der Genauigkeit der Umfrage. Mit anderen Worten, er enth\u00e4lt nicht<\/p>\n<p style=\"margin-top: 5px;margin-bottom: 5px\"><br style=\"font-family: sans-serif;font-size: 16px\" \/><\/p>\n<p style=\"line-height: 2em\"><\/p>\n<\/div>\n<\/div>\n<\/div>\n<\/div>\n<\/div>\n<p>&nbsp;Dokument\uff1a<img decoding=\"async\" src=\"https:\/\/www.hommy.com\/wp-content\/uploads\/icon_pdf-4.gif\" style=\"margin-right: 2px\" alt=\"Produkt-HM736 2 Geschmacksrichtungen+1Mix Vending-Eiscreme-Maschine-Hommy-img\" title=\"\"><a href=\"https:\/\/img80002414.weyesimg.com\/uploads\/www.hommy.com\/addon\/16028344033211.pdf\" title=\"16028344033211.pdf\" style=\"font-size: 12px\">16028344033211.pdf<\/a><\/p>\n<p><\/p>\n<\/div><\/div>","protected":false},"excerpt":{"rendered":"<p>&nbsp;2 flavour Vending ice cream machine RODUCT FEATURES|2 flavour Vending ice cream machine|PRODUCT SPECIFICATION|PRODUCT ADVANTAGE|2 flavour+1mix Vending ice cream machine This high-quality Milk Shake Vending Machine is known for its robust construction, easy operation, durability and longer life. Our company is highly dedicated towards offering the best in class services. These machines are manufactured with [&hellip;]<\/p>\n","protected":false},"featured_media":241,"comment_status":"open","ping_status":"open","template":"","meta":{"_swt_meta_header_display":false,"_swt_meta_footer_display":false,"_swt_meta_site_title_display":false,"_swt_meta_sticky_header":false,"_swt_meta_transparent_header":false},"product_brand":[],"product_cat":[71,68],"product_tag":[],"class_list":{"0":"post-246","1":"product","2":"type-product","3":"status-publish","4":"has-post-thumbnail","6":"product_cat-ice-cream-vending-machine","7":"product_cat-vending-machine","9":"first","10":"instock","11":"shipping-taxable","12":"product-type-simple"},"_links":{"self":[{"href":"https:\/\/www.hommy.com\/de\/wp-json\/wp\/v2\/product\/246","targetHints":{"allow":["GET"]}}],"collection":[{"href":"https:\/\/www.hommy.com\/de\/wp-json\/wp\/v2\/product"}],"about":[{"href":"https:\/\/www.hommy.com\/de\/wp-json\/wp\/v2\/types\/product"}],"replies":[{"embeddable":true,"href":"https:\/\/www.hommy.com\/de\/wp-json\/wp\/v2\/comments?post=246"}],"wp:featuredmedia":[{"embeddable":true,"href":"https:\/\/www.hommy.com\/de\/wp-json\/wp\/v2\/media\/241"}],"wp:attachment":[{"href":"https:\/\/www.hommy.com\/de\/wp-json\/wp\/v2\/media?parent=246"}],"wp:term":[{"taxonomy":"product_brand","embeddable":true,"href":"https:\/\/www.hommy.com\/de\/wp-json\/wp\/v2\/product_brand?post=246"},{"taxonomy":"product_cat","embeddable":true,"href":"https:\/\/www.hommy.com\/de\/wp-json\/wp\/v2\/product_cat?post=246"},{"taxonomy":"product_tag","embeddable":true,"href":"https:\/\/www.hommy.com\/de\/wp-json\/wp\/v2\/product_tag?post=246"}],"curies":[{"name":"wp","href":"https:\/\/api.w.org\/{rel}","templated":true}]}}