{"id":240,"date":"2024-07-02T12:21:13","date_gmt":"2024-07-02T12:21:13","guid":{"rendered":"http:\/\/localhost\/hommywp\/hm736s-buy-yummy-ice-cream-self-serving-machine-for-many-locations\/"},"modified":"2025-08-01T09:57:28","modified_gmt":"2025-08-01T09:57:28","slug":"hm736s-eiscreme-automat","status":"publish","type":"product","link":"https:\/\/www.hommy.com\/de\/p\/hm736s-eiscreme-automat\/","title":{"rendered":"Hm736s Yummy Ice Cream Self Serving Machine f\u00fcr viele Standorte kaufen"},"content":{"rendered":"<div>\n<p style=\"text-align: center\">&nbsp;<\/p>\n<h2 style=\"text-align: center\"><strong><span style=\"font-family: arial, helvetica, sans-serif;font-size: 24px\"><a name=\"Vending ice cream machine\"><\/a>Verkaufsautomat f\u00fcr Speiseeis<\/span><\/strong><br \/><\/h2>\n<p style=\"text-align: center\"><a href=\"#Vending ice cream machine\" target=\"_self\" data-lv=\"0\" rel=\"noopener\"><span style=\"font-size: 16px\"><span style=\"font-family: arial, helvetica, sans-serif\">Verkaufsautomat f\u00fcr Speiseeis<\/span><\/span><\/a><span style=\"font-size: 16px\"><span style=\"font-family: arial, helvetica, sans-serif\">|<a href=\"#PRODUCT FEATURES\" target=\"_self\" data-lv=\"0\" rel=\"noopener\">PRODUKTMERKMALE<\/a>|<a href=\"#Vending ice cream machine\" target=\"_self\" data-lv=\"0\" rel=\"noopener\">Verkaufsautomat f\u00fcr Speiseeis<\/a>|<a href=\"#PRODUCT SPECIFICATION\" target=\"_self\" data-lv=\"0\" rel=\"noopener\">PRODUKTSPEZIFIKATION<\/a>|<a href=\"#PRODUCT ADVANTAGE\" target=\"_self\" data-lv=\"0\" rel=\"noopener\">PRODUKTVORTEIL<\/a><\/span><\/span><\/p>\n<p style=\"text-align: center\"><span style=\"font-size: 20px\"><br \/><\/span><\/p>\n<p><span style=\"font-size: 20px\"><br \/><\/span><\/p>\n<p><!-- Video start --><video poster=\"https:\/\/img80002414.weyesimg.com\/uploads\/www.hommy.com\/video\/15861297568561.mp4?vframe\/jpg\/offset\/1\" id=\"video\" preload=\"auto\" controls=\"controls\" style=\"width:100%;height:510px\"><\/video><!-- Video end --><\/p>\n<p><!-- Video start --><video poster=\"https:\/\/img80002414.weyesimg.com\/uploads\/www.hommy.com\/video\/15861298201490.mp4?vframe\/jpg\/offset\/1\" id=\"video\" preload=\"auto\" controls=\"controls\" style=\"width:100%;height:510px\"><\/video><!-- Video end --><\/p>\n<p>Die Eiscreme-Selbstbedienungsmaschine ist ein Verkaufsautomat, der Ihnen helfen kann, t\u00e4glich Softeis zu verkaufen. Bei dieser Art von Automaten k\u00f6nnen die Kunden eine Geschmacksrichtung ausw\u00e4hlen, einen Becher w\u00e4hlen und das Eis bezahlen. Er ist ideal f\u00fcr Hotels, Restaurants und Superm\u00e4rkte.<\/p>\n<p>In einer Welt, in der sich die Technologie st\u00e4ndig weiterentwickelt, ist es nicht verwunderlich, dass auch der Verkauf von Speiseeis immer mehr zum Hightech-Bereich wird. Diese innovative Maschine erm\u00f6glicht es den Kunden, sich selbst zu bedienen, was bedeutet, dass Sie eine Pause einlegen und trotzdem Geld verdienen k\u00f6nnen.<\/p>\n<p>Die Eiscreme-Selbstbedienungsmaschine ist perfekt f\u00fcr jeden Verk\u00e4ufer, der seinen Gewinn steigern m\u00f6chte, ohne seine Freizeit zu opfern. Mit dieser Maschine k\u00f6nnen Sie eine wohlverdiente Pause einlegen, w\u00e4hrend sich Ihre Kunden selbst bedienen. Da Sie kein Personal ben\u00f6tigen, ist die Eiscreme-Selbstbedienungsmaschine eine kosteng\u00fcnstige M\u00f6glichkeit, Eis zu verkaufen. Worauf warten Sie also noch? Holen Sie sich noch heute eine und profitieren Sie von den Gewinnen!<\/p>\n<h2><span style=\"font-size: 24px\"><a name=\"PRODUCT FEATURES\"><\/a><strong><span style=\"font-size: 24px;font-family: arial, helvetica, sans-serif\">PRODUKTMERKMALE<\/span><\/strong><\/span><\/h2>\n<div class=\"text-left d-tem09-title d-interval\" data-detail=\"wrap\">\n<div class=\"title-header\">\n<p style=\"margin: 0px;text-align: justify;text-indent: 0px\"><span style=\"letter-spacing: 0px;font-family: Calibri;font-size: 16px\">Hommy Vending <a style=\"color:blue\" href=\"\/de\/\">Speiseeismaschine<\/a> haben mehr humanisierte Funktion: frisch halten, Luftpumpe, Mischer im Trichter, auftauen, Pasteurisierung, Fernbedienung, verkauft Bericht, erinnern, <\/span><span style=\"letter-spacing: 0px;font-family: \u5b8b\u4f53;font-size: 16px\">verschiedene Sprachen w\u00e4hlen. Wir begr\u00fc\u00dfen auch OEM und ODM.&nbsp;<\/span><\/p>\n<\/div>\n<\/div>\n<p>&nbsp;<\/p>\n<div class=\"d-tem11-graphic tem11-graphic mockup\" data-detail=\"wrap\">\n<div class=\"tab_row\">\n<div class=\"img\" style=\"width: 50%\"><img loading=\"lazy\" decoding=\"async\" width=\"563\" height=\"747\" title=\"\" style=\"width: 563px;height: 747px\" alt=\"Produkt-HM736S Speiseeis-Automat-Hommy-img\" src=\"https:\/\/www.hommy.com\/wp-content\/uploads\/15861296472488.png\" border=\"0\" vspace=\"0\"><\/div>\n<div class=\"text_box\" style=\"width: 50%\">\n<div class=\"txt\">\n<div class=\"title\">\n<h2>&nbsp;<strong><span style=\"font-family: arial, helvetica, sans-serif;font-size: 24px\"><a name=\"Vending ice cream machine\"><\/a>Verkaufsautomat f\u00fcr Speiseeis<\/span><\/strong><\/h2>\n<\/div>\n<p>&nbsp;<\/p>\n<p style=\"line-height: 1.75em\">25-Zoll-Touchscreen-Tablet-Controller, f\u00fcr Werbung Eiscreme-Fertigzone <\/p>\n<p style=\"margin-top:0;margin-right:0;margin-bottom:0;margin-left:0;text-indent:0;text-align:justify\"><span style=\"font-family:\u5b8b\u4f53;letter-spacing:0;font-size:14px\">1. 2 Geschmacksrichtungen+1Mischung Eiswaffelmaschine .<\/span><\/p>\n<p style=\"margin-top:0;margin-right:0;margin-bottom:0;margin-left:0;text-indent:0;text-align:justify\"><span style=\"font-family:\u5b8b\u4f53;letter-spacing:0;font-size:14px\">2. innen kann etwa 180pcs Waffelkegel halten.<\/span><\/p>\n<p style=\"margin-top:0;margin-right:0;margin-bottom:0;margin-left:0;text-indent:0;text-align:justify\"><span style=\"font-family:\u5b8b\u4f53;letter-spacing:0;font-size:14px\">3. Zahlungssystem: In Landesw\u00e4hrung -Bargeld\/M\u00fcnze\/Wechselm\u00fcnze\/Kreditkarte\/Online-Pay.<\/span><\/p>\n<p style=\"margin-top:0;margin-right:0;margin-bottom:0;margin-left:0;text-indent:0;text-align:justify\"><span style=\"font-family:\u5b8b\u4f53;letter-spacing:0;font-size:14px\">Die Eismaschine im Inneren funktioniert:&nbsp;<\/span><\/p>\n<p style=\"line-height: 1.75em\">10,1-Zoll-Touchscreen-Tablet-\u00e4hnlicher Controller mit Android-System <\/p>\n<p style=\"line-height: 1.75em\">Maschinenstatus (Trichter- und Zylindertemperatur, rationierte Einstellung, Produktionsprozess, Fehler, Materialstandswarnung, Preis) <\/p>\n<p style=\"line-height: 1.75em\">Daten\u00fcberpr\u00fcfung (Verkaufsvolumen) <\/p>\n<p style=\"line-height: 1.75em\">Dispensersteuerung <\/p>\n<p style=\"line-height: 1.75em\">Einstellungen der Maschine <\/p>\n<p style=\"line-height: 1.75em\">Intelligente Bedienung <\/p>\n<p style=\"line-height: 1.75em\">Funktion Senden an Mobiltelefon Alarm <\/p>\n<p style=\"line-height: 1.75em\">Die Maschine im Inneren haben mehr Funktion, das kann Ihnen helfen, mehr k\u00fcnstliche Kosten zu sparen:<\/p>\n<p style=\"line-height: 1.75em\">Das Vork\u00fchlsystem h\u00e4lt die Mischung im Auto- und Standby-Modus unter 5\u2103. <\/p>\n<p style=\"line-height: 1.75em\">Die Luftpumpe f\u00f6rdert das Gemisch mit einer bestimmten Luftmenge zu den Gefrierzylindern. <\/p>\n<p style=\"line-height: 1.75em\">Der Mischer sorgt f\u00fcr eine gleichm\u00e4\u00dfige Mischung in den Trichtern. <\/p>\n<p style=\"line-height: 1.75em\">Die W\u00e4rmebehandlung bietet eine t\u00e4gliche Reinigungsroutine, um das Produkt gem\u00e4\u00df den Qualit\u00e4ts- und Sicherheitsstandards bis zu zwei Wochen vor der vollst\u00e4ndigen Reinigung mit Demontage zu erhalten. <\/p>\n<p style=\"line-height: 1.75em\"><span style=\"font-size: 18px\"><strong><br \/><\/strong><\/span><\/p>\n<p style=\"line-height: 1.75em\"><span style=\"font-size: 18px\"><strong>Entfrosten <\/strong><\/span><\/p>\n<p style=\"line-height: 1.75em\">Die Produktionsabtauung l\u00e4sst das Produkt in beiden Zylindern schnell schmelzen und geht dann zur\u00fcck in den Produktionsmodus, um zu reproduzieren. <\/p>\n<p style=\"line-height: 1.75em\">Das Abtauen durch Waschen l\u00e4sst das Produkt in den Zylindern schnell schmelzen, so dass vor der Reinigung deutlich weniger Reste \u00fcbrig bleiben. <\/p>\n<p style=\"line-height: 1.75em\"><strong><span style=\"font-size: 18px\"><br \/><\/span><\/strong><\/p>\n<p style=\"line-height: 1.75em\"><strong><span style=\"font-size: 18px\">Desinfektion <\/span><\/strong><\/p>\n<p style=\"line-height: 1.75em\">Spezielle Funktion, die den Desinfektionsprozess halbautomatisch und einfach macht. <\/p>\n<p style=\"line-height: 1.75em\">Demontieren Sie die Maschine nicht, um den Halsteil, die Luftpumpeneinheit, den Schl\u00e4ger und den Zylinder zu reinigen.<br \/>\nDer Z\u00e4hler erm\u00f6glicht es dem Bediener, die Anzahl der ausgegebenen Portionen zu sehen. <\/p>\n<p style=\"line-height: 1.75em\">&nbsp;<\/p>\n<\/div>\n<\/div>\n<\/div>\n<\/div>\n<p>&nbsp;<\/p>\n<div class=\"text-left d-tem09-title d-interval\" data-detail=\"wrap\">\n<div class=\"title-header\">\n<h2><strong><span style=\"font-size: 24px;font-family: arial, helvetica, sans-serif\"><a name=\"PRODUCT SPECIFICATION\"><\/a>PRODUKTSPEZIFIKATION<\/span><\/strong><\/h2>\n<p><span>Hervorragende Kundenerfahrungen sind der Ausgangspunkt von Hommy.<\/span><\/p>\n<p><span><img decoding=\"async\" src=\"https:\/\/www.hommy.com\/wp-content\/uploads\/15863021586541.png\" title=\"uploads\/www.hommy.com\/images\/https:\/\/www.hommy.com\/wp-content\/uploads\/15863021586541.png\" alt=\"bild.png\" \/><\/span><\/p>\n<p><\/p>\n<h2>&nbsp; &nbsp;&nbsp;<strong><span style=\"font-size: 24px;font-family: arial, helvetica, sans-serif\"><a name=\"PRODUCT ADVANTAGE\"><\/a>PRODUKTVORTEIL<\/span><\/strong><\/h2>\n<p>Hommy haben produzieren Eismaschine f\u00fcr 20 Jahre Erfahrung, Vending-Eis-Maschine f\u00fcgen Sie mehr Funktion Softeis, weil kein Kerl, um die ganze Zeit zu warten. wir auf dieser Basis f\u00fcgen Sie mehr Sensor und Software verwenden, um es zu kontrollieren, die gute Qualit\u00e4t und gute Funktion ist.<\/p>\n<\/div>\n<\/div>\n<div class=\"d-tem01-graphic tem01-graphic mockup\" data-detail=\"wrap\">\n<div class=\"cont-section clearfix d-clearfix\">\n<div class=\"col-md-6 col-sm-6 col-xs-6\">\n<div class=\"right-p\">\n<div class=\"h2 heading\">Abtauen&nbsp;<\/div>\n<p><\/p>\n<p><span style=\"letter-spacing: 0px;font-family: \u5b8b\u4f53;font-size: 16px\">Wenn die Maschine arbeiten 1 Stunde nicht verkaufen Eis, Zylinder einige Zeit blockiert werden, richten wir das System automtic Abtauen, so kann die Maschine noch arbeiten und abtauen innen Eis und machte gute Qualit\u00e4t Eis oder gefrorenen Joghurt.&nbsp;<\/span><\/p>\n<\/div>\n<div class=\"graphic_pic animated wow bounceIn\" data-wow-delay=\".7s\">\n<p style=\"text-align: center\"><img loading=\"lazy\" decoding=\"async\" width=\"393\" height=\"211\" title=\"\" style=\"width: 415px\" alt=\"Produkt-Hommy-HM736S Speiseeis-Automat-img\" src=\"https:\/\/www.hommy.com\/wp-content\/uploads\/15788853994504-2.png\"><\/p>\n<p><\/p>\n<p>&nbsp; &nbsp; &nbsp; &nbsp; &nbsp; &nbsp;<\/p><\/div>\n<\/div>\n<div class=\"col-md-6 col-sm-6 col-xs-6\">\n<div class=\"right-p\">\n<div class=\"h2 heading\">Luftpumpe&nbsp;<\/div>\n<div class=\"description\">\n<p><span style=\"letter-spacing: 0px;font-family: \u5b8b\u4f53;font-size: 16px\">Einstellbarer \u00dcberlauf von 20% bis 80%, reduziert die Bildung von Eiskristallen, macht gefrorenen Joghurt (Eiscreme) geschmeidig und sieht wei\u00df aus; reduziert den Einsatz von Rohstoffen, erh\u00f6ht den Gewinn<\/span><\/p>\n<p>.<\/p><\/div>\n<\/div>\n<div class=\"graphic_pic animated wow bounceIn\" data-wow-delay=\".7s\"><img loading=\"lazy\" decoding=\"async\" width=\"473\" height=\"228\" title=\"\" style=\"width: 473px\" alt=\"Produkt-Automat -Hommy-img\" src=\"https:\/\/www.hommy.com\/wp-content\/uploads\/15787019643805-2.png\"><br \/>\n &nbsp; &nbsp; &nbsp; &nbsp; &nbsp; &nbsp;<\/div>\n<\/div>\n<\/div>\n<\/div>\n<p>&nbsp;<\/p>\n<p>&nbsp;<\/p>\n<div class=\"d-tem01-graphic tem01-graphic mockup\" data-detail=\"wrap\">\n<div class=\"cont-section clearfix d-clearfix\">\n<div class=\"col-md-6 col-sm-6 col-xs-6\">\n<div class=\"right-p\">\n<div class=\"h2 heading\">Pasteurisierung&nbsp;<\/div>\n<div class=\"description\"><span style=\"letter-spacing: 0px;font-family: \u5b8b\u4f53;font-size: 16px\">Wenn Sie Eis in der Nacht verkaufen, wird das System automatisch eingestellt Pasteurisierung : Kann t\u00f6ten <\/span><span style=\"font-family: Calibri;font-size: 16px\">die Bakterien <\/span><span style=\"font-family: \u5b8b\u4f53;font-size: 16px\">dass <\/span><span style=\"font-family: Calibri;font-size: 16px\">produzieren<\/span><span style=\"font-family: \u5b8b\u4f53;font-size: 16px\">&nbsp;<\/span><span style=\"font-family: Calibri;font-size: 16px\">innerhalb der Maschine<\/span><span style=\"font-family: \u5b8b\u4f53;font-size: 16px\">&nbsp;von -5\u2103&nbsp;<\/span><span style=\"font-family: Arial;font-size: 16px\">\u2192<\/span><span style=\"font-family: \u5b8b\u4f53;font-size: 16px\">&nbsp;65\u2103<\/span><span style=\"font-family: Arial;font-size: 16px\">\u2192<\/span><span style=\"font-family: \u5b8b\u4f53;font-size: 16px\">&nbsp;-5\u2103<\/span><span style=\"font-family: Calibri;font-size: 16px\">Prozess<\/span><span style=\"font-family: \u5b8b\u4f53;font-size: 16px\">&nbsp;( Desinfizieren Sie den Ladezylinder und das Rohmaterial im Inneren, dann k\u00fchlen Sie den Buchungsstatus ). so k\u00f6nnen Sie die Maschine alle 14 Tage ein Mal aufbewahren.&nbsp;<\/span>&nbsp;&nbsp;&nbsp;&nbsp;&nbsp;&nbsp;&nbsp;&nbsp;&nbsp;&nbsp;&nbsp;&nbsp;<\/p>\n<p style=\"text-align: center\"><img decoding=\"async\" title=\"\" alt=\"Produkt-Hommy-Automat -img\" src=\"https:\/\/www.hommy.com\/wp-content\/uploads\/15787019009152-2.png\"><\/p>\n<\/div>\n<\/div>\n<\/div>\n<div class=\"col-md-6 col-sm-6 col-xs-6\">\n<div class=\"right-p\">\n<div class=\"h2 heading\">Sensor verlassen<\/div>\n<div class=\"description\"><span style=\"font-family: \u5b8b\u4f53;font-size: 16px\">Sensor haben lassen <\/span><span style=\"font-family: Calibri;font-size: 16px\">Zweite Stufe, die erste Stufe der fehlenden Materialebene Alarm, die zweite Stufe der automatischen Abschaltung.<\/span><span style=\"font-family: \u5b8b\u4f53;font-size: 16px\">&nbsp;Wenn Sie die erste Nachricht erhalten, haben Sie einige Zeit f\u00fcr Sie, um Material hinzuzuf\u00fcgen keine Notwendigkeit, die Maschine zu stoppen, um es zu arbeiten. <\/span><\/div>\n<\/div>\n<div class=\"graphic_pic animated wow bounceIn\" data-wow-delay=\".7s\">\n<p style=\"text-align: center\"><img loading=\"lazy\" decoding=\"async\" width=\"473\" height=\"306\" title=\"\" style=\"width: 203px\" alt=\"product-Hommy-img\" src=\"https:\/\/www.hommy.com\/wp-content\/uploads\/15788874673345-2.jpg\"><\/p>\n<\/div>\n<\/div>\n<\/div>\n<\/div>\n<p><\/p>\n<p>&nbsp;<\/p>\n<div class=\"d-tem01-graphic tem01-graphic mockup\" data-detail=\"wrap\">\n<div class=\"cont-section clearfix d-clearfix\">\n<div class=\"col-md-6 col-sm-6 col-xs-6\">\n<div class=\"right-p\">\n<div class=\"h2 heading\">Bef\u00f6rderungsfunktion<\/div>\n<div class=\"description\">\n<p style=\"font-family: Calibri;font-size: 16px;font-style: normal;font-weight: normal;margin-top: 0px;margin-bottom: 0px\"><span style=\"font-family: \u5b8b\u4f53;font-size: 16px\">Die Maschine im Inneren haben Promotion-Funktion, die Sie Setup der F\u00f6rderung jederzeit von Tag zu Zeit alle folgen Sie. Sie k\u00f6nnen die zweite Eiscreme halben Preis geben Sie Client mehr Rabatt <\/span><\/p>\n<p style=\"margin: 1em 0px 13px\"><span style=\"font-family: \u5b8b\u4f53;font-size: 16px\">&nbsp;&nbsp;&nbsp;Das kann Ihnen helfen, die Ausverkaufsmenge zu erh\u00f6hen.<\/span><\/p>\n<\/div>\n<\/div>\n<div class=\"graphic_pic animated wow bounceIn\" data-wow-delay=\".7s\">\n<p style=\"text-align: center\"><img decoding=\"async\" title=\"\" alt=\"Produkt-HM736S Speiseeis-Automat-Hommy-img-1\" src=\"https:\/\/www.hommy.com\/wp-content\/uploads\/15788858121941-2.png\"><\/p>\n<\/div>\n<\/div>\n<div class=\"col-md-6 col-sm-6 col-xs-6\">\n<div class=\"right-p\">\n<div class=\"h2 heading\">Andere Sprache<\/div>\n<div class=\"description\">\n<p style=\"font-family: Calibri;font-size: 16px;font-style: normal;font-weight: normal;margin-top: 0px;margin-bottom: 0px\"><span style=\"font-family: \u5b8b\u4f53;font-size: 16px\">Die Maschine im Inneren hat mehrere Sprachen f\u00fcr Sie zu w\u00e4hlen: Chinesisch, Englisch, Polen, Saudi-Arabien, Malaysia, Thailand, Spanien.<\/span><\/p>\n<p>.<\/p><\/div>\n<\/div>\n<div class=\"graphic_pic animated wow bounceIn\" data-wow-delay=\".7s\">\n<p style=\"text-align: center\"><img loading=\"lazy\" decoding=\"async\" width=\"404\" height=\"209\" title=\"\" style=\"width: 271px\" alt=\"produkt-Hommy-img-1\" src=\"https:\/\/www.hommy.com\/wp-content\/uploads\/15788858317746-2.png\"><\/p>\n<\/div>\n<\/div>\n<\/div>\n<\/div>\n<p><\/p>\n<p>Dokument\uff1a<img decoding=\"async\" src=\"https:\/\/www.hommy.com\/wp-content\/uploads\/icon_pdf-3.gif\" style=\"margin-right: 2px\" alt=\"product-Hommy-HM736S Eiscreme-Automat-img-1\" title=\"\"><a href=\"https:\/\/img80002414.weyesimg.com\/uploads\/www.hommy.com\/addon\/16028320351286.pdf\" title=\"16028320351286.pdf\" style=\"font-size: 12px\">16028320351286.pdf<\/a><\/p>\n<p>&nbsp;<\/p>\n<h2 style=\"font-family: sans-serif\">Wie viel kostet ein echter Verkaufsautomat?&nbsp;<\/h2>\n<p style=\"margin-top: 5px;margin-bottom: 5px;font-family: sans-serif;font-size: 16px\">Vor dem Kauf sind einige Dinge zu beachten. Erstens: Wie wollen Sie ihn nutzen? Wenn Sie ein Hobbyist sind oder nur zum Spa\u00df ein gelegentliches oder regelm\u00e4\u00dfiges Verkaufsgesch\u00e4ft er\u00f6ffnen wollen, sollten Sie nicht erwarten, dass Sie Tausende von Dollar f\u00fcr einen Qualit\u00e4tsautomaten ausgeben m\u00fcssen. Wenn Sie vorhaben, Snacks oder Mahlzeiten an Passanten zu verkaufen, m\u00fcssen Sie wissen, was Sie f\u00fcr die Herstellung ben\u00f6tigen.<\/p>\n<p style=\"margin-top: 5px;margin-bottom: 5px;font-family: sans-serif;font-size: 16px\"><\/p>\n<h2 style=\"font-family: sans-serif\">Was ist in einem Softeis enthalten?<\/h2>\n<p style=\"margin-top: 5px;margin-bottom: 5px;font-family: sans-serif;font-size: 16px\">Ein Softeis ist ein fettfreies Eis, das eine cremigere Textur als Eiscreme hat. Softeis wird h\u00e4ufig in einer Waffel serviert, kann aber auch in einem Becher oder einer Schale angeboten werden. Es gibt viele verschiedene Geschmacksrichtungen von Softeis, aber die g\u00e4ngigsten sind Vanille und Schokolade.<\/p>\n<p style=\"margin-top: 5px;margin-bottom: 5px;font-family: sans-serif;font-size: 16px\"><\/p>\n<h2 style=\"font-family: sans-serif\">Braucht Eiscreme Zucker?<\/h2>\n<p style=\"margin-top: 5px;margin-bottom: 5px;font-family: sans-serif;font-size: 16px\">Eine Frage, die viele Speiseeishersteller nicht gerne beantworten. Obwohl viele ihren Produkten Zucker zugesetzt haben, um die Kunden anzusprechen, lassen einige den S\u00fc\u00dfstoff weg. Eis gilt seit langem als gesunde Leckerei, und die American Dietetic Association (ADA) sagt seit Jahrzehnten, dass man es in Ma\u00dfen konsumieren kann. Die ADA hat sich jedoch nicht zum Zuckergehalt ge\u00e4u\u00dfert: \"Auch wenn es f\u00fcr den Einzelnen in Ordnung ist, Eis in kleinen Mengen zu konsumieren, ist eine Empfehlung der ADA nicht dazu gedacht, den Verzehr gro\u00dfer Mengen Eis zu empfehlen oder zu dulden\", sagt Dr. Joseph Murray, Direktor f\u00fcr Ern\u00e4hrungspolitik der ADA.<\/p>\n<\/div><\/div>","protected":false},"excerpt":{"rendered":"<p>&nbsp; Vending ice cream machine Vending ice cream machine|PRODUCT FEATURES|Vending ice cream machine|PRODUCT SPECIFICATION|PRODUCT ADVANTAGE Ice Cream self serving machine is a vending machine that can help you sell soft serve ice cream on a daily basis. In this kind of machine, customers can select a flavor, choose a cup, and pay for ice cream. [&hellip;]<\/p>\n","protected":false},"featured_media":231,"comment_status":"open","ping_status":"open","template":"","meta":{"_swt_meta_header_display":false,"_swt_meta_footer_display":false,"_swt_meta_site_title_display":false,"_swt_meta_sticky_header":false,"_swt_meta_transparent_header":false},"product_brand":[],"product_cat":[71,68],"product_tag":[],"class_list":{"0":"post-240","1":"product","2":"type-product","3":"status-publish","4":"has-post-thumbnail","6":"product_cat-ice-cream-vending-machine","7":"product_cat-vending-machine","9":"first","10":"instock","11":"shipping-taxable","12":"product-type-simple"},"_links":{"self":[{"href":"https:\/\/www.hommy.com\/de\/wp-json\/wp\/v2\/product\/240","targetHints":{"allow":["GET"]}}],"collection":[{"href":"https:\/\/www.hommy.com\/de\/wp-json\/wp\/v2\/product"}],"about":[{"href":"https:\/\/www.hommy.com\/de\/wp-json\/wp\/v2\/types\/product"}],"replies":[{"embeddable":true,"href":"https:\/\/www.hommy.com\/de\/wp-json\/wp\/v2\/comments?post=240"}],"wp:featuredmedia":[{"embeddable":true,"href":"https:\/\/www.hommy.com\/de\/wp-json\/wp\/v2\/media\/231"}],"wp:attachment":[{"href":"https:\/\/www.hommy.com\/de\/wp-json\/wp\/v2\/media?parent=240"}],"wp:term":[{"taxonomy":"product_brand","embeddable":true,"href":"https:\/\/www.hommy.com\/de\/wp-json\/wp\/v2\/product_brand?post=240"},{"taxonomy":"product_cat","embeddable":true,"href":"https:\/\/www.hommy.com\/de\/wp-json\/wp\/v2\/product_cat?post=240"},{"taxonomy":"product_tag","embeddable":true,"href":"https:\/\/www.hommy.com\/de\/wp-json\/wp\/v2\/product_tag?post=240"}],"curies":[{"name":"wp","href":"https:\/\/api.w.org\/{rel}","templated":true}]}}