{"id":215,"date":"2024-07-02T12:20:59","date_gmt":"2024-07-02T12:20:59","guid":{"rendered":"http:\/\/localhost\/hommywp\/hm766c-new-commercial-softy-ice-cream-vending-machine-for-stores\/"},"modified":"2025-08-01T09:57:28","modified_gmt":"2025-08-01T09:57:28","slug":"hm766c-eiscreme-automat","status":"publish","type":"product","link":"https:\/\/www.hommy.com\/de\/p\/hm766c-eiscreme-automat\/","title":{"rendered":"Hm766c Neue kommerzielle Softy-Eiscreme-Automaten f\u00fcr L\u00e4den"},"content":{"rendered":"<div>\n<h2 style=\"text-align: center\"><span style=\"font-size: 24px\"><strong><span style=\"letter-spacing: 0px;font-family: arial, helvetica, sans-serif;text-align: center\">Verkaufsautomaten <a style=\"color:blue\" href=\"\/de\/\">Speiseeismaschine<\/a><\/span><\/strong><\/span><\/h2>\n<p><span style=\"font-size: 24px\"><strong><span style=\"letter-spacing: 0px;font-family: arial, helvetica, sans-serif;text-align: center\"><br \/><\/span><\/strong><\/span><\/p>\n<p style=\"text-align: center\"><a href=\"#Vending ice cream machine\" target=\"_self\" data-lv=\"0\" rel=\"noopener\"><span style=\"font-size: 16px\"><span style=\"font-family: arial, helvetica, sans-serif;letter-spacing: 0px\">Verkaufsautomat f\u00fcr Speiseeis<\/span><\/span><\/a><span style=\"font-size: 16px\"><span style=\"font-family: arial, helvetica, sans-serif;letter-spacing: 0px\">|<a href=\"#PRODUCT FEATURES\" target=\"_self\" data-lv=\"0\" rel=\"noopener\">PRODUKTMERKMALE<\/a>|<a href=\"#Vending ice cream machine\" target=\"_self\" data-lv=\"0\" rel=\"noopener\">Verkaufsautomat f\u00fcr Speiseeis<\/a>|<a href=\"#PRODUCT SPECIFICATION\" target=\"_self\" data-lv=\"0\" rel=\"noopener\">PRODUKTSPEZIFIKATION<\/a><\/span><\/span><\/p>\n<p><strong><span style=\"font-family: arial, helvetica, sans-serif;font-size: 24px\"><span style=\"font-family: arial, helvetica, sans-serif;letter-spacing: 0px\"><br \/><\/span><\/span><\/strong><\/p>\n<p><strong><span style=\"font-family: arial, helvetica, sans-serif;font-size: 24px\"><span style=\"font-family: arial, helvetica, sans-serif;letter-spacing: 0px\"><br \/><\/span><\/span><\/strong><\/p>\n<p style=\"text-align: center\">&nbsp;&nbsp;&nbsp;&nbsp;<\/p>\n<p style=\"text-align: center\">&nbsp;&nbsp;&nbsp;&nbsp;<\/p>\n<p><span style=\"font-size: 24px\"><\/span><\/p>\n<p>Diese Maschinen sind ideal f\u00fcr den Verkauf von Speiseeis und bieten ein ausgezeichnetes Qualit\u00e4tsprodukt. Dar\u00fcber hinaus bietet unser Angebot an <a style=\"color:blue\" href=\"https:\/\/www.hommy.com\/de\/verkaufsautomat\/\">kommerzieller Eiscreme-Automat<\/a> ist in einer breiten Palette von Spezifikationen erh\u00e4ltlich und wurde so konzipiert, dass sie den Bed\u00fcrfnissen unserer Kunden entspricht. Die angebotenen Maschinen sind einfach zu bedienen und sind zu vern\u00fcnftigen Preisen erh\u00e4ltlich.<\/p>\n<p><span style=\"font-size: 24px\"><\/span><\/p>\n<h2><strong><span style=\"font-size: 24px;font-family: arial, helvetica, sans-serif\"><a name=\"PRODUCT FEATURES\"><\/a>PRODUKTMERKMALE<\/span><\/strong><\/h2>\n<div class=\"text-left d-tem09-title d-interval\" data-detail=\"wrap\">\n<div class=\"title-header\">\n<p style=\"margin: 0px;text-align: justify;text-indent: 0px\"><span style=\"letter-spacing: 0px;font-family: Calibri;font-size: 16px\">Hommy Vending-Eismaschine haben mehr humanisierte Funktion: frisch halten, Luftpumpe, Mixer in Trichter, Abtauen, Pasteurisierung, Fernbedienung, verkauft Bericht, erinnern, <\/span><span style=\"letter-spacing: 0px;font-family: \u5b8b\u4f53;font-size: 16px\">verschiedene Sprachen w\u00e4hlen. Wir begr\u00fc\u00dfen auch OEM und ODM.&nbsp;<\/span><\/p>\n<\/div>\n<\/div>\n<p>&nbsp;<\/p>\n<div class=\"d-tem11-graphic tem11-graphic mockup\" data-detail=\"wrap\">\n<div class=\"tab_row\">\n<div class=\"img\" style=\"width: 50%\"><img loading=\"lazy\" decoding=\"async\" width=\"563\" height=\"747\" title=\"\" style=\"width: 563px;height: 747px\" alt=\"product-Hommy-img\" src=\"https:\/\/www.hommy.com\/wp-content\/uploads\/15996545668956.jpg\" border=\"0\" vspace=\"0\"><\/div>\n<div class=\"text_box\" style=\"width: 50%\">\n<div class=\"txt\">\n<p>&nbsp;<\/p>\n<h2><strong><span style=\"font-family: arial, helvetica, sans-serif;font-size: 24px\"><a name=\"Vending ice cream machine\"><\/a>Verkaufsautomat f\u00fcr Speiseeis<\/span><\/strong><\/h2>\n<p>&nbsp;<\/p>\n<p style=\"line-height: 1.75em\">Nizza K\u00f6rper der K\u00e4ufer kann die Maschine sehen, wie zu bedienen.&nbsp;<\/p>\n<p style=\"line-height: 1.75em\">27\" Bildschirm f\u00fcr Werbung .&nbsp;<\/p>\n<p style=\"line-height: 1.75em\">10,1-Zoll-Touchscreen-Tablet-\u00e4hnlicher Controller mit Android-System <\/p>\n<p style=\"line-height: 1.75em\">Maschinenstatus (Trichter- und Zylindertemperatur, rationierte Einstellung, Produktionsprozess, Fehler, Materialstandswarnung, Preis) <\/p>\n<p style=\"line-height: 1.75em\">Daten\u00fcberpr\u00fcfung (Verkaufsvolumen) <\/p>\n<p style=\"line-height: 1.75em\">Dispensersteuerung <\/p>\n<p style=\"line-height: 1.75em\">Einstellungen der Maschine <\/p>\n<p style=\"line-height: 1.75em\">Intelligente Bedienung <\/p>\n<p style=\"line-height: 1.75em\">Funktion Senden an Mobiltelefon Alarm <\/p>\n<p style=\"line-height: 1.75em\">Die Maschine im Inneren haben mehr Funktion, das kann Ihnen helfen, mehr k\u00fcnstliche Kosten zu sparen:<\/p>\n<p style=\"line-height: 1.75em\">Das Vork\u00fchlsystem h\u00e4lt die Mischung im Auto- und Standby-Modus unter 5\u2103. <\/p>\n<p style=\"line-height: 1.75em\">Die Luftpumpe f\u00f6rdert das Gemisch mit einer bestimmten Luftmenge zu den Gefrierzylindern. <\/p>\n<p style=\"line-height: 1.75em\">Der Mischer sorgt f\u00fcr eine gleichm\u00e4\u00dfige Mischung in den Trichtern. <\/p>\n<p style=\"line-height: 1.75em\">Die W\u00e4rmebehandlung bietet eine t\u00e4gliche Reinigungsroutine, um das Produkt gem\u00e4\u00df den Qualit\u00e4ts- und Sicherheitsstandards bis zu zwei Wochen vor der vollst\u00e4ndigen Reinigung mit Demontage zu erhalten. <\/p>\n<p style=\"line-height: 1.75em\"><span style=\"font-size: 18px\"><strong><br \/><\/strong><\/span><\/p>\n<p style=\"line-height: 1.75em\"><span style=\"font-size: 18px\"><strong>Entfrosten <\/strong><\/span><\/p>\n<p style=\"line-height: 1.75em\">Die Produktionsabtauung l\u00e4sst das Produkt in beiden Zylindern schnell schmelzen und geht dann zur\u00fcck in den Produktionsmodus, um zu reproduzieren. <\/p>\n<p style=\"line-height: 1.75em\">Das Abtauen durch Waschen l\u00e4sst das Produkt in den Zylindern schnell schmelzen, so dass vor der Reinigung deutlich weniger Reste \u00fcbrig bleiben. <\/p>\n<p style=\"line-height: 1.75em\"><strong><span style=\"font-size: 18px\"><br \/><\/span><\/strong><\/p>\n<p style=\"line-height: 1.75em\"><strong><span style=\"font-size: 18px\">Desinfektion <\/span><\/strong><\/p>\n<p style=\"line-height: 1.75em\">Spezielle Funktion, die den Desinfektionsprozess halbautomatisch und einfach macht. <\/p>\n<p style=\"line-height: 1.75em\">Demontieren Sie die Maschine nicht, um den Halsteil, die Luftpumpeneinheit, den Schl\u00e4ger und den Zylinder zu reinigen.<br \/>\nDer Z\u00e4hler erm\u00f6glicht es dem Bediener, die Anzahl der ausgegebenen Portionen zu sehen. <\/p>\n<p style=\"line-height: 1.75em\">&nbsp;<\/p>\n<\/div>\n<\/div>\n<\/div>\n<\/div>\n<p>&nbsp;<\/p>\n<div class=\"text-left d-tem09-title d-interval\" data-detail=\"wrap\">\n<div class=\"title-header\">\n<h2><strong><span style=\"font-family: arial, helvetica, sans-serif;font-size: 24px\"><a name=\"PRODUCT SPECIFICATION\"><\/a>PRODUKTSPEZIFIKATION<\/span><\/strong><\/h2>\n<p><span>Hervorragende Kundenerfahrungen sind der Ausgangspunkt von Hommy.<\/span><\/p>\n<p><img decoding=\"async\" src=\"https:\/\/www.hommy.com\/wp-content\/uploads\/15996907287051.png\" title=\"uploads\/www.hommy.com\/images\/https:\/\/www.hommy.com\/wp-content\/uploads\/15996907287051.png\" alt=\"bild.png\" \/><\/p>\n<p><\/p>\n<p><\/p>\n<h2>&nbsp;&nbsp;<strong><span style=\"font-size: 24px;font-family: arial, helvetica, sans-serif\"><a name=\"PRODUCT ADVANTAGE\"><\/a>PRODUKTVORTEIL<\/span><\/strong><span style=\"font-size: 24px\">&nbsp;<\/span><\/h2>\n<p>Hommy haben produzieren Eismaschine f\u00fcr 20 Jahre Erfahrung, Vending-Eis-Maschine f\u00fcgen Sie mehr Funktion Softeis, weil kein Kerl, um die ganze Zeit zu warten. wir auf dieser Basis f\u00fcgen Sie mehr Sensor und Software verwenden, um es zu kontrollieren, die gute Qualit\u00e4t und gute Funktion ist.<\/p>\n<\/div>\n<\/div>\n<div class=\"d-tem01-graphic tem01-graphic mockup\" data-detail=\"wrap\">\n<div class=\"cont-section clearfix d-clearfix\">\n<div class=\"col-md-6 col-sm-6 col-xs-6\">\n<div class=\"right-p\">\n<div class=\"h2 heading\">Abtauen&nbsp;<\/div>\n<p><\/p>\n<p><span style=\"letter-spacing: 0px;font-family: \u5b8b\u4f53;font-size: 16px\">Wenn die Maschine arbeiten 1 Stunde nicht verkaufen Eis, Zylinder einige Zeit blockiert werden, richten wir das System automtic Abtauen, so kann die Maschine noch arbeiten und abtauen innen Eis und machte gute Qualit\u00e4t Eis oder gefrorenen Joghurt.&nbsp;<\/span><\/p>\n<\/div>\n<div class=\"graphic_pic animated wow bounceIn\" data-wow-delay=\".7s\">\n<p style=\"text-align: center\"><img loading=\"lazy\" decoding=\"async\" width=\"393\" height=\"211\" title=\"\" style=\"width: 415px\" alt=\"product-Hommy-img\" src=\"https:\/\/www.hommy.com\/wp-content\/uploads\/15788853994504.png\"><\/p>\n<p><\/p>\n<p>&nbsp; &nbsp; &nbsp; &nbsp; &nbsp; &nbsp;<\/p><\/div>\n<\/div>\n<div class=\"col-md-6 col-sm-6 col-xs-6\">\n<div class=\"right-p\">\n<div class=\"h2 heading\">Luftpumpe&nbsp;<\/div>\n<div class=\"description\">\n<p><span style=\"letter-spacing: 0px;font-family: \u5b8b\u4f53;font-size: 16px\">Einstellbarer \u00dcberlauf von 20% bis 80%, reduziert die Bildung von Eiskristallen, macht gefrorenen Joghurt (Eiscreme) geschmeidig und sieht wei\u00df aus; reduziert den Einsatz von Rohstoffen, erh\u00f6ht den Gewinn<\/span><\/p>\n<p>.<\/p><\/div>\n<\/div>\n<div class=\"graphic_pic animated wow bounceIn\" data-wow-delay=\".7s\"><img loading=\"lazy\" decoding=\"async\" width=\"473\" height=\"228\" title=\"\" style=\"width: 473px\" alt=\"product-Hommy-img\" src=\"https:\/\/www.hommy.com\/wp-content\/uploads\/15787019643805.png\"><br \/>\n &nbsp; &nbsp; &nbsp; &nbsp; &nbsp; &nbsp;<\/div>\n<\/div>\n<\/div>\n<\/div>\n<p>&nbsp;<\/p>\n<p>&nbsp;<\/p>\n<div class=\"d-tem01-graphic tem01-graphic mockup\" data-detail=\"wrap\">\n<div class=\"cont-section clearfix d-clearfix\">\n<div class=\"col-md-6 col-sm-6 col-xs-6\">\n<div class=\"right-p\">\n<div class=\"h2 heading\">Pasteurisierung&nbsp;<\/div>\n<div class=\"description\"><span style=\"letter-spacing: 0px;font-family: \u5b8b\u4f53;font-size: 16px\">Wenn Sie Eis in der Nacht verkaufen, wird das System automatisch eingestellt Pasteurisierung : Kann t\u00f6ten <\/span><span style=\"font-family: Calibri;font-size: 16px\">die Bakterien <\/span><span style=\"font-family: \u5b8b\u4f53;font-size: 16px\">dass <\/span><span style=\"font-family: Calibri;font-size: 16px\">produzieren<\/span><span style=\"font-family: \u5b8b\u4f53;font-size: 16px\">&nbsp;<\/span><span style=\"font-family: Calibri;font-size: 16px\">innerhalb der Maschine<\/span><span style=\"font-family: \u5b8b\u4f53;font-size: 16px\">&nbsp;von -5<\/span><span style=\"font-family: \u5b8b\u4f53;font-size: 16px\">\u2103<\/span><span style=\"font-family: \u5b8b\u4f53;font-size: 16px\">&nbsp;<\/span><span style=\"font-family: Arial;font-size: 16px\">\u2192<\/span><span style=\"font-family: \u5b8b\u4f53;font-size: 16px\">&nbsp;<\/span><span style=\"font-family: \u5b8b\u4f53;font-size: 16px\">65<\/span><span style=\"font-family: \u5b8b\u4f53;font-size: 16px\">\u2103<\/span><span style=\"font-family: Arial;font-size: 16px\">\u2192<\/span><span style=\"font-family: \u5b8b\u4f53;font-size: 16px\">&nbsp;-5<\/span><span style=\"font-family: \u5b8b\u4f53;font-size: 16px\">\u2103<\/span><span style=\"font-family: Calibri;font-size: 16px\">Prozess<\/span><span style=\"font-family: \u5b8b\u4f53;font-size: 16px\">&nbsp;( Desinfizieren Sie den Ladezylinder und das Rohmaterial im Inneren, dann k\u00fchlen Sie den Buchungsstatus ). so k\u00f6nnen Sie die Maschine alle 14 Tage ein Mal aufbewahren.&nbsp;<\/span>&nbsp;&nbsp;&nbsp;&nbsp;&nbsp;&nbsp;&nbsp;&nbsp;&nbsp;&nbsp;&nbsp;&nbsp;<\/p>\n<p style=\"text-align: center\"><img decoding=\"async\" title=\"\" alt=\"product-Hommy-img\" src=\"https:\/\/www.hommy.com\/wp-content\/uploads\/15787019009152.png\"><\/p>\n<\/div>\n<\/div>\n<\/div>\n<div class=\"col-md-6 col-sm-6 col-xs-6\">\n<div class=\"right-p\">\n<div class=\"h2 heading\">Sensor verlassen<\/div>\n<div class=\"description\"><span style=\"font-family: \u5b8b\u4f53;font-size: 16px\">Sensor haben lassen <\/span><span style=\"font-family: Calibri;font-size: 16px\">Zweite Stufe, die erste Stufe der fehlenden Materialebene Alarm, die zweite Stufe der automatischen Abschaltung.<\/span><span style=\"font-family: \u5b8b\u4f53;font-size: 16px\">&nbsp;Wenn Sie die erste Nachricht erhalten, haben Sie einige Zeit f\u00fcr Sie, um Material hinzuzuf\u00fcgen keine Notwendigkeit, die Maschine zu stoppen, um es zu arbeiten. <\/span><\/div>\n<\/div>\n<div class=\"graphic_pic animated wow bounceIn\" data-wow-delay=\".7s\">\n<p style=\"text-align: center\"><img loading=\"lazy\" decoding=\"async\" width=\"473\" height=\"306\" title=\"\" style=\"width: 203px\" alt=\"Produkt-Hommy-HM766C Eiscreme-Automat-img\" src=\"https:\/\/www.hommy.com\/wp-content\/uploads\/15788874673345.jpg\"><\/p>\n<\/div>\n<\/div>\n<\/div>\n<\/div>\n<p><\/p>\n<p>&nbsp;<\/p>\n<div class=\"d-tem01-graphic tem01-graphic mockup\" data-detail=\"wrap\">\n<div class=\"cont-section clearfix d-clearfix\">\n<div class=\"col-md-6 col-sm-6 col-xs-6\">\n<div class=\"right-p\">\n<div class=\"h2 heading\">Bef\u00f6rderungsfunktion<\/div>\n<div class=\"description\">\n<p style=\"font-family: Calibri;font-size: 16px;font-style: normal;font-weight: normal;margin-top: 0px;margin-bottom: 0px\"><span style=\"font-family: \u5b8b\u4f53;font-size: 16px\">Die Maschine im Inneren haben Promotion-Funktion, die Sie Setup der F\u00f6rderung jederzeit von Tag zu Zeit alle folgen Sie. Sie k\u00f6nnen die zweite Eiscreme halben Preis geben Sie Client mehr Rabatt <\/span><\/p>\n<p style=\"margin: 1em 0px 13px\"><span style=\"font-family: \u5b8b\u4f53;font-size: 16px\"><span>&nbsp;&nbsp;&nbsp;Das kann Ihnen helfen, die Ausverkaufsmenge zu erh\u00f6hen.<\/span><\/span><\/p>\n<\/div>\n<\/div>\n<div class=\"graphic_pic animated wow bounceIn\" data-wow-delay=\".7s\">\n<p style=\"text-align: center\"><img decoding=\"async\" title=\"\" alt=\"produkt-Hommy-img-1\" src=\"https:\/\/www.hommy.com\/wp-content\/uploads\/15788858121941.png\"><\/p>\n<\/div>\n<\/div>\n<div class=\"col-md-6 col-sm-6 col-xs-6\">\n<div class=\"right-p\">\n<div class=\"h2 heading\">Andere Sprache<\/div>\n<div class=\"description\">\n<p style=\"font-family: Calibri;font-size: 16px;font-style: normal;font-weight: normal;margin-top: 0px;margin-bottom: 0px\"><span style=\"font-family: \u5b8b\u4f53;font-size: 16px\">Die Maschine im Inneren hat mehrere Sprachen f\u00fcr Sie zu w\u00e4hlen: Chinesisch, Englisch, Polen, Saudi-Arabien, Malaysia, Thailand, Spanien.<\/span><\/p>\n<p>.<\/p><\/div>\n<\/div>\n<div class=\"graphic_pic animated wow bounceIn\" data-wow-delay=\".7s\">\n<p style=\"text-align: center\"><img loading=\"lazy\" decoding=\"async\" width=\"404\" height=\"209\" title=\"\" style=\"width: 271px\" alt=\"Produkt-HM766C Eiscreme-Automat-Hommy-img-1\" src=\"https:\/\/www.hommy.com\/wp-content\/uploads\/15788858317746.png\"><\/p>\n<\/div>\n<\/div>\n<\/div>\n<\/div>\n<p><\/p>\n<p><\/p>\n<p>&nbsp;Dokument:<\/p>\n<p style=\"line-height: 16px\"><img decoding=\"async\" style=\"vertical-align: middle;margin-right: 2px\" src=\"https:\/\/www.hommy.com\/wp-content\/uploads\/icon_pdf-1.gif\" alt=\"produkt-Hommy-img-1\" title=\"\"><a style=\"font-size:12px;color:#0066cc\" href=\"https:\/\/img80002414.weyesimg.com\/uploads\/www.hommy.com\/addon\/16027529042637.pdf\" title=\"16027529042637.pdf\">16027529042637.pdf<\/a><\/p>\n<h2>Ist das Automatengesch\u00e4ft tot?<\/h2>\n<p style=\"margin-top: 5px;margin-bottom: 5px\">Haben Sie sich jemals gefragt, wie das Gesch\u00e4ft mit den Verkaufsautomaten funktioniert? Es ist viel komplizierter, als Sie vielleicht denken. In diesem Artikel werfen wir einen Blick darauf, wie Automaten hergestellt werden und wie sie funktionieren, und geben Ihnen einige Tipps, wie Sie Ihr Automatengesch\u00e4ft ausbauen k\u00f6nnen und wie Sie Ihren Automaten f\u00fcr sich arbeiten lassen k\u00f6nnen.<\/p>\n<p style=\"margin-top: 5px;margin-bottom: 5px\"><\/p>\n<h2>Wie funktionieren die japanischen Lebensmittelautomaten?<\/h2>\n<p style=\"margin-top: 5px;margin-bottom: 5px\">Die Japaner sch\u00e4tzen seit langem die Bequemlichkeit von Automaten in ihren Stra\u00dfen, an denen sie eine frisch zubereitete Mahlzeit bestellen k\u00f6nnen, ohne ihr Haus verlassen zu m\u00fcssen. Diese Bequemlichkeit wird vor allem von \u00e4lteren und behinderten Menschen gesch\u00e4tzt, die oft nicht die Kraft haben, f\u00fcr Mahlzeiten weit zu gehen. Aber wie funktionieren diese Automaten?<\/p>\n<p style=\"margin-top: 5px;margin-bottom: 5px\"><\/p>\n<h2>Wie legt man einen Automatenpreis fest?<\/h2>\n<p style=\"margin-top: 5px;margin-bottom: 5px\">Verkaufsautomaten geh\u00f6ren zu den Dingen, die je nach Standort sehr unterschiedlich gehandhabt werden. Vor allem im Vereinigten K\u00f6nigreich gibt es verschiedene M\u00f6glichkeiten, den Preis f\u00fcr das Produkt oder den Snack, den Sie in einen Automaten stellen wollen, zu berechnen, je nachdem, wo Sie sich befinden.Wenn Sie zum Beispiel im Vereinigten K\u00f6nigreich einen Snack in einen Automaten stellen wollen, wird der Preis auf der Grundlage des durchschnittlichen Betrags berechnet, den die Verbraucher zu zahlen bereit sind. Wenn Sie jedoch in den USA leben, m\u00fcssen Sie den Preis auf der Grundlage des Preises berechnen, den der Snack in dem Gesch\u00e4ft, in dem Sie ihn gekauft haben, erzielt.<\/p>\n<\/div><\/div>","protected":false},"excerpt":{"rendered":"<p>Vending ice cream machine Vending ice cream machine|PRODUCT FEATURES|Vending ice cream machine|PRODUCT SPECIFICATION &nbsp;&nbsp;&nbsp;&nbsp; &nbsp;&nbsp;&nbsp;&nbsp; These machines are ideal for ice cream vending and offer an excellent quality product. Furthermore, our offered range of commercial ice cream vending machine is available in a wide range of specifications and is designed to suit the needs of [&hellip;]<\/p>\n","protected":false},"featured_media":206,"comment_status":"open","ping_status":"open","template":"","meta":{"_swt_meta_header_display":false,"_swt_meta_footer_display":false,"_swt_meta_site_title_display":false,"_swt_meta_sticky_header":false,"_swt_meta_transparent_header":false},"product_brand":[],"product_cat":[71,68],"product_tag":[],"class_list":{"0":"post-215","1":"product","2":"type-product","3":"status-publish","4":"has-post-thumbnail","6":"product_cat-ice-cream-vending-machine","7":"product_cat-vending-machine","9":"first","10":"instock","11":"shipping-taxable","12":"product-type-simple"},"_links":{"self":[{"href":"https:\/\/www.hommy.com\/de\/wp-json\/wp\/v2\/product\/215","targetHints":{"allow":["GET"]}}],"collection":[{"href":"https:\/\/www.hommy.com\/de\/wp-json\/wp\/v2\/product"}],"about":[{"href":"https:\/\/www.hommy.com\/de\/wp-json\/wp\/v2\/types\/product"}],"replies":[{"embeddable":true,"href":"https:\/\/www.hommy.com\/de\/wp-json\/wp\/v2\/comments?post=215"}],"wp:featuredmedia":[{"embeddable":true,"href":"https:\/\/www.hommy.com\/de\/wp-json\/wp\/v2\/media\/206"}],"wp:attachment":[{"href":"https:\/\/www.hommy.com\/de\/wp-json\/wp\/v2\/media?parent=215"}],"wp:term":[{"taxonomy":"product_brand","embeddable":true,"href":"https:\/\/www.hommy.com\/de\/wp-json\/wp\/v2\/product_brand?post=215"},{"taxonomy":"product_cat","embeddable":true,"href":"https:\/\/www.hommy.com\/de\/wp-json\/wp\/v2\/product_cat?post=215"},{"taxonomy":"product_tag","embeddable":true,"href":"https:\/\/www.hommy.com\/de\/wp-json\/wp\/v2\/product_tag?post=215"}],"curies":[{"name":"wp","href":"https:\/\/api.w.org\/{rel}","templated":true}]}}