{"id":205,"date":"2024-07-02T12:09:28","date_gmt":"2024-07-02T12:09:28","guid":{"rendered":"http:\/\/localhost\/hommywp\/pa-c7a-street-pizza-vending-machine-manufacturers-for-walmart\/"},"modified":"2025-08-01T09:57:28","modified_gmt":"2025-08-01T09:57:28","slug":"pa-c7a-pizza-automat-1","status":"publish","type":"product","link":"https:\/\/www.hommy.com\/de\/p\/pa-c7a-pizza-automat-1\/","title":{"rendered":"Pa-C7a Street Pizza Vending Machine Hersteller f\u00fcr Walmart"},"content":{"rendered":"<div>\n<h1 style=\"text-align: center\"><strong><span style=\"letter-spacing: 0px;font-family: arial, helvetica, sans-serif;font-size: 24px\"><a name=\"Frozen Pizza Vending Machine\"><\/a>Tiefk\u00fchlpizza-Automat&nbsp;<\/span><\/strong><\/h1>\n<p style=\"text-align: center\"><a href=\"#Frozen Pizza Vending Machine\" target=\"_self\" data-lv=\"0\" rel=\"noopener\"><span style=\"letter-spacing: 0px;font-family: arial, helvetica, sans-serif;font-size: 18px\">Tiefk\u00fchlpizza-Automat<\/span><\/a><span style=\"letter-spacing: 0px;font-family: arial, helvetica, sans-serif;font-size: 18px\">|<a href=\"#Product specification\" target=\"_self\" data-lv=\"0\" rel=\"noopener\">Produktspezifikation<\/a>|<a href=\"#Product Features\" target=\"_self\" data-lv=\"0\" rel=\"noopener\">Produktmerkmale<\/a>|<a href=\"#Product Advantage\" target=\"_self\" data-lv=\"0\" rel=\"noopener\">Produktvorteil<\/a><\/span><\/p>\n<p><\/p>\n<p style=\"text-align: center\">&nbsp;&nbsp;&nbsp;&nbsp;<\/p>\n<h1><\/h1>\n<p>Wir sind ein prominenter Name in diesem Bereich und halten eine starke Position unter unseren Konkurrenten in der Industrie. Der angebotene Pizza-Automat ist f\u00fcr seine Qualit\u00e4t, Haltbarkeit, niedrige Wartungskosten und Zuverl\u00e4ssigkeit sehr gesch\u00e4tzt. Diese Pizza Vending Machine kann von uns zu den g\u00fcnstigsten Preisen zur Verf\u00fcgung gestellt werden.<\/p>\n<div class=\"d-tem01-graphic tem01-graphic mockup\" data-detail=\"wrap\">\n<div class=\"cont-section clearfix d-clearfix\">\n<div class=\"col-md-6 col-sm-6 col-xs-6\"><\/p>\n<div class=\"graphic_pic animated wow bounceIn\" data-wow-delay=\".7s\">\n<p style=\"text-align:center\"><img loading=\"lazy\" decoding=\"async\" src=\"https:\/\/www.hommy.com\/wp-content\/uploads\/16097211447314.jpg\" alt=\"Produkt-Hommy-PA-C7A Pizza-Automat-img\" title=\"\" width=\"500\" height=\"400\" border=\"0\" vspace=\"0\" style=\"width: 500px;height: 400px\"><\/p>\n<\/div>\n<\/div>\n<div class=\"col-md-6 col-sm-6 col-xs-6\">\n<div class=\"right-p\">\n<div class=\"h2 heading\">\n<p><strong><span style=\"letter-spacing: 0px;font-family: arial, helvetica, sans-serif;font-size: 24px\"><a name=\"Product Features\"><\/a>Produktmerkmale<\/span><\/strong><span style=\"font-family:\u5b8b\u4f53;letter-spacing:0;font-size:29px\">&nbsp;<\/span><\/p>\n<\/div>\n<p><span style=\"font-family: arial, helvetica, sans-serif;font-size: 18px\"><\/span><\/p>\n<p><span style=\"font-family: arial, helvetica, sans-serif;font-size: 18px\">1. 21,5\"-Bildschirm zur Bedienung .<\/span><\/p>\n<p><span style=\"letter-spacing: 0px;font-family: arial, helvetica, sans-serif;font-size: 18px\">2. die patentierte Kanalstruktur wurde entwickelt, um eine reibungslose und stabile Lieferung von Waren bei niedrigen Temperaturen zu gew\u00e4hrleisten, da die Umgebungstemperaturen sehr niedrig sind. <\/span><\/p>\n<p><span style=\"font-family: arial, helvetica, sans-serif;font-size: 18px\">3. Das Zahlungssystem kann annehmen: M\u00fcnze, Rechnung, Exchang-M\u00fcnze, Kreditkarte Schnittstelle.<\/span><\/p>\n<p><span style=\"font-family: arial, helvetica, sans-serif;font-size: 18px\"><span style=\"font-family: Calibri;font-size: 21px\">4. Der Gefrierschrank im Inneren kann 30pcs Pizza halten \uff08das ist amerikanischer Stil Pizza Verpackung Box: 41X41X4.5cm), wenn Ihre Pizza Verpackung Box Gr\u00f6\u00dfe klein ist, dass mehr Menge sein wird und halten Sie die Temperatur von -8<\/span><span style=\"font-family: \u5b8b\u4f53;font-size: 21px\">\u2103<\/span><span style=\"font-family: Calibri;font-size: 21px\">&nbsp;bis 10<\/span><span style=\"font-family: \u5b8b\u4f53;font-size: 21px\">\u2103<\/span><span style=\"font-family: Calibri;font-size: 21px\">. <\/span><\/span><\/p>\n<p><span style=\"font-family: arial, helvetica, sans-serif;font-size: 18px\">5. Erweiterte PC-Steuerplatine, gut programmierte Funktion und stabiles Arbeiten.<\/span><\/p>\n<p><span style=\"font-family: arial, helvetica, sans-serif;font-size: 18px\">6. Die Gefriertemperatur kann auf Basis verschiedener Produkte eingestellt werden, mit automatischer Abtaufunktion, um sicherzustellen, dass die Maschine bei hoher Temperatur und hoher Luftfeuchtigkeit Wetter unter normalen Betrieb und Pasteurisierung Funktion;<\/span><\/p>\n<p><span style=\"font-family: arial, helvetica, sans-serif;font-size: 18px\">7. Es gibt eine Stromausfall-Schutzfunktion, die Maschine zeigt noch die Macht des Staates, hat die Speicherfunktion, die Funktion der \u00dcberlast Leckage-Schutz, sorgen f\u00fcr einen sicheren Betrieb der Maschine. <\/span><\/p>\n<p style=\"margin-top:0;margin-right:0;margin-bottom:0;text-align:justify\"><span style=\"letter-spacing: 0px;font-family: arial, helvetica, sans-serif;font-size: 18px\">8. Die Sprache ist Englisch. &nbsp;<\/span><\/p>\n<p><span style=\"font-family: arial, helvetica, sans-serif;font-size: 18px\">9. Computer-Fernverwaltungssystem: Abfrage von Verkaufsdetails, Mangelerinnerungen, Maschinenausfallerinnerung.<\/span><\/p>\n<p><span style=\"font-family: arial, helvetica, sans-serif;font-size: 18px\"><br \/><\/span><\/p>\n<p><span style=\"font-family: arial, helvetica, sans-serif;font-size: 18px\"><\/span><\/p>\n<\/div>\n<p>&nbsp; &nbsp; &nbsp; &nbsp; &nbsp; &nbsp; &nbsp;<\/p><\/div>\n<\/div>\n<\/div>\n<p><\/p>\n<h1 style=\", Helvetica, Arial, sans-serif\"><strong><span style=\"letter-spacing: 0px;font-family: arial, helvetica, sans-serif;font-size: 24px\"><a name=\"Product specification\"><\/a>Produktspezifikation<\/span><\/strong><\/h1>\n<p><strong><span style=\"letter-spacing: 0px;font-family: arial, helvetica, sans-serif;font-size: 24px\"><br \/><\/span><\/strong><\/p>\n<p><strong><span style=\"letter-spacing: 0px;font-family: arial, helvetica, sans-serif;font-size: 24px\"><img decoding=\"async\" src=\"https:\/\/www.hommy.com\/wp-content\/uploads\/16097213592257.png\" alt=\"product-Hommy-img\" title=\"\"><\/span><\/strong><\/p>\n<h1><span style=\"font-family: arial, helvetica, sans-serif;font-size: 24px\"><strong><span style=\"font-family: arial, helvetica, sans-serif;letter-spacing: 0px\"><a name=\"Product Advantage\"><\/a><\/span><\/strong><\/span><br \/><\/h1>\n<h1><span style=\"font-family: arial, helvetica, sans-serif;font-size: 24px\"><strong><span style=\"font-family: arial, helvetica, sans-serif;letter-spacing: 0px\"><a name=\"Product Advantage\"><\/a>Produktvorteil<\/span><\/strong><\/span><\/h1>\n<div class=\"d-tem01-graphic tem01-graphic mockup\" data-detail=\"wrap\">\n<div class=\"cont-section clearfix d-clearfix\">\n<div class=\"col-md-6 col-sm-6 col-xs-6\">\n<div class=\"right-p\">\n<div class=\"h2 heading\">\n<p style=\"margin-top:0;margin-right:0;margin-bottom:0;margin-left:0;text-indent:0;text-align:justify\"><span style=\"font-family:Calibri;font-size:21px\">1.&nbsp;&nbsp;<\/span><span style=\"font-family:Calibri;font-size:21px\">21.5<\/span><span style=\"font-family:Calibri;font-size:21px\">\"<\/span><span style=\"font-family:Calibri;font-size:21px\">&nbsp;Bildschirm f\u00fcr den Betrieb .<\/span><\/p>\n<p style=\"margin-top:0;margin-right:0;margin-bottom:0;margin-left:0;text-indent:0;text-align:justify\"><span style=\"font-family:Calibri;font-size:21px\"><br \/><\/span><\/p>\n<\/div>\n<\/div>\n<div class=\"graphic_pic animated wow bounceIn\" data-wow-delay=\".7s\">\n<p style=\"text-align:center\"><img loading=\"lazy\" decoding=\"async\" src=\"https:\/\/www.hommy.com\/wp-content\/uploads\/16097215947160.jpg\" alt=\"product-PA-C7A Pizza-Automat-Hommy-img\" title=\"\" width=\"350\" height=\"551\" border=\"0\" vspace=\"0\" style=\"width: 350px;height: 551px\"><\/p>\n<\/div>\n<\/div>\n<div class=\"col-md-6 col-sm-6 col-xs-6\">\n<div class=\"right-p\">\n<div class=\"h2 heading\">\n<p style=\"margin-top:0;margin-right:0;margin-bottom:0;margin-left:0;text-indent:0;text-align:justify\"><span style=\"font-family: arial, helvetica, sans-serif;font-size: 18px\"><span style=\"font-family: arial, helvetica, sans-serif;letter-spacing: 0px\">2. 30 S\u00e4tze von Pizza halten in der Papier-Box, die in der Maschine gespeichert, halten Sie die Temperatur <\/span><span style=\"font-family: arial, helvetica, sans-serif\">von -8\u2103 bis 10\u2103.<\/span><\/span><\/p>\n<p style=\"margin-top:0;margin-right:0;margin-bottom:0;margin-left:0;text-indent:0;text-align:justify\"><span style=\"font-family: arial, helvetica, sans-serif;font-size: 18px\"><span style=\"font-family: arial, helvetica, sans-serif\"><br \/><\/span><\/span><\/p>\n<\/div>\n<\/div>\n<div class=\"graphic_pic animated wow bounceIn\" data-wow-delay=\".7s\">\n<p style=\"text-align:center\"><img loading=\"lazy\" decoding=\"async\" src=\"https:\/\/www.hommy.com\/wp-content\/uploads\/16097216543041.jpg\" alt=\"product-Hommy-img\" title=\"\" width=\"300\" height=\"350\" border=\"0\" vspace=\"0\" style=\"width: 300px;height: 350px\"><\/p>\n<\/div>\n<\/div>\n<\/div>\n<\/div>\n<div class=\"d-tem01-graphic tem01-graphic mockup\" data-detail=\"wrap\">\n<div class=\"cont-section clearfix d-clearfix\">\n<div class=\"col-md-6 col-sm-6 col-xs-6\">\n<div class=\"right-p\">\n<div class=\"h2 heading\">\n<p><span style=\"font-family: arial, helvetica, sans-serif;font-size: 18px\"><span style=\"font-family: arial, helvetica, sans-serif;letter-spacing: 0px\">3.&nbsp;<\/span><span style=\"font-family: arial, helvetica, sans-serif\">Das Zahlungssystem kann M\u00fcnzen, Scheine, Exchang-M\u00fcnzen und Kreditkarten akzeptieren.<\/span><\/span><\/p>\n<p><span style=\"font-family: arial, helvetica, sans-serif;font-size: 18px\"><span style=\"font-family: arial, helvetica, sans-serif\"><br \/><\/span><\/span><\/p>\n<\/div>\n<\/div>\n<div class=\"graphic_pic animated wow bounceIn\" data-wow-delay=\".7s\">\n<p style=\"text-align:center\"><img loading=\"lazy\" decoding=\"async\" src=\"https:\/\/www.hommy.com\/wp-content\/uploads\/16097217475490.jpg\" alt=\"product-Hommy-img\" title=\"\" width=\"350\" height=\"551\" border=\"0\" vspace=\"0\" style=\"width: 350px;height: 551px\"><\/p>\n<p><\/p>\n<p><\/p>\n<p><\/p>\n<h2 style=\"font-family: sans-serif\">In welchen L\u00e4ndern gibt es Pizza-Automaten?<\/h2>\n<p style=\"margin-top: 5px;margin-bottom: 5px;font-family: sans-serif;font-size: 16px\">Verkaufsautomaten k\u00f6nnen sehr effektiv sein, wenn sie die Massen erreichen.<\/p>\n<p style=\"margin-top: 5px;margin-bottom: 5px;font-family: sans-serif;font-size: 16px\">In vielen L\u00e4ndern gibt es Automaten, die sowohl einheimische als auch internationale Speisen anbieten, von Pizza bis D\u00f6ner Kebab. In vielen L\u00e4ndern gibt es Pizzaautomaten, die sowohl Pizza mit d\u00fcnner als auch mit dicker Kruste zubereiten k\u00f6nnen. Diese Automaten k\u00f6nnen sehr gut sein, wenn die Automaten nicht zu \u00fcberf\u00fcllt sind, obwohl sie m\u00f6glicherweise nicht leicht zu erreichen sind, wenn der Standort schwer zu erreichen ist. Au\u00dferdem sollte der Automat in der Lage sein, das Essen innerhalb kurzer Zeit zuzubereiten, da die Automaten h\u00e4ufig von Schulkindern genutzt werden und oft eine schnelle Mahlzeit ben\u00f6tigen.&nbsp;<\/p>\n<p style=\"margin-top: 5px;margin-bottom: 5px;font-family: sans-serif;font-size: 16px\"><\/p>\n<h2 style=\"font-family: sans-serif\">Kann man mit Verkaufsautomaten Geld verdienen?<\/h2>\n<p style=\"margin-top: 5px;margin-bottom: 5px;font-family: sans-serif;font-size: 16px\">Ein Vending-Automat ist ein Ger\u00e4t f\u00fcr den Einzelhandel, das Produkte ausgibt. Ein Verkaufsautomat enth\u00e4lt viele verschiedene Arten von Produkten, wie Snacks, Getr\u00e4nke, Mahlzeiten und vieles mehr. Sie sind ein effektives Mittel, um Produkte schnell und bequem zu den Menschen zu bringen. Am h\u00e4ufigsten werden sie in Einzelhandelsgesch\u00e4ften und Schulen f\u00fcr Snacks, Getr\u00e4nke und andere \u00e4hnliche Produkte verwendet, die an Ort und Stelle verzehrt werden k\u00f6nnen.Die Geschichte der Automaten ist recht interessant, beginnend mit den sp\u00e4ten 1800er und fr\u00fchen 1900er Jahren. In den 1930er Jahren wurden sie f\u00fcr den Verkauf von Erfrischungsgetr\u00e4nken und Eiscreme eingesetzt, was einen gro\u00dfen Schritt in der Einzelhandelsbranche darstellte. In den sp\u00e4ten 1960er- und fr\u00fchen 1970er-Jahren wurden Automaten in den Vereinigten Staaten allt\u00e4glich, und heute sind sie in der ganzen Welt weit verbreitet.<\/p>\n<p style=\"margin-top: 5px;margin-bottom: 5px;font-family: sans-serif;font-size: 16px\"><\/p>\n<h2 style=\"font-family: sans-serif\">Wer stellt Pizza-Automaten her?<\/h2>\n<p style=\"margin-top: 5px;margin-bottom: 5px;font-family: sans-serif;font-size: 16px\">Es gibt zwei Haupttypen von Verkaufsautomaten. Der eine ist der urspr\u00fcngliche Automat, der Zigaretten, Softdrinks, Bier, S\u00fc\u00dfigkeiten und manchmal auch Lebensmittel verkauft. Die andere und h\u00e4ufigere Art von Automaten ist der Pizza-Automat. Seit mehr als 15 Jahren sind Pizzaautomaten eine beliebte Wahl f\u00fcr kleine Unternehmen und sogar f\u00fcr kleine und gro\u00dfe Ketten. Pizzaautomaten und ihr Erfolg waren im letzten Jahrzehnt ein hei\u00dfes Thema, und viele der gro\u00dfen Pizzaketten und sogar einige Pizzaketten kleinerer oder regionaler Ketten haben Automaten f\u00fcr ihre Speisekarte gekauft und eingesetzt.<\/p>\n<\/div>\n<\/div>\n<div class=\"col-md-6 col-sm-6 col-xs-6\">\n<div class=\"right-p\">\n<div class=\"h2 heading\">\n<p><span style=\"font-family: arial, helvetica, sans-serif;font-size: 18px\">4. Computer-Fernverwaltungssystem: Abfrage von Verkaufsdetails, Mangelerinnerungen, Maschinenausfallerinnerung.<\/span><\/p>\n<p><span style=\"font-family: arial, helvetica, sans-serif;font-size: 18px\"><br \/><\/span><\/p>\n<\/div>\n<\/div>\n<div class=\"graphic_pic animated wow bounceIn\" data-wow-delay=\".7s\">\n<p style=\"text-align:center\"><img loading=\"lazy\" decoding=\"async\" src=\"https:\/\/www.hommy.com\/wp-content\/uploads\/16097217804233.png\" alt=\"product-Hommy-img\" title=\"\" width=\"350\" height=\"551\" border=\"0\" vspace=\"0\" style=\"width: 350px;height: 551px\"><\/p>\n<\/div>\n<\/div>\n<\/div>\n<\/div><\/div>","protected":false},"excerpt":{"rendered":"<p>Frozen Pizza Vending Machine&nbsp; Frozen Pizza Vending Machine|Product specification|Product Features|Product Advantage &nbsp;&nbsp;&nbsp;&nbsp; We are a prominent name in this domain, holding a strong position among our competitors in the industry. The offered Pizza Vending Machine is highly appreciated for its quality, durability, low maintenance cost and reliability. This Pizza Vending Machine can be availed from [&hellip;]<\/p>\n","protected":false},"featured_media":199,"comment_status":"open","ping_status":"open","template":"","meta":{"_swt_meta_header_display":false,"_swt_meta_footer_display":false,"_swt_meta_site_title_display":false,"_swt_meta_sticky_header":false,"_swt_meta_transparent_header":false},"product_brand":[],"product_cat":[70,68],"product_tag":[],"class_list":{"0":"post-205","1":"product","2":"type-product","3":"status-publish","4":"has-post-thumbnail","6":"product_cat-pizza-vending-machine","7":"product_cat-vending-machine","9":"first","10":"instock","11":"shipping-taxable","12":"product-type-simple"},"_links":{"self":[{"href":"https:\/\/www.hommy.com\/de\/wp-json\/wp\/v2\/product\/205","targetHints":{"allow":["GET"]}}],"collection":[{"href":"https:\/\/www.hommy.com\/de\/wp-json\/wp\/v2\/product"}],"about":[{"href":"https:\/\/www.hommy.com\/de\/wp-json\/wp\/v2\/types\/product"}],"replies":[{"embeddable":true,"href":"https:\/\/www.hommy.com\/de\/wp-json\/wp\/v2\/comments?post=205"}],"wp:featuredmedia":[{"embeddable":true,"href":"https:\/\/www.hommy.com\/de\/wp-json\/wp\/v2\/media\/199"}],"wp:attachment":[{"href":"https:\/\/www.hommy.com\/de\/wp-json\/wp\/v2\/media?parent=205"}],"wp:term":[{"taxonomy":"product_brand","embeddable":true,"href":"https:\/\/www.hommy.com\/de\/wp-json\/wp\/v2\/product_brand?post=205"},{"taxonomy":"product_cat","embeddable":true,"href":"https:\/\/www.hommy.com\/de\/wp-json\/wp\/v2\/product_cat?post=205"},{"taxonomy":"product_tag","embeddable":true,"href":"https:\/\/www.hommy.com\/de\/wp-json\/wp\/v2\/product_tag?post=205"}],"curies":[{"name":"wp","href":"https:\/\/api.w.org\/{rel}","templated":true}]}}