{"id":198,"date":"2024-07-02T12:09:24","date_gmt":"2024-07-02T12:09:24","guid":{"rendered":"http:\/\/localhost\/hommywp\/pa-c6-touch-screen-automatic-pizza-vending-machine-for-college\/"},"modified":"2025-08-01T09:57:28","modified_gmt":"2025-08-01T09:57:28","slug":"pa-c6-automatischer-pizza-verkaufsautomat","status":"publish","type":"product","link":"https:\/\/www.hommy.com\/de\/p\/pa-c6-automatischer-pizza-verkaufsautomat\/","title":{"rendered":"Pa-C6 Touchscreen-Pizza-Automat f\u00fcr das College"},"content":{"rendered":"<div>\n<p><\/p>\n<h1 style=\"text-align: center\"><span style=\"font-family: arial, helvetica, sans-serif\"><strong><span style=\"letter-spacing: 0px;font-size: 29px\"><a name=\"Automatic Infrared Heating Vending Pizza Machine\"><\/a>Automatischer Infrarot-Heizungs-Pizza-Automat<\/span><\/strong><\/span><\/h1>\n<p style=\"text-align: center\"><span style=\"letter-spacing: 0px;font-family: arial, helvetica, sans-serif;font-size: 18px\"><a href=\"#Automatic Infrared Heating Vending Pizza Machine\" target=\"_self\" data-lv=\"0\" rel=\"noopener\">Automatischer Infrarot-Heizungs-Pizza-Automat<\/a>|<a href=\"#Product Features\" target=\"_self\" data-lv=\"0\" rel=\"noopener\">Produktmerkmale<\/a>|<a href=\"#Product specification\" target=\"_self\" data-lv=\"0\" rel=\"noopener\">Produktspezifikation<\/a>|<a href=\"#Product Advantage\" target=\"_self\" data-lv=\"0\" rel=\"noopener\">Produktvorteil<\/a><\/span><\/p>\n<p><\/p>\n<p style=\"text-align: center\">&nbsp;&nbsp;&nbsp;&nbsp;<\/p>\n<p>Wir haben ein qualifiziertes Team von Fachleuten, die diese Touch-Screen-Pizza-Automaten in strikter Einhaltung der industriellen Standards herzustellen. Wir versprechen, diese Maschinen an Kunden zu branchenf\u00fchrenden Preisen zu liefern. Die von uns angebotenen Produkte sind weithin anerkannt f\u00fcr ihre hohe Haltbarkeit, Zuverl\u00e4ssigkeit, einfache Bedienung und hohe Sicherheitsmerkmale. Kunden k\u00f6nnen bei uns Produkte erhalten, die in jeder ihrer Filialen automatisiert betrieben werden k\u00f6nnen. Dar\u00fcber hinaus bieten wir auch kundenspezifische L\u00f6sungen in Form von modularen Touchscreen-Pizza-Automaten.<\/p>\n<div class=\"d-tem01-graphic tem01-graphic mockup\" data-detail=\"wrap\">\n<div class=\"cont-section clearfix d-clearfix\">\n<div class=\"col-md-6 col-sm-6 col-xs-6\"><\/p>\n<div class=\"graphic_pic animated wow bounceIn\" data-wow-delay=\".7s\"><img decoding=\"async\" src=\"https:\/\/www.hommy.com\/wp-content\/uploads\/16064612268625.png\" alt=\"product-Hommy-img\" title=\"\"><br \/>\n &nbsp; &nbsp; &nbsp; &nbsp; &nbsp; &nbsp;<\/div>\n<\/div>\n<div class=\"col-md-6 col-sm-6 col-xs-6\">\n<div class=\"right-p\">\n<div class=\"h2 heading\">\n<h1><strong><span style=\"letter-spacing: 0px;font-family: arial, helvetica, sans-serif;font-size: 24px\"><a name=\"Product Features\"><\/a>Produktmerkmale<\/span><\/strong><\/h1>\n<\/div>\n<div class=\"description\">\n<p><span style=\"font-size: 18px;font-family: arial, helvetica, sans-serif\">1. 55\"-Bildschirm f\u00fcr die Werbung und 15\"-Bildschirmbetrieb .<\/span><\/p>\n<p><span style=\"font-size: 18px;font-family: arial, helvetica, sans-serif\">2. Das Zahlungssystem kann annehmen: M\u00fcnze, Rechnung, Exchang-M\u00fcnze, Kreditkarte Schnittstelle.<\/span><\/p>\n<p><span style=\"font-size: 18px;font-family: arial, helvetica, sans-serif\">3. Der Gefrierschrank im Inneren kann 48pcs 10 \"Pizza halten und halten die Temperatur von -8\u2103 bis 10\u2103. <\/span><\/p>\n<p><span style=\"font-size: 18px;font-family: arial, helvetica, sans-serif\">4. Die Maschine im Inneren halten 48 Satz Papier-Boxen.<\/span><\/p>\n<p><span style=\"font-size: 18px;font-family: arial, helvetica, sans-serif\">5. Erweiterte PC-Steuerplatine, gut programmierte Funktion und stabiles Arbeiten.<\/span><\/p>\n<p><span style=\"font-size: 18px;font-family: arial, helvetica, sans-serif\">6. Der Gefrierschrank im Inneren haben gr\u00f6\u00dfere Gr\u00f6\u00dfe Werbung Bildschirm und Pasteurisierung Funktion. <\/span><\/p>\n<p style=\"margin-left:0;text-indent:0\"><span style=\"font-size: 18px;font-family: arial, helvetica, sans-serif\">7. Die Gefriertemperatur kann auf Basis verschiedener Produkte eingestellt werden, mit automatischer Abtaufunktion, um sicherzustellen, dass die Maschine bei hoher Temperatur und hoher Luftfeuchtigkeit Wetter unter normalen Betrieb;<\/span><\/p>\n<p style=\"margin-left:0;text-indent:0\"><span style=\"letter-spacing: 0px;font-size: 18px;font-family: arial, helvetica, sans-serif\">8. Temperatur der Infrarotheizung <span style=\"letter-spacing: 0px;font-size: 18px;font-family: \u5b8b\u4f53\">\uff1a<\/span>60-300\u2103 ben\u00f6tigen 45-55 Sekunden zum Backen einer Pizza.<\/span><\/p>\n<p style=\"margin-left:0;text-indent:0\"><span style=\"letter-spacing: 0px;font-size: 18px;font-family: arial, helvetica, sans-serif\">9.  Infrarot-Haus Gr\u00f6\u00dfe: 400X400X300mm und Leistung: 3000W. <\/span><\/p>\n<p style=\"margin-left:0;text-indent:0\"><span style=\"font-size: 18px;font-family: arial, helvetica, sans-serif\">10. Es gibt eine Stromausfallschutzfunktion, die Maschine zeigt immer noch die Macht des Staates, hat die Speicherfunktion, die Funktion der \u00dcberlast Leckage-Schutz, sorgen f\u00fcr einen sicheren Betrieb der Maschine. <\/span><\/p>\n<p style=\"margin-top:0;margin-right:0;margin-bottom:0;margin-left:0;text-indent:0;text-align:justify\"><span style=\"letter-spacing: 0px;font-size: 18px;font-family: arial, helvetica, sans-serif\">11. Die Sprache kann auf verschiedenen L\u00e4ndern basieren, um sie anzupassen. <\/span><\/p>\n<p style=\"margin-top:0;margin-right:0;margin-bottom:0;margin-left:0;text-indent:0;text-align:justify\"><span style=\"letter-spacing: 0px;font-size: 18px;font-family: arial, helvetica, sans-serif\">12. 48 Pizzas\u00e4tze werden im Inneren der Maschine gelagert.<\/span><\/p>\n<p style=\"margin-left:0;text-indent:0\"><span style=\"font-size: 18px;font-family: arial, helvetica, sans-serif\">13. Computer-Fernverwaltungssystem: Abfrage von Verkaufsdetails, Mangelerinnerungen, Maschinenausfallerinnerung.<\/span><\/p>\n<\/div>\n<\/div>\n<p>&nbsp; &nbsp; &nbsp; &nbsp; &nbsp; &nbsp;&nbsp;<\/p><\/div>\n<\/div>\n<\/div>\n<h1><span style=\"font-size: 24px\"><strong><span style=\"letter-spacing: 0px;font-family: arial, helvetica, sans-serif\"><a name=\"Product specification\"><\/a>Produktspezifikation<\/span><\/strong><\/span><\/h1>\n<p><strong><span style=\"letter-spacing: 0px;font-size: 29px;font-family: arial, helvetica, sans-serif\"><br \/><\/span><\/strong><\/p>\n<p><strong><span style=\"letter-spacing: 0px;font-size: 29px;font-family: arial, helvetica, sans-serif\"><img loading=\"lazy\" decoding=\"async\" src=\"https:\/\/www.hommy.com\/wp-content\/uploads\/16064598714551.png\" title=\"\" alt=\"product-Hommy-img\" width=\"1000\" height=\"462\" border=\"0\" vspace=\"0\" style=\"width: 1000px;height: 462px\"><\/span><\/strong><\/p>\n<p><strong><span style=\"letter-spacing: 0px;font-size: 29px;font-family: arial, helvetica, sans-serif\"><br \/><\/span><\/strong><\/p>\n<p><strong><span style=\"letter-spacing: 0px;font-size: 29px;font-family: arial, helvetica, sans-serif\"><\/span><\/strong><\/p>\n<h1><span style=\"font-size: 24px\"><strong><span style=\"letter-spacing: 0px;font-family: arial, helvetica, sans-serif\">Produktvorteil<\/span><\/strong><\/span><\/h1>\n<p><span style=\"font-family:\u5b8b\u4f53;letter-spacing:0;font-size:29px\"><\/span><\/p>\n<div class=\"d-tem01-graphic tem01-graphic mockup\" data-detail=\"wrap\">\n<div class=\"cont-section clearfix d-clearfix\">\n<div class=\"col-md-6 col-sm-6 col-xs-6\">\n<div class=\"right-p\">\n<div class=\"h2 heading\">\n<p><span style=\"font-size: 18px;font-family: arial, helvetica, sans-serif\">1,55\"-Bildschirm f\u00fcr Werbezwecke und 15\"-Bildschirm f\u00fcr den Betrieb.<\/span><\/p>\n<p><span style=\"font-size: 18px;font-family: arial, helvetica, sans-serif\"><br \/><\/span><\/p>\n<p><span style=\"font-family:Calibri;font-size:21px\"><br \/><\/span><\/p>\n<\/div>\n<\/div>\n<div class=\"graphic_pic animated wow bounceIn\" data-wow-delay=\".7s\" style=\"text-align: center\"><img loading=\"lazy\" decoding=\"async\" src=\"https:\/\/www.hommy.com\/wp-content\/uploads\/16064607889486.jpg\" alt=\"product-Hommy-img\" title=\"\" width=\"300\" height=\"583\" border=\"0\" vspace=\"0\" style=\"width: 300px;height: 583px\"><br \/>\n &nbsp; &nbsp; &nbsp; &nbsp; &nbsp; &nbsp;<\/div>\n<\/div>\n<div class=\"col-md-6 col-sm-6 col-xs-6\">\n<div class=\"right-p\">\n<p><span style=\"font-family: arial, helvetica, sans-serif;font-size: 18px\">2.<span style=\"font-family: arial, helvetica, sans-serif;letter-spacing: 0px\">Infrarot-Heizung Temperatur \uff1a60-300\u2103 m\u00fcssen 45-55 Sekunde f\u00fcr eine Pizza backen und Infrarot-Haus Gr\u00f6\u00dfe: 400X400X300mm und Leistung: 3000W.<\/span><\/span><\/p>\n<p><span style=\"font-family: arial, helvetica, sans-serif;font-size: 18px\"><span style=\"font-family: arial, helvetica, sans-serif;letter-spacing: 0px\"><br \/><\/span><\/span><\/p>\n<\/div>\n<div class=\"graphic_pic animated wow bounceIn\" data-wow-delay=\".7s\" style=\"text-align: center\"><img loading=\"lazy\" decoding=\"async\" src=\"https:\/\/www.hommy.com\/wp-content\/uploads\/16064607973919.jpg\" alt=\"product-Hommy-img\" title=\"\" width=\"300\" height=\"583\" border=\"0\" vspace=\"0\" style=\"width: 300px;height: 583px\">&nbsp; &nbsp; &nbsp; &nbsp; &nbsp; &nbsp; &nbsp;<\/div>\n<\/div>\n<\/div>\n<\/div>\n<div class=\"d-tem01-graphic tem01-graphic mockup\" data-detail=\"wrap\">\n<div class=\"cont-section clearfix d-clearfix\">\n<div class=\"col-md-6 col-sm-6 col-xs-6\">\n<div class=\"right-p\">\n<p><span style=\"font-family: arial, helvetica, sans-serif;font-size: 18px\">3.<span style=\"font-family: arial, helvetica, sans-serif;text-align: justify;letter-spacing: 0px\">48 Pizzas\u00e4tze werden in der Maschine gelagert, um die Temperatur zu halten <\/span><span style=\"font-family: arial, helvetica, sans-serif;text-align: justify\">von -8\u2103 bis 10\u2103.<\/span><\/span><\/p>\n<p><span style=\"text-align: justify;font-family: Calibri;font-size: 21px\"><br \/><\/span><\/p>\n<\/div>\n<div class=\"graphic_pic animated wow bounceIn\" data-wow-delay=\".7s\" style=\"text-align: center\"><img loading=\"lazy\" decoding=\"async\" src=\"https:\/\/www.hommy.com\/wp-content\/uploads\/16064608154132.png\" alt=\"product-PA-C6 Pizza-Automat-Hommy-img\" title=\"\" width=\"300\" height=\"583\" border=\"0\" vspace=\"0\" style=\"width: 300px;height: 583px\"><br \/>\n &nbsp; &nbsp; &nbsp; &nbsp; &nbsp; &nbsp;<\/div>\n<\/div>\n<div class=\"col-md-6 col-sm-6 col-xs-6\">\n<div class=\"right-p\">\n<div class=\"h2 heading\">\n<p><span style=\"font-family: arial, helvetica, sans-serif;font-size: 18px\">4. die Maschine im Inneren halten 48 Satz Papier-Boxen.<\/span><\/p>\n<p><span style=\"font-family:Calibri;font-size:21px\"><br \/><\/span><\/p>\n<\/div>\n<\/div>\n<div class=\"graphic_pic animated wow bounceIn\" data-wow-delay=\".7s\" style=\"text-align: center\"><img loading=\"lazy\" decoding=\"async\" src=\"https:\/\/www.hommy.com\/wp-content\/uploads\/16064608329874.png\" alt=\"produkt-Hommy-PA-C6 Pizza-Automat-img\" title=\"\" width=\"300\" height=\"583\" border=\"0\" vspace=\"0\" style=\"width: 300px;height: 583px\">&nbsp; &nbsp; &nbsp; &nbsp; &nbsp; &nbsp; &nbsp;<\/div>\n<\/div>\n<\/div>\n<\/div>\n<div class=\"d-tem01-graphic tem01-graphic mockup\" data-detail=\"wrap\">\n<div class=\"cont-section clearfix d-clearfix\">\n<div class=\"col-md-6 col-sm-6 col-xs-6\">\n<div class=\"right-p\">\n<div class=\"h2 heading\">\n<p><span style=\"font-family: arial, helvetica, sans-serif;font-size: 18px\">5. das Zahlungssystem kann akzeptieren: M\u00fcnze, Rechnung, Exchang-M\u00fcnze, Kreditkarte Schnittstelle.<\/span><\/p>\n<p><span style=\"font-family:Calibri;font-size:21px\"><br \/><\/span><\/p>\n<\/div>\n<\/div>\n<p style=\"text-align: center\"><img loading=\"lazy\" decoding=\"async\" src=\"https:\/\/www.hommy.com\/wp-content\/uploads\/16064608579105.png\" alt=\"produkt-Hommy-img-1\" title=\"\" width=\"300\" height=\"350\" border=\"0\" vspace=\"0\" style=\"width: 300px;height: 350px\">&nbsp; &nbsp; &nbsp; &nbsp; &nbsp; &nbsp; &nbsp;<\/p>\n<\/div>\n<div class=\"col-md-6 col-sm-6 col-xs-6\">\n<div class=\"right-p\">\n<div class=\"h2 heading\">\n<p><span style=\"font-family: arial, helvetica, sans-serif;font-size: 18px\">6. Computer-Fernverwaltungssystem: Abfrage von Verkaufsdetails, Mangelerinnerungen, Maschinenausfallerinnerung.<\/span><\/p>\n<p><span style=\"font-family:Calibri;font-size:21px\"><br \/><\/span><\/p>\n<\/div>\n<\/div>\n<p style=\"text-align: center\"><img loading=\"lazy\" decoding=\"async\" src=\"https:\/\/www.hommy.com\/wp-content\/uploads\/16064608773586.jpg\" alt=\"produkt-Hommy-img-1\" title=\"\" width=\"400\" height=\"437\" border=\"0\" vspace=\"0\" style=\"width: 400px;height: 437px\">&nbsp; &nbsp; &nbsp; &nbsp; &nbsp; &nbsp; &nbsp;<\/p>\n<\/div>\n<\/div>\n<\/div>\n<p>Dokument\uff1a<img decoding=\"async\" src=\"https:\/\/www.hommy.com\/wp-content\/uploads\/icon_pdf.gif\" style=\"margin-right: 2px\" alt=\"produkt-Hommy-img-1\" title=\"\"><a href=\"https:\/\/img80002414.weyesimg.com\/uploads\/www.hommy.com\/addon\/16064611261775.pdf\" title=\"16064611261775.pdf\" style=\"font-size: 12px\">16064611261775.pdf<\/a><\/p>\n<h2>Wer stellt Pizza-Automaten her?<\/h2>\n<p style=\"margin-top: 5px;margin-bottom: 5px\">Ich habe mich mit einem meiner Partner unterhalten, der Eigent\u00fcmer eines der gr\u00f6\u00dften Automatenunternehmen ist. Er stellt Automaten her, die alles von Eis, S\u00fc\u00dfigkeiten und Erfrischungsgetr\u00e4nken bis hin zu Bier, Energydrinks, Wasser und sogar alkoholfreien Brezeln ausgeben. Er arbeitet mit Unternehmen zusammen, die Automaten haben, die Getr\u00e4nke f\u00fcr verschiedene Veranstaltungen bereitstellen, und sie haben oft Automaten im Unternehmensumfeld, um die Mitarbeiter mit den ben\u00f6tigten Getr\u00e4nken zu versorgen.<\/p>\n<p style=\"margin-top: 5px;margin-bottom: 5px\"><\/p>\n<h2>Sollte ich in Piestro-Pizza investieren?<\/h2>\n<p style=\"margin-top: 5px;margin-bottom: 5px\">Ich frage mich, ob ich Piestro Pizza kaufen sollte, um darin zu investieren. Nachdem ich mit mehreren Investoren gesprochen habe, denke ich, dass sie mir alle sagen werden, ich solle mein Gesch\u00e4ft woanders betreiben. Hat jemand Tipps, die ich beachten sollte, bevor ich mich entscheide, ob ich investieren soll oder nicht? Wenn Sie damit Ihren Lebensunterhalt verdienen k\u00f6nnen, brauchen Sie nicht zu investieren. Ich schlage vor, dass Sie sich im Internet \u00fcber die Grundlagen der Pizzabranche (und anderer Branchen) informieren und sich dann nach Franchise-M\u00f6glichkeiten umsehen (am besten sehen Sie sich diese zuerst und vor allem an). Es gibt so viele Franchise-M\u00f6glichkeiten, dass man eigentlich Gl\u00fcck haben m\u00fcsste. Ich betreibe seit 3 Jahren ein Pizza Hut-Franchiseunternehmen in Kalifornien und bin bisher recht erfolgreich, aber wie bei allem im Leben muss man sich Zeit nehmen, lernen, was man wissen muss, und bereit sein, erfolgreich zu sein.<\/p>\n<p style=\"margin-top: 5px;margin-bottom: 5px\"><\/p>\n<h2>Wie viel kostet ein gewerblicher Pizzaofen?<\/h2>\n<p style=\"margin-top: 5px;margin-bottom: 5px\">Ein kommerzieller Pizzaofen kann zwischen $5.000 und $15.000 kosten, je nachdem, ob der Pizzaofen gro\u00df genug ist, um eine Ihrer Pizzen aufzunehmen, und welche Art von Pizzaofen Sie suchen. Gewerbliche Pizza\u00f6fen k\u00f6nnen f\u00fcr viele Arten von Lebensmitteln verwendet werden, nicht nur f\u00fcr Pizzen, und je nach Gr\u00f6\u00dfe des gew\u00fcnschten Pizzaofens kann es sich um einen kleinen Tischofen bis hin zu gro\u00dfen gewerblichen Pizza\u00f6fen handeln. Die gr\u00f6\u00dften kommerziellen Pizza\u00f6fen, die es derzeit gibt, sind in der Lage, eine Ihrer Pizzen zu backen und auf eine flache Oberfl\u00e4che zu legen. Einige kommerzielle Pizza\u00f6fen haben auch die F\u00e4higkeit, Ihr Essen zu erhitzen, w\u00e4hrend es backt.<\/p>\n<\/p><\/div>","protected":false},"excerpt":{"rendered":"<p>Automatic Infrared Heating Vending Pizza Machine Automatic Infrared Heating Vending Pizza Machine|Product Features|Product specification|Product Advantage &nbsp;&nbsp;&nbsp;&nbsp; We have a skilled team of professionals that manufacture these Touch Screen Pizza Vending Machines in strict adherence to industrial standards. We promise to deliver these machines to clients at industry leading prices. The products offered by us are [&hellip;]<\/p>\n","protected":false},"featured_media":189,"comment_status":"open","ping_status":"open","template":"","meta":{"_swt_meta_header_display":false,"_swt_meta_footer_display":false,"_swt_meta_site_title_display":false,"_swt_meta_sticky_header":false,"_swt_meta_transparent_header":false},"product_brand":[],"product_cat":[70,68],"product_tag":[],"class_list":{"0":"post-198","1":"product","2":"type-product","3":"status-publish","4":"has-post-thumbnail","6":"product_cat-pizza-vending-machine","7":"product_cat-vending-machine","9":"first","10":"instock","11":"shipping-taxable","12":"product-type-simple"},"_links":{"self":[{"href":"https:\/\/www.hommy.com\/de\/wp-json\/wp\/v2\/product\/198","targetHints":{"allow":["GET"]}}],"collection":[{"href":"https:\/\/www.hommy.com\/de\/wp-json\/wp\/v2\/product"}],"about":[{"href":"https:\/\/www.hommy.com\/de\/wp-json\/wp\/v2\/types\/product"}],"replies":[{"embeddable":true,"href":"https:\/\/www.hommy.com\/de\/wp-json\/wp\/v2\/comments?post=198"}],"wp:featuredmedia":[{"embeddable":true,"href":"https:\/\/www.hommy.com\/de\/wp-json\/wp\/v2\/media\/189"}],"wp:attachment":[{"href":"https:\/\/www.hommy.com\/de\/wp-json\/wp\/v2\/media?parent=198"}],"wp:term":[{"taxonomy":"product_brand","embeddable":true,"href":"https:\/\/www.hommy.com\/de\/wp-json\/wp\/v2\/product_brand?post=198"},{"taxonomy":"product_cat","embeddable":true,"href":"https:\/\/www.hommy.com\/de\/wp-json\/wp\/v2\/product_cat?post=198"},{"taxonomy":"product_tag","embeddable":true,"href":"https:\/\/www.hommy.com\/de\/wp-json\/wp\/v2\/product_tag?post=198"}],"curies":[{"name":"wp","href":"https:\/\/api.w.org\/{rel}","templated":true}]}}