{"id":188,"date":"2024-07-02T12:09:20","date_gmt":"2024-07-02T12:09:20","guid":{"rendered":"http:\/\/localhost\/hommywp\/pa-c6-b-with-roof-fully-automatic-pizza-vending-machine-price\/"},"modified":"2025-08-01T09:57:28","modified_gmt":"2025-08-01T09:57:28","slug":"pa-c6-b-mit-dach-automatischer-pizzaautomat-preis","status":"publish","type":"product","link":"https:\/\/www.hommy.com\/de\/p\/pa-c6-b-mit-dach-automatischer-pizzaautomat-preis\/","title":{"rendered":"Pa-C6-B mit Dach Vollautomatischer Pizza-Automat Preis"},"content":{"rendered":"<p style=\"text-align: center;\"><strong><span style=\"font-family: Calibri; font-size: 29px;\">Pizza-Automatengesch\u00e4ft<\/span><\/strong><\/p>\n<div class=\"epyt-video-wrapper\">\n<div  style=\"display: block; margin: 0px auto;\"  id=\"_ytid_67750\"  width=\"800\" height=\"450\"  data-origwidth=\"800\" data-origheight=\"450\"  data-relstop=\"1\" data-facadesrc=\"https:\/\/www.youtube.com\/embed\/uVsIe_11_mE?enablejsapi=1&#038;autoplay=0&#038;cc_load_policy=0&#038;cc_lang_pref=&#038;iv_load_policy=1&#038;loop=0&#038;rel=0&#038;fs=1&#038;playsinline=0&#038;autohide=2&#038;theme=dark&#038;color=red&#038;controls=1&#038;disablekb=0&#038;\" class=\"__youtube_prefs__ epyt-facade epyt-is-override  no-lazyload\" data-epautoplay=\"1\" ><img decoding=\"async\" data-spai-excluded=\"true\" class=\"epyt-facade-poster skip-lazy\" loading=\"lazy\" alt=\"YouTube-Player\" src=\"https:\/\/i.ytimg.com\/vi\/uVsIe_11_mE\/maxresdefault.jpg\" title=\"\"><button class=\"epyt-facade-play\" aria-label=\"Spielen\"><svg data-no-lazy=\"1\" height=\"100%\" version=\"1.1\" viewbox=\"0 0 68 48\" width=\"100%\"><path class=\"ytp-large-play-button-bg\" d=\"M66.52,7.74c-0.78-2.93-2.49-5.41-5.42-6.19C55.79,.13,34,0,34,0S12.21,.13,6.9,1.55 C3.97,2.33,2.27,4.81,1.48,7.74C0.06,13.05,0,24,0,24s0.06,10.95,1.48,16.26c0.78,2.93,2.49,5.41,5.42,6.19 C12.21,47.87,34,48,34,48s21.79-0.13,27.1-1.55c2.93-0.78,4.64-3.26,5.42-6.19C67.94,34.95,68,24,68,24S67.94,13.05,66.52,7.74z\" fill=\"#f00\"><\/path><path d=\"M 45,24 27,14 27,34\" fill=\"#fff\"><\/path><\/svg><\/button><\/div>\n<\/div>\n<p>Diese sind mit Qualit\u00e4t gepr\u00fcft Rohstoff mit Premium-Technologie hergestellt. Bei uns k\u00f6nnen Sie Premium-Pizza-Automaten Preis in Anspruch nehmen. Ferner ist unser Angebot an Maschinen in verschiedenen Spezifikationen zur Verf\u00fcgung, k\u00f6nnen Sie die besten und erschwinglichen Maschinen f\u00fcr Ihr Unternehmen zu kaufen.<\/p>\n<p><strong><span style=\"font-family: \u5b8b\u4f53; font-size: 29px;\">Produkt <\/span><span style=\"font-family: \u5b8b\u4f53; font-size: 29px;\">Spezifikation\uff1a<\/span><\/strong><\/p>\n<p><strong><span style=\"font-family: \u5b8b\u4f53; font-size: 29px;\"><img loading=\"lazy\" decoding=\"async\" style=\"height: 961px; width: 800px;\" title=\"\" src=\"https:\/\/www.hommy.com\/wp-content\/uploads\/16428200333753-4.jpg\" alt=\"product-Hommy-PA-C6-B mit Dach Pizzalieferautomat preis-img\" width=\"800\" height=\"961\" border=\"0\" vspace=\"0\"><\/span><\/strong><\/p>\n<p>&nbsp;<\/p>\n<p><img decoding=\"async\" src=\"https:\/\/www.hommy.com\/wp-content\/uploads\/16428201553858-4.jpg\" alt=\"product-Hommy-img\" title=\"\"><\/p>\n<p><img loading=\"lazy\" decoding=\"async\" style=\"width: 800px; height: 890px;\" title=\"\" src=\"https:\/\/www.hommy.com\/wp-content\/uploads\/16428200313238-4.jpg\" alt=\"product-Hommy-img\" width=\"800\" height=\"890\" border=\"0\" vspace=\"0\"><\/p>\n<p><img decoding=\"async\" src=\"https:\/\/www.hommy.com\/wp-content\/uploads\/16428201485643-4.jpg\" alt=\"product-Hommy-img\" title=\"\"><\/p>\n<p>&nbsp;<\/p>\n<p>&nbsp;<\/p>\n<p><img decoding=\"async\" src=\"https:\/\/www.hommy.com\/wp-content\/uploads\/16427514456587.jpg\" alt=\"product-Hommy-img\" title=\"\"><\/p>\n<p style=\"margin-bottom: 0; text-align: justify;\"><strong><span style=\"font-family: \u5b8b\u4f53; font-size: 29px;\">Produktmerkmale:<\/span><\/strong><\/p>\n<p><span style=\"font-family: Calibri; font-size: 21px;\">1.\u00a0<\/span><span style=\"font-family: Calibri; font-size: 21px;\">32\"-Bildschirm f\u00fcr Werbung und 10,5\"-Bildschirm f\u00fcr den Betrieb.<\/span><\/p>\n<p><span style=\"font-family: Calibri; font-size: 21px;\">2.\u00a0<\/span><span style=\"font-family: Calibri; font-size: 21px;\">Das Zahlungssystem kann M\u00fcnzen, Scheine, Exchang-M\u00fcnzen und Kreditkarten akzeptieren.<\/span><\/p>\n<p><span style=\"font-family: Calibri; font-size: 21px;\">3.\u00a0<\/span><span style=\"font-family: Calibri; font-size: 21px;\">Der Gefrierschrank des Pizza-Automaten kann 88 St\u00fcck 12\"-Pizzen aufbewahren und die Temperatur von 10<\/span><span style=\"font-family: Calibri; font-size: 21px;\">\u2103<\/span><span style=\"font-family: Calibri; font-size: 21px;\">\u00a0bis -18<\/span><span style=\"font-family: Calibri; font-size: 21px;\">\u2103<\/span><span style=\"font-family: Calibri; font-size: 21px;\">. <\/span><\/p>\n<p><span style=\"font-family: Calibri; font-size: 21px;\">4.\u00a0<\/span><span style=\"font-family: Calibri; font-size: 21px;\">Die Maschine im Inneren halten 88 Satz Papier-Boxen.<\/span><\/p>\n<p><span style=\"font-family: Calibri; font-size: 21px;\">5.\u00a0<\/span><span style=\"font-family: Calibri; font-size: 21px;\">Fortgeschrittene PC-Steuerplatine, gut programmierte Funktion und stabiler Betrieb.<\/span><\/p>\n<p><span style=\"font-family: Calibri; font-size: 21px;\">6.\u00a0<\/span><span style=\"font-family: Calibri; font-size: 21px;\">Wir speichern Produktdaten automatisch im Lager durch Scannen von QR-Codes. F\u00fcr jedes Produkt legen wir einen QR-Code fest. Sie k\u00f6nnen die Produktionszeit und das Verfallsdatum des Produkts eindeutig erkennen, so dass Sie den Verbleib des Produkts verfolgen k\u00f6nnen. Wenn das Produkt zwei Tage vor Ablauf des Verfallsdatums ist, hilft Ihnen unser System automatisch beim Verkauf bis zum Ablauf. Wenn das Produkt das Haltbarkeitsdatum \u00fcberschritten hat, stoppt das System automatisch den Verkauf des Produkts, um Qualit\u00e4t und Sicherheit zu gew\u00e4hrleisten. <\/span><\/p>\n<p><span style=\"font-family: Calibri; font-size: 21px;\">7.\u00a0<\/span><span style=\"font-family: Calibri; font-size: 21px;\">Die Gefriertemperatur kann je nach Produkt eingestellt werden, mit automatischer Abtaufunktion, um sicherzustellen, dass die Maschine bei hohen Temperaturen und hoher Luftfeuchtigkeit im Normalbetrieb arbeitet;<\/span><\/p>\n<p><span style=\"font-family: Calibri; font-size: 21px;\">8.\u00a0<\/span><span style=\"font-family: Calibri; font-size: 21px;\">Temperatur der Infrarotheizung <span style=\"font-family: \u5b8b\u4f53;\">\uff1a<\/span><span style=\"font-family: Calibri;\">60-300\u2103 ben\u00f6tigen 3-5 Minuten zum Backen einer Pizza.<\/span><\/span><\/p>\n<p><span style=\"font-family: Calibri; font-size: 21px;\">9.\u00a0<\/span><span style=\"font-family: Calibri; font-size: 21px;\">\u00a0Infrarot-Haus Gr\u00f6\u00dfe: 400X400X300mm und Leistung: 3000W. <\/span><\/p>\n<p><span style=\"font-family: Calibri; font-size: 21px;\">10.\u00a0<\/span><span style=\"font-family: Calibri; font-size: 21px;\">Es ist ein Stromausfall-Schutz-Funktion, die Maschine zeigt immer noch die Macht des Staates, hat die Memory-Funktion, die Funktion der \u00dcberlast Leckage-Schutz, den sicheren Betrieb der Maschine. <\/span><\/p>\n<p style=\"margin-bottom: 0; text-align: justify;\"><span style=\"font-family: Calibri; font-size: 21px;\">11.\u00a0<\/span><span style=\"font-family: Calibri; font-size: 21px;\">Die Sprache kann an verschiedene L\u00e4nder angepasst werden. <\/span><\/p>\n<p><span style=\"font-family: Calibri; font-size: 21px;\">12.\u00a0<\/span><span style=\"font-family: Calibri; font-size: 21px;\">Automatische Stromsparfunktion hinzugef\u00fcgt. Die Maschine f\u00fcgt zwei Zeitr\u00e4ume f\u00fcr Mittag- und Abendessen hinzu. Die Maschine heizt automatisch auf die von Ihnen eingestellte Temperatur zwischen 80 und 100 Grad vor. Wenn der Kunde bezahlt, heizt die Maschine automatisch auf, so dass sich die Backzeit verk\u00fcrzt, der Verkauf beschleunigt wird und nicht den ganzen Tag vorgeheizt werden muss. senkt die Kosten.<\/span><\/p>\n<p><span style=\"font-family: Calibri; font-size: 21px;\">13.\u00a0<\/span><span style=\"font-family: Calibri; font-size: 21px;\">Computer-Fernverwaltungssystem: Abfrage von Verkaufsdetails, Mangelerinnerungen, Maschinenausfallerinnerungen, die mehr Arbeitskosten sparen k\u00f6nnen, Hommy-Pizza-Automat f\u00fcgen mehr humanisierte Funktion hinzu.<\/span><\/p>\n<p><span style=\"font-family: Calibri; font-size: 21px;\">14.\u00a0<\/span><span style=\"font-family: Calibri; font-size: 21px;\">die infrare innen haben oben und unten Temperatur f\u00fcr Sie, um es Basis auf verschiedenen Geschmack Pizza f\u00fcr Temperatur und Backzeit einzustellen.<\/span><\/p>\n<p><span style=\"font-family: Calibri; font-size: 21px;\">15.\u00a0<\/span><span style=\"font-family: Calibri; font-size: 21px;\">Das Ger\u00e4t \u00fcberwacht die Temperatur des Gefrierfachs 24 Stunden lang. Wenn die Temperatur die von Ihnen eingestellte Norm nicht erreicht, werden Sie automatisch daran erinnert, um sicherzustellen, dass die Pizza nicht verdirbt und die Standards f\u00fcr Produktsicherheit und Hygiene eingehalten werden.<\/span><\/p>\n<p><span style=\"font-family: Calibri; font-size: 21px;\">\u00a0<\/span><\/p>\n<p style=\"margin-bottom: 0; text-align: justify;\"><strong><span style=\"font-family: \u5b8b\u4f53; font-size: 29px;\">\u00a0<\/span><\/strong><\/p>\n<p><strong><span style=\"font-family: \u5b8b\u4f53; font-size: 29px;\">Produktvorteil:<\/span><\/strong><\/p>\n<p><span style=\"font-family: Calibri; font-size: 21px;\">1.\u00a0<\/span><span style=\"font-family: Calibri; font-size: 21px;\">Temperatur der Infrarotheizung <span style=\"font-family: \u5b8b\u4f53;\">\uff1a<\/span><span style=\"font-family: Calibri;\">60-300\u2103 ben\u00f6tigen 3-5 Minuten zum Backen einer Pizza<\/span><\/span><span style=\"font-family: \u5b8b\u4f53; font-size: 21px;\">\u00a0und <\/span><span style=\"font-family: Calibri; font-size: 21px;\">Infrarot-Haus Gr\u00f6\u00dfe: 400X400X300mm und Leistung: 3000W. <\/span><\/p>\n<p><img loading=\"lazy\" decoding=\"async\" style=\"width: 350px; height: 1440px;\" title=\"\" src=\"https:\/\/www.hommy.com\/wp-content\/uploads\/16427515605998.jpg\" alt=\"product-PA-C6-B mit Dach Pizzalieferautomat Preis-Hommy-img\" width=\"350\" height=\"1440\" border=\"0\" vspace=\"0\"><\/p>\n<p style=\"margin-bottom: 0; text-align: justify;\"><span style=\"font-family: Calibri; font-size: 21px;\">2.\u00a0<\/span><span style=\"font-family: Calibri; font-size: 21px;\">Wenn Sie eine Aluminiumpfanne zum Backen verwenden, k\u00f6nnen Sie den Boden der Pizza gleichm\u00e4\u00dfiger erhitzen, und die Pizza schmeckt dann noch besser.<\/span><\/p>\n<p style=\"margin-bottom: 0; text-align: justify;\"><img decoding=\"async\" src=\"https:\/\/www.hommy.com\/wp-content\/uploads\/16427516009268.jpg\" alt=\"product-Hommy-PA-C6-B mit Dach Pizzalieferautomat price-img-1\" title=\"\"><\/p>\n<p><span style=\"font-family: Calibri; font-size: 21px;\">4.<\/span><span style=\"font-family: Calibri; font-size: 16px;\">\u00a0<\/span><span style=\"font-family: Calibri; font-size: 21px;\">Wir speichern Produktdaten automatisch im Lager durch Scannen von QR-Codes. F\u00fcr jedes Produkt legen wir einen QR-Code fest. Sie k\u00f6nnen die Produktionszeit und das Verfallsdatum des Produkts eindeutig erkennen, so dass Sie den Verbleib des Produkts verfolgen k\u00f6nnen. Wenn das Produkt zwei Tage vor Ablauf des Verfallsdatums ist, hilft Ihnen unser System automatisch beim Verkauf bis zum Ablauf. Wenn das Produkt das Haltbarkeitsdatum \u00fcberschritten hat, stoppt das System automatisch den Verkauf des Produkts, um Qualit\u00e4t und Sicherheit zu gew\u00e4hrleisten.<\/span><\/p>\n<p style=\"vertical-align: baseline;\"><img decoding=\"async\" src=\"https:\/\/www.hommy.com\/wp-content\/uploads\/16427516171266.png\" alt=\"produkt-Hommy-img-1\" title=\"\"><\/p>\n<p><span style=\"font-family: \u5b8b\u4f53; font-size: 20px;\">5.<\/span><span style=\"font-family: Calibri; font-size: 21px;\">Das Zahlungssystem kann M\u00fcnzen, Scheine, Exchang-M\u00fcnzen und Kreditkarten akzeptieren.<\/span><\/p>\n<p style=\"vertical-align: baseline;\"><img loading=\"lazy\" decoding=\"async\" style=\"width: 350px; height: 546px;\" title=\"\" src=\"https:\/\/www.hommy.com\/wp-content\/uploads\/16427516657622.png\" alt=\"produkt-Hommy-img-1\" width=\"350\" height=\"546\" border=\"0\" vspace=\"0\"><\/p>\n<p><span style=\"font-family: Calibri; font-size: 21px;\">6.\u00a0<\/span><span style=\"font-family: Calibri; font-size: 21px;\">Computer-Fernverwaltungssystem: Abfrage von Verkaufsdaten, Erinnerung an Fehlmengen, Erinnerung an Maschinenausf\u00e4lle.<\/span><\/p>\n<p style=\"vertical-align: baseline;\"><img decoding=\"async\" src=\"https:\/\/www.hommy.com\/wp-content\/uploads\/16427517237781.jpg\" alt=\"produkt-Hommy-img-1\" title=\"\"><\/p>\n<p style=\"vertical-align: baseline;\"><span style=\"font-family: Calibri; font-size: 20px;\">7.\u00a0<\/span><span style=\"font-family: Calibri; font-size: 20px;\">\u00a0Ofen im Inneren der Heizung, die separate Steuerung f\u00fcr die Zeit und die Temperatur. das kann auf verschiedenen <\/span><\/p>\n<p style=\"vertical-align: baseline;\"><span style=\"font-family: Calibri; font-size: 20px;\">Stellen Sie den Geschmack ein. <\/span><\/p>\n<p style=\"vertical-align: baseline;\"><img loading=\"lazy\" decoding=\"async\" style=\"width: 350px; height: 254px;\" title=\"\" src=\"https:\/\/www.hommy.com\/wp-content\/uploads\/16427517719866.png\" alt=\"produkt-Hommy-img-1\" width=\"350\" height=\"254\" border=\"0\" vspace=\"0\"><\/p>\n<p style=\"vertical-align: baseline;\"><span style=\"font-family: \u5b8b\u4f53; font-size: 20px;\">8.<\/span><span style=\"font-family: Calibri; font-size: 20px;\">Vending-Pizza-Automat im Inneren verwenden Pizza-Box Basis auf der Maschine zu entwerfen und es kann in Gefrierschrank -18C zu halten.wir verwenden Material Low Temperaturbest\u00e4ndigkeit. <\/span><\/p>\n<p style=\"vertical-align: baseline;\"><img loading=\"lazy\" decoding=\"async\" style=\"width: 350px; height: 328px;\" title=\"\" src=\"https:\/\/www.hommy.com\/wp-content\/uploads\/16427517943140.png\" alt=\"product-PA-C6-B mit Dach Pizzalieferautomat Preis-Hommy-img-1\" width=\"350\" height=\"328\" border=\"0\" vspace=\"0\"><\/p>\n<p style=\"vertical-align: baseline;\"><span style=\"font-family: Calibri; font-size: 20px;\">9.\u00a0<\/span><span style=\"font-family: Calibri; font-size: 20px;\">\u00a0Es hat zwei Arten von Dach f\u00fcr Sie zu w\u00e4hlen, A und B, dieses Dach kann Wind, regen, Schnee zu blockieren.<\/span><\/p>\n<p style=\"vertical-align: baseline;\"><img loading=\"lazy\" decoding=\"async\" style=\"width: 650px; height: 353px;\" title=\"\" src=\"https:\/\/www.hommy.com\/wp-content\/uploads\/16427518398896.png\" alt=\"product-Hommy-PA-C6-B mit Dach Pizzalieferautomat price-img-2\" width=\"650\" height=\"353\" border=\"0\" vspace=\"0\"><\/p>\n<p style=\"vertical-align: baseline;\"><span style=\"font-family: Calibri; font-size: 20px;\">10.\u00a0<\/span><span style=\"font-family: Calibri; font-size: 20px;\">Wir begr\u00fc\u00dfen OEM f\u00fcr Ihr Logo <\/span><\/p>\n<p style=\"vertical-align: baseline;\"><img decoding=\"async\" src=\"https:\/\/www.hommy.com\/wp-content\/uploads\/16427519343463.png\" alt=\"produkt-Hommy-img-2\" title=\"\"><\/p>\n<p><span style=\"font-family: \u5b8b\u4f53; font-size: 29px;\">\u00a0<\/span><\/p>\n<h2>Wie viele Pizzen k\u00f6nnen in einer Stunde zubereitet werden?<\/h2>\n<p style=\"margin-top: 5px; margin-bottom: 5px;\">\n<p style=\"margin-top: 5px; margin-bottom: 5px;\">Eine ganze Woche lang und den ganzen Sommer \u00fcber k\u00f6nnen Sie bis zu 6 Pizzen in 30 Minuten zubereiten - zum Preis von ein paar Minuten, in denen Sie der Farbe beim Trocknen zusehen. Wir verwenden eine Vielzahl von Bel\u00e4gen und haben Men\u00fcs f\u00fcr eine Woche zusammengestellt.<\/p>\n<p style=\"margin-top: 5px; margin-bottom: 5px;\">\n<p style=\"margin-top: 5px; margin-bottom: 5px;\">\n<h2>Wie viel Strom verbraucht ein Pizzaofen?<\/h2>\n<p style=\"margin-top: 5px; margin-bottom: 5px;\">\n<p style=\"margin-top: 5px; margin-bottom: 5px;\">Pizza ist eine der beliebtesten Speisen in Amerika, aber wenn es um Pizza\u00f6fen geht, wissen die Leute nicht immer, wonach sie suchen. Deshalb habe ich diesen Pizzaofen-Kaufratgeber f\u00fcr Anf\u00e4nger erstellt. Beginnen wir mit der grundlegenden Frage, wie viel Strom ein Pizzaofen verbraucht.<\/p>\n<p style=\"margin-top: 5px; margin-bottom: 5px;\">\n<h2>Welche Art von Pizzaofen wird bei Dominos verwendet?<\/h2>\n<p style=\"margin-top: 5px; margin-bottom: 5px;\">\n<p style=\"margin-top: 5px; margin-bottom: 5px;\">A:<\/p>\n<p style=\"margin-top: 5px; margin-bottom: 5px;\">\n<p style=\"margin-top: 5px; margin-bottom: 5px;\">Dieser Ofen ist dem auf diesem Bild sehr \u00e4hnlich.  Es handelt sich um einen Stehpizzaofen der Firma Leitz &amp; Kluge.<\/p>\n<p style=\"margin-top: 5px; margin-bottom: 5px;\">Dieser Ofen wurde in der Vergangenheit zur Herstellung von Pizzen f\u00fcr Pizza Hut verwendet.<\/p>\n<p style=\"margin-top: 5px; margin-bottom: 5px;\">\n<p style=\"margin-top: 5px; margin-bottom: 5px;\">Ich habe von einem leitenden Angestellten von Pizza Hut geh\u00f6rt, dass sie schon seit Jahren Pizzen in diesem Ofen zubereiten.  Ich habe auch geh\u00f6rt, dass die Pizzakruste in diesem Ofen viel d\u00fcnner ist als die typische d\u00fcnne Kruste.<\/p>","protected":false},"excerpt":{"rendered":"<p>pizza vending machine business These are fabricated using quality checked raw material using premium technology. With us, you can avail premium Pizza Vending Machine Price. Further, our offered range of machines is available in different specifications, you can buy the best and affordable machines for your business. Product specification\uff1a &nbsp; &nbsp; &nbsp; Product Features: 1.\u00a032\u201d [&hellip;]<\/p>\n","protected":false},"featured_media":1963,"comment_status":"closed","ping_status":"closed","template":"","meta":{"_swt_meta_header_display":false,"_swt_meta_footer_display":false,"_swt_meta_site_title_display":false,"_swt_meta_sticky_header":false,"_swt_meta_transparent_header":false},"product_brand":[],"product_cat":[70,68],"product_tag":[],"class_list":{"0":"post-188","1":"product","2":"type-product","3":"status-publish","4":"has-post-thumbnail","6":"product_cat-pizza-vending-machine","7":"product_cat-vending-machine","9":"first","10":"instock","11":"shipping-taxable","12":"product-type-simple"},"_links":{"self":[{"href":"https:\/\/www.hommy.com\/de\/wp-json\/wp\/v2\/product\/188","targetHints":{"allow":["GET"]}}],"collection":[{"href":"https:\/\/www.hommy.com\/de\/wp-json\/wp\/v2\/product"}],"about":[{"href":"https:\/\/www.hommy.com\/de\/wp-json\/wp\/v2\/types\/product"}],"replies":[{"embeddable":true,"href":"https:\/\/www.hommy.com\/de\/wp-json\/wp\/v2\/comments?post=188"}],"wp:featuredmedia":[{"embeddable":true,"href":"https:\/\/www.hommy.com\/de\/wp-json\/wp\/v2\/media\/1963"}],"wp:attachment":[{"href":"https:\/\/www.hommy.com\/de\/wp-json\/wp\/v2\/media?parent=188"}],"wp:term":[{"taxonomy":"product_brand","embeddable":true,"href":"https:\/\/www.hommy.com\/de\/wp-json\/wp\/v2\/product_brand?post=188"},{"taxonomy":"product_cat","embeddable":true,"href":"https:\/\/www.hommy.com\/de\/wp-json\/wp\/v2\/product_cat?post=188"},{"taxonomy":"product_tag","embeddable":true,"href":"https:\/\/www.hommy.com\/de\/wp-json\/wp\/v2\/product_tag?post=188"}],"curies":[{"name":"wp","href":"https:\/\/api.w.org\/{rel}","templated":true}]}}