{"id":160,"date":"2024-07-02T12:09:03","date_gmt":"2024-07-02T12:09:03","guid":{"rendered":"http:\/\/localhost\/hommywp\/pa-c6-a-commercial-automated-pizza-vending-machine-for-university\/"},"modified":"2025-10-22T10:02:30","modified_gmt":"2025-10-22T10:02:30","slug":"pa-c6-a-verkaufsautomat-pizza-werbung","status":"publish","type":"product","link":"https:\/\/www.hommy.com\/de\/p\/pa-c6-a-verkaufsautomat-pizza-werbung\/","title":{"rendered":"Pa-C6-A Kommerzieller automatischer Pizza-Automat f\u00fcr die Universit\u00e4t"},"content":{"rendered":"<div>\n<p style=\"text-align: center;\"><strong><span style=\"font-family: Calibri; font-size: 29px;\">\u00a0 \u00a0 \u00a0 \u00a0 Let's pizza vending machine <\/span><\/strong><span style=\"font-family: \u5b8b\u4f53; font-size: 29px;\">\u00a0<\/span><span style=\"font-family: \u5b8b\u4f53; font-size: 29px;\">\u00a0<\/span><\/p>\n<p style=\"text-align: center;\"><span style=\"font-family: Calibri; font-size: 29px;\"><a href=\"https:\/\/youtu.be\/9XD10B1ux2Y\" rel=\"nofollow noopener\" target=\"_blank\">https:\/\/youtu.be\/9XD10B1ux2Y<\/a> <\/span><\/p>\n<p>Wir sind ein Hersteller, Lieferant und Exporteur von diesem kommerziellen Pizza-Automaten. Wir sind ein zuverl\u00e4ssiger und ein renommierter Name in der Branche f\u00fcr die Qualit\u00e4t dieser Maschine. Wir bieten diese kommerzielle Pizza Vending Machine in verschiedenen Spezifikationen wie pro die Bed\u00fcrfnisse unserer Kunden. Wir sind ein renommierter Name in der Branche f\u00fcr die Qualit\u00e4t dieser Maschine.<\/p>\n<p><span style=\"font-family: Helvetica;\"><strong><span style=\"font-size: 29px;\">Produktspezifikation:<\/span><\/strong><\/span><\/p>\n<p><strong><span style=\"font-family: \u5b8b\u4f53; font-size: 29px;\"><img loading=\"lazy\" decoding=\"async\" style=\"height: 961px; width: 800px;\" title=\"\" src=\"https:\/\/www.hommy.com\/wp-content\/uploads\/16428200333753-2.jpg\" alt=\"product-PA-C6-A Pizzalieferautomat kommerziell-Hommy-img\" width=\"800\" height=\"961\" border=\"0\" vspace=\"0\"><\/span><\/strong><\/p>\n<p><img decoding=\"async\" src=\"https:\/\/www.hommy.com\/wp-content\/uploads\/16428201553858-2.jpg\" alt=\"product-Hommy-img\" title=\"\"><\/p>\n<p><img loading=\"lazy\" decoding=\"async\" style=\"height: 890px; width: 800px;\" title=\"\" src=\"https:\/\/www.hommy.com\/wp-content\/uploads\/16428200313238-2.jpg\" alt=\"product-Hommy-PA-C6-A Pizzaverkaufsautomat commercial-img\" width=\"800\" height=\"890\" border=\"0\" vspace=\"0\"><\/p>\n<p><img decoding=\"async\" src=\"https:\/\/www.hommy.com\/wp-content\/uploads\/16428201485643-2.jpg\" alt=\"product-Hommy-img\" title=\"\"><\/p>\n<p><strong><span style=\"font-family: \u5b8b\u4f53; font-size: 29px;\">\u00a0<\/span><\/strong><\/p>\n<p><img decoding=\"async\" src=\"https:\/\/www.hommy.com\/wp-content\/uploads\/16427469668914.png\" alt=\"product-Hommy-img\" title=\"\"><\/p>\n<p style=\"margin-bottom: 0; text-align: justify;\"><span style=\"font-family: Helvetica;\"><strong><span style=\"font-size: 29px;\">Produktmerkmale:<\/span><\/strong><\/span><\/p>\n<p><span style=\"font-family: Calibri; font-size: 21px;\">1.\u00a0<\/span><span style=\"font-family: Calibri; font-size: 21px;\">32\"-Bildschirm f\u00fcr Werbung und 10,5\"-Bildschirm f\u00fcr den Betrieb.<\/span><\/p>\n<p><span style=\"font-family: Calibri; font-size: 21px;\">2.\u00a0<\/span><span style=\"font-family: Calibri; font-size: 21px;\">Das Zahlungssystem kann M\u00fcnzen, Scheine, Exchang-M\u00fcnzen und Kreditkarten akzeptieren.<\/span><\/p>\n<p><span style=\"font-family: Calibri; font-size: 21px;\">3.\u00a0<\/span><span style=\"font-family: Calibri; font-size: 21px;\">Der Gefrierschrank des Pizza-Automaten kann 88 St\u00fcck 12\"-Pizzen aufbewahren und die Temperatur von 10<\/span><span style=\"font-family: Calibri; font-size: 21px;\">\u2103<\/span><span style=\"font-family: Calibri; font-size: 21px;\">\u00a0bis -18<\/span><span style=\"font-family: Calibri; font-size: 21px;\">\u2103<\/span><span style=\"font-family: Calibri; font-size: 21px;\">. <\/span><\/p>\n<p><span style=\"font-family: Calibri; font-size: 21px;\">4.\u00a0<\/span><span style=\"font-family: Calibri; font-size: 21px;\">Die Maschine im Inneren halten 88 Satz Papier-Boxen.<\/span><\/p>\n<p><span style=\"font-family: Calibri; font-size: 21px;\">5.\u00a0<\/span><span style=\"font-family: Calibri; font-size: 21px;\">Fortgeschrittene PC-Steuerplatine, gut programmierte Funktion und stabiler Betrieb.<\/span><\/p>\n<p><span style=\"font-family: Calibri; font-size: 21px;\">6.\u00a0<\/span><span style=\"font-family: Calibri; font-size: 21px;\">Wir speichern Produktdaten automatisch im Lager durch Scannen von QR-Codes. F\u00fcr jedes Produkt legen wir einen QR-Code fest. Sie k\u00f6nnen die Produktionszeit und das Verfallsdatum des Produkts eindeutig erkennen, so dass Sie den Verbleib des Produkts verfolgen k\u00f6nnen. Wenn das Produkt zwei Tage vor Ablauf des Verfallsdatums ist, hilft Ihnen unser System automatisch beim Verkauf bis zum Ablauf. Wenn das Produkt das Haltbarkeitsdatum \u00fcberschritten hat, stoppt das System automatisch den Verkauf des Produkts, um Qualit\u00e4t und Sicherheit zu gew\u00e4hrleisten. <\/span><\/p>\n<p><span style=\"font-family: Calibri; font-size: 21px;\">7.\u00a0<\/span><span style=\"font-family: Calibri; font-size: 21px;\">Die Gefriertemperatur kann je nach Produkt eingestellt werden, mit automatischer Abtaufunktion, um sicherzustellen, dass die Maschine bei hohen Temperaturen und hoher Luftfeuchtigkeit im Normalbetrieb arbeitet;<\/span><\/p>\n<p><span style=\"font-family: Calibri; font-size: 21px;\">8.\u00a0<\/span><span style=\"font-family: Calibri; font-size: 21px;\">Temperatur der Infrarotheizung <span style=\"font-family: \u5b8b\u4f53;\">\uff1a<\/span><span style=\"font-family: Calibri;\">60-300\u2103 ben\u00f6tigen 3-5 Minuten zum Backen einer Pizza.<\/span><\/span><\/p>\n<p><span style=\"font-family: Calibri; font-size: 21px;\">9.\u00a0<\/span><span style=\"font-family: Calibri; font-size: 21px;\">\u00a0Infrarot-Haus Gr\u00f6\u00dfe: 400X400X300mm und Leistung: 3000W. <\/span><\/p>\n<p><span style=\"font-family: Calibri; font-size: 21px;\">10.\u00a0<\/span><span style=\"font-family: Calibri; font-size: 21px;\">Es ist ein Stromausfall-Schutz-Funktion, die Maschine zeigt immer noch die Macht des Staates, hat die Memory-Funktion, die Funktion der \u00dcberlast Leckage-Schutz, den sicheren Betrieb der Maschine. <\/span><\/p>\n<p style=\"margin-bottom: 0; text-align: justify;\"><span style=\"font-family: Calibri; font-size: 21px;\">11.\u00a0<\/span><span style=\"font-family: Calibri; font-size: 21px;\">Die Sprache kann an verschiedene L\u00e4nder angepasst werden. <\/span><\/p>\n<p><span style=\"font-family: Calibri; font-size: 21px;\">12.\u00a0<\/span><span style=\"font-family: Calibri; font-size: 21px;\">Automatische Stromsparfunktion hinzugef\u00fcgt. Die Maschine f\u00fcgt zwei Zeitr\u00e4ume f\u00fcr Mittag- und Abendessen hinzu. Die Maschine heizt automatisch auf die von Ihnen eingestellte Temperatur zwischen 80 und 100 Grad vor. Wenn der Kunde bezahlt, heizt die Maschine automatisch auf, so dass sich die Backzeit verk\u00fcrzt, der Verkauf beschleunigt wird und nicht den ganzen Tag vorgeheizt werden muss. senkt die Kosten.<\/span><\/p>\n<p><span style=\"font-family: Calibri; font-size: 21px;\">13.\u00a0<\/span><span style=\"font-family: Calibri; font-size: 21px;\">Computer-Fernverwaltungssystem: Abfrage von Verkaufsdetails, Mangelerinnerungen, Maschinenausfallerinnerungen, die mehr Arbeitskosten sparen k\u00f6nnen, Hommy-Pizza-Automat f\u00fcgen mehr humanisierte Funktion hinzu.<\/span><\/p>\n<p><span style=\"font-family: Calibri; font-size: 21px;\">14.\u00a0<\/span><span style=\"font-family: Calibri; font-size: 21px;\">die infrare innen haben oben und unten Temperatur f\u00fcr Sie, um es Basis auf verschiedenen Geschmack Pizza f\u00fcr Temperatur und Backzeit einzustellen.<\/span><\/p>\n<p><span style=\"font-family: Calibri; font-size: 21px;\">15.\u00a0<\/span><span style=\"font-family: Calibri; font-size: 21px;\">Das Ger\u00e4t \u00fcberwacht die Temperatur des Gefrierfachs 24 Stunden lang. Wenn die Temperatur die von Ihnen eingestellte Norm nicht erreicht, werden Sie automatisch daran erinnert, um sicherzustellen, dass die Pizza nicht verdirbt und die Standards f\u00fcr Produktsicherheit und Hygiene eingehalten werden.<\/span><\/p>\n<p><span style=\"font-family: Calibri; font-size: 21px;\">\u00a0<\/span><\/p>\n<p style=\"margin-bottom: 0; text-align: justify;\"><span style=\"font-family: \u5b8b\u4f53; font-size: 29px;\">\u00a0<\/span><\/p>\n<p><span style=\"font-family: Helvetica;\"><strong><span style=\"font-size: 29px;\">Produktvorteil:<\/span><\/strong><\/span><\/p>\n<p><span style=\"font-family: Calibri; font-size: 21px;\">1.\u00a0<\/span><span style=\"font-family: Calibri; font-size: 21px;\">Temperatur der Infrarotheizung <span style=\"font-family: \u5b8b\u4f53;\">\uff1a<\/span><span style=\"font-family: Calibri;\">60-300\u2103 ben\u00f6tigen 3-5 Minuten zum Backen einer Pizza<\/span><\/span><span style=\"font-family: \u5b8b\u4f53; font-size: 21px;\">\u00a0und <\/span><span style=\"font-family: Calibri; font-size: 21px;\">Infrarot-Haus Gr\u00f6\u00dfe: 400X400X300mm und Leistung: 3000W. <\/span><\/p>\n<p><img loading=\"lazy\" decoding=\"async\" style=\"width: 350px; height: 1440px;\" title=\"\" src=\"https:\/\/www.hommy.com\/wp-content\/uploads\/16427470181342.jpg\" alt=\"product-Hommy-PA-C6-A Pizzaverkaufsautomat commercial-img\" width=\"350\" height=\"1440\" border=\"0\" vspace=\"0\"><\/p>\n<p style=\"margin-bottom: 0; text-align: justify;\"><span style=\"font-family: Calibri; font-size: 21px;\">2.\u00a0<\/span><span style=\"font-family: Calibri; font-size: 21px;\">Wenn Sie eine Aluminiumpfanne zum Backen verwenden, k\u00f6nnen Sie den Boden der Pizza gleichm\u00e4\u00dfiger erhitzen, und die Pizza schmeckt dann noch besser.<\/span><\/p>\n<p style=\"margin-bottom: 0; text-align: justify;\"><img decoding=\"async\" src=\"https:\/\/www.hommy.com\/wp-content\/uploads\/16427473428743.jpg\" alt=\"product-PA-C6-A Pizzalieferautomat kommerziell-Hommy-img\" title=\"\"><\/p>\n<p><span style=\"font-family: Calibri; font-size: 21px;\">4.<\/span><span style=\"font-family: Calibri; font-size: 16px;\">\u00a0<\/span><span style=\"font-family: Calibri; font-size: 21px;\">Wir speichern Produktdaten automatisch im Lager durch Scannen von QR-Codes. F\u00fcr jedes Produkt legen wir einen QR-Code fest. Sie k\u00f6nnen die Produktionszeit und das Verfallsdatum des Produkts eindeutig erkennen, so dass Sie den Verbleib des Produkts verfolgen k\u00f6nnen. Wenn das Produkt zwei Tage vor Ablauf des Verfallsdatums ist, hilft Ihnen unser System automatisch beim Verkauf bis zum Ablauf. Wenn das Produkt das Haltbarkeitsdatum \u00fcberschritten hat, stoppt das System automatisch den Verkauf des Produkts, um Qualit\u00e4t und Sicherheit zu gew\u00e4hrleisten.<\/span><\/p>\n<p style=\"vertical-align: baseline;\"><img decoding=\"async\" src=\"https:\/\/www.hommy.com\/wp-content\/uploads\/16427473794792.png\" alt=\"product-Hommy-img\" title=\"\"><\/p>\n<p><span style=\"font-family: \u5b8b\u4f53; font-size: 20px;\">5.<\/span><span style=\"font-family: Calibri; font-size: 21px;\">Das Zahlungssystem kann M\u00fcnzen, Scheine, Exchang-M\u00fcnzen und Kreditkarten akzeptieren.<\/span><\/p>\n<p style=\"vertical-align: baseline;\"><img loading=\"lazy\" decoding=\"async\" style=\"width: 350px; height: 546px;\" title=\"\" src=\"https:\/\/www.hommy.com\/wp-content\/uploads\/16427475326962.png\" alt=\"product-Hommy-img\" width=\"350\" height=\"546\" border=\"0\" vspace=\"0\"><\/p>\n<p><span style=\"font-family: Calibri; font-size: 21px;\">6.\u00a0<\/span><span style=\"font-family: Calibri; font-size: 21px;\">Computer-Fernverwaltungssystem: Abfrage von Verkaufsdaten, Erinnerung an Fehlmengen, Erinnerung an Maschinenausf\u00e4lle.<\/span><\/p>\n<p style=\"vertical-align: baseline;\"><img decoding=\"async\" src=\"https:\/\/www.hommy.com\/wp-content\/uploads\/16427475921787.jpg\" alt=\"product-Hommy-img\" title=\"\"><\/p>\n<p style=\"vertical-align: baseline;\"><span style=\"font-family: Calibri; font-size: 20px;\">7.\u00a0<\/span><span style=\"font-family: Calibri; font-size: 20px;\">Ofen im Inneren der Heizung, die separate Steuerung f\u00fcr die Zeit und die Temperatur. das kann auf verschiedenen <\/span><\/p>\n<p style=\"vertical-align: baseline;\"><span style=\"font-family: Calibri; font-size: 20px;\">Stellen Sie den Geschmack ein. <\/span><\/p>\n<p style=\"vertical-align: baseline;\"><img loading=\"lazy\" decoding=\"async\" style=\"width: 350px; height: 254px;\" title=\"\" src=\"https:\/\/www.hommy.com\/wp-content\/uploads\/16427476598748.png\" alt=\"produkt-Hommy-img-1\" width=\"350\" height=\"254\" border=\"0\" vspace=\"0\"><\/p>\n<p style=\"vertical-align: baseline;\"><span style=\"font-family: \u5b8b\u4f53; font-size: 20px;\">8.<\/span><span style=\"font-family: Calibri; font-size: 20px;\">Vending-Pizza-Automat im Inneren verwenden Pizza-Box Basis auf der Maschine zu entwerfen und es kann in Gefrierschrank -18C zu halten.wir verwenden Material Low Temperaturbest\u00e4ndigkeit. <\/span><\/p>\n<p style=\"vertical-align: baseline;\"><img loading=\"lazy\" decoding=\"async\" style=\"width: 350px; height: 328px;\" title=\"\" src=\"https:\/\/www.hommy.com\/wp-content\/uploads\/16427477608843.png\" alt=\"product-Hommy-PA-C6-A Pizzaverkaufsautomat commercial-img-1\" width=\"350\" height=\"328\" border=\"0\" vspace=\"0\"><\/p>\n<\/div>","protected":false},"excerpt":{"rendered":"<p>\u00a0 \u00a0 \u00a0 \u00a0 Let\u2019s pizza vending machine \u00a0\u00a0 https:\/\/youtu.be\/9XD10B1ux2Y We are a manufacturer, supplier and exporter of this Commercial Pizza Vending Machine. We are a reliable and a renowned name in the industry for the quality of this machine. We offer this Commercial Pizza Vending Machine in various specifications as per the needs of [&hellip;]<\/p>\n","protected":false},"featured_media":1961,"comment_status":"open","ping_status":"open","template":"","meta":{"_swt_meta_header_display":false,"_swt_meta_footer_display":false,"_swt_meta_site_title_display":false,"_swt_meta_sticky_header":false,"_swt_meta_transparent_header":false},"product_brand":[],"product_cat":[70,68],"product_tag":[],"class_list":{"0":"post-160","1":"product","2":"type-product","3":"status-publish","4":"has-post-thumbnail","6":"product_cat-pizza-vending-machine","7":"product_cat-vending-machine","9":"first","10":"instock","11":"shipping-taxable","12":"product-type-simple"},"_links":{"self":[{"href":"https:\/\/www.hommy.com\/de\/wp-json\/wp\/v2\/product\/160","targetHints":{"allow":["GET"]}}],"collection":[{"href":"https:\/\/www.hommy.com\/de\/wp-json\/wp\/v2\/product"}],"about":[{"href":"https:\/\/www.hommy.com\/de\/wp-json\/wp\/v2\/types\/product"}],"replies":[{"embeddable":true,"href":"https:\/\/www.hommy.com\/de\/wp-json\/wp\/v2\/comments?post=160"}],"wp:featuredmedia":[{"embeddable":true,"href":"https:\/\/www.hommy.com\/de\/wp-json\/wp\/v2\/media\/1961"}],"wp:attachment":[{"href":"https:\/\/www.hommy.com\/de\/wp-json\/wp\/v2\/media?parent=160"}],"wp:term":[{"taxonomy":"product_brand","embeddable":true,"href":"https:\/\/www.hommy.com\/de\/wp-json\/wp\/v2\/product_brand?post=160"},{"taxonomy":"product_cat","embeddable":true,"href":"https:\/\/www.hommy.com\/de\/wp-json\/wp\/v2\/product_cat?post=160"},{"taxonomy":"product_tag","embeddable":true,"href":"https:\/\/www.hommy.com\/de\/wp-json\/wp\/v2\/product_tag?post=160"}],"curies":[{"name":"wp","href":"https:\/\/api.w.org\/{rel}","templated":true}]}}