{"id":147,"date":"2024-07-02T12:08:54","date_gmt":"2024-07-02T12:08:54","guid":{"rendered":"http:\/\/localhost\/hommywp\/pa-c6-hot-sale-pizza-vending-machine-how-much-for-best-locations\/"},"modified":"2025-08-01T09:57:28","modified_gmt":"2025-08-01T09:57:28","slug":"pa-c6-pizza-automat","status":"publish","type":"product","link":"https:\/\/www.hommy.com\/de\/p\/pa-c6-pizza-automat\/","title":{"rendered":"Pa-C6 Hei\u00dfer Verkauf Pizza-Automat Wie viel f\u00fcr beste Standorte"},"content":{"rendered":"<div>\n<p style=\"text-align: center\"><strong><span style=\"font-family:\u5b8b\u4f53;font-size:29px\">A<\/span><span style=\"font-family:\u5b8b\u4f53;font-size:29px\">utomatic Infrarot-Heizung Vending Pizza Maschine<\/span><span style=\"font-family:\u5b8b\u4f53;font-size:29px\">&nbsp;<\/span><span style=\"font-family:\u5b8b\u4f53;font-size:29px\">&nbsp;<\/span><\/strong><\/p>\n<p style=\"text-align: center\"><span style=\"font-family:Calibri;font-size:29px\"><a href=\"https:\/\/youtu.be\/k7jPPm3_y3I\" rel=\"nofollow noopener\" target=\"_blank\">https:\/\/youtu.be\/k7jPPm3_y3I<\/a> <\/span><\/p>\n<p>Wir bieten unser Angebot an K\u00e4ufer zu wettbewerbsf\u00e4higen Preisen. Wir sind einer der weithin bekannten Namen in der Dom\u00e4ne bietet ein breites Sortiment von Pizza Vending Machine How Much. Es ist f\u00fcr alle Arten von Restaurants geeignet. Unsere Produkte sind so konzipiert, dass die Anforderungen der Kunden zu ber\u00fccksichtigen. Diese sind mit hochwertigen Materialien hergestellt und sind frei von jeder Art von M\u00e4ngeln. Das angebotene Produkt wird von schweren Materialien mit modernsten Techniken von unseren geschickten Profis hergestellt. Diese sind weithin auf dem Markt f\u00fcr ihre au\u00dfergew\u00f6hnlichen Eigenschaften wie Haltbarkeit, einfache Bedienung, einfache Wartung, weniger Energieverbrauch und lange Lebensdauer gefragt. Abgesehen davon haben sie eine gro\u00dfe \u00e4sthetische Anziehungskraft, die zur Sch\u00f6nheit der Umgebung beitr\u00e4gt. Die von uns angebotenen Produkte sind in verschiedenen Gr\u00f6\u00dfen, Designs, Modellen und Spezifikationen erh\u00e4ltlich.<\/p>\n<p><strong><span style=\"font-family: \u5b8b\u4f53;font-size: 29px\">Produkt&nbsp;<\/span><span style=\"font-family: \u5b8b\u4f53;font-size: 29px\">Spezifikation\uff1a<\/span><\/strong><\/p>\n<p><strong><span style=\"font-family: \u5b8b\u4f53;font-size: 29px\"><img loading=\"lazy\" decoding=\"async\" src=\"https:\/\/www.hommy.com\/wp-content\/uploads\/16428200333753-1.jpg\" title=\"\" alt=\"product-Hommy-img\" width=\"800\" height=\"961\" border=\"0\" vspace=\"0\" style=\"height: 961px;width: 800px\"><\/span><\/strong><\/p>\n<p><strong><span style=\"font-family: \u5b8b\u4f53;font-size: 29px\"><\/span><\/strong><\/p>\n<p><img decoding=\"async\" src=\"https:\/\/www.hommy.com\/wp-content\/uploads\/16428201553858-1.jpg\" alt=\"produkt-Hommy-PA-C6 Pizzaverkaufsautomat-img\" title=\"\"><\/p>\n<p><img loading=\"lazy\" decoding=\"async\" src=\"https:\/\/www.hommy.com\/wp-content\/uploads\/16428200313238-1.jpg\" title=\"\" alt=\"product-Hommy-img\" width=\"800\" height=\"890\" border=\"0\" vspace=\"0\" style=\"height: 890px;width: 800px\"><\/p>\n<p><img decoding=\"async\" src=\"https:\/\/www.hommy.com\/wp-content\/uploads\/16428201485643-1.jpg\" alt=\"product-PA-C6 Pizzaverkaufsautomat-Hommy-img\" title=\"\"><span style=\"font-family: \u5b8b\u4f53;font-size: 29px\">&nbsp;<\/span><\/p>\n<p><\/p>\n<p><span style=\"font-family:\u5b8b\u4f53;font-size:29px\"><img decoding=\"async\" src=\"https:\/\/www.hommy.com\/wp-content\/uploads\/16427453675608.png\" alt=\"product-PA-C6 Pizzaverkaufsautomat-Hommy-img\" title=\"\"><\/span><\/p>\n<p style=\"margin-bottom:0;text-align:justify\"><strong><span style=\"font-family:\u5b8b\u4f53;font-size:29px\">Produktmerkmale:<\/span><\/strong><span style=\"font-family:\u5b8b\u4f53;font-size:29px\"> <\/span><\/p>\n<p><span style=\"font-family:Calibri;font-size:21px\">1.&nbsp;<\/span><span style=\"font-family:Calibri;font-size:21px\">32\"-Bildschirm f\u00fcr Werbung und 10,5\"-Bildschirm f\u00fcr den Betrieb.<\/span><\/p>\n<p><span style=\"font-family:Calibri;font-size:21px\">2.&nbsp;<\/span><span style=\"font-family:Calibri;font-size:21px\">Das Zahlungssystem kann M\u00fcnzen, Scheine, Exchang-M\u00fcnzen und Kreditkarten akzeptieren.<\/span><\/p>\n<p><span style=\"font-family:Calibri;font-size:21px\">3.&nbsp;<\/span><span style=\"font-family:Calibri;font-size:21px\">Der Gefrierschrank des Pizza-Automaten kann 88 St\u00fcck 12\"-Pizzen aufbewahren und die Temperatur von 10<\/span><span style=\"font-family:Calibri;font-size:21px\">\u2103<\/span><span style=\"font-family:Calibri;font-size:21px\">&nbsp;bis -18<\/span><span style=\"font-family:Calibri;font-size:21px\">\u2103<\/span><span style=\"font-family:Calibri;font-size:21px\">. <\/span><\/p>\n<p><span style=\"font-family:Calibri;font-size:21px\">4.&nbsp;<\/span><span style=\"font-family:Calibri;font-size:21px\">Die Maschine im Inneren halten 88 Satz Papier-Boxen.<\/span><\/p>\n<p><span style=\"font-family:Calibri;font-size:21px\">5.&nbsp;<\/span><span style=\"font-family:Calibri;font-size:21px\">Fortgeschrittene PC-Steuerplatine, gut programmierte Funktion und stabiler Betrieb.<\/span><\/p>\n<p><span style=\"font-family:Calibri;font-size:21px\">6.&nbsp;<\/span><span style=\"font-family:Calibri;font-size:21px\">Wir speichern Produktdaten automatisch im Lager durch Scannen von QR-Codes. F\u00fcr jedes Produkt legen wir einen QR-Code fest. Sie k\u00f6nnen die Produktionszeit und das Verfallsdatum des Produkts eindeutig erkennen, so dass Sie den Verbleib des Produkts verfolgen k\u00f6nnen. Wenn das Produkt zwei Tage vor Ablauf des Verfallsdatums ist, hilft Ihnen unser System automatisch beim Verkauf bis zum Ablauf. Wenn das Produkt das Haltbarkeitsdatum \u00fcberschritten hat, stoppt das System automatisch den Verkauf des Produkts, um Qualit\u00e4t und Sicherheit zu gew\u00e4hrleisten. <\/span><\/p>\n<p><span style=\"font-family:Calibri;font-size:21px\">7.&nbsp;<\/span><span style=\"font-family:Calibri;font-size:21px\">Die Gefriertemperatur kann je nach Produkt eingestellt werden, mit automatischer Abtaufunktion, um sicherzustellen, dass die Maschine bei hohen Temperaturen und hoher Luftfeuchtigkeit im Normalbetrieb arbeitet;<\/span><\/p>\n<p><span style=\"font-family:Calibri;font-size:21px\">8.&nbsp;<\/span><span style=\"font-family:Calibri;font-size:21px\">Temperatur der Infrarotheizung <span style=\"font-family:\u5b8b\u4f53\">\uff1a<\/span><span style=\"font-family:Calibri\">60-300\u2103 ben\u00f6tigen 3-5 Minuten zum Backen einer Pizza.<\/span><\/span><\/p>\n<p><span style=\"font-family:Calibri;font-size:21px\">9.&nbsp;<\/span><span style=\"font-family:Calibri;font-size:21px\">&nbsp;Infrarot-Haus Gr\u00f6\u00dfe: 400X400X300mm und Leistung: 3000W. <\/span><\/p>\n<p><span style=\"font-family:Calibri;font-size:21px\">10.&nbsp;<\/span><span style=\"font-family:Calibri;font-size:21px\">Es ist ein Stromausfall-Schutz-Funktion, die Maschine zeigt immer noch die Macht des Staates, hat die Memory-Funktion, die Funktion der \u00dcberlast Leckage-Schutz, den sicheren Betrieb der Maschine. <\/span><\/p>\n<p style=\"margin-bottom:0;text-align:justify\"><span style=\"font-family:Calibri;font-size:21px\">11.&nbsp;<\/span><span style=\"font-family:Calibri;font-size:21px\">Die Sprache kann an verschiedene L\u00e4nder angepasst werden. <\/span><\/p>\n<p><span style=\"font-family:Calibri;font-size:21px\">12.&nbsp;<\/span><span style=\"font-family:Calibri;font-size:21px\">Automatische Stromsparfunktion hinzugef\u00fcgt. Die Maschine f\u00fcgt zwei Zeitr\u00e4ume f\u00fcr Mittag- und Abendessen hinzu. Die Maschine heizt automatisch auf die von Ihnen eingestellte Temperatur zwischen 80 und 100 Grad vor. Wenn der Kunde bezahlt, heizt die Maschine automatisch auf, so dass sich die Backzeit verk\u00fcrzt, der Verkauf beschleunigt wird und nicht den ganzen Tag vorgeheizt werden muss. senkt die Kosten.<\/span><\/p>\n<p><span style=\"font-family:Calibri;font-size:21px\">13.&nbsp;<\/span><span style=\"font-family:Calibri;font-size:21px\">Computer-Fernverwaltungssystem: Abfrage von Verkaufsdetails, Mangelerinnerungen, Maschinenausfallerinnerungen, die mehr Arbeitskosten sparen k\u00f6nnen, Hommy-Pizza-Automat f\u00fcgen mehr humanisierte Funktion hinzu.<\/span><\/p>\n<p><span style=\"font-family:Calibri;font-size:21px\">14.&nbsp;<\/span><span style=\"font-family:Calibri;font-size:21px\">die infrare innen haben oben und unten Temperatur f\u00fcr Sie, um es Basis auf verschiedenen Geschmack Pizza f\u00fcr Temperatur und Backzeit einzustellen.<\/span><\/p>\n<p><span style=\"font-family:Calibri;font-size:21px\">15.&nbsp;<\/span><span style=\"font-family:Calibri;font-size:21px\">Das Ger\u00e4t \u00fcberwacht die Temperatur des Gefrierfachs 24 Stunden lang. Wenn die Temperatur die von Ihnen eingestellte Norm nicht erreicht, werden Sie automatisch daran erinnert, um sicherzustellen, dass die Pizza nicht verdirbt und die Standards f\u00fcr Produktsicherheit und Hygiene eingehalten werden.<\/span><\/p>\n<p><span style=\"font-family:Calibri;font-size:21px\">&nbsp;<\/span><\/p>\n<p style=\"margin-bottom:0;text-align:justify\"><span style=\"font-family:\u5b8b\u4f53;font-size:29px\">&nbsp;<\/span><\/p>\n<p><strong><span style=\"font-family:\u5b8b\u4f53;font-size:29px\">Produktvorteil:<\/span><\/strong><\/p>\n<p><span style=\"font-family:Calibri;font-size:21px\">1.&nbsp;<\/span><span style=\"font-family:Calibri;font-size:21px\">Temperatur der Infrarotheizung <span style=\"font-family:\u5b8b\u4f53\">\uff1a<\/span><span style=\"font-family:Calibri\">60-300\u2103 ben\u00f6tigen 3-5 Minuten zum Backen einer Pizza<\/span><\/span><span style=\"font-family:\u5b8b\u4f53;font-size:21px\">&nbsp;und <\/span><span style=\"font-family:Calibri;font-size:21px\">Infrarot-Haus Gr\u00f6\u00dfe: 400X400X300mm und Leistung: 3000W. <\/span><\/p>\n<p><img loading=\"lazy\" decoding=\"async\" src=\"https:\/\/www.hommy.com\/wp-content\/uploads\/16427454092037.jpg\" title=\"\" alt=\"produkt-Hommy-PA-C6 Pizzaverkaufsautomat-img\" width=\"350\" height=\"1440\" border=\"0\" vspace=\"0\" style=\"width: 350px;height: 1440px\"><\/p>\n<p style=\"margin-bottom:0;text-align:justify\"><span style=\"font-family:Calibri;font-size:21px\">2.&nbsp;<\/span><span style=\"font-family:Calibri;font-size:21px\">Wenn Sie eine Aluminiumpfanne zum Backen verwenden, k\u00f6nnen Sie den Boden der Pizza gleichm\u00e4\u00dfiger erhitzen, und die Pizza schmeckt dann noch besser.<\/span><\/p>\n<p style=\"margin-bottom:0;text-align:justify\"><img loading=\"lazy\" decoding=\"async\" src=\"https:\/\/www.hommy.com\/wp-content\/uploads\/16427454674569.png\" title=\"\" alt=\"product-Hommy-img\" width=\"350\" height=\"461\" border=\"0\" vspace=\"0\" style=\"width: 350px;height: 461px\"><\/p>\n<p><span style=\"font-family:Calibri;font-size:21px\">4.<\/span><span style=\"font-family:Calibri;font-size:16px\">&nbsp;<\/span><span style=\"font-family:Calibri;font-size:21px\">Wir speichern Produktdaten automatisch im Lager durch Scannen von QR-Codes. F\u00fcr jedes Produkt legen wir einen QR-Code fest. Sie k\u00f6nnen die Produktionszeit und das Verfallsdatum des Produkts eindeutig erkennen, so dass Sie den Verbleib des Produkts verfolgen k\u00f6nnen. Wenn das Produkt zwei Tage vor Ablauf des Verfallsdatums ist, hilft Ihnen unser System automatisch beim Verkauf bis zum Ablauf. Wenn das Produkt das Haltbarkeitsdatum \u00fcberschritten hat, stoppt das System automatisch den Verkauf des Produkts, um Qualit\u00e4t und Sicherheit zu gew\u00e4hrleisten.<\/span><\/p>\n<p style=\"vertical-align: baseline\"><img decoding=\"async\" src=\"https:\/\/www.hommy.com\/wp-content\/uploads\/16427454966201.png\" alt=\"product-Hommy-img\" title=\"\"><\/p>\n<p><span style=\"font-family: \u5b8b\u4f53;font-size: 20px\">5.<\/span><span style=\"font-family:Calibri;font-size:21px\">Das Zahlungssystem kann M\u00fcnzen, Scheine, Exchang-M\u00fcnzen und Kreditkarten akzeptieren.<\/span><\/p>\n<p style=\"vertical-align: baseline\"><img loading=\"lazy\" decoding=\"async\" src=\"https:\/\/www.hommy.com\/wp-content\/uploads\/16427455493728.png\" title=\"\" alt=\"product-Hommy-img\" width=\"350\" height=\"546\" border=\"0\" vspace=\"0\" style=\"width: 350px;height: 546px\"><\/p>\n<p><span style=\"font-family:Calibri;font-size:21px\">6.&nbsp;<\/span><span style=\"font-family:Calibri;font-size:21px\">Computer-Fernverwaltungssystem: Abfrage von Verkaufsdaten, Erinnerung an Fehlmengen, Erinnerung an Maschinenausf\u00e4lle.<\/span><\/p>\n<p style=\"vertical-align: baseline\"><img decoding=\"async\" src=\"https:\/\/www.hommy.com\/wp-content\/uploads\/16427456043621.jpg\" alt=\"product-Hommy-img\" title=\"\"><\/p>\n<p style=\"vertical-align: baseline\"><span style=\"font-family: Calibri;font-size: 20px\">7.&nbsp;<\/span><span style=\"font-family: Calibri;font-size: 20px\">Ofen im Inneren der Heizung, die separate Steuerung f\u00fcr die Zeit und die Temperatur. das kann auf verschiedenen <\/span><\/p>\n<p style=\"vertical-align: baseline\"><span style=\"font-family: Calibri;font-size: 20px\">Stellen Sie den Geschmack ein. <\/span><\/p>\n<p style=\"vertical-align: baseline\"><img loading=\"lazy\" decoding=\"async\" src=\"https:\/\/www.hommy.com\/wp-content\/uploads\/16427456575524.png\" title=\"\" alt=\"product-PA-C6 Pizzalieferautomat-Hommy-img-1\" width=\"350\" height=\"254\" border=\"0\" vspace=\"0\" style=\"width: 350px;height: 254px\"><\/p>\n<p style=\"vertical-align: baseline\"><span style=\"font-family: \u5b8b\u4f53;font-size: 20px\">8.<\/span><span style=\"font-family: Calibri;font-size: 20px\">Vending-Pizza-Automat im Inneren verwenden Pizza-Box Basis auf der Maschine zu entwerfen und es kann in Gefrierschrank -18C zu halten.wir verwenden Material Low Temperaturbest\u00e4ndigkeit. <\/span><\/p>\n<p style=\"vertical-align: baseline\"><img loading=\"lazy\" decoding=\"async\" src=\"https:\/\/www.hommy.com\/wp-content\/uploads\/16427456873382.png\" title=\"\" alt=\"produkt-Hommy-PA-C6 Pizzalieferautomat-img-1\" width=\"350\" height=\"328\" border=\"0\" vspace=\"0\" style=\"width: 350px;height: 328px\"><\/p>\n<h2>Wie wird PizzaForno hergestellt?<\/h2>\n<p style=\"margin-top: 5px;margin-bottom: 5px\">Unser Pizzateig wird t\u00e4glich frisch im Haus hergestellt und alle Bel\u00e4ge werden von unseren Pizzab\u00e4ckern t\u00e4glich frisch zubereitet.<\/p>\n<p style=\"margin-top: 5px;margin-bottom: 5px\"><\/p>\n<h2>Wie werden automatische Pizzab\u00e4cker hergestellt?<\/h2>\n<p style=\"margin-top: 5px;margin-bottom: 5px\">Die ersten automatischen Pizzab\u00e4cker sind immer noch auf dem Markt. Die automatischen Pizzab\u00e4cker haben ein einfaches Prinzip. Das Essen wird von einer Position zur anderen bewegt und automatisch gebacken. Sie k\u00f6nnen Zeit und Geld bei der Zubereitung der Speisen sparen.<\/p>\n<p style=\"margin-top: 5px;margin-bottom: 5px\"><\/p>\n<h2>Wie funktioniert ein Pizza-Automat?<\/h2>\n<p style=\"margin-top: 5px;margin-bottom: 5px\">Die Zubereitung einer Pizza in einem Automaten ist ganz einfach. Zuerst bereitet man den Teig vor und belegt ihn mit den gew\u00fcnschten Zutaten. Dann wird die Pizza zusammengeklappt und in den Automaten eingelegt. Der Automat beginnt dann, sich zu schlie\u00dfen, und zu gegebener Zeit wird die Pizza in ein spezielles Fach gegeben. Um die Funktionsweise eines Pizzaautomaten zu verstehen, muss man zun\u00e4chst die Arten von Zutaten, die in der Pizza verwendet werden, und die verschiedenen Teigsorten kennen.<\/p>\n<\/p><\/div>","protected":false},"excerpt":{"rendered":"<p>Automatic Infrared Heating Vending Pizza Machine&nbsp;&nbsp; https:\/\/youtu.be\/k7jPPm3_y3I We are offering our range to buyers at competitive rates. With our qualitative supplies, we are the foremost service provider to an exclusive client list.We are one of the widely known name in the domain offering a broad assortment of Pizza Vending Machine How Much. It is suitable [&hellip;]<\/p>\n","protected":false},"featured_media":1960,"comment_status":"open","ping_status":"open","template":"","meta":{"_swt_meta_header_display":false,"_swt_meta_footer_display":false,"_swt_meta_site_title_display":false,"_swt_meta_sticky_header":false,"_swt_meta_transparent_header":false},"product_brand":[],"product_cat":[70,68],"product_tag":[],"class_list":{"0":"post-147","1":"product","2":"type-product","3":"status-publish","4":"has-post-thumbnail","6":"product_cat-pizza-vending-machine","7":"product_cat-vending-machine","9":"first","10":"instock","11":"shipping-taxable","12":"product-type-simple"},"_links":{"self":[{"href":"https:\/\/www.hommy.com\/de\/wp-json\/wp\/v2\/product\/147","targetHints":{"allow":["GET"]}}],"collection":[{"href":"https:\/\/www.hommy.com\/de\/wp-json\/wp\/v2\/product"}],"about":[{"href":"https:\/\/www.hommy.com\/de\/wp-json\/wp\/v2\/types\/product"}],"replies":[{"embeddable":true,"href":"https:\/\/www.hommy.com\/de\/wp-json\/wp\/v2\/comments?post=147"}],"wp:featuredmedia":[{"embeddable":true,"href":"https:\/\/www.hommy.com\/de\/wp-json\/wp\/v2\/media\/1960"}],"wp:attachment":[{"href":"https:\/\/www.hommy.com\/de\/wp-json\/wp\/v2\/media?parent=147"}],"wp:term":[{"taxonomy":"product_brand","embeddable":true,"href":"https:\/\/www.hommy.com\/de\/wp-json\/wp\/v2\/product_brand?post=147"},{"taxonomy":"product_cat","embeddable":true,"href":"https:\/\/www.hommy.com\/de\/wp-json\/wp\/v2\/product_cat?post=147"},{"taxonomy":"product_tag","embeddable":true,"href":"https:\/\/www.hommy.com\/de\/wp-json\/wp\/v2\/product_tag?post=147"}],"curies":[{"name":"wp","href":"https:\/\/api.w.org\/{rel}","templated":true}]}}