{"id":134,"date":"2024-07-02T12:08:46","date_gmt":"2024-07-02T12:08:46","guid":{"rendered":"http:\/\/localhost\/hommywp\/pa-c6-a-pizza-vending-machine-with-roof-franchise-business\/"},"modified":"2025-08-01T09:57:26","modified_gmt":"2025-08-01T09:57:26","slug":"pa-c6-a-mit-dach","status":"publish","type":"product","link":"https:\/\/www.hommy.com\/de\/p\/pa-c6-a-mit-dach\/","title":{"rendered":"Pa-C6-A Pizza-Automat mit Dach Franchise-Gesch\u00e4ft"},"content":{"rendered":"<div>\n<p style=\"margin-bottom:0;text-align:justify\"><\/p>\n<p style=\"text-align: center\"><strong><span style=\"font-family:Calibri;font-size:29px\">let's pizza vending machine preis<\/span><\/strong><span style=\"font-family:Calibri;font-size:29px\"> <\/span><\/p>\n<p style=\"text-align: center\"><span style=\"font-family:Calibri;font-size:29px\"><a href=\"https:\/\/youtu.be\/uVsIe_11_mE\" rel=\"nofollow noopener\" target=\"_blank\">https:\/\/youtu.be\/uVsIe_11_mE<\/a> <\/span><\/p>\n<p>Unser Pizzaautomat ist extrem langlebig und so konzipiert, dass die Maschine jahrelang h\u00e4lt. Er wird unter Verwendung von Qualit\u00e4tskomponenten hergestellt und ist so konzipiert, dass er einfach zu bedienen ist und die Pizzalieferanten leicht zu reinigen sind. Dieser Pizzaautomat ist bekannt f\u00fcr seine einfache Bedienung, den geringen Wartungsaufwand und vor allem f\u00fcr die geringen Kosten.<\/p>\n<p><strong><span style=\"font-family: \u5b8b\u4f53;font-size: 29px\">Produkt&nbsp;<\/span><span style=\"font-family: \u5b8b\u4f53;font-size: 29px\">Spezifikation\uff1a<\/span><\/strong><\/p>\n<p><strong><span style=\"font-family: \u5b8b\u4f53;font-size: 29px\"><img loading=\"lazy\" decoding=\"async\" src=\"https:\/\/www.hommy.com\/wp-content\/uploads\/16428200333753.jpg\" title=\"\" alt=\"product-Hommy-img\" width=\"800\" height=\"961\" border=\"0\" vspace=\"0\" style=\"height: 961px;width: 800px\"><\/span><\/strong><\/p>\n<p><strong><span style=\"font-family: \u5b8b\u4f53;font-size: 29px\"><\/span><\/strong><\/p>\n<p><img decoding=\"async\" src=\"https:\/\/www.hommy.com\/wp-content\/uploads\/16428201553858.jpg\" alt=\"product-Hommy-img\" title=\"\"><\/p>\n<p><img loading=\"lazy\" decoding=\"async\" src=\"https:\/\/www.hommy.com\/wp-content\/uploads\/16428200313238.jpg\" title=\"\" alt=\"Produkt-PA-C6-A mit Dach-Hommy-img\" width=\"800\" height=\"890\" border=\"0\" vspace=\"0\" style=\"height: 890px;width: 800px\"><\/p>\n<p><img decoding=\"async\" src=\"https:\/\/www.hommy.com\/wp-content\/uploads\/16428201485643.jpg\" alt=\"Produkt-Hommy-PA-C6-A mit Dach-Img\" title=\"\"><\/p>\n<p><\/p>\n<p style=\"margin-bottom:0;text-align:justify\"><\/p>\n<p style=\"margin-bottom:0;text-align:justify\"><strong><span style=\"font-family:\u5b8b\u4f53;font-size:29px\"><img decoding=\"async\" src=\"https:\/\/www.hommy.com\/wp-content\/uploads\/16427494745284.jpg\" alt=\"Produkt-Hommy-PA-C6-A mit Dach-Img\" title=\"\"><\/span><\/strong><\/p>\n<p style=\"margin-bottom:0;text-align:justify\"><strong><span style=\"font-family:\u5b8b\u4f53;font-size:29px\">Produktmerkmale:<\/span><\/strong><span style=\"font-family:\u5b8b\u4f53;font-size:29px\"> <\/span><\/p>\n<p><span style=\"font-family:Calibri;font-size:21px\">1.&nbsp;<\/span><span style=\"font-family:Calibri;font-size:21px\">32\"-Bildschirm f\u00fcr Werbung und 10,5\"-Bildschirm f\u00fcr den Betrieb.<\/span><\/p>\n<p><span style=\"font-family:Calibri;font-size:21px\">2.&nbsp;<\/span><span style=\"font-family:Calibri;font-size:21px\">Das Zahlungssystem kann M\u00fcnzen, Scheine, Exchang-M\u00fcnzen und Kreditkarten akzeptieren.<\/span><\/p>\n<p><span style=\"font-family:Calibri;font-size:21px\">3.&nbsp;<\/span><span style=\"font-family:Calibri;font-size:21px\">Der Gefrierschrank des Pizza-Automaten kann 88 St\u00fcck 12\"-Pizzen aufbewahren und die Temperatur von 10<\/span><span style=\"font-family:Calibri;font-size:21px\">\u2103<\/span><span style=\"font-family:Calibri;font-size:21px\">&nbsp;bis -18<\/span><span style=\"font-family:Calibri;font-size:21px\">\u2103<\/span><span style=\"font-family:Calibri;font-size:21px\">. <\/span><\/p>\n<p><span style=\"font-family:Calibri;font-size:21px\">4.&nbsp;<\/span><span style=\"font-family:Calibri;font-size:21px\">Die Maschine im Inneren halten 88 Satz Papier-Boxen.<\/span><\/p>\n<p><span style=\"font-family:Calibri;font-size:21px\">5.&nbsp;<\/span><span style=\"font-family:Calibri;font-size:21px\">Fortgeschrittene PC-Steuerplatine, gut programmierte Funktion und stabiler Betrieb.<\/span><\/p>\n<p><span style=\"font-family:Calibri;font-size:21px\">6.&nbsp;<\/span><span style=\"font-family:Calibri;font-size:21px\">Wir speichern Produktdaten automatisch im Lager durch Scannen von QR-Codes. F\u00fcr jedes Produkt legen wir einen QR-Code fest. Sie k\u00f6nnen die Produktionszeit und das Verfallsdatum des Produkts eindeutig erkennen, so dass Sie den Verbleib des Produkts verfolgen k\u00f6nnen. Wenn das Produkt zwei Tage vor Ablauf des Verfallsdatums ist, hilft Ihnen unser System automatisch beim Verkauf bis zum Ablauf. Wenn das Produkt das Haltbarkeitsdatum \u00fcberschritten hat, stoppt das System automatisch den Verkauf des Produkts, um Qualit\u00e4t und Sicherheit zu gew\u00e4hrleisten. <\/span><\/p>\n<p><span style=\"font-family:Calibri;font-size:21px\">7.&nbsp;<\/span><span style=\"font-family:Calibri;font-size:21px\">Die Gefriertemperatur kann je nach Produkt eingestellt werden, mit automatischer Abtaufunktion, um sicherzustellen, dass die Maschine bei hohen Temperaturen und hoher Luftfeuchtigkeit im Normalbetrieb arbeitet;<\/span><\/p>\n<p><span style=\"font-family:Calibri;font-size:21px\">8.&nbsp;<\/span><span style=\"font-family:Calibri;font-size:21px\">Temperatur der Infrarotheizung <span style=\"font-family:\u5b8b\u4f53\">\uff1a<\/span><span style=\"font-family:Calibri\">60-300\u2103 ben\u00f6tigen 3-5 Minuten zum Backen einer Pizza.<\/span><\/span><\/p>\n<p><span style=\"font-family:Calibri;font-size:21px\">9.&nbsp;<\/span><span style=\"font-family:Calibri;font-size:21px\">&nbsp;Infrarot-Haus Gr\u00f6\u00dfe: 400X400X300mm und Leistung: 3000W. <\/span><\/p>\n<p><span style=\"font-family:Calibri;font-size:21px\">10.&nbsp;<\/span><span style=\"font-family:Calibri;font-size:21px\">Es ist ein Stromausfall-Schutz-Funktion, die Maschine zeigt immer noch die Macht des Staates, hat die Memory-Funktion, die Funktion der \u00dcberlast Leckage-Schutz, den sicheren Betrieb der Maschine. <\/span><\/p>\n<p style=\"margin-bottom:0;text-align:justify\"><span style=\"font-family:Calibri;font-size:21px\">11.&nbsp;<\/span><span style=\"font-family:Calibri;font-size:21px\">Die Sprache kann an verschiedene L\u00e4nder angepasst werden. <\/span><\/p>\n<p><span style=\"font-family:Calibri;font-size:21px\">12.&nbsp;<\/span><span style=\"font-family:Calibri;font-size:21px\">Automatische Stromsparfunktion hinzugef\u00fcgt. Die Maschine f\u00fcgt zwei Zeitr\u00e4ume f\u00fcr Mittag- und Abendessen hinzu. Die Maschine heizt automatisch auf die von Ihnen eingestellte Temperatur zwischen 80 und 100 Grad vor. Wenn der Kunde bezahlt, heizt die Maschine automatisch auf, so dass sich die Backzeit verk\u00fcrzt, der Verkauf beschleunigt wird und nicht den ganzen Tag vorgeheizt werden muss. senkt die Kosten.<\/span><\/p>\n<p><span style=\"font-family:Calibri;font-size:21px\">13.&nbsp;<\/span><span style=\"font-family:Calibri;font-size:21px\">Computer-Fernverwaltungssystem: Abfrage von Verkaufsdetails, Mangelerinnerungen, Maschinenausfallerinnerungen, die mehr Arbeitskosten sparen k\u00f6nnen, Hommy-Pizza-Automat f\u00fcgen mehr humanisierte Funktion hinzu.<\/span><\/p>\n<p><span style=\"font-family:Calibri;font-size:21px\">14.&nbsp;<\/span><span style=\"font-family:Calibri;font-size:21px\">die infrare innen haben oben und unten Temperatur f\u00fcr Sie, um es Basis auf verschiedenen Geschmack Pizza f\u00fcr Temperatur und Backzeit einzustellen.<\/span><\/p>\n<p><span style=\"font-family:Calibri;font-size:21px\">15.&nbsp;<\/span><span style=\"font-family:Calibri;font-size:21px\">Das Ger\u00e4t \u00fcberwacht die Temperatur des Gefrierfachs 24 Stunden lang. Wenn die Temperatur die von Ihnen eingestellte Norm nicht erreicht, werden Sie automatisch daran erinnert, um sicherzustellen, dass die Pizza nicht verdirbt und die Standards f\u00fcr Produktsicherheit und Hygiene eingehalten werden.<\/span><\/p>\n<p><span style=\"font-family:Calibri;font-size:21px\">&nbsp;<\/span><\/p>\n<p style=\"margin-bottom:0;text-align:justify\"><span style=\"font-family:\u5b8b\u4f53;font-size:29px\">&nbsp;<\/span><\/p>\n<p><strong><span style=\"font-family:\u5b8b\u4f53;font-size:29px\">Produktvorteil:<\/span><\/strong><\/p>\n<p><span style=\"font-family:Calibri;font-size:21px\">1.&nbsp;<\/span><span style=\"font-family:Calibri;font-size:21px\">Temperatur der Infrarotheizung <span style=\"font-family:\u5b8b\u4f53\">\uff1a<\/span><span style=\"font-family:Calibri\">60-300\u2103 ben\u00f6tigen 3-5 Minuten zum Backen einer Pizza<\/span><\/span><span style=\"font-family:\u5b8b\u4f53;font-size:21px\">&nbsp;und <\/span><span style=\"font-family:Calibri;font-size:21px\">Infrarot-Haus Gr\u00f6\u00dfe: 400X400X300mm und Leistung: 3000W. <\/span><\/p>\n<p><img loading=\"lazy\" decoding=\"async\" src=\"https:\/\/www.hommy.com\/wp-content\/uploads\/16427495332920.jpg\" title=\"\" alt=\"product-Hommy-img\" width=\"350\" height=\"1440\" border=\"0\" vspace=\"0\" style=\"width: 350px;height: 1440px\"><\/p>\n<p style=\"margin-bottom:0;text-align:justify\"><span style=\"font-family:Calibri;font-size:21px\">2.&nbsp;<\/span><span style=\"font-family:Calibri;font-size:21px\">Wenn Sie eine Aluminiumpfanne zum Backen verwenden, k\u00f6nnen Sie den Boden der Pizza gleichm\u00e4\u00dfiger erhitzen, und die Pizza schmeckt dann noch besser.<\/span><\/p>\n<p style=\"margin-bottom:0;text-align:justify\"><img decoding=\"async\" src=\"https:\/\/www.hommy.com\/wp-content\/uploads\/16427496059145.jpg\" alt=\"product-Hommy-img\" title=\"\"><\/p>\n<p><span style=\"font-family:Calibri;font-size:21px\">4.<\/span><span style=\"font-family:Calibri;font-size:16px\">&nbsp;<\/span><span style=\"font-family:Calibri;font-size:21px\">Wir speichern Produktdaten automatisch im Lager durch Scannen von QR-Codes. F\u00fcr jedes Produkt legen wir einen QR-Code fest. Sie k\u00f6nnen die Produktionszeit und das Verfallsdatum des Produkts eindeutig erkennen, so dass Sie den Verbleib des Produkts verfolgen k\u00f6nnen. Wenn das Produkt zwei Tage vor Ablauf des Verfallsdatums ist, hilft Ihnen unser System automatisch beim Verkauf bis zum Ablauf. Wenn das Produkt das Haltbarkeitsdatum \u00fcberschritten hat, stoppt das System automatisch den Verkauf des Produkts, um Qualit\u00e4t und Sicherheit zu gew\u00e4hrleisten.<\/span><\/p>\n<p style=\"vertical-align: baseline\"><img decoding=\"async\" src=\"https:\/\/www.hommy.com\/wp-content\/uploads\/16427496367551.png\" alt=\"Produkt-PA-C6-A mit Dach-Hommy-img\" title=\"\"><\/p>\n<p><span style=\"font-family: \u5b8b\u4f53;font-size: 20px\">5.<\/span><span style=\"font-family:Calibri;font-size:21px\">Das Zahlungssystem kann M\u00fcnzen, Scheine, Exchang-M\u00fcnzen und Kreditkarten akzeptieren.<\/span><\/p>\n<p style=\"vertical-align: baseline\"><img loading=\"lazy\" decoding=\"async\" src=\"https:\/\/www.hommy.com\/wp-content\/uploads\/16427496683400.png\" title=\"\" alt=\"product-Hommy-img\" width=\"350\" height=\"546\" border=\"0\" vspace=\"0\" style=\"width: 350px;height: 546px\"><\/p>\n<p><span style=\"font-family:Calibri;font-size:21px\">6.&nbsp;<\/span><span style=\"font-family:Calibri;font-size:21px\">Computer-Fernverwaltungssystem: Abfrage von Verkaufsdaten, Erinnerung an Fehlmengen, Erinnerung an Maschinenausf\u00e4lle.<\/span><\/p>\n<p style=\"vertical-align: baseline\"><img decoding=\"async\" src=\"https:\/\/www.hommy.com\/wp-content\/uploads\/16427497104337.jpg\" alt=\"product-Hommy-img\" title=\"\"><\/p>\n<p style=\"vertical-align: baseline\"><span style=\"font-family: Calibri;font-size: 20px\">7.&nbsp;<\/span><span style=\"font-family: Calibri;font-size: 20px\">Ofen im Inneren der Heizung, die separate Steuerung f\u00fcr die Zeit und die Temperatur. das kann auf verschiedenen <\/span><\/p>\n<p style=\"vertical-align: baseline\"><span style=\"font-family: Calibri;font-size: 20px\">Stellen Sie den Geschmack ein. <\/span><\/p>\n<p style=\"vertical-align: baseline\"><img loading=\"lazy\" decoding=\"async\" src=\"https:\/\/www.hommy.com\/wp-content\/uploads\/16427497502612.png\" title=\"\" alt=\"Produkt-Hommy-PA-C6-A mit Dach-img-1\" width=\"350\" height=\"254\" border=\"0\" vspace=\"0\" style=\"width: 350px;height: 254px\"><\/p>\n<p style=\"vertical-align: baseline\"><span style=\"font-family: \u5b8b\u4f53;font-size: 20px\">8.<\/span><span style=\"font-family: Calibri;font-size: 20px\">Vending-Pizza-Automat im Inneren verwenden Pizza-Box Basis auf der Maschine zu entwerfen und es kann in Gefrierschrank -18C zu halten.wir verwenden Material Low Temperaturbest\u00e4ndigkeit. <\/span><\/p>\n<p style=\"vertical-align: baseline\"><img loading=\"lazy\" decoding=\"async\" src=\"https:\/\/www.hommy.com\/wp-content\/uploads\/16427497965147.png\" title=\"\" alt=\"produkt-Hommy-img-1\" width=\"350\" height=\"328\" border=\"0\" vspace=\"0\" style=\"width: 350px;height: 328px\"><\/p>\n<p style=\"vertical-align: baseline\"><span style=\"font-family: Calibri;font-size: 20px\">9.&nbsp;<\/span><span style=\"font-family: Calibri;font-size: 20px\">Es hat zwei Arten von Dach f\u00fcr Sie zu w\u00e4hlen, A und B, dieses Dach kann Wind, regen, Schnee zu blockieren.<\/span><\/p>\n<p style=\"vertical-align: baseline\"><img loading=\"lazy\" decoding=\"async\" src=\"https:\/\/www.hommy.com\/wp-content\/uploads\/16427498619041.png\" title=\"\" alt=\"produkt-Hommy-img-1\" width=\"650\" height=\"184\" border=\"0\" vspace=\"0\" style=\"width: 650px;height: 184px\"><\/p>\n<p style=\"vertical-align: baseline\"><span style=\"font-family: Calibri;font-size: 20px\">10.&nbsp;<\/span><span style=\"font-family: Calibri;font-size: 20px\">Wir begr\u00fc\u00dfen OEM f\u00fcr Ihr Logo<\/span><\/p>\n<p style=\"vertical-align: baseline\"><span style=\"font-family: Calibri;font-size: 20px\"><img decoding=\"async\" src=\"https:\/\/www.hommy.com\/wp-content\/uploads\/16427503206473.png\" alt=\"Produkt-PA-C6-A mit Dach-Hommy-img-1\" title=\"\"><\/span><\/p>\n<h2>Wie gro\u00df ist die Automatenindustrie in den USA?<\/h2>\n<p style=\"margin-top: 5px;margin-bottom: 5px\">Die Automatenindustrie in den Vereinigten Staaten ist mit einem Umsatz von etwa $14,7 Milliarden Euro die gr\u00f6\u00dfte der Welt. Die Branche ist vielf\u00e4ltig, da es in den USA \u00fcber 1.000 verschiedene Arten von Automaten gibt. Die Branche w\u00e4chst st\u00e4ndig, da die Verbraucher immer mehr Zeit unterwegs verbringen und die Automatenhersteller immer neue Wege finden, um bequemer und effizienter zu werden.<\/p>\n<p style=\"margin-top: 5px;margin-bottom: 5px\"><\/p>\n<h2>Wer stellt die Pizzakartons von Pizza Hut her?<\/h2>\n<p style=\"margin-top: 5px;margin-bottom: 5px\">Der Eigent\u00fcmer von Pizza Hut ist Mr. Pizza Hut (nat\u00fcrlich ist er keine Einzelperson, sondern ein Unternehmen), und die Schachteln werden vom Hersteller der Pizza Hut Schachteln hergestellt.<\/p>\n<p style=\"margin-top: 5px;margin-bottom: 5px\"><\/p>\n<h2>Wie viel kostet ein Verkaufsautomat?<\/h2>\n<p style=\"margin-top: 5px;margin-bottom: 5px\">Der Erfolg der Automaten l\u00e4sst sich an der Zahl der Menschen ablesen, die sie nutzen. Wir sind oft gefragt worden, wie viel der Betrieb eines Automaten kostet. Diese Frage ist schwer zu beantworten, da sie von der Gr\u00f6\u00dfe und Art des Automaten, dem Standort des Automaten und der erforderlichen Wartung abh\u00e4ngt.<\/p>\n<\/p><\/div>","protected":false},"excerpt":{"rendered":"<p>let&#039;s pizza vending machine price https:\/\/youtu.be\/uVsIe_11_mE Our Pizza Vending Machine is extremely durable and is designed to make sure that the machine lasts for years. It is fabricated using quality components and the design is such that it is simple to use and the pizza venders are easy to clean. This Pizza Vending Machine is [&hellip;]<\/p>\n","protected":false},"featured_media":1959,"comment_status":"open","ping_status":"open","template":"","meta":{"_swt_meta_header_display":false,"_swt_meta_footer_display":false,"_swt_meta_site_title_display":false,"_swt_meta_sticky_header":false,"_swt_meta_transparent_header":false},"product_brand":[],"product_cat":[70,68],"product_tag":[],"class_list":{"0":"post-134","1":"product","2":"type-product","3":"status-publish","4":"has-post-thumbnail","6":"product_cat-pizza-vending-machine","7":"product_cat-vending-machine","9":"first","10":"instock","11":"shipping-taxable","12":"product-type-simple"},"_links":{"self":[{"href":"https:\/\/www.hommy.com\/de\/wp-json\/wp\/v2\/product\/134","targetHints":{"allow":["GET"]}}],"collection":[{"href":"https:\/\/www.hommy.com\/de\/wp-json\/wp\/v2\/product"}],"about":[{"href":"https:\/\/www.hommy.com\/de\/wp-json\/wp\/v2\/types\/product"}],"replies":[{"embeddable":true,"href":"https:\/\/www.hommy.com\/de\/wp-json\/wp\/v2\/comments?post=134"}],"wp:featuredmedia":[{"embeddable":true,"href":"https:\/\/www.hommy.com\/de\/wp-json\/wp\/v2\/media\/1959"}],"wp:attachment":[{"href":"https:\/\/www.hommy.com\/de\/wp-json\/wp\/v2\/media?parent=134"}],"wp:term":[{"taxonomy":"product_brand","embeddable":true,"href":"https:\/\/www.hommy.com\/de\/wp-json\/wp\/v2\/product_brand?post=134"},{"taxonomy":"product_cat","embeddable":true,"href":"https:\/\/www.hommy.com\/de\/wp-json\/wp\/v2\/product_cat?post=134"},{"taxonomy":"product_tag","embeddable":true,"href":"https:\/\/www.hommy.com\/de\/wp-json\/wp\/v2\/product_tag?post=134"}],"curies":[{"name":"wp","href":"https:\/\/api.w.org\/{rel}","templated":true}]}}