{"id":119,"date":"2024-07-02T12:08:37","date_gmt":"2024-07-02T12:08:37","guid":{"rendered":"http:\/\/localhost\/hommywp\/pa-c6-a-buy-automatic-fresh-pizza-vending-machine-cost\/"},"modified":"2025-08-01T09:57:26","modified_gmt":"2025-08-01T09:57:26","slug":"pa-c6-a-pizza-ausenverkaufsautomat","status":"publish","type":"product","link":"https:\/\/www.hommy.com\/de\/p\/pa-c6-a-pizza-ausenverkaufsautomat\/","title":{"rendered":"Pa-C6-A Kaufen Automatischer Frische-Pizza-Automat Kosten"},"content":{"rendered":"<div>\n<h1 style=\"text-align: center\"><strong><span style=\"letter-spacing: 0px;font-family: arial, helvetica, sans-serif;font-size: 24px\"><a name=\"Outdoor Automatic Infrared Heating Vending Pizza Machine\"><\/a>Automatischer Infrarot-Heizungspizza-Automat f\u00fcr den Au\u00dfenbereich<\/span><\/strong><\/h1>\n<p style=\"text-align: center\"><a href=\"#Outdoor Automatic Infrared Heating Vending Pizza Machine\" target=\"_self\" data-lv=\"0\" rel=\"noopener\"><span style=\"font-size: 18px\"><span style=\"letter-spacing: 0px;font-family: arial, helvetica, sans-serif\">Automatischer Infrarot-Heizungspizza-Automat f\u00fcr den Au\u00dfenbereich<\/span><\/span><\/a><span style=\"font-size: 18px\"><span style=\"letter-spacing: 0px;font-family: arial, helvetica, sans-serif\">|<a href=\"#Product Features\" target=\"_self\" data-lv=\"0\" rel=\"noopener\">Produktmerkmale<\/a>|<a href=\"#Product specification\" target=\"_self\" data-lv=\"0\" rel=\"noopener\">Produktspezifikation<\/a>|<a href=\"#Product Advantage\" target=\"_self\" data-lv=\"0\" rel=\"noopener\">Produktvorteil<\/a><\/span><\/span><\/p>\n<p><strong><span style=\"letter-spacing: 0px;font-family: arial, helvetica, sans-serif;font-size: 24px\"><br \/><\/span><\/strong><\/p>\n<p><strong><span style=\"letter-spacing: 0px;font-family: arial, helvetica, sans-serif;font-size: 24px\"><br \/><\/span><\/strong><\/p>\n<p><\/p>\n<p style=\"text-align: center\">&nbsp;&nbsp;&nbsp;&nbsp;<\/p>\n<p>Der automatische Frischpizza-Automat ist ein All-in-One-System, das Ihren Kunden eine gleichbleibend frische Pizza liefert. W\u00e4hlen Sie am Automaten Ihr bevorzugtes Teigrezept und den perfekten Belag. Nachdem Sie Ihre Pizza mit dem Belag Ihrer Wahl belegt haben, schieben Sie Ihre frisch zubereitete Pizza in den Umluftofen. W\u00e4hlen Sie zwischen einer konventionellen Einstellung f\u00fcr eine Pizza mit K\u00e4se oder Kruste oder entscheiden Sie sich f\u00fcr eine Pizza, die nur aus Teig besteht. Ihre Kunden werden sich freuen, eine erschwingliche Qualit\u00e4tspizza f\u00fcr jede Mahlzeit zu finden, und selbst Ihre nicht pizzaliebenden Kunden werden diesen Frischpizza-Automaten lieben.<\/p>\n<p><\/p>\n<div class=\"d-tem01-graphic tem01-graphic mockup\" data-detail=\"wrap\">\n<div class=\"cont-section clearfix d-clearfix\">\n<div class=\"col-md-6 col-sm-6 col-xs-6\"><\/p>\n<div class=\"graphic_pic animated wow bounceIn\" data-wow-delay=\".7s\">\n<p style=\"text-align:center\"><img decoding=\"async\" src=\"https:\/\/www.hommy.com\/wp-content\/uploads\/16103355827843.jpg\" alt=\"product-Hommy-img\" title=\"\"><\/p>\n<\/div>\n<\/div>\n<div class=\"col-md-6 col-sm-6 col-xs-6\">\n<div class=\"right-p\">\n<div class=\"h2 heading\">\n<h1 style=\"margin: 0px;text-indent: 0px;text-align: justify\"><span style=\"font-family: arial, helvetica, sans-serif\"><strong><span style=\"letter-spacing: 0px;font-family: arial, helvetica, sans-serif;font-size: 24px\"><a name=\"Product Features\"><\/a>Produktmerkmale<\/span><\/strong><\/span><\/h1>\n<p style=\"margin-top:0;margin-right:0;margin-bottom:0;margin-left:0;text-indent:0;text-align:justify\"><span style=\"letter-spacing: 0px;font-size: 18px;font-family: arial, helvetica, sans-serif\"><br \/><\/span><\/p>\n<p><span style=\"font-size: 18px;font-family: arial, helvetica, sans-serif\">1. 55\"-Bildschirm f\u00fcr die Werbung und 15\"-Bildschirmbetrieb .<\/span><\/p>\n<p><span style=\"font-size: 18px;font-family: arial, helvetica, sans-serif\">2. Das Zahlungssystem kann annehmen: M\u00fcnze, Rechnung, Exchang-M\u00fcnze, Kreditkarte Schnittstelle.<\/span><\/p>\n<p><span style=\"font-size: 18px;font-family: arial, helvetica, sans-serif\">3. Der Gefrierschrank im Inneren kann 48pcs 10 \"Pizza halten und halten die Temperatur von -8\u2103 bis 10\u2103. <\/span><\/p>\n<p><span style=\"font-size: 18px;font-family: arial, helvetica, sans-serif\">4. Die Maschine im Inneren halten 48 Satz Papier-Boxen.<\/span><\/p>\n<p><span style=\"font-size: 18px;font-family: arial, helvetica, sans-serif\">5. Erweiterte PC-Steuerplatine, gut programmierte Funktion und stabiles Arbeiten.<\/span><\/p>\n<p><span style=\"font-size: 18px;font-family: arial, helvetica, sans-serif\">6. Der Gefrierschrank im Inneren haben gr\u00f6\u00dfere Gr\u00f6\u00dfe Werbung Bildschirm und Pasteurisierung Funktion. <\/span><\/p>\n<p style=\"margin-left:0;text-indent:0\"><span style=\"font-size: 18px;font-family: arial, helvetica, sans-serif\">7. Die Gefriertemperatur kann auf Basis verschiedener Produkte eingestellt werden, mit automatischer Abtaufunktion, um sicherzustellen, dass die Maschine bei hoher Temperatur und hoher Luftfeuchtigkeit Wetter unter normalen Betrieb;<\/span><\/p>\n<p style=\"margin-left:0;text-indent:0\"><span style=\"letter-spacing: 0px;font-size: 18px;font-family: arial, helvetica, sans-serif\">8. Infrarot-Heizung Temperatur \uff1a60-300\u2103 brauchen, um 45-55 Sekunde f\u00fcr eine Pizza backen.<\/span><\/p>\n<p style=\"margin-left:0;text-indent:0\"><span style=\"letter-spacing: 0px;font-size: 18px;font-family: arial, helvetica, sans-serif\">9.  Infrarot-Haus Gr\u00f6\u00dfe: 400X400X300mm und Leistung: 3000W. <\/span><\/p>\n<p style=\"margin-left:0;text-indent:0\"><span style=\"font-size: 18px;font-family: arial, helvetica, sans-serif\">10. Es gibt eine Stromausfallschutzfunktion, die Maschine zeigt immer noch die Macht des Staates, hat die Speicherfunktion, die Funktion der \u00dcberlast Leckage-Schutz, sorgen f\u00fcr einen sicheren Betrieb der Maschine. <\/span><\/p>\n<p style=\"margin-top:0;margin-right:0;margin-bottom:0;margin-left:0;text-indent:0;text-align:justify\"><span style=\"letter-spacing: 0px;font-size: 18px;font-family: arial, helvetica, sans-serif\">11. Die Sprache kann auf verschiedenen L\u00e4ndern basieren, um sie anzupassen. <\/span><\/p>\n<p style=\"margin-top:0;margin-right:0;margin-bottom:0;margin-left:0;text-indent:0;text-align:justify\"><span style=\"letter-spacing: 0px;font-size: 18px;font-family: arial, helvetica, sans-serif\">12. 48 Pizzas\u00e4tze werden im Inneren der Maschine gelagert.<\/span><\/p>\n<p style=\"margin-left:0;text-indent:0\"><span style=\"font-size: 18px;font-family: arial, helvetica, sans-serif\">13. Computer-Fernverwaltungssystem: Abfrage von Verkaufsdetails, Mangelerinnerungen, Maschinenausfallerinnerung.<\/span><\/p>\n<p style=\"margin-left:0;text-indent:0\"><span style=\"font-family: arial, helvetica, sans-serif;font-size: 18px\">14. Wenn Sie die Maschine au\u00dferhalb des Einkaufszentrums aufstellen m\u00f6chten, k\u00f6nnen Sie ein Dach hinzuf\u00fcgen, das Wind und Wetter abh\u00e4lt.<\/span><span style=\"font-family: arial, helvetica, sans-serif;font-size: 21px\"> <\/span><\/p>\n<p><span style=\"font-size: 18px;font-family: arial, helvetica, sans-serif\">Regen, dieses Dach in Metall und dann Spray Farbe gemacht.&nbsp;&nbsp;<\/span><\/p>\n<\/div>\n<\/div>\n<\/div>\n<\/div>\n<\/div>\n<h1 style=\", Helvetica, Arial, sans-serif\"><strong><span style=\"letter-spacing: 0px;font-size: 24px;font-family: arial, helvetica, sans-serif\"><a name=\"Product specification\"><\/a>Produktspezifikation<\/span><\/strong><\/h1>\n<p><strong><span style=\"letter-spacing: 0px;font-size: 24px;font-family: arial, helvetica, sans-serif\"><br \/><\/span><\/strong><\/p>\n<p><strong><span style=\"letter-spacing: 0px;font-size: 24px;font-family: arial, helvetica, sans-serif\"><img decoding=\"async\" src=\"https:\/\/www.hommy.com\/wp-content\/uploads\/16103351124453.png\" title=\"\" alt=\"product-Hommy-img\"><\/span><\/strong><\/p>\n<p><strong><span style=\"letter-spacing: 0px;font-size: 24px;font-family: arial, helvetica, sans-serif\"><br \/><\/span><\/strong><\/p>\n<p><\/p>\n<h1><strong><span style=\"letter-spacing: 0px;font-family: arial, helvetica, sans-serif;font-size: 24px\"><a name=\"Product Advantage\"><\/a>Produktvorteil<\/span><\/strong><\/h1>\n<p><\/p>\n<div class=\"d-tem01-graphic tem01-graphic mockup\" data-detail=\"wrap\">\n<div class=\"cont-section clearfix d-clearfix\">\n<div class=\"col-md-6 col-sm-6 col-xs-6\" style=\"width: 581px\">\n<div class=\"right-p\">\n<div class=\"h2 heading\">\n<p><span style=\"font-family: arial, helvetica, sans-serif;font-size: 18px\">1. 55\"-Bildschirm f\u00fcr die Werbung und 15\"-Bildschirmbetrieb .<\/span><\/p>\n<p><span style=\"font-family: arial, helvetica, sans-serif;font-size: 18px\"><br \/><\/span><\/p>\n<\/div>\n<\/div>\n<div class=\"graphic_pic animated wow bounceIn\" data-wow-delay=\".7s\">\n<p style=\"text-align:center\"><img loading=\"lazy\" decoding=\"async\" src=\"https:\/\/www.hommy.com\/wp-content\/uploads\/16103353799035.jpg\" alt=\"product-PA-C6-A Au\u00dfen-Pizza-Automat-Hommy-img\" title=\"\" width=\"350\" height=\"500\" border=\"0\" vspace=\"0\" style=\"width: 350px;height: 500px\"><\/p>\n<\/div>\n<\/div>\n<div class=\"col-md-6 col-sm-6 col-xs-6\" style=\"width: 581px\">\n<div class=\"right-p\">\n<div class=\"h2 heading\">\n<p><span style=\"font-family: arial, helvetica, sans-serif;letter-spacing: 0px;font-size: 18px\">2.  Infrarot-Heizung Temperatur \uff1a60-300\u2103 m\u00fcssen 45-55 Sekunde f\u00fcr backen eine Pizza und Infrarot-Haus Gr\u00f6\u00dfe: 400X400X300mm und Leistung: 3000W.&nbsp;<\/span><\/p>\n<\/div>\n<\/div>\n<div class=\"graphic_pic animated wow bounceIn\" data-wow-delay=\".7s\">\n<p style=\"text-align:center\"><img loading=\"lazy\" decoding=\"async\" src=\"https:\/\/www.hommy.com\/wp-content\/uploads\/16103354149689.jpg\" alt=\"product-Hommy-img\" title=\"\" width=\"350\" height=\"500\" border=\"0\" vspace=\"0\" style=\"width: 350px;height: 500px\"><\/p>\n<\/div>\n<\/div>\n<\/div>\n<\/div>\n<p><strong><span style=\"letter-spacing: 0px;font-family: arial, helvetica, sans-serif;font-size: 24px\"><\/span><\/strong><\/p>\n<div class=\"d-tem01-graphic tem01-graphic mockup\" data-detail=\"wrap\">\n<div class=\"cont-section clearfix d-clearfix\">\n<div class=\"col-md-6 col-sm-6 col-xs-6\" style=\"width: 581px\">\n<div class=\"right-p\">\n<div class=\"h2 heading\">\n<p style=\"margin-bottom: 0px;text-align: justify\"><span style=\"font-family: arial, helvetica, sans-serif;font-size: 18px\"><span style=\"font-family: arial, helvetica, sans-serif;letter-spacing: 0px\">3.  48 Pizzas\u00e4tze werden in der Maschine gelagert, halten die Temperatur&nbsp;<\/span><span style=\"font-family: arial, helvetica, sans-serif\">von -8\u2103 bis 10\u2103.<\/span><\/span><\/p>\n<p style=\"margin-bottom: 0px;text-align: justify\"><span style=\"font-family: arial, helvetica, sans-serif;font-size: 18px\"><span style=\"font-family: arial, helvetica, sans-serif\"><br \/><\/span><\/span><\/p>\n<\/div>\n<\/div>\n<div class=\"graphic_pic animated wow bounceIn\" data-wow-delay=\".7s\">\n<p style=\"text-align:center\"><img loading=\"lazy\" decoding=\"async\" src=\"https:\/\/www.hommy.com\/wp-content\/uploads\/16103354355062.png\" alt=\"product-Hommy-img\" title=\"\" width=\"350\" height=\"500\" border=\"0\" vspace=\"0\" style=\"width: 350px;height: 500px\"><\/p>\n<\/div>\n<\/div>\n<div class=\"col-md-6 col-sm-6 col-xs-6\" style=\"width: 581px\">\n<div class=\"right-p\">\n<div class=\"h2 heading\">\n<p><span style=\"font-family: arial, helvetica, sans-serif;font-size: 18px\">4. Die Maschine im Inneren halten 48 Satz Papier-Boxen.<\/span><\/p>\n<p><span style=\"font-family: arial, helvetica, sans-serif;font-size: 18px\"><br \/><\/span><\/p>\n<\/div>\n<\/div>\n<p style=\"text-align:center\"><img loading=\"lazy\" decoding=\"async\" src=\"https:\/\/www.hommy.com\/wp-content\/uploads\/16103354577750.png\" alt=\"product-Hommy-PA-C6-A Pizza-Automat f\u00fcr den Au\u00dfenbereich-img\" title=\"\" width=\"350\" height=\"500\" border=\"0\" vspace=\"0\" style=\"width: 350px;height: 500px\"><\/p>\n<p>&nbsp;<\/p>\n<p>&nbsp; &nbsp; &nbsp; &nbsp; &nbsp; &nbsp;<\/p>\n<\/div>\n<\/div>\n<\/div>\n<p><strong><span style=\"letter-spacing: 0px;font-family: arial, helvetica, sans-serif;font-size: 24px\"><\/span><\/strong><\/p>\n<div class=\"d-tem01-graphic tem01-graphic mockup\" data-detail=\"wrap\">\n<div class=\"cont-section clearfix d-clearfix\">\n<div class=\"col-md-6 col-sm-6 col-xs-6\">\n<div class=\"right-p\">\n<div class=\"h2 heading\">\n<p><span style=\"font-family: arial, helvetica, sans-serif;font-size: 18px\">5. das Zahlungssystem kann akzeptieren: M\u00fcnze, Rechnung, Exchang-M\u00fcnze, Kreditkarte Schnittstelle.<\/span><\/p>\n<p><span style=\"font-family: arial, helvetica, sans-serif;font-size: 18px\"><br \/><\/span><\/p>\n<\/div>\n<\/div>\n<div class=\"graphic_pic animated wow bounceIn\" data-wow-delay=\".7s\">\n<p style=\"text-align:center\"><img loading=\"lazy\" decoding=\"async\" src=\"https:\/\/www.hommy.com\/wp-content\/uploads\/16103354823640.png\" alt=\"produkt-Hommy-img-1\" title=\"\" width=\"350\" height=\"500\" border=\"0\" vspace=\"0\" style=\"width: 350px;height: 500px\"><\/p>\n<p><\/p>\n<h2 style=\"font-family: sans-serif\">Gibt es in den USA Pizza-Automaten?<\/h2>\n<p style=\"margin-top: 5px;margin-bottom: 5px;font-family: sans-serif;font-size: 16px\">Vor kurzem bin ich in die USA geflogen und habe einen Roadtrip nach Ohio gemacht, um meine Cousine zu besuchen. Leider habe ich vergessen, etwas zu essen mitzunehmen. Mein Nachbar hatte mir erz\u00e4hlt, dass Pizza ein Grundnahrungsmittel in fast jedem Fastfood-Restaurant ist, also war ich wirklich besorgt und konnte es kaum erwarten, zu meiner Cousine zu fahren. Zum Gl\u00fcck war sie nicht zu Hause, also beschloss ich, mich auf die Suche nach Pizza zu machen, aber ich konnte sie nirgends finden. Ich konnte auch nichts finden, was wie Pizza aussah, also fragte ich eine Pizzeria in der N\u00e4he, was es dort gab. Man sagte mir, dass sie Pizza h\u00e4tten, und ich probierte sie. Die Qualit\u00e4t war m\u00e4\u00dfig. Zu meiner \u00dcberraschung war kein K\u00e4se drauf. Ich fragte sie, ob der K\u00e4se auf meinem Teller sei, und sie sagten, sie h\u00e4tten die gleiche Pizza mit K\u00e4se wie ich. Sie sagten mir auch, dass ich, wenn ich eine Pizza wolle, zu einem bestimmten Ort gehen m\u00fcsse. Ich war neugierig und<\/p>\n<p style=\"margin-top: 5px;margin-bottom: 5px;font-family: sans-serif;font-size: 16px\"><\/p>\n<h2 style=\"font-family: sans-serif\">Wie viel kostet eine Pizza Forno-Maschine?<\/h2>\n<p style=\"margin-top: 5px;margin-bottom: 5px;font-family: sans-serif;font-size: 16px\">Pizza Forno ist das einzige italienische Pizza-Franchiseunternehmen, das seinen Franchisenehmern die M\u00f6glichkeit gibt, ihre Pizzerien individuell zu gestalten. Bei Pizza Forno ist jedes Franchiseunternehmen einzigartig. Keine zwei Pizzerien sind genau gleich. Wenn es darum geht, herauszufinden, wie hoch der Preis f\u00fcr eine Pizza Forno-Franchise ist, lautet die Antwort: \"Er variiert\". Einige Franchises werden f\u00fcr weniger als $50.000 verkauft, andere f\u00fcr \u00fcber $2 Millionen. Aber es gibt viele Variablen, die sich auf den Preis auswirken k\u00f6nnen, wie z. B. die Gr\u00f6\u00dfe der zu erwerbenden Fl\u00e4che, die Gr\u00f6\u00dfe des Geb\u00e4udes, das Alter und die Lage des Geb\u00e4udes, die Lage in der Gegend, das Verkehrsaufkommen in einer bestimmten Gegend und vieles mehr. Und es ist durchaus m\u00f6glich, dass ein Franchiseunternehmen, das vor ein paar Jahren noch \u00fcber $2 Millionen kostete, heute viel g\u00fcnstiger ist.<\/p>\n<p style=\"margin-top: 5px;margin-bottom: 5px;font-family: sans-serif;font-size: 16px\"><\/p>\n<h2 style=\"font-family: sans-serif\">Wie funktioniert ein Pizza-Automat?<\/h2>\n<p style=\"margin-top: 5px;margin-bottom: 5px;font-family: sans-serif;font-size: 16px\">Wie viele der in Japan beliebten Produkte gibt es in Amerika keine Pizzaautomaten, aber Pizzaautomaten sind in ganz Europa und anderen L\u00e4ndern und sogar in China zu finden. Pizzaautomaten geben in der Regel einzelne Pizzast\u00fccke statt einer ganzen Pizza aus, und man findet sie in Restaurants, Lebensmittelgesch\u00e4ften, Hotelrestaurants und sogar in einigen McDonald's-Restaurants. Viele Pizzaautomaten, wie der oben abgebildete, k\u00f6nnen so konfiguriert werden, dass sie auch andere Arten von Lebensmitteln ausgeben, darunter Sandwiches, Kuchen und andere Leckereien.<\/p>\n<\/div>\n<\/div>\n<div class=\"col-md-6 col-sm-6 col-xs-6\">\n<div class=\"right-p\">\n<p><span style=\"font-family: arial, helvetica, sans-serif;font-size: 18px\">6. Computer-Fernverwaltungssystem: Abfrage von Verkaufsdetails, Mangelerinnerungen, Maschinenausfallerinnerung.<\/span><\/p>\n<\/div>\n<div class=\"graphic_pic animated wow bounceIn\" data-wow-delay=\".7s\">\n<p style=\"text-align:center\"><img loading=\"lazy\" decoding=\"async\" src=\"https:\/\/www.hommy.com\/wp-content\/uploads\/16103355306953.jpg\" alt=\"produkt-Hommy-img-1\" title=\"\" width=\"350\" height=\"500\" border=\"0\" vspace=\"0\" style=\"width: 350px;height: 500px\"><\/p>\n<\/div>\n<\/div>\n<\/div>\n<\/div><\/div>","protected":false},"excerpt":{"rendered":"<p>Outdoor Automatic Infrared Heating Vending Pizza Machine Outdoor Automatic Infrared Heating Vending Pizza Machine|Product Features|Product specification|Product Advantage &nbsp;&nbsp;&nbsp;&nbsp; The Automatic Fresh Pizza Vending Machine is an all-in-one system that provides a consistent, fresh pizza to your customers. From the machine, choose your favorite dough recipe and the perfect toppings. After topping your pizza with your [&hellip;]<\/p>\n","protected":false},"featured_media":111,"comment_status":"open","ping_status":"open","template":"","meta":{"_swt_meta_header_display":false,"_swt_meta_footer_display":false,"_swt_meta_site_title_display":false,"_swt_meta_sticky_header":false,"_swt_meta_transparent_header":false},"product_brand":[],"product_cat":[70,68],"product_tag":[],"class_list":{"0":"post-119","1":"product","2":"type-product","3":"status-publish","4":"has-post-thumbnail","6":"product_cat-pizza-vending-machine","7":"product_cat-vending-machine","9":"first","10":"instock","11":"shipping-taxable","12":"product-type-simple"},"_links":{"self":[{"href":"https:\/\/www.hommy.com\/de\/wp-json\/wp\/v2\/product\/119","targetHints":{"allow":["GET"]}}],"collection":[{"href":"https:\/\/www.hommy.com\/de\/wp-json\/wp\/v2\/product"}],"about":[{"href":"https:\/\/www.hommy.com\/de\/wp-json\/wp\/v2\/types\/product"}],"replies":[{"embeddable":true,"href":"https:\/\/www.hommy.com\/de\/wp-json\/wp\/v2\/comments?post=119"}],"wp:featuredmedia":[{"embeddable":true,"href":"https:\/\/www.hommy.com\/de\/wp-json\/wp\/v2\/media\/111"}],"wp:attachment":[{"href":"https:\/\/www.hommy.com\/de\/wp-json\/wp\/v2\/media?parent=119"}],"wp:term":[{"taxonomy":"product_brand","embeddable":true,"href":"https:\/\/www.hommy.com\/de\/wp-json\/wp\/v2\/product_brand?post=119"},{"taxonomy":"product_cat","embeddable":true,"href":"https:\/\/www.hommy.com\/de\/wp-json\/wp\/v2\/product_cat?post=119"},{"taxonomy":"product_tag","embeddable":true,"href":"https:\/\/www.hommy.com\/de\/wp-json\/wp\/v2\/product_tag?post=119"}],"curies":[{"name":"wp","href":"https:\/\/api.w.org\/{rel}","templated":true}]}}