{"id":110,"date":"2024-07-02T12:08:34","date_gmt":"2024-07-02T12:08:34","guid":{"rendered":"http:\/\/localhost\/hommywp\/pa-b1-12-pizza-box-for-vending-machine\/"},"modified":"2025-08-01T09:57:26","modified_gmt":"2025-08-01T09:57:26","slug":"pa-b1-12-pizzakarton","status":"publish","type":"product","link":"https:\/\/www.hommy.com\/de\/p\/pa-b1-12-pizzakarton\/","title":{"rendered":"Pa-B1-12\" Pizzabox f\u00fcr Verkaufsautomaten"},"content":{"rendered":"<div>\n<p style=\"text-align: center\"><span style=\"font-family:Calibri;font-size:29px\">3-Minuten-Pizza-Automat<\/span><span style=\"font-family: Calibri;font-size: 29px\">&nbsp; &nbsp; &nbsp; &nbsp; &nbsp;&nbsp;<\/span><\/p>\n<p><span style=\"font-family: Calibri;font-size: 29px\">&nbsp; &nbsp; &nbsp; &nbsp; &nbsp;<\/span><span style=\"font-family: \u5b8b\u4f53;font-size: 29px\">&nbsp;&nbsp;&nbsp;&nbsp;&nbsp;&nbsp;&nbsp;&nbsp;&nbsp;&nbsp;&nbsp;&nbsp;&nbsp;&nbsp;<\/span><span style=\"font-family: Calibri;font-size: 29px\">&nbsp; &nbsp; <\/span><span style=\"font-family: \u5b8b\u4f53;font-size: 29px\">&nbsp; &nbsp; &nbsp; &nbsp; &nbsp; &nbsp; &nbsp; &nbsp; &nbsp; &nbsp;<\/span><\/p>\n<p style=\"margin-bottom:0;text-align:justify\"><span style=\"font-family:\u5b8b\u4f53;font-size:29px\"><\/span><\/p>\n<p>Wir sind ein Hersteller, Lieferant und Exporteur von Pizza Box f\u00fcr Automaten, die in attraktiven Designs kommt. Unsere Pizza-Boxen sind mit Premium-Qualit\u00e4t Grundmaterial hergestellt. Diese Pizza-Box ist weit verbreitet in der Lebensmittelindustrie f\u00fcr die Speicherung von Lebensmitteln wie Pizza, Sandwiches, Lebensmittelprodukte etc. gefordert.<\/p>\n<p><\/p>\n<p>Was ist ein Pizzakarton?<\/p>\n<p><\/p>\n<p>Pizzakartons werden zur Aufbewahrung von Lebensmitteln verwendet und sind aus Pappe hergestellt. Sie sind so gestaltet, dass sie in einer bestimmten Form aufbewahrt werden k\u00f6nnen, die in den Verkaufsautomaten passt. Der Grund, warum Pizzakartons Pizzakartons genannt werden, liegt in der Art und Weise, wie sie Pizza aufbewahren. Sie unterscheiden sich von normalen Pizzakartons, da sie f\u00fcr die Aufbewahrung von viel gr\u00f6\u00dferen Pizzen ausgelegt sind. Es gibt verschiedene Modelle von Pizzakartons auf dem Markt, z. B. runde Kartons, dreieckige Kartons, viereckige Kartons usw. Pizzakartons, die f\u00fcr die Herstellung von Pizzen verwendet werden, sind in der Regel quadratisch oder kreisf\u00f6rmig.<\/p>\n<p style=\"margin-bottom:0;text-align:justify\"><\/p>\n<p style=\"margin-bottom:0;text-align:justify\"><span style=\"font-size: 29px;font-family: Helvetica\">Produktmerkmale:<\/span><span style=\"font-family:\u5b8b\u4f53;font-size:29px\"> <\/span><\/p>\n<p><span style=\"font-family:Calibri;font-size:21px\">1.&nbsp;<\/span><span style=\"font-family:Calibri;font-size:21px\">12\" Pizzakarton, die zwei Art von Gr\u00f6\u00dfe f\u00fcr Sie zu w\u00e4hlen, 32x32x3cm und 32x32x3.5cm haben. wir werden auf verschiedenen Pizzakarton Gr\u00f6\u00dfe basieren, um Menge in der Pizza-Maschine einzustellen. <\/span><\/p>\n<p><span style=\"font-family:Calibri;font-size:21px\">2.&nbsp;<\/span><span style=\"font-family:Calibri;font-size:21px\">Der Pizzakarton wird in der Tiefk\u00fchltruhe aufbewahrt, daher w\u00e4hlen wir ein Material, das feuchtigkeitsbest\u00e4ndiges Papier \u00fcberstehen muss. <\/span><\/p>\n<p><span style=\"font-family:Calibri;font-size:21px\">3.&nbsp;<\/span><span style=\"font-family:Calibri;font-size:21px\">Der Pizzakarton ist ein spezielles Design f\u00fcr Hommy-Pizzaautomaten. <\/span><\/p>\n<p><span style=\"font-family:Calibri;font-size:21px\">4.&nbsp;<\/span><span style=\"font-family:Calibri;font-size:21px\">Der Pizzakarton und die Aluminium-Pizzapfanne sind ein Set f\u00fcr den Hommy-Pizza-Automaten, damit er funktioniert.<\/span><\/p>\n<h2 style=\"font-family: sans-serif\">Wie viel kostet eine Pizza Forno-Maschine?<\/h2>\n<p style=\"margin-top: 5px;margin-bottom: 5px;font-family: sans-serif;font-size: 16px\"><\/p>\n<p style=\"margin-top: 5px;margin-bottom: 5px;font-family: sans-serif;font-size: 16px\">Pizza Forno ist ein Familienunternehmen, was bedeutet, dass wir wissen, was es hei\u00dft, ein Unternehmen zu f\u00fchren - wir haben Familie und Freunde, die wir seit vielen Jahren kennen. Nicht nur das, sondern wir sind auch seit vielen Jahren in der Lebensmittelbranche t\u00e4tig und das bedeutet, dass wir die Chance hatten, aus Fehlern, schlechten und guten Erfahrungen zu lernen. Daher wissen wir, was Sie von uns bekommen: ein freundliches Gesicht, das Ihnen bei Ihrer Bestellung hilft und Sie ber\u00e4t; eine freundliche Lieferung, die versuchen wird, Sie zufrieden zu stellen und Ihnen den bestm\u00f6glichen Service zu bieten; eine schnelle, freundliche Lieferung und ein kostenloser, ehrlicher, freundlicher und h\u00f6flicher Anruf. Kurz gesagt, wir bieten den besten Service in der Branche! Aus diesem Grund werden alle unsere Lieferpartner seit vielen Jahren von uns empfohlen. Wir arbeiten mit ihnen zusammen, weil sie unser Vertrauen und unseren Ruf verdient haben.<\/p>\n<p style=\"margin-top: 5px;margin-bottom: 5px;font-family: sans-serif;font-size: 16px\"><\/p>\n<h2 style=\"font-family: sans-serif\">Sollte ich in Piestro-Pizza investieren?<\/h2>\n<p style=\"margin-top: 5px;margin-bottom: 5px;font-family: sans-serif;font-size: 16px\"><\/p>\n<p style=\"margin-top: 5px;margin-bottom: 5px;font-family: sans-serif;font-size: 16px\">Ich wei\u00df, dass dies ein etwas themenfremder Thread ist, aber ich dachte, ich frage mal nach. Ich habe dar\u00fcber nachgedacht, in Piestro's zu investieren. Es gibt sie schon seit etwa 7 Jahren. Als ich das letzte Mal nachgeschaut habe, lag der Preis unter $10. Sie sind bekannt f\u00fcr ihre Pizzen aus gefrorenem Teig mit Bel\u00e4gen, die an Ort und Stelle bleiben, aber sie sind eher ein Sandwich-Laden. Sie behaupten, ges\u00fcnder zu sein als die meisten Pizzerien. Ich bin neu in der Gegend und mag ihre \"hausgemachte\" Pizza.<\/p>\n<p style=\"margin-top: 5px;margin-bottom: 5px;font-family: sans-serif;font-size: 16px\"><\/p>\n<h2 style=\"font-family: sans-serif\">Wie funktioniert der Pizzakiosk?<\/h2>\n<p style=\"margin-top: 5px;margin-bottom: 5px;font-family: sans-serif;font-size: 16px\"><\/p>\n<p style=\"margin-top: 5px;margin-bottom: 5px;font-family: sans-serif;font-size: 16px\">Ein Pizzakiosk ist ein Pizzalieferservice, bei dem die Leute ihre Pizza unterwegs aus einem Automaten wie einem Spielautomaten essen k\u00f6nnen. Wir sind ein Pizza-Automat. Ein Pizza-Automat ist ein Lebensmittelautomat, der in der Regel f\u00fcr den Verkauf von Lebensmitteln und Getr\u00e4nken konzipiert ist. Sie erm\u00f6glichen oft auch die Bezahlung mit Bargeld, Kreditkarte und dem Mobiltelefon des Benutzers. Es gibt zwei Arten von Kiosken: einen vollautomatischen Selbstbedienungs-Kiosk und einen Kiosk mit menschlicher Unterst\u00fctzung.<\/p>\n<\/p><\/div>","protected":false},"excerpt":{"rendered":"<p>3 min vending pizza machine&nbsp; &nbsp; &nbsp; &nbsp; &nbsp;&nbsp; &nbsp; &nbsp; &nbsp; &nbsp; &nbsp;&nbsp;&nbsp;&nbsp;&nbsp;&nbsp;&nbsp;&nbsp;&nbsp;&nbsp;&nbsp;&nbsp;&nbsp;&nbsp;&nbsp;&nbsp; &nbsp; &nbsp; &nbsp; &nbsp; &nbsp; &nbsp; &nbsp; &nbsp; &nbsp; &nbsp; &nbsp; We have been a manufacturer, supplier and exporter of Pizza Box for vending machine that comes in attractive designs. Our Pizza Boxes are manufactured using premium quality basic material. This [&hellip;]<\/p>\n","protected":false},"featured_media":1958,"comment_status":"open","ping_status":"open","template":"","meta":{"_swt_meta_header_display":false,"_swt_meta_footer_display":false,"_swt_meta_site_title_display":false,"_swt_meta_sticky_header":false,"_swt_meta_transparent_header":false},"product_brand":[],"product_cat":[70,68],"product_tag":[],"class_list":{"0":"post-110","1":"product","2":"type-product","3":"status-publish","4":"has-post-thumbnail","6":"product_cat-pizza-vending-machine","7":"product_cat-vending-machine","9":"first","10":"instock","11":"shipping-taxable","12":"product-type-simple"},"_links":{"self":[{"href":"https:\/\/www.hommy.com\/de\/wp-json\/wp\/v2\/product\/110","targetHints":{"allow":["GET"]}}],"collection":[{"href":"https:\/\/www.hommy.com\/de\/wp-json\/wp\/v2\/product"}],"about":[{"href":"https:\/\/www.hommy.com\/de\/wp-json\/wp\/v2\/types\/product"}],"replies":[{"embeddable":true,"href":"https:\/\/www.hommy.com\/de\/wp-json\/wp\/v2\/comments?post=110"}],"wp:featuredmedia":[{"embeddable":true,"href":"https:\/\/www.hommy.com\/de\/wp-json\/wp\/v2\/media\/1958"}],"wp:attachment":[{"href":"https:\/\/www.hommy.com\/de\/wp-json\/wp\/v2\/media?parent=110"}],"wp:term":[{"taxonomy":"product_brand","embeddable":true,"href":"https:\/\/www.hommy.com\/de\/wp-json\/wp\/v2\/product_brand?post=110"},{"taxonomy":"product_cat","embeddable":true,"href":"https:\/\/www.hommy.com\/de\/wp-json\/wp\/v2\/product_cat?post=110"},{"taxonomy":"product_tag","embeddable":true,"href":"https:\/\/www.hommy.com\/de\/wp-json\/wp\/v2\/product_tag?post=110"}],"curies":[{"name":"wp","href":"https:\/\/api.w.org\/{rel}","templated":true}]}}