{"id":1056,"date":"2024-07-02T17:44:56","date_gmt":"2024-07-02T17:44:56","guid":{"rendered":"http:\/\/localhost\/hommywp\/hm123-3-tanks-ice-slushie-maker-slushy-juice-dispenser-supplier\/"},"modified":"2025-08-01T09:57:50","modified_gmt":"2025-08-01T09:57:50","slug":"hm123-slush-eismaschine","status":"publish","type":"product","link":"https:\/\/www.hommy.com\/de\/p\/hm123-slush-eismaschine\/","title":{"rendered":"Hm123 3 Tanks Eis Slushie Maker, Slushy, Juice Dispenser Lieferant"},"content":{"rendered":"<div>\n<p style=\"text-align: center;\">\n<p style=\"text-align: center;\"><strong style=\"color: inherit; font-family: inherit; font-size: 30px; text-align: center;\"><span style=\"letter-spacing: 0px; font-size: 29px; font-family: arial, helvetica, sans-serif;\"><a name=\"Slush ice machine\"><\/a>Slush-Eismaschine<\/span><\/strong><\/p>\n<p style=\"text-align: center;\"><a href=\"#Slush ice machine\" target=\"_self\" rel=\"noopener\" data-lv=\"0\"><span style=\"font-family: arial, helvetica, sans-serif; font-size: 16px;\">Slush-Eismaschine<\/span><\/a><span style=\"font-family: arial, helvetica, sans-serif; font-size: 16px;\">|<a href=\"#ProductFeatures\" target=\"_self\" rel=\"noopener\" data-lv=\"0\">ProduktMerkmale<\/a>|<a href=\"#Product specification\" target=\"_self\" rel=\"noopener\" data-lv=\"0\">Produktspezifikation<\/a>|<a href=\"#Product Advantage\" target=\"_self\" rel=\"noopener\" data-lv=\"0\">Produktvorteil<\/a><\/span><\/p>\n<h2><span style=\"letter-spacing: 0px; font-family: Helvetica; font-size: 16px;\">Diese Maschinen werden unter Verwendung von Rohstoffen bester Qualit\u00e4t und unter Einhaltung der festgelegten Industriestandards hergestellt. Diese Slushie Maker sind weit verbreitet in der Molkerei-Industrie, Lebensmittelverarbeitung, Saft und Getr\u00e4nke, Brauereien, B\u00e4ckereien, Eis, S\u00fc\u00dfwaren, B\u00e4ckerei, Eis und alkoholfreie Getr\u00e4nke produzierenden Industrien verwendet. Der Slushie Maker kann mit Hilfe eines manuellen oder automatischen Modus leicht bedient werden. Diese Maschine ist mit einem h\u00f6henverstellbaren Beh\u00e4lter ausgestattet, um das Slushie-Getr\u00e4nk auszugeben. Unser Angebot an Slushie Maker wird sowohl f\u00fcr kalte als auch f\u00fcr hei\u00dfe Getr\u00e4nke verwendet.<\/span><\/h2>\n<div class=\"d-tem01-graphic tem01-graphic mockup\" data-detail=\"wrap\">\n<div class=\"cont-section clearfix d-clearfix\">\n<div class=\"col-md-6 col-sm-6 col-xs-6\">\n<div class=\"right-p\">\n<div class=\"h2 heading\"><img decoding=\"async\" style=\"text-align: center; font-size: 14px;\" title=\"\" src=\"https:\/\/www.hommy.com\/wp-content\/uploads\/16030983848017.jpg\" alt=\"product-Hommy-img\"><\/div>\n<\/div>\n<\/div>\n<div class=\"col-md-6 col-sm-6 col-xs-6\">\n<div class=\"right-p\">\n<div class=\"h2 heading\">\n<p style=\"text-indent: 0; text-align: justify; margin: 0;\"><span style=\"font-size: 24px;\"><strong><span style=\"letter-spacing: 0px; font-family: arial, helvetica, sans-serif;\"><a name=\"Product Features\"><\/a>Produktmerkmale<\/span><\/strong><\/span><\/p>\n<p style=\"text-indent: 0; text-align: justify; margin: 0;\"><span style=\"font-family: \u5b8b\u4f53; letter-spacing: 0; font-size: 29px;\">\u00a0<\/span><\/p>\n<p style=\"text-indent: 0; text-align: justify; margin: 0;\"><span style=\"font-family: arial, helvetica, sans-serif; font-size: 16px;\">1. Jede Schale hat eine unabh\u00e4ngige Temperaturkontrolle. <\/span><\/p>\n<p style=\"text-indent: 0; text-align: justify; margin: 0;\"><span style=\"font-family: arial, helvetica, sans-serif; font-size: 16px;\">2. Langlebiges Geh\u00e4use aus rostfreiem Stahl<\/span><\/p>\n<p style=\"text-indent: 0; text-align: justify; margin: 0;\"><span style=\"font-family: arial, helvetica, sans-serif; font-size: 16px;\">3. Einfach zu warten und leicht zu bedienen.<\/span><\/p>\n<p style=\"text-indent: 0; text-align: justify; margin: 0;\"><span style=\"font-family: arial, helvetica, sans-serif; font-size: 16px;\">4. Arbeitstemperatur :-1.1to -2.0drgree.cooling Zeit : 25-60 Minuten <\/span><\/p>\n<p style=\"text-indent: 0; text-align: justify; margin: 0;\"><span style=\"font-family: arial, helvetica, sans-serif; font-size: 16px;\">5. ABS Sch\u00fcssel abnehmbar.jede Sch\u00fcssel Kapazit\u00e4t 15L<\/span><\/p>\n<p style=\"text-indent: 0; text-align: justify; margin: 0;\"><span style=\"font-family: arial, helvetica, sans-serif; font-size: 16px;\">6. Hohe Effizienz mit horizontalem R\u00fchren und Energieeinsparung mit leistungsstarkem Zylinder<\/span><\/p>\n<p style=\"text-indent: 0; text-align: justify; margin: 0;\"><span style=\"font-family: arial, helvetica, sans-serif; font-size: 16px;\">7. Abnehmbare Tropfschale: bequem f\u00fcr die Reinigung <\/span><\/p>\n<p style=\"text-indent: 0; text-align: justify; margin: 0;\"><span style=\"font-family: arial, helvetica, sans-serif; font-size: 16px;\">8. Diese Maschine kann Slush und k\u00fchles Wasser zu f\u00fcr Sie zu w\u00e4hlen.<\/span><\/p>\n<p style=\"text-indent: 0; text-align: justify; margin: 0;\"><span style=\"font-family: arial, helvetica, sans-serif; font-size: 16px;\">9. die Abdeckung haben gef\u00fchrtes Licht, wenn Sie die Abdeckung schlie\u00dfen, die automatisch ge\u00f6ffnet wird. <\/span><\/p>\n<p style=\"text-indent: 0; text-align: justify; margin: 0;\"><span style=\"font-family: arial, helvetica, sans-serif; font-size: 16px;\">10. Geben Sie eine Vielzahl von Getr\u00e4nken aus, wie z. B. Granita-Getr\u00e4nke, gefrorene Cocktails, Fruchts\u00e4fte, Smoothies, Kaffee, Cappuccino und Tee-Slush-Getr\u00e4nke, die auch im Modus f\u00fcr gek\u00fchlte Getr\u00e4nke betrieben werden k\u00f6nnen.<\/span><\/p>\n<\/div>\n<\/div>\n<\/div>\n<\/div>\n<\/div>\n<h2><span style=\"font-size: 24px;\"><strong><span style=\"letter-spacing: 0px; font-family: arial, helvetica, sans-serif;\"><a name=\"Product specification\"><\/a>Produktspezifikation<\/span><\/strong><\/span><\/h2>\n<p><img loading=\"lazy\" decoding=\"async\" style=\"width: 1000px; height: 466px;\" title=\"\" src=\"https:\/\/www.hommy.com\/wp-content\/uploads\/16030983347155.png\" alt=\"product-Hommy-img\" width=\"1000\" height=\"466\" border=\"0\" vspace=\"0\"><\/p>\n<p><strong><span style=\"letter-spacing: 0px; font-family: arial, helvetica, sans-serif; font-size: 24px;\"><a name=\"Product Advantage\"><\/a>Produktvorteil<\/span><\/strong><\/p>\n<div class=\"d-tem01-graphic tem01-graphic mockup\" data-detail=\"wrap\">\n<div class=\"cont-section clearfix d-clearfix\">\n<div class=\"col-md-6 col-sm-6 col-xs-6\">\n<div class=\"right-p\">\n<div class=\"h2 heading\">\n<p style=\"text-indent: 0; padding: 0; vertical-align: baseline;\"><span style=\"letter-spacing: 0px; font-size: 16px; font-family: arial, helvetica, sans-serif;\">1. Die Abdeckung haben gef\u00fchrtes Licht, wenn Sie die Abdeckung des Beh\u00e4lters schlie\u00dfen, der automatisch ge\u00f6ffnet wird, wir haben einen Sensor innerhalb der Unterseite der Abdeckung hinzuf\u00fcgen.<\/span><\/p>\n<p style=\"text-indent: 0; padding: 0; vertical-align: baseline;\"><span style=\"font-family: \u5b8b\u4f53; letter-spacing: 0; font-size: 20px;\">\u00a0<\/span><\/p>\n<p style=\"text-indent: 0; padding: 0; vertical-align: baseline;\"><span style=\"font-family: \u5b8b\u4f53; letter-spacing: 0; font-size: 20px;\">\u00a0<\/span><\/p>\n<\/div>\n<\/div>\n<div class=\"graphic_pic animated wow bounceIn\" data-wow-delay=\".7s\">\n<p style=\"text-align: center;\"><img loading=\"lazy\" decoding=\"async\" style=\"width: 350px; height: 500px;\" title=\"\" src=\"https:\/\/www.hommy.com\/wp-content\/uploads\/16030985995267.jpg\" alt=\"product-Hommy-img\" width=\"350\" height=\"500\" border=\"0\" vspace=\"0\"><\/p>\n<\/div>\n<\/div>\n<div class=\"col-md-6 col-sm-6 col-xs-6\">\n<div class=\"right-p\">\n<div class=\"h2 heading\">\n<p style=\"text-indent: 0; padding: 0; vertical-align: baseline;\"><span style=\"letter-spacing: 0px; font-size: 16px; font-family: arial, helvetica, sans-serif;\">2. Die Maschine kann Slush und k\u00fchlendes Wasser f\u00fcr Sie bilden, um es zu w\u00e4hlen. wir benutzen Temperatur, um sie zu steuern, der Temperatursensor, der Material ber\u00fchrt.<\/span><span style=\"font-family: \u5b8b\u4f53; letter-spacing: 0; font-size: 20px;\">\u00a0<\/span><\/p>\n<p style=\"text-indent: 0; padding: 0; vertical-align: baseline;\"><span style=\"font-family: \u5b8b\u4f53; letter-spacing: 0; font-size: 20px;\">\u00a0<\/span><\/p>\n<\/div>\n<\/div>\n<div class=\"graphic_pic animated wow bounceIn\" data-wow-delay=\".7s\">\n<p style=\"text-align: center;\"><img loading=\"lazy\" decoding=\"async\" style=\"width: 350px; height: 350px;\" title=\"\" src=\"https:\/\/www.hommy.com\/wp-content\/uploads\/16030986283305.jpg\" alt=\"Produkt-Hommy-HM123 Slush-Eismaschine-img\" width=\"350\" height=\"350\" border=\"0\" vspace=\"0\"><\/p>\n<\/div>\n<\/div>\n<\/div>\n<\/div>\n<div class=\"d-tem01-graphic tem01-graphic mockup\" data-detail=\"wrap\">\n<div class=\"cont-section clearfix d-clearfix\">\n<div class=\"col-md-6 col-sm-6 col-xs-6\">\n<div class=\"right-p\">\n<div class=\"h2 heading\">\n<p style=\"text-indent: 0; padding: 0; vertical-align: baseline;\"><span style=\"letter-spacing: 0px; font-family: arial, helvetica, sans-serif; font-size: 16px;\">3. Die Maschine Mitte f\u00fcgen Sie eine undichte Pfanne, wenn der Tank verlassen K\u00fchlwasser, diese Pfanne und halten Sie es Flow zu Abfall Pfanne.<\/span><span style=\"font-family: \u5b8b\u4f53; letter-spacing: 0; font-size: 20px;\">\u00a0<\/span><\/p>\n<\/div>\n<\/div>\n<div class=\"graphic_pic animated wow bounceIn\" data-wow-delay=\".7s\">\n<p style=\"text-align: center;\"><img loading=\"lazy\" decoding=\"async\" style=\"width: 350px; height: 500px;\" title=\"\" src=\"https:\/\/www.hommy.com\/wp-content\/uploads\/16030986689326.png\" alt=\"product-Hommy-img\" width=\"350\" height=\"500\" border=\"0\" vspace=\"0\"><\/p>\n<\/div>\n<\/div>\n<div class=\"col-md-6 col-sm-6 col-xs-6\">\n<div class=\"right-p\">\n<div class=\"h2 heading\">\n<p style=\"text-indent: 0; padding: 0; vertical-align: baseline;\"><span style=\"letter-spacing: 0px; font-size: 16px; font-family: arial, helvetica, sans-serif;\">4. Jeder Tank verwenden wir Individuelle Temperaturregelung, die Maschine intelligent automatisch wandelt die aktuelle Temperatur der einzelnen Tank.<\/span><\/p>\n<\/div>\n<\/div>\n<div class=\"graphic_pic animated wow bounceIn\" data-wow-delay=\".7s\">\n<p style=\"text-align: center;\"><img loading=\"lazy\" decoding=\"async\" style=\"width: 350px; height: 500px;\" title=\"\" src=\"https:\/\/www.hommy.com\/wp-content\/uploads\/16030986943618.jpg\" alt=\"Produkt-HM123 Slush-Eismaschine-Hommy-img\" width=\"350\" height=\"500\" border=\"0\" vspace=\"0\"><\/p>\n<\/div>\n<\/div>\n<\/div>\n<\/div>\n<p>Dokument:<img decoding=\"async\" style=\"margin-right: 2px;\" src=\"https:\/\/www.hommy.com\/wp-content\/uploads\/icon_pdf-85.gif\" alt=\"produkt-Hommy-img-1\" title=\"\"><a style=\"font-size: 12px;\" title=\"16031724368516.pdf\" href=\"https:\/\/img80002414.weyesimg.com\/uploads\/www.hommy.com\/addon\/16031724368516.pdf\">16031724368516.pdf<\/a><\/p>\n<h2 style=\"font-family: sans-serif;\">Was ist Schneematsch?<\/h2>\n<p style=\"margin-top: 5px; margin-bottom: 5px; font-family: sans-serif; font-size: 16px;\">Schneematsch ist ein Gemisch aus Wasser, Schnee und Eis. Er ist nicht wie Regen, der vom Himmel f\u00e4llt und schmilzt und zu einer Pf\u00fctze wird. Schneematsch ist eine feste Form von Wasser, die zu einem Feststoff gefroren ist, und er ist fest, weil das Wasser gefroren ist, und das Wasser ist gefroren, weil die Lufttemperatur unter dem Gefrierpunkt liegt. Schneematsch entsteht, wenn Schnee in einer kalten, nassen Umgebung schmilzt.<\/p>\n<p style=\"margin-top: 5px; margin-bottom: 5px; font-family: sans-serif; font-size: 16px;\">\n<h2 style=\"font-family: sans-serif;\">Wie macht man einen Apfel-Slurpee?<\/h2>\n<p style=\"margin-top: 5px; margin-bottom: 5px; font-family: sans-serif; font-size: 16px;\">Zuerst macht man einen Apfelkuchen, nur dass man statt Zimt Apfelsaft hineintut. Dann friert man ihn \u00fcber Nacht ein und gie\u00dft am n\u00e4chsten Tag etwas Cola oder Sprite hinein. (Dieser Schritt ist optional.)Ich wei\u00df noch, wie ich am Abend vor meinem Geburtstag in meinem Zimmer in der Slurpee Factory sa\u00df. Ich lag auf meinem Bett, bedeckt mit klebrigem Apfelkuchenteig und Cola-Sirup. Meine Mutter stand im Wohnzimmer und ging auf und ab, in T-Shirt, Jeans und Turnschuhen. Ihr Haar sah aus wie immer, und ihre Fingern\u00e4gel waren sauber, aber sie wirkte angespannt und unruhig. \"Du solltest besser vorsichtig sein\", sagte sie immer wieder, \"da drau\u00dfen gibt es eine Menge Sirup.\" Der Geruch von Apfelkuchen war stark, so stark, dass ich ihn sogar in meinem Zimmer riechen konnte.<\/p>\n<p style=\"margin-top: 5px; margin-bottom: 5px; font-family: sans-serif; font-size: 16px;\">\n<h2 style=\"font-family: sans-serif;\">Kann man Eiswaffelsirup f\u00fcr Slushies verwenden?<\/h2>\n<p style=\"margin-top: 5px; margin-bottom: 5px; font-family: sans-serif; font-size: 16px;\">Antwort: Ja: Ja, das kann man. Und er schmeckt auch sehr gut. Dieser Sirup wird aus der Zuckerrohrpflanze gewonnen und ist in vielen Teilen der Welt sehr beliebt. Man kann Zuckerrohrsirup in fast jedem Lebensmittelgesch\u00e4ft oder asiatischen Lebensmittelladen kaufen. Es ist eine nat\u00fcrliche Quelle f\u00fcr Zucker. Und er hat eine nat\u00fcrliche S\u00fc\u00dfe, die Slushies gro\u00dfartig schmecken l\u00e4sst!<\/p>\n<\/div>","protected":false},"excerpt":{"rendered":"<p>Slush ice machine Slush ice machine|ProductFeatures|Product specification|Product Advantage These machines are manufactured using the finest quality raw materials in compliance with set industry standards. These Slushie Makers are widely used in Dairy Industry, food processing, juice and beverage, breweries, bakeries, ice cream, confectionary, bakery, ice cream and soft drink manufacturing industries. Slushie Maker can be [&hellip;]<\/p>\n","protected":false},"featured_media":1049,"comment_status":"closed","ping_status":"closed","template":"","meta":{"_swt_meta_header_display":false,"_swt_meta_footer_display":false,"_swt_meta_site_title_display":false,"_swt_meta_sticky_header":false,"_swt_meta_transparent_header":false},"product_brand":[],"product_cat":[91],"product_tag":[],"class_list":{"0":"post-1056","1":"product","2":"type-product","3":"status-publish","4":"has-post-thumbnail","6":"product_cat-slush-machine","8":"first","9":"instock","10":"shipping-taxable","11":"product-type-simple"},"_links":{"self":[{"href":"https:\/\/www.hommy.com\/de\/wp-json\/wp\/v2\/product\/1056","targetHints":{"allow":["GET"]}}],"collection":[{"href":"https:\/\/www.hommy.com\/de\/wp-json\/wp\/v2\/product"}],"about":[{"href":"https:\/\/www.hommy.com\/de\/wp-json\/wp\/v2\/types\/product"}],"replies":[{"embeddable":true,"href":"https:\/\/www.hommy.com\/de\/wp-json\/wp\/v2\/comments?post=1056"}],"wp:featuredmedia":[{"embeddable":true,"href":"https:\/\/www.hommy.com\/de\/wp-json\/wp\/v2\/media\/1049"}],"wp:attachment":[{"href":"https:\/\/www.hommy.com\/de\/wp-json\/wp\/v2\/media?parent=1056"}],"wp:term":[{"taxonomy":"product_brand","embeddable":true,"href":"https:\/\/www.hommy.com\/de\/wp-json\/wp\/v2\/product_brand?post=1056"},{"taxonomy":"product_cat","embeddable":true,"href":"https:\/\/www.hommy.com\/de\/wp-json\/wp\/v2\/product_cat?post=1056"},{"taxonomy":"product_tag","embeddable":true,"href":"https:\/\/www.hommy.com\/de\/wp-json\/wp\/v2\/product_tag?post=1056"}],"curies":[{"name":"wp","href":"https:\/\/api.w.org\/{rel}","templated":true}]}}