{"id":1048,"date":"2024-07-02T17:44:51","date_gmt":"2024-07-02T17:44:51","guid":{"rendered":"http:\/\/localhost\/hommywp\/hm121-commercial-one-tank-frozen-slush-machine-for-sale-price-list\/"},"modified":"2025-08-01T09:57:50","modified_gmt":"2025-08-01T09:57:50","slug":"hm121-slush-maschine","status":"publish","type":"product","link":"https:\/\/www.hommy.com\/de\/p\/hm121-slush-maschine\/","title":{"rendered":"Hm121 Kommerzielle Ein-Tank-Maschine f\u00fcr gefrorenen Slush zu verkaufen Preisliste"},"content":{"rendered":"<div>\n<h2 style=\"margin: 0px;text-align: center\"><strong><span style=\"letter-spacing: 0px;font-family: arial, helvetica, sans-serif;font-size: 24px\"><a name=\"Slush machine\"><\/a>Slush-Maschine <\/span><\/strong><span style=\"font-family:\u5b8b\u4f53;letter-spacing:0;font-size:29px\">&nbsp;<\/span><\/h2>\n<p style=\"margin: 0px;text-align: center\"><\/p>\n<p style=\", Helvetica, Arial, sans-serif;margin: 0px;text-align: center\"><\/p>\n<p style=\"margin: 0px;text-align: center\"><a href=\"#Slush machine\" target=\"_self\" data-lv=\"0\" rel=\"noopener\"><span style=\"letter-spacing: 0px;font-family: arial, helvetica, sans-serif;font-size: 16px\"><span style=\"font-family: arial, helvetica, sans-serif;font-size: 16px;text-align: center\">Slush-Maschine<\/span><\/span><\/a><span style=\"letter-spacing: 0px;font-family: arial, helvetica, sans-serif;font-size: 16px\"><span style=\"font-family: arial, helvetica, sans-serif;font-size: 16px;text-align: center\"><\/span>|<a href=\"#Product Features\" target=\"_self\" data-lv=\"0\" rel=\"noopener\">Produktmerkmale<\/a>|<a href=\"#Product specification\" target=\"_self\" data-lv=\"0\" rel=\"noopener\">Produktspezifikation<\/a>|<a href=\"#Product Advantage\" target=\"_self\" data-lv=\"0\" rel=\"noopener\">Produktvorteil<\/a><\/span><\/p>\n<p style=\"margin-top:0;margin-right:0;margin-bottom:0;margin-left:0\"><span style=\"font-family:\u5b8b\u4f53;letter-spacing:0;font-size:29px\">&nbsp;&nbsp;<\/span><\/p>\n<p>Slush-Maschinen sind mit der besten Qualit\u00e4t aus rostfreiem Stahl hergestellt. Die Slush-Maschinen sind in verschiedenen Modellen, Gr\u00f6\u00dfen und Konfigurationen wie pro die Kundenanforderung zur Verf\u00fcgung.<\/p>\n<p><\/p>\n<p>Wir bieten auch die Slush-Maschine zu einem sehr wettbewerbsf\u00e4higen Preis. Unsere Slush-Maschinen sind auf dem Markt f\u00fcr ihre Qualit\u00e4t, Leistung und Haltbarkeit gesch\u00e4tzt.<\/p>\n<p style=\"margin-top:0;margin-right:0;margin-bottom:0;margin-left:0\"><span style=\"font-family:\u5b8b\u4f53;letter-spacing:0;font-size:29px\"><\/span><\/p>\n<div class=\"d-tem01-graphic tem01-graphic mockup\" data-detail=\"wrap\">\n<div class=\"cont-section clearfix d-clearfix\">\n<div class=\"col-md-6 col-sm-6 col-xs-6\">\n<div class=\"graphic_pic animated wow bounceIn\" data-wow-delay=\".7s\">\n<p style=\"text-align:center\"><img loading=\"lazy\" decoding=\"async\" src=\"https:\/\/www.hommy.com\/wp-content\/uploads\/16030924215415.png\" alt=\"Produkt-HM121 Slush-Maschine-Hommy-img\" title=\"\" width=\"200\" height=\"722\" border=\"0\" vspace=\"0\" style=\"width: 200px;height: 722px\"><\/p>\n<\/div>\n<\/div>\n<div class=\"col-md-6 col-sm-6 col-xs-6\">\n<div class=\"right-p\">\n<div class=\"h2 heading\">\n<h2 style=\"margin: 0px;text-indent: 0px;text-align: justify\"><strong><span style=\"letter-spacing: 0px;font-family: arial, helvetica, sans-serif;font-size: 24px\"><a name=\"Product Features\"><\/a>Produktmerkmale<\/span><\/strong><\/h2>\n<p style=\"margin-top:0;margin-right:0;margin-bottom:0;margin-left:0;text-indent:0;text-align:justify\"><span style=\"letter-spacing: 0px;font-family: arial, helvetica, sans-serif;font-size: 16px\"><br \/><\/span><\/p>\n<p style=\"margin-top:0;margin-right:0;margin-bottom:0;margin-left:0;text-indent:0;text-align:justify\"><span style=\"font-size: 16px\">1. Jede Schale hat eine unabh\u00e4ngige Temperaturkontrolle. <\/span><\/p>\n<p style=\"margin-top:0;margin-right:0;margin-bottom:0;margin-left:0;text-indent:0;text-align:justify\"><span style=\"font-size: 16px\">2. Langlebiges Geh\u00e4use aus rostfreiem Stahl<\/span><\/p>\n<p style=\"margin-top:0;margin-right:0;margin-bottom:0;margin-left:0;text-indent:0;text-align:justify\"><span style=\"font-size: 16px\">3. Einfach zu warten und leicht zu bedienen.<\/span><\/p>\n<p style=\"margin-top:0;margin-right:0;margin-bottom:0;margin-left:0;text-indent:0;text-align:justify\"><span style=\"font-family: \u5b8b\u4f53;font-size: 16px\">4. Arbeitstemperatur :-1.1to -2.0drgree.cooling Zeit : 25-60 Minuten <\/span><\/p>\n<p style=\"margin-top:0;margin-right:0;margin-bottom:0;margin-left:0;text-indent:0;text-align:justify\"><span style=\"font-size: 16px\">5. ABS Sch\u00fcssel abnehmbar.jede Sch\u00fcssel Kapazit\u00e4t 15L<\/span><\/p>\n<p style=\"margin-top:0;margin-right:0;margin-bottom:0;margin-left:0;text-indent:0;text-align:justify\"><span style=\"font-size: 16px\">6. Hohe Effizienz mit horizontalem R\u00fchren und Energieeinsparung mit leistungsstarkem Zylinder<\/span><\/p>\n<p style=\"margin-top:0;margin-right:0;margin-bottom:0;margin-left:0;text-indent:0;text-align:justify\"><span style=\"font-size: 16px\">7. Abnehmbare Tropfschale: bequem f\u00fcr die Reinigung <\/span><\/p>\n<p style=\"margin-top:0;margin-right:0;margin-bottom:0;margin-left:0;text-indent:0;text-align:justify\"><span style=\"font-size: 16px\">8. Diese Maschine kann Slush und k\u00fchles Wasser zu f\u00fcr Sie zu w\u00e4hlen.<\/span><\/p>\n<p style=\"margin-top:0;margin-right:0;margin-bottom:0;margin-left:0;text-indent:0;text-align:justify\"><span style=\"font-size: 16px\">9. die Abdeckung haben gef\u00fchrtes Licht, wenn Sie die Abdeckung schlie\u00dfen, die automatisch ge\u00f6ffnet wird. <\/span><\/p>\n<p style=\"margin-top:0;margin-right:0;margin-bottom:0;margin-left:0;text-indent:0;text-align:justify\"><span style=\"font-size: 16px\">10. Geben Sie eine Vielzahl von Getr\u00e4nken aus, wie z. B. Granita-Getr\u00e4nke, gefrorene Cocktails, Fruchts\u00e4fte, Smoothies, Kaffee, Cappuccino und Tee-Slush-Getr\u00e4nke, die auch im Modus f\u00fcr gek\u00fchlte Getr\u00e4nke betrieben werden k\u00f6nnen.<\/span><\/p>\n<\/div>\n<\/div>\n<p><\/div>\n<\/div>\n<\/div>\n<h2 style=\"margin: 0px;text-indent: 0px;text-align: justify\"><strong><span style=\"letter-spacing: 0px;font-family: arial, helvetica, sans-serif;font-size: 24px\"><a name=\"Product specification\"><\/a>Produktspezifikation<\/span><\/strong><\/h2>\n<p><strong><span style=\"letter-spacing: 0px;font-family: arial, helvetica, sans-serif;font-size: 24px\"><br \/><\/span><\/strong><\/p>\n<p><img loading=\"lazy\" decoding=\"async\" src=\"https:\/\/www.hommy.com\/wp-content\/uploads\/16030911295872.png\" title=\"\" alt=\"product-Hommy-img\" width=\"1000\" height=\"466\" border=\"0\" vspace=\"0\" style=\"width: 1000px;height: 466px\"><\/p>\n<p><\/p>\n<h2><span style=\"font-family: arial, helvetica, sans-serif;font-size: 24px\"><strong><span style=\"font-family: arial, helvetica, sans-serif;letter-spacing: 0px\"><a name=\"Product Advantage\"><\/a>Produktvorteil<\/span><\/strong><\/span><\/h2>\n<p><span style=\"font-family: arial, helvetica, sans-serif;font-size: 24px\"><strong><span style=\"font-family: arial, helvetica, sans-serif;letter-spacing: 0px\"><\/span><\/strong><\/span><\/p>\n<div class=\"d-tem01-graphic tem01-graphic mockup\" data-detail=\"wrap\">\n<div class=\"cont-section clearfix d-clearfix\">\n<div class=\"col-md-6 col-sm-6 col-xs-6\">\n<div class=\"right-p\">\n<p><span style=\"font-family: arial, helvetica, sans-serif;font-size: 16px\">1. Die Abdeckung haben gef\u00fchrtes Licht, wenn Sie die Abdeckung des Beh\u00e4lters schlie\u00dfen, der automatisch ge\u00f6ffnet wird, wir haben einen Sensor innerhalb der Unterseite der Abdeckung hinzuf\u00fcgen.<\/span><\/p>\n<p><span style=\"font-family: arial, helvetica, sans-serif;font-size: 16px\"><br \/><\/span><\/p>\n<p><span style=\"font-family: arial, helvetica, sans-serif;font-size: 16px\">&nbsp;<\/span><\/p>\n<\/div>\n<div class=\"graphic_pic animated wow bounceIn\" data-wow-delay=\".7s\">\n<p style=\"text-align:center\"><img loading=\"lazy\" decoding=\"async\" src=\"https:\/\/www.hommy.com\/wp-content\/uploads\/16030927928472.jpg\" alt=\"produkt-Hommy-HM121 Schneidemaschine-img\" title=\"\" width=\"350\" height=\"500\" border=\"0\" vspace=\"0\" style=\"width: 350px;height: 500px\"><\/p>\n<\/div>\n<\/div>\n<div class=\"col-md-6 col-sm-6 col-xs-6\">\n<div class=\"right-p\">\n<div class=\"h2 heading\">\n<div class=\"right-p\" style=\"padding: 0px 0px 0px 30px\">\n<div class=\"h2 heading\" style=\"margin: 0px 0px 15px;font-size: 22px\">\n<p style=\"padding: 0px;vertical-align: baseline\"><span style=\"letter-spacing: 0px;font-family: arial, helvetica, sans-serif;font-size: 16px\">2. Die Maschine kann Slush und k\u00fchlendes Wasser f\u00fcr Sie bilden, um es zu w\u00e4hlen. wir benutzen Temperatur, um sie zu steuern, der Temperatursensor, der Material ber\u00fchrt.<\/span><span style=\"font-family: \u5b8b\u4f53;letter-spacing: 0px;font-size: 20px\">&nbsp;<\/span><\/p>\n<p><span style=\"font-family: \u5b8b\u4f53;letter-spacing: 0px;font-size: 20px\"><br \/><\/span><\/div>\n<\/div>\n<\/div>\n<\/div>\n<div class=\"graphic_pic animated wow bounceIn\" data-wow-delay=\".7s\">\n<p style=\"text-align:center\"><img loading=\"lazy\" decoding=\"async\" src=\"https:\/\/www.hommy.com\/wp-content\/uploads\/16030928933359.jpg\" alt=\"product-Hommy-img\" title=\"\" width=\"350\" height=\"500\" border=\"0\" vspace=\"0\" style=\"width: 350px;height: 500px\"><\/p>\n<\/div>\n<\/div>\n<\/div>\n<\/div>\n<div class=\"d-tem01-graphic tem01-graphic mockup\" data-detail=\"wrap\">\n<div class=\"cont-section clearfix d-clearfix\">\n<div class=\"col-md-6 col-sm-6 col-xs-6\">\n<div class=\"right-p\">\n<div class=\"h2 heading\">\n<p style=\"text-indent: 0;padding: 0;vertical-align: baseline\"><span style=\"letter-spacing: 0px;font-family: arial, helvetica, sans-serif;font-size: 16px\"><\/span><\/p>\n<p style=\"text-indent: 0;padding: 0;vertical-align: baseline\"><span style=\"letter-spacing: 0px;font-family: arial, helvetica, sans-serif;font-size: 16px\">3. Die Maschine Mitte f\u00fcgen Sie eine undichte Pfanne, wenn der Tank verlassen K\u00fchlwasser, diese Pfanne und halten Sie es Flow zu Abfall Pfanne.<\/span><span style=\"font-family: \u5b8b\u4f53;letter-spacing: 0;font-size: 20px\">&nbsp;<\/span><\/p>\n<p style=\"text-indent: 0;padding: 0;vertical-align: baseline\"><span style=\"letter-spacing: 0px;font-family: arial, helvetica, sans-serif;font-size: 16px\"><\/span><\/p>\n<\/div>\n<\/div>\n<div class=\"graphic_pic animated wow bounceIn\" data-wow-delay=\".7s\">\n<p style=\"text-align:center\"><img loading=\"lazy\" decoding=\"async\" src=\"https:\/\/www.hommy.com\/wp-content\/uploads\/16030929185677.png\" alt=\"product-Hommy-img\" title=\"\" width=\"350\" height=\"500\" border=\"0\" vspace=\"0\" style=\"width: 350px;height: 500px\"><\/p>\n<\/div>\n<\/div>\n<div class=\"col-md-6 col-sm-6 col-xs-6\">\n<div class=\"right-p\">\n<p style=\"text-indent: 0;padding: 0;vertical-align: baseline\"><span style=\"letter-spacing: 0px;font-family: arial, helvetica, sans-serif;font-size: 16px\"><\/span><\/p>\n<p style=\"text-indent: 0;padding: 0;vertical-align: baseline\"><span style=\"letter-spacing: 0px;font-family: arial, helvetica, sans-serif;font-size: 16px\">4. Jeder Tank verwenden wir Individuelle Temperaturregelung, die Maschine intelligent automatisch wandelt die aktuelle Temperatur der einzelnen Tank.<\/span><\/p>\n<p style=\"text-indent: 0;padding: 0;vertical-align: baseline\"><span style=\"letter-spacing: 0px;font-family: arial, helvetica, sans-serif;font-size: 16px\"><br \/><\/span><\/p>\n<p style=\"text-indent: 0;padding: 0;vertical-align: baseline\"><span style=\"letter-spacing: 0px;font-family: arial, helvetica, sans-serif;font-size: 16px\"><br \/><\/span><\/p>\n<p style=\"text-align:center\"><img loading=\"lazy\" decoding=\"async\" src=\"https:\/\/www.hommy.com\/wp-content\/uploads\/16030929441107.jpg\" alt=\"product-Hommy-img\" title=\"\" width=\"350\" height=\"500\" border=\"0\" vspace=\"0\" style=\"width: 350px;height: 500px\"><\/p>\n<\/div>\n<\/div>\n<\/div>\n<\/div>\n<p>Dokument\uff1a<img decoding=\"async\" src=\"https:\/\/www.hommy.com\/wp-content\/uploads\/icon_pdf-84.gif\" style=\"margin-right: 2px\" alt=\"Produkt-HM121 Slush-Maschine-Hommy-img-1\" title=\"\"><a href=\"https:\/\/img80002414.weyesimg.com\/uploads\/www.hommy.com\/addon\/16030931029898.pdf\" title=\"16030931029898.pdf\" style=\"font-size: 12px\">16030931029898.pdf<\/a><\/p>\n<h2>Warum ist mein Vanilleeis gelb?<\/h2>\n<p style=\"margin-top: 5px;margin-bottom: 5px\"><\/p>\n<p style=\"margin-top: 5px;margin-bottom: 5px\">Wir werden heute ein Vanilleeis machen. In meinem Rezept ist halb Milch und halb Sahne vorgesehen. Ich habe beides ausprobiert und es scheint die Farbe des Eises nicht zu ver\u00e4ndern. Ich habe einen Teel\u00f6ffel gelbe Lebensmittelfarbe in die Sahne gegeben und das Eis ist immer noch gelb. Ich denke, das Problem liegt in der Milch. Ist das m\u00f6glich?<\/p>\n<p style=\"margin-top: 5px;margin-bottom: 5px\"><\/p>\n<p style=\"margin-top: 5px;margin-bottom: 5px\">A:<\/p>\n<p style=\"margin-top: 5px;margin-bottom: 5px\"><\/p>\n<p style=\"margin-top: 5px;margin-bottom: 5px\">Sie k\u00f6nnen Milch mit einer anderen Farbe verwenden. Die gelben Aromastoffe in Speiseeis bestehen aus fester Milch und ein wenig Milchpulver. Die festen Bestandteile der Milch sind gelb, das Milchpulver ist jedoch wei\u00df.&nbsp;<\/p>\n<p style=\"margin-top: 5px;margin-bottom: 5px\"><\/p>\n<h2>Ist franz\u00f6sischer Vanilleextrakt dasselbe wie Vanilleextrakt?<\/h2>\n<p style=\"margin-top: 5px;margin-bottom: 5px\"><\/p>\n<p style=\"margin-top: 5px;margin-bottom: 5px\">Ich wei\u00df, dass es vorgefertigte Extrakte gibt, aber ich frage mich, ob es einen Unterschied zwischen franz\u00f6sischem Vanilleextrakt und Vanilleextrakt gibt. Ich bin mir nur nicht sicher, ob es notwendig ist, einen Vanilleextrakt zu kaufen und ihn dann mit einem bestimmten Aroma zu mischen, um ihn zu franz\u00f6sischem Vanilleextrakt zu machen, oder ob eine Vanilleschote genauso gut ist.<\/p>\n<p style=\"margin-top: 5px;margin-bottom: 5px\"><\/p>\n<h2>Wie lang ist die Haltbarkeit von Softeis?<\/h2>\n<p style=\"margin-top: 5px;margin-bottom: 5px\"><\/p>\n<p style=\"margin-top: 5px;margin-bottom: 5px\">Softeis kann man das ganze Jahr \u00fcber essen, aber am besten schmeckt es zwischen Juli und Dezember, so die American Dairy Association.<\/p>\n<p style=\"margin-top: 5px;margin-bottom: 5px\"><\/p>\n<p style=\"margin-top: 5px;margin-bottom: 5px\">Nach Angaben des USDA kann Softeis mehrere Monate lang eingefroren werden.<\/p>\n<\/p><\/div>","protected":false},"excerpt":{"rendered":"<p>Slush machine &nbsp; Slush machine|Product Features|Product specification|Product Advantage &nbsp;&nbsp; Slush Machines are made using the finest quality stainless steel. The Slush Machines are available in different models, sizes and configurations as per the clients requirement. We also offer the Slush Machine at a highly competitive rate. Our Slush Machines are appreciated in the market for [&hellip;]<\/p>\n","protected":false},"featured_media":1041,"comment_status":"open","ping_status":"open","template":"","meta":{"_swt_meta_header_display":false,"_swt_meta_footer_display":false,"_swt_meta_site_title_display":false,"_swt_meta_sticky_header":false,"_swt_meta_transparent_header":false},"product_brand":[],"product_cat":[91],"product_tag":[],"class_list":{"0":"post-1048","1":"product","2":"type-product","3":"status-publish","4":"has-post-thumbnail","6":"product_cat-slush-machine","8":"first","9":"instock","10":"shipping-taxable","11":"product-type-simple"},"_links":{"self":[{"href":"https:\/\/www.hommy.com\/de\/wp-json\/wp\/v2\/product\/1048","targetHints":{"allow":["GET"]}}],"collection":[{"href":"https:\/\/www.hommy.com\/de\/wp-json\/wp\/v2\/product"}],"about":[{"href":"https:\/\/www.hommy.com\/de\/wp-json\/wp\/v2\/types\/product"}],"replies":[{"embeddable":true,"href":"https:\/\/www.hommy.com\/de\/wp-json\/wp\/v2\/comments?post=1048"}],"wp:featuredmedia":[{"embeddable":true,"href":"https:\/\/www.hommy.com\/de\/wp-json\/wp\/v2\/media\/1041"}],"wp:attachment":[{"href":"https:\/\/www.hommy.com\/de\/wp-json\/wp\/v2\/media?parent=1048"}],"wp:term":[{"taxonomy":"product_brand","embeddable":true,"href":"https:\/\/www.hommy.com\/de\/wp-json\/wp\/v2\/product_brand?post=1048"},{"taxonomy":"product_cat","embeddable":true,"href":"https:\/\/www.hommy.com\/de\/wp-json\/wp\/v2\/product_cat?post=1048"},{"taxonomy":"product_tag","embeddable":true,"href":"https:\/\/www.hommy.com\/de\/wp-json\/wp\/v2\/product_tag?post=1048"}],"curies":[{"name":"wp","href":"https:\/\/api.w.org\/{rel}","templated":true}]}}