{"id":1040,"date":"2024-07-02T17:42:05","date_gmt":"2024-07-02T17:42:05","guid":{"rendered":"http:\/\/localhost\/hommywp\/pa-d2-pizza-cone-warmer-promotional-display-showcase-price-list\/"},"modified":"2025-08-01T09:57:50","modified_gmt":"2025-08-01T09:57:50","slug":"elektrischer-pizzawarmeschrank-mit-kegel","status":"publish","type":"product","link":"https:\/\/www.hommy.com\/de\/p\/elektrischer-pizzawarmeschrank-mit-kegel\/","title":{"rendered":"Pa-D2 Pizzateller-W\u00e4rmer Werbegeschenk-Vitrine Preisliste"},"content":{"rendered":"<div>\n<p>&nbsp;<\/p>\n<h2 style=\"text-align: center\"><strong><span style=\"font-family: arial, helvetica, sans-serif;font-size: 24px\"><a name=\"Electric Cone Pizza Warmer Cabinet\/ Electronic cone pizza displayer\"><\/a>Elektrischer Pizzaw\u00e4rmer \/ Elektronischer Pizzateller mit Kegel<\/span><\/strong><\/h2>\n<p style=\"text-align: center\"><a href=\"#Electric Cone Pizza Warmer Cabinet\" target=\"_self\" data-lv=\"0\" rel=\"noopener\"><span style=\"font-family: arial, helvetica, sans-serif;font-size: 16px\">Elektrischer Pizzaw\u00e4rmeschrank mit Kegel<\/span><\/a><span style=\"font-family: arial, helvetica, sans-serif;font-size: 16px\">|<a href=\"#Pizza display warmer\" target=\"_self\" data-lv=\"0\" rel=\"noopener\">Pizzaw\u00e4rmer<\/a>|<a href=\"#PRODUCT SPECIFICATION\" target=\"_self\" data-lv=\"0\" rel=\"noopener\">PRODUKTSPEZIFIKATION<\/a>|<a href=\"#PRODUCT DETAILS\" target=\"_self\" data-lv=\"0\" rel=\"noopener\">PRODUKTANGABEN<\/a>|<a href=\"#PRODUCT ADVANTAGE\" target=\"_self\" data-lv=\"0\" rel=\"noopener\">PRODUKTVORTEIL<\/a><\/span><\/p>\n<p style=\"text-align: center\">&nbsp;<\/p>\n<p><!-- Video start --><video poster=\"https:\/\/img80002414.weyesimg.com\/uploads\/wij2rdgc.allweyes.com\/video\/15553191989018.mp4?vframe\/jpg\/offset\/1\" id=\"video\" preload=\"auto\" controls=\"controls\" style=\"width:100%;height:510px\"><\/video><!-- Video end --><\/p>\n<p>Jedes der von uns angebotenen Pizzateller-W\u00e4rmer-Displays hat verschiedene Eigenschaften, die den Einsatz f\u00fcr eine Vielzahl von Anwendungen erm\u00f6glichen. Dar\u00fcber hinaus liefern wir die Pizza Cone Warmer Display an den Kunden als pro ihre spezifischen Anforderungen.<\/p>\n<p><\/p>\n<p>Unsere Pizza Cone Warmer Display, die aus den \u00fcberlegenen Grad Materialien hergestellt wird, um die optimale Leistung zu gew\u00e4hrleisten. Abgesehen davon stellen unsere Ingenieure sicher, dass sie optimalen Widerstand gegen jedes extreme Klima bieten. Dar\u00fcber hinaus haben wir auch die Pizza Cone Warmer Display an den strategischen Orten installiert, um sie besser zug\u00e4nglich zu machen.&nbsp;<\/p>\n<div class=\"d-tem11-graphic tem11-graphic mockup\" data-detail=\"wrap\">\n<div class=\"tab_row\">\n<div class=\"img\" style=\"width:50%\">\n<p style=\"text-align:center\"><img loading=\"lazy\" decoding=\"async\" src=\"https:\/\/www.hommy.com\/wp-content\/uploads\/15795038361160.jpg\" alt=\"product-Hommy-img\" title=\"\" width=\"400\" height=\"561\" border=\"0\" vspace=\"0\" style=\"width: 400px;height: 561px\"><\/p>\n<\/div>\n<div class=\"text_box\" style=\"width:50%\">\n<div class=\"txt\">\n<h2><span style=\"font-family: arial, helvetica, sans-serif;font-size: 24px\"><strong><span style=\"font-family: arial, helvetica, sans-serif\"><a name=\"Pizza display warmer\"><\/a>Pizzaw\u00e4rmer<\/span><\/strong><\/span><\/h2>\n<p><span style=\"font-size: 18px\"><br \/><\/span><\/p>\n<div class=\"description\">\n<p>Sch\u00f6nes Design-Schaufenster<\/p>\n<p>Drehbare Ablage<\/p>\n<p>2 Heizger\u00e4te, stam und trocken<\/p>\n<p>Dose geeignet f\u00fcr alle elektrischen Standards<\/p>\n<p>Automatische Temperatur- und Feuchtigkeitsregelung. Gezwungene Luftkonvektion mit Glas an allen Seiten<\/p>\n<p>Am besten geeignet, um Pizza auszustellen und Kunden anzulocken<\/p>\n<p><\/p>\n<\/div>\n<\/div>\n<\/div>\n<\/div>\n<\/div>\n<div class=\"text-left d-tem09-title d-interval\" data-detail=\"wrap\">\n<div class=\"title-header\">\n<h2><strong><span style=\"font-size: 24px;font-family: arial, helvetica, sans-serif\"><a name=\"PRODUCT SPECIFICATION\"><\/a>PRODUKTSPEZIFIKATION<\/span><\/strong><\/h2>\n<div class=\"subtitle\"><span>Hervorragende Kundenerfahrungen sind der Ausgangspunkt von Hommy.<\/span><\/div>\n<\/div>\n<\/div>\n<p>&nbsp;<\/p>\n<div class=\"table-responsive\">\n<table class=\"table table-bordered table-hover\">\n<tbody>\n<tr class=\"firstRow\">\n<td rowspan=\"2\" width=\"146\" valign=\"center\">\n<p style=\"text-align:center\">Produkt<\/p>\n<\/td>\n<td rowspan=\"2\" width=\"89\" valign=\"center\">\n<p style=\"text-align:center\">Modell<\/p>\n<\/td>\n<td colspan=\"2\" width=\"135\" valign=\"center\">\n<p style=\"text-align:center\">Stromversorgung<\/p>\n<\/td>\n<td rowspan=\"2\" width=\"117\" valign=\"center\">\n<p style=\"text-align:center\">Kapazit\u00e4t<\/p>\n<\/td>\n<td colspan=\"3\" width=\"266\" valign=\"center\">\n<p style=\"text-align:center\">Netto. Abmessungen (mm)<\/p>\n<\/td>\n<td rowspan=\"2\" width=\"124\" valign=\"center\">\n<p style=\"text-align:center\">Funktion<\/p>\n<\/td>\n<\/tr>\n<tr>\n<td width=\"61\" valign=\"center\">\n<p style=\"text-align:center\">Spannung<\/p>\n<\/td>\n<td width=\"73\" valign=\"center\">\n<p style=\"text-align:center\">HZ<\/p>\n<\/td>\n<td width=\"86\" valign=\"center\">\n<p style=\"text-align:center\">Breite<\/p>\n<\/td>\n<td width=\"93\" valign=\"center\">\n<p style=\"text-align:center\">Tiefe<\/p>\n<\/td>\n<td width=\"86\" valign=\"center\">\n<p style=\"text-align:center\">H\u00f6he<\/p>\n<\/td>\n<\/tr>\n<tr>\n<td width=\"146\" valign=\"center\">\n<p style=\"text-align:center\">Aufsteller f\u00fcr Pizzat\u00fcten<\/p>\n<\/td>\n<td width=\"89\" valign=\"center\">\n<p style=\"text-align:center\">PA-D1<\/p>\n<\/td>\n<td width=\"61\" valign=\"center\">\n<p style=\"text-align:center\">220V<\/p>\n<\/td>\n<td width=\"73\" valign=\"center\">\n<p style=\"text-align:center\">50\/60HZ<\/p>\n<\/td>\n<td width=\"117\" valign=\"center\">\n<p style=\"text-align:center\">Einmalig 12 St\u00fcck Kegel herstellen<\/p>\n<\/td>\n<td width=\"86\" valign=\"center\">\n<p style=\"text-align:center\">495<\/p>\n<\/td>\n<td width=\"93\" valign=\"center\">\n<p style=\"text-align:center\">495<\/p>\n<\/td>\n<td width=\"86\" valign=\"center\">\n<p style=\"text-align:center\">750<\/p>\n<\/td>\n<td width=\"124\" valign=\"center\">\n<p style=\"text-align:center\">Geschwindigkeit einstellen, sich drehen, warm halten<\/p>\n<\/td>\n<\/tr>\n<\/tbody>\n<\/table>\n<\/div>\n<p>&nbsp;<\/p>\n<div class=\"text-left d-tem09-title d-interval\" data-detail=\"wrap\">\n<div class=\"title-header\">\n<h2><strong><span style=\"font-size: 24px;font-family: arial, helvetica, sans-serif\"><a name=\"PRODUCT DETAILS\"><\/a>PRODUKTANGABEN<\/span><\/strong><\/h2>\n<div class=\"subtitle\"><span>Nach jahrelanger Entwicklung haben wir einen umfangreichen Netzvertrieb in verschiedenen L\u00e4ndern aufgebaut und erhalten gutes Feedback von unseren Kunden.<\/span><\/div>\n<\/div>\n<\/div>\n<p>&nbsp;<\/p>\n<div class=\"d-tem18-graphic d-clearfix d-interval mockup clearfix\" data-detail=\"wrap\">\n<div class=\"col-lg-4 col-md-4 col-sm-4 col-xs-6\">\n<div class=\"item\">\n<div class=\"images\"><img decoding=\"async\" title=\"\" alt=\"product-Hommy-img\" src=\"https:\/\/www.hommy.com\/wp-content\/uploads\/15553182887769.jpg\"><\/div>\n<\/div>\n<\/div>\n<div class=\"col-lg-4 col-md-4 col-sm-4 col-xs-6\">\n<div class=\"item\">\n<div class=\"images\"><img decoding=\"async\" title=\"\" alt=\"product-Hommy-img\" src=\"https:\/\/www.hommy.com\/wp-content\/uploads\/15553182987214.jpg\"><\/div>\n<\/div>\n<\/div>\n<div class=\"col-lg-4 col-md-4 col-sm-4 col-xs-6\">\n<div class=\"item\">\n<div class=\"images\"><img decoding=\"async\" title=\"\" alt=\"product-Hommy-Elektrischer Pizzaw\u00e4rmerCone Pizza Display Warmer-img\" src=\"https:\/\/www.hommy.com\/wp-content\/uploads\/15553183059375.jpg\"><\/div>\n<\/div>\n<\/div>\n<\/div>\n<p>&nbsp;<\/p>\n<div class=\"d-tem18-graphic d-clearfix d-interval mockup clearfix\" data-detail=\"wrap\">\n<div class=\"col-lg-4 col-md-4 col-sm-4 col-xs-6\">\n<div class=\"item\">\n<div class=\"images\"><img decoding=\"async\" title=\"\" alt=\"product-Hommy-img\" src=\"https:\/\/www.hommy.com\/wp-content\/uploads\/15553183145692.jpg\"><\/div>\n<\/div>\n<\/div>\n<div class=\"col-lg-4 col-md-4 col-sm-4 col-xs-6\">\n<div class=\"item\">\n<div class=\"images\"><img decoding=\"async\" title=\"\" alt=\"product-Elektrischer Pizzaw\u00e4rmerCone Pizza Display Warmer-Hommy-img\" src=\"https:\/\/www.hommy.com\/wp-content\/uploads\/15553183237331.jpg\"><\/div>\n<\/div>\n<\/div>\n<div class=\"col-lg-4 col-md-4 col-sm-4 col-xs-6\">\n<div class=\"item\">\n<div class=\"images\"><img decoding=\"async\" title=\"\" alt=\"produkt-Hommy-img-1\" src=\"https:\/\/www.hommy.com\/wp-content\/uploads\/15553183308205.jpg\"><\/div>\n<\/div>\n<\/div>\n<\/div>\n<p>&nbsp;<\/p>\n<div class=\"text-left d-tem09-title d-interval\" data-detail=\"wrap\">\n<div class=\"title-header\">\n<h2><strong><span style=\"font-size: 24px;font-family: arial, helvetica, sans-serif\"><a name=\"PRODUCT ADVANTAGE\"><\/a>PRODUKTVORTEIL<\/span><\/strong><\/h2>\n<p><span>Au\u00dferdem tragen hochqualifizierte Ingenieure, f\u00e4hige Technologen und sachkundiges Personal viel zur Entwicklung des Unternehmens bei.<\/span><\/p>\n<p><span><img loading=\"lazy\" decoding=\"async\" title=\"\" alt=\"produkt-Hommy-img-1\" src=\"https:\/\/www.hommy.com\/wp-content\/uploads\/15553183434867.jpg\" style=\"font-size: 0px;width: 300px;height: 600px\" width=\"300\" height=\"600\" border=\"0\" vspace=\"0\"><\/span><\/p>\n<ol style=\"list-style-type: decimal\">\n<li>\n<p>Der rotierende Pizzateller kann alle Speisen w\u00e4rmer halten.&nbsp; &nbsp; &nbsp; &nbsp; &nbsp; &nbsp; &nbsp; &nbsp; &nbsp; &nbsp; &nbsp; &nbsp; &nbsp; &nbsp;<img loading=\"lazy\" decoding=\"async\" title=\"\" alt=\"produkt-Hommy-img-1\" src=\"https:\/\/www.hommy.com\/wp-content\/uploads\/15553183498826.jpg\" style=\"font-size: 0px;width: 300px;height: 200px\" width=\"300\" height=\"200\" border=\"0\" vspace=\"0\"><\/p>\n<\/li>\n<\/ol>\n<p>&nbsp; &nbsp; &nbsp; &nbsp; 2. der Tank kann Lebensmittel lange weich halten.<\/p>\n<p><span><br \/><\/span><\/p>\n<\/div>\n<\/div>\n<p><\/p>\n<p>Dokument\uff1a<img decoding=\"async\" src=\"https:\/\/www.hommy.com\/wp-content\/uploads\/icon_pdf-83.gif\" style=\"margin-right: 2px\" alt=\"product-Hommy-Elektrischer Pizza-W\u00e4rmeschrankPizza-W\u00e4rmeschrank-img-1\" title=\"\"><a href=\"https:\/\/img80002414.weyesimg.com\/uploads\/www.hommy.com\/addon\/16028167588950.pdf\" title=\"16028167588950.pdf\" style=\"font-size: 12px\">16028167588950.pdf<\/a>&nbsp; &nbsp; &nbsp; &nbsp; &nbsp; &nbsp; &nbsp; &nbsp; &nbsp; &nbsp; &nbsp; &nbsp; &nbsp; &nbsp; &nbsp; &nbsp; &nbsp; &nbsp; &nbsp; &nbsp; &nbsp; &nbsp; &nbsp; &nbsp; &nbsp; &nbsp; &nbsp;&nbsp;<\/p>\n<\/div><\/div>","protected":false},"excerpt":{"rendered":"<p>&nbsp; Electric Cone Pizza Warmer Cabinet\/&nbsp;Electronic cone pizza displayer Electric Cone Pizza Warmer Cabinet|Pizza display warmer|PRODUCT SPECIFICATION|PRODUCT DETAILS|PRODUCT ADVANTAGE &nbsp; Each of the Pizza Cone Warmer Display offered by us has various features that enables the use for a wide variety of applications. Moreover, we deliver the Pizza Cone Warmer Display to the client as [&hellip;]<\/p>\n","protected":false},"featured_media":1030,"comment_status":"open","ping_status":"open","template":"","meta":{"_swt_meta_header_display":false,"_swt_meta_footer_display":false,"_swt_meta_site_title_display":false,"_swt_meta_sticky_header":false,"_swt_meta_transparent_header":false},"product_brand":[],"product_cat":[90],"product_tag":[],"class_list":{"0":"post-1040","1":"product","2":"type-product","3":"status-publish","4":"has-post-thumbnail","6":"product_cat-pizza-cone-machine","8":"first","9":"instock","10":"shipping-taxable","11":"product-type-simple"},"_links":{"self":[{"href":"https:\/\/www.hommy.com\/de\/wp-json\/wp\/v2\/product\/1040","targetHints":{"allow":["GET"]}}],"collection":[{"href":"https:\/\/www.hommy.com\/de\/wp-json\/wp\/v2\/product"}],"about":[{"href":"https:\/\/www.hommy.com\/de\/wp-json\/wp\/v2\/types\/product"}],"replies":[{"embeddable":true,"href":"https:\/\/www.hommy.com\/de\/wp-json\/wp\/v2\/comments?post=1040"}],"wp:featuredmedia":[{"embeddable":true,"href":"https:\/\/www.hommy.com\/de\/wp-json\/wp\/v2\/media\/1030"}],"wp:attachment":[{"href":"https:\/\/www.hommy.com\/de\/wp-json\/wp\/v2\/media?parent=1040"}],"wp:term":[{"taxonomy":"product_brand","embeddable":true,"href":"https:\/\/www.hommy.com\/de\/wp-json\/wp\/v2\/product_brand?post=1040"},{"taxonomy":"product_cat","embeddable":true,"href":"https:\/\/www.hommy.com\/de\/wp-json\/wp\/v2\/product_cat?post=1040"},{"taxonomy":"product_tag","embeddable":true,"href":"https:\/\/www.hommy.com\/de\/wp-json\/wp\/v2\/product_tag?post=1040"}],"curies":[{"name":"wp","href":"https:\/\/api.w.org\/{rel}","templated":true}]}}