{"id":1029,"date":"2024-07-02T17:42:00","date_gmt":"2024-07-02T17:42:00","guid":{"rendered":"http:\/\/localhost\/hommywp\/3-heads-semi-automatic-pizza-cone-press-mould-forming-machine\/"},"modified":"2025-08-01T09:57:50","modified_gmt":"2025-08-01T09:57:50","slug":"pizzakegel-pressmaschine","status":"publish","type":"product","link":"https:\/\/www.hommy.com\/de\/p\/pizzakegel-pressmaschine\/","title":{"rendered":"3 K\u00f6pfe halbautomatische Pizza-Kegel-Presse Formmaschine"},"content":{"rendered":"<div>\n<h2 style=\"text-align: center;\"><strong><span style=\"font-family: arial, helvetica, sans-serif; font-size: 24px;\"><a name=\"Pizza cone press machine\"><\/a>Pizzat\u00fcten-Pressmaschine<\/span><\/strong><\/h2>\n<p style=\"text-align: center;\"><span style=\"font-family: arial, helvetica, sans-serif; font-size: 16px;\"><a href=\"#Pizza cone press machine\" target=\"_self\" rel=\"noopener\" data-lv=\"0\">Pizzat\u00fcten-Pressmaschine<\/a>|<a href=\"#PRODUCT DETAILS\" target=\"_self\" rel=\"noopener\" data-lv=\"0\">PRODUKTANGABEN<\/a>|<a href=\"#Machine introduction of pizza production line\" target=\"_self\" rel=\"noopener\" data-lv=\"0\">Einf\u00fchrung der Maschine in die Pizza-Produktionslinie<\/a>|<a href=\"#PRODUCT SPECIFICATION\" target=\"_self\" rel=\"noopener\" data-lv=\"0\">PRODUKTSPEZIFIKATION<\/a>|<a href=\"#PRODUCT ADVANTAGE\" target=\"_self\" rel=\"noopener\" data-lv=\"0\">PRODUKTVORTEIL<\/a><\/span><\/p>\n<p style=\"text-align: center;\">\n<p><!-- Video start --><video id=\"video\" style=\"width: 100%; height: 510px;\" poster=\"https:\/\/img80002414.weyesimg.com\/uploads\/wij2rdgc.allweyes.com\/video\/15553191989018.mp4?vframe\/jpg\/offset\/1\" preload=\"auto\" controls=\"controls\" width=\"300\" height=\"150\"><\/video><!-- Video end --><\/p>\n<p><!-- Video start --><video id=\"video\" style=\"width: 100%; height: 510px;\" poster=\"https:\/\/img80002414.weyesimg.com\/uploads\/wij2rdgc.allweyes.com\/video\/15553192576846.mp4?vframe\/jpg\/offset\/1\" preload=\"auto\" controls=\"controls\" width=\"300\" height=\"150\"><\/video><!-- Video end --><\/p>\n<p>F\u00fcr die Pizza verarbeitende Industrie ist diese Pizzaform von extremem Nutzen, da sie Zeit und Geld in der Lebensmittel verarbeitenden Industrie spart. Sie werden erstaunt sein \u00fcber die Produktqualit\u00e4t dieser Pizza-Kegelform. Auf dem Markt finden Sie verschiedene Marken von Pizza-Kegel-Form-Produkte, aber sie alle bieten das gleiche Produkt wie dieses. Das Gute an dieser Pizzateigform ist, dass sie Ihnen eine Menge Arbeit bei der Verarbeitung Ihres Produkts abnimmt. Sie erhalten mit Leichtigkeit qualitativ hochwertige Pizzat\u00fcten. Die Pizzateigform ist sehr benutzerfreundlich. Sie k\u00f6nnen das Produkt nach Ihren Bed\u00fcrfnissen anpassen. Es ist ein sehr haltbares Produkt. Mit viel Erfahrung und Wissen werden die Produkte in Handarbeit hergestellt, um h\u00f6chste Qualit\u00e4t zu gew\u00e4hrleisten. Die Produkte werden in \u00dcbereinstimmung mit den festgelegten Standards hergestellt. Wir sind bekannt f\u00fcr die Herstellung von Produkten von hoher Qualit\u00e4t, die sehr langlebig sind und lange halten. Sie k\u00f6nnen die Vorteile unseres Unternehmens nutzen.<\/p>\n<div class=\"text-left d-tem09-title d-interval\" data-detail=\"wrap\">\n<div class=\"title-header\">\n<h2><strong><span style=\"font-size: 24px; font-family: arial, helvetica, sans-serif;\"><a name=\"PRODUCT DETAILS\"><\/a>PRODUKTANGABEN<\/span><\/strong><\/h2>\n<div class=\"subtitle\">Nach jahrelanger Entwicklung haben wir einen umfangreichen Netzvertrieb in verschiedenen L\u00e4ndern aufgebaut und erhalten gutes Feedback von unseren Kunden.<\/div>\n<\/div>\n<\/div>\n<div class=\"d-tem11-graphic tem11-graphic mockup\" data-detail=\"wrap\">\n<div class=\"tab_row\">\n<div class=\"img\" style=\"width: 50%;\"><img decoding=\"async\" title=\"\" src=\"https:\/\/www.hommy.com\/wp-content\/uploads\/15553196899069.jpg\" alt=\"product-Hommy-img\"><\/div>\n<div class=\"text_box\" style=\"width: 50%;\">\n<div class=\"txt\">\n<h2><strong><span style=\"font-family: arial, helvetica, sans-serif; font-size: 24px;\"><a name=\"Machine introduction of pizza production line\"><\/a>Einf\u00fchrung der Maschine in die Pizza-Produktionslinie<\/span><\/strong><\/h2>\n<p style=\"line-height: 2em;\">Teigmischer: Mehl und Eier zu einem Mehlteig verarbeiten.<br \/>\nMaschine zur Herstellung von Pizzateigkugeln: macht runde Teigst\u00fccke aus gro\u00dfem Mehlteig.<br \/>\nPizzakegel-Formmaschine: Der runde Teig wird in die Form eines Pizzakegels gebracht.<br \/>\nPizza-Kegel-Ofen: R\u00f6sten von Pizza-Kegeln. Es kann die Temperatur im Ofen und die Geschwindigkeit entsprechend dem unterschiedlichen Material des Pizzakegels einstellen.<br \/>\nPizzateller-Vitrine: zur Pr\u00e4sentation der fertigen Pizzateller.<br \/>\nPizza in einem Kegel! PA-C4A ist eine automatische kleine Gr\u00f6\u00dfe Pizza Kegel bilden Maschine, laden Sie einfach den Pizzateig teilen byPA-C4A Pizzateig Teiler Runder, dann setzen Sie den Teig Ball auf den Kegel-Modul und dr\u00fccken Sie eine Starttaste, warten Sie die Kegel gebacken, dann, f\u00fcllen Sie die par-gebackenen Kegel mit einer Vielzahl von Pizza Belag. Geben Sie die gef\u00fcllten Kegel in den PA-C4A Pizzakegel-Drehofen oder Grill und backen Sie sie, bis die Kruste des Pizzakegels goldbraun ist und der Belag sprudelt. Pizzakegel sind eine lustige und einzigartige neue Art, personalisierte Pizzen zu Hause, in einem kleinen Laden oder Kiosk zuzubereiten und zu servieren... lassen Sie Ihren eigenen Pizzakegel schneller, gleich, automatisch machen.<\/p>\n<\/div>\n<\/div>\n<\/div>\n<\/div>\n<div class=\"text-left d-tem09-title d-interval\" data-detail=\"wrap\">\n<div class=\"title-header\">\n<h2><strong><span style=\"font-size: 24px; font-family: arial, helvetica, sans-serif;\"><a name=\"PRODUCT SPECIFICATION\"><\/a>PRODUKTSPEZIFIKATION<\/span><\/strong><\/h2>\n<div class=\"subtitle\">Hervorragende Kundenerfahrungen sind der Ausgangspunkt von Hommy.<\/div>\n<\/div>\n<\/div>\n<p style=\"line-height: 2em;\">Die Formgr\u00f6\u00dfe, die der Kunde w\u00e4hlen kann<\/p>\n<p style=\"line-height: 2em;\">A: \u03a660mm (Durchmesser) x 140mm (H\u00f6he) x 5mm (Dicke)<\/p>\n<p style=\"line-height: 2em;\">B: \u03a645mm (Durchmesser) x 75mm (H\u00f6he) x 5mm (Dicke)<\/p>\n<p style=\"line-height: 2em;\">C:\u03a670mm (Durchmesser) x 160mm (H\u00f6he) x 5-6mm (Dicke) +USD150<\/p>\n<p>Geh\u00e4use aus rostfreiem Stahl, leicht zu reinigen.<\/p>\n<p>Das Material der Form ist Aluminium, das lebensmittelecht ist.<\/p>\n<p>Verwenden Sie Separatess Control System zu jeder Form, die auf der Grundlage der Kunden w\u00e4hlen Sie verschiedene Materialien, um unterschiedliche Temperatur.<\/p>\n<p>Die Dicke des Pizza-Kegels kann je nach Kundenwunsch von 4mm bis 8mm eingestellt werden.<\/p>\n<div class=\"table-responsive\">\n<table class=\"table table-bordered table-hover\">\n<tbody>\n<tr class=\"firstRow\">\n<td rowspan=\"2\" valign=\"center\" width=\"146\">\n<p style=\"text-align: center;\">Produkt<\/p>\n<\/td>\n<td rowspan=\"2\" valign=\"center\" width=\"89\">\n<p style=\"text-align: center;\">Modell<\/p>\n<\/td>\n<td colspan=\"2\" valign=\"center\" width=\"135\">\n<p style=\"text-align: center;\">Stromversorgung<\/p>\n<\/td>\n<td rowspan=\"2\" valign=\"center\" width=\"117\">\n<p style=\"text-align: center;\">St\u00fcndliche Leistung (K\u00e4selaibe)<\/p>\n<\/td>\n<td colspan=\"3\" valign=\"center\" width=\"266\">\n<p style=\"text-align: center;\">Netto. Abmessungen (mm)<\/p>\n<\/td>\n<td rowspan=\"2\" valign=\"center\" width=\"124\">\n<p style=\"text-align: center;\">Operation<\/p>\n<\/td>\n<\/tr>\n<tr>\n<td valign=\"center\" width=\"63\">\n<p style=\"text-align: center;\">Spannung<\/p>\n<\/td>\n<td valign=\"center\" width=\"72\">\n<p style=\"text-align: center;\">HZ<\/p>\n<\/td>\n<td valign=\"center\" width=\"82\">\n<p style=\"text-align: center;\">Breite<\/p>\n<\/td>\n<td valign=\"center\" width=\"91\">\n<p style=\"text-align: center;\">Tiefe<\/p>\n<\/td>\n<td valign=\"center\" width=\"93\">\n<p style=\"text-align: center;\">H\u00f6he<\/p>\n<\/td>\n<\/tr>\n<tr>\n<td valign=\"center\" width=\"146\">\n<p style=\"text-align: center;\"><a style=\"color: blue;\" href=\"https:\/\/www.hommy.com\/de\/pizzakegelmaschine\/\">Pizzat\u00fctenmaschine<\/a><\/p>\n<\/td>\n<td valign=\"center\" width=\"89\">\n<p style=\"text-align: center;\"><a name=\"OLE_LINK6\"><\/a>PA-C4A<\/p>\n<\/td>\n<td valign=\"center\" width=\"63\">\n<p style=\"text-align: center;\">220V<\/p>\n<\/td>\n<td valign=\"center\" width=\"72\">\n<p style=\"text-align: center;\">50\/60HZ<\/p>\n<\/td>\n<td valign=\"center\" width=\"117\">\n<p style=\"text-align: center;\">150-180 St\u00fcck\/Stunde<\/p>\n<\/td>\n<td valign=\"center\" width=\"82\">\n<p style=\"text-align: center;\">660<\/p>\n<\/td>\n<td valign=\"center\" width=\"91\">\n<p style=\"text-align: center;\">520<\/p>\n<\/td>\n<td valign=\"center\" width=\"93\">\n<p style=\"text-align: center;\">770<\/p>\n<\/td>\n<td valign=\"center\" width=\"124\">\n<p style=\"text-align: center;\">Halbautomatisch<\/p>\n<\/td>\n<\/tr>\n<\/tbody>\n<\/table>\n<\/div>\n<div class=\"text-left d-tem09-title d-interval\" data-detail=\"wrap\">\n<div class=\"title-header\">\n<h2><strong><span style=\"font-size: 24px; font-family: arial, helvetica, sans-serif;\"><a name=\"PRODUCT ADVANTAGE\"><\/a>PRODUKTVORTEIL<\/span><\/strong><\/h2>\n<div class=\"subtitle\">Au\u00dferdem tragen hochqualifizierte Ingenieure, f\u00e4hige Technologen und sachkundiges Personal viel zur Entwicklung des Unternehmens bei.<\/div>\n<\/div>\n<\/div>\n<p><img loading=\"lazy\" decoding=\"async\" style=\"font-size: 0px; width: 200px; height: 600px;\" title=\"\" src=\"https:\/\/www.hommy.com\/wp-content\/uploads\/15553199014187.jpg\" alt=\"product-Hommy-img\" width=\"200\" height=\"600\" border=\"0\" vspace=\"0\"><\/p>\n<ol style=\"list-style-type: decimal;\">\n<li>Steuertastengruppe, einfaches Zubereiten des Pizzakegels.\n<p><img loading=\"lazy\" decoding=\"async\" style=\"font-size: 0px; width: 200px; height: 600px;\" title=\"\" src=\"https:\/\/www.hommy.com\/wp-content\/uploads\/15553199084905.jpg\" alt=\"product-Hommy-img\" width=\"200\" height=\"600\" border=\"0\" vspace=\"0\"><\/li>\n<\/ol>\n<p>2. die Gr\u00f6\u00dfe des Pizzakegels einstellen.<\/p>\n<p>Dokument\uff1a<img decoding=\"async\" style=\"margin-right: 2px;\" src=\"https:\/\/www.hommy.com\/wp-content\/uploads\/icon_pdf-82.gif\" alt=\"produkt-Pizza-Kegel-PressmaschinePizza-Kegel-Formmaschine-Hommy-img\" title=\"\"><a style=\"font-size: 12px;\" title=\"16028161916647.pdf\" href=\"https:\/\/img80002414.weyesimg.com\/uploads\/www.hommy.com\/addon\/16028161916647.pdf\">16028161916647.pdf<\/a><\/p>\n<\/div>","protected":false},"excerpt":{"rendered":"<p>Pizza cone press machine Pizza cone press machine|PRODUCT DETAILS|Machine introduction of pizza production line|PRODUCT SPECIFICATION|PRODUCT ADVANTAGE For the pizza food processing industry this pizza mould is of extreme use as it saves time and money on the food processing industries. You will be amazed with the product quality of this pizza cone mould product. In [&hellip;]<\/p>\n","protected":false},"featured_media":1025,"comment_status":"closed","ping_status":"closed","template":"","meta":{"_swt_meta_header_display":false,"_swt_meta_footer_display":false,"_swt_meta_site_title_display":false,"_swt_meta_sticky_header":false,"_swt_meta_transparent_header":false},"product_brand":[],"product_cat":[90],"product_tag":[],"class_list":{"0":"post-1029","1":"product","2":"type-product","3":"status-publish","4":"has-post-thumbnail","6":"product_cat-pizza-cone-machine","8":"first","9":"instock","10":"shipping-taxable","11":"product-type-simple"},"_links":{"self":[{"href":"https:\/\/www.hommy.com\/de\/wp-json\/wp\/v2\/product\/1029","targetHints":{"allow":["GET"]}}],"collection":[{"href":"https:\/\/www.hommy.com\/de\/wp-json\/wp\/v2\/product"}],"about":[{"href":"https:\/\/www.hommy.com\/de\/wp-json\/wp\/v2\/types\/product"}],"replies":[{"embeddable":true,"href":"https:\/\/www.hommy.com\/de\/wp-json\/wp\/v2\/comments?post=1029"}],"wp:featuredmedia":[{"embeddable":true,"href":"https:\/\/www.hommy.com\/de\/wp-json\/wp\/v2\/media\/1025"}],"wp:attachment":[{"href":"https:\/\/www.hommy.com\/de\/wp-json\/wp\/v2\/media?parent=1029"}],"wp:term":[{"taxonomy":"product_brand","embeddable":true,"href":"https:\/\/www.hommy.com\/de\/wp-json\/wp\/v2\/product_brand?post=1029"},{"taxonomy":"product_cat","embeddable":true,"href":"https:\/\/www.hommy.com\/de\/wp-json\/wp\/v2\/product_cat?post=1029"},{"taxonomy":"product_tag","embeddable":true,"href":"https:\/\/www.hommy.com\/de\/wp-json\/wp\/v2\/product_tag?post=1029"}],"curies":[{"name":"wp","href":"https:\/\/api.w.org\/{rel}","templated":true}]}}