{"id":1024,"date":"2024-07-02T17:41:57","date_gmt":"2024-07-02T17:41:57","guid":{"rendered":"http:\/\/localhost\/hommywp\/pa-1-electric-rotating-pizza-cone-oven-stainless-steel\/"},"modified":"2025-08-01T09:57:50","modified_gmt":"2025-08-01T09:57:50","slug":"rotierender-pizzakegelofen-pizzakegelmacher","status":"publish","type":"product","link":"https:\/\/www.hommy.com\/de\/p\/rotierender-pizzakegelofen-pizzakegelmacher\/","title":{"rendered":"Pa-1 Elektrisch rotierender Pizzateller-Ofen aus Edelstahl"},"content":{"rendered":"<div>\n<p>&nbsp;<\/p>\n<h2 style=\"text-align: center\"><strong><span style=\"font-family: arial, helvetica, sans-serif;font-size: 24px\"><a name=\"Rotating pizza cone oven\"><\/a>Drehender Pizzakegel-Ofen<\/span><\/strong><\/h2>\n<p style=\"text-align: center\"><a href=\"#Rotating pizza cone oven\" target=\"_self\" data-lv=\"0\" rel=\"noopener\"><span style=\"font-size: 16px;font-family: arial, helvetica, sans-serif\">Drehender Pizzakegel-Ofen<\/span><\/a><span style=\"font-size: 16px;font-family: arial, helvetica, sans-serif\">|<a href=\"#PRODUCT FEATURES\" target=\"_self\" data-lv=\"0\" rel=\"noopener\">PRODUKTMERKMALE<\/a>|<a href=\"#PRODUCT SPECIFICATION\" target=\"_self\" data-lv=\"0\" rel=\"noopener\">PRODUKTSPEZIFIKATION<\/a>|<a href=\"#PRODUCT ADVANTAGE\" target=\"_self\" data-lv=\"0\" rel=\"noopener\">PRODUKTVORTEIL<\/a><\/span><\/p>\n<p><strong><span style=\"font-family: arial, helvetica, sans-serif;font-size: 24px\"><br \/><\/span><\/strong><\/p>\n<p style=\"text-align: center\">&nbsp;<\/p>\n<p><!-- Video start --><video poster=\"https:\/\/img80002414.weyesimg.com\/uploads\/wij2rdgc.allweyes.com\/video\/15553202093041.mp4?vframe\/jpg\/offset\/1\" id=\"video\" preload=\"auto\" controls=\"controls\" style=\"width:100%;height:510px\"><\/video><!-- Video end --><\/p>\n<p><!-- Video start --><video poster=\"https:\/\/img80002414.weyesimg.com\/uploads\/wij2rdgc.allweyes.com\/video\/15553202911904.mp4?vframe\/jpg\/offset\/1\" id=\"video\" preload=\"auto\" controls=\"controls\" style=\"width:100%;height:510px\"><\/video><!-- Video end --><\/p>\n<p>&nbsp;<\/p>\n<p>Die rotierende Pizza Kegel Ofen wird von unseren Fachleuten mit der fortschrittlichen Technologie und in \u00dcbereinstimmung mit den internationalen Standards entwickelt. Die Kunden k\u00f6nnen diese rotierenden Pizza Kegel Ofen von uns in verschiedenen Gr\u00f6\u00dfen und Ausf\u00fchrungen zur Verf\u00fcgung, um ihre spezifischen Bed\u00fcrfnisse zu erf\u00fcllen.<\/p>\n<p><\/p>\n<p>Dank unserer Kompetenz ist dieser rotierende Pizzabackofen in verschiedenen Hotels, Restaurants, Heimen usw. sehr gefragt.<\/p>\n<div class=\"text-left d-tem09-title d-interval\" data-detail=\"wrap\">\n<div class=\"title-header\">\n<h2><strong><span style=\"font-size: 24px;font-family: arial, helvetica, sans-serif\"><a name=\"PRODUCT FEATURES\"><\/a>PRODUKTMERKMALE<\/span><\/strong><\/h2>\n<div class=\"subtitle\"><span>Das Werk von Hommy erstreckt sich \u00fcber eine Fl\u00e4che von 30500 Quadratmetern in der Stadt Xinhui Jiangmen und umfasst flexible Produktionslinien, ein Forschungs- und Entwicklungslabor, ein Schulungszentrum und eine mit modernsten Ger\u00e4ten ausgestattete Werkstatt.<\/span><\/div>\n<\/div>\n<\/div>\n<p>&nbsp;<\/p>\n<div class=\"d-tem11-graphic tem11-graphic mockup\" data-detail=\"wrap\">\n<div class=\"tab_row\">\n<div class=\"img\" style=\"width: 50%\"><img decoding=\"async\" title=\"\" alt=\"product-Hommy-img\" src=\"https:\/\/www.hommy.com\/wp-content\/uploads\/15553211873727.jpg\"><\/div>\n<div class=\"text_box\" style=\"width: 50%\">\n<div class=\"txt\">\n<p>&nbsp;<\/p>\n<div class=\"title\">Drehender Pizzakegel-Ofen<\/div>\n<p>&nbsp;<\/p>\n<p style=\"line-height: 2em\">Das Geh\u00e4use aus Edelstahl ist leicht zu reinigen und l\u00e4sst Lebensmittel durch.&nbsp;<br \/>Temperatur und Geschwindigkeit k\u00f6nnen je nach Material eingestellt werden.<br \/>Der Erhitzer ist ein Lichtrohr, das in das Innere der Lebensmittel eindringt.&nbsp;<br \/>Rotierende Pizza-Kegel-Ofen kann warm halten Ausgleich.<br \/>Die Pizzat\u00fcte ist laufend, der Kunde f\u00fchlt sich frisch.<\/p>\n<p>&nbsp;<\/p>\n<\/div>\n<\/div>\n<\/div>\n<\/div>\n<p>&nbsp;<\/p>\n<div class=\"text-left d-tem09-title d-interval\" data-detail=\"wrap\">\n<div class=\"title-header\">\n<h2><strong><span style=\"font-size: 24px;font-family: arial, helvetica, sans-serif\"><a name=\"PRODUCT SPECIFICATION\"><\/a>PRODUKTSPEZIFIKATION<\/span><\/strong><\/h2>\n<div class=\"subtitle\"><span>Hervorragende Kundenerfahrungen sind der Ausgangspunkt von Hommy.<\/span><\/div>\n<\/div>\n<\/div>\n<p>&nbsp;<\/p>\n<div class=\"table-responsive\">\n<table class=\"table table-bordered table-hover\">\n<tbody>\n<tr class=\"firstRow\">\n<td rowspan=\"2\" width=\"119\" valign=\"center\">\n<p style=\"text-align:center\">Produkt<\/p>\n<\/td>\n<td rowspan=\"2\" width=\"59\" valign=\"center\">\n<p style=\"text-align:center\">Modell<\/p>\n<\/td>\n<td colspan=\"2\" width=\"139\" valign=\"center\">\n<p style=\"text-align:center\">Stromversorgung<\/p>\n<\/td>\n<td rowspan=\"2\" width=\"184\" valign=\"center\">\n<p style=\"text-align:center\">Kapazit\u00e4t<\/p>\n<\/td>\n<td colspan=\"3\" width=\"210\" valign=\"center\">\n<p style=\"text-align:center\">Netto. Abmessungen (mm)<\/p>\n<\/td>\n<td rowspan=\"2\" width=\"167\" valign=\"center\">\n<p style=\"text-align:center\">Funktion<\/p>\n<\/td>\n<\/tr>\n<tr>\n<td width=\"63\" valign=\"center\">\n<p style=\"text-align:center\">Spannung<\/p>\n<\/td>\n<td width=\"76\" valign=\"center\">\n<p style=\"text-align:center\">HZ<\/p>\n<\/td>\n<td width=\"68\" valign=\"center\">\n<p style=\"text-align:center\">Breite<\/p>\n<\/td>\n<td width=\"74\" valign=\"center\">\n<p style=\"text-align:center\">Tiefe<\/p>\n<\/td>\n<td width=\"68\" valign=\"center\">\n<p style=\"text-align:center\">H\u00f6he<\/p>\n<\/td>\n<\/tr>\n<tr>\n<td width=\"119\" valign=\"center\">\n<p style=\"text-align:center\">Pizzat\u00fcten-Ofen<\/p>\n<\/td>\n<td width=\"59\" valign=\"center\">\n<p style=\"text-align:center\">PA-1<\/p>\n<\/td>\n<td width=\"63\" valign=\"center\">\n<p style=\"text-align:center\">220V<\/p>\n<\/td>\n<td width=\"76\" valign=\"center\">\n<p style=\"text-align:center\">50\/60HZ<\/p>\n<\/td>\n<td width=\"184\" valign=\"center\">\n<p style=\"text-align:center\">Einmalig 12 St\u00fcck Kegel herstellen<\/p>\n<\/td>\n<td width=\"68\" valign=\"center\">\n<p style=\"text-align:center\">660<\/p>\n<\/td>\n<td width=\"74\" valign=\"center\">\n<p style=\"text-align:center\">520<\/p>\n<\/td>\n<td width=\"68\" valign=\"center\">\n<p style=\"text-align:center\">770<\/p>\n<\/td>\n<td width=\"167\" valign=\"center\">\n<p style=\"text-align:center\">Geschwindigkeit einstellen, sich drehen, warm halten<\/p>\n<\/td>\n<\/tr>\n<tr>\n<td width=\"119\" valign=\"center\">\n<p style=\"text-align:center\">Pizzat\u00fcten-Ofen<\/p>\n<\/td>\n<td width=\"59\" valign=\"center\">\n<p style=\"text-align:center\">PA-3<\/p>\n<\/td>\n<td width=\"63\" valign=\"center\">\n<p style=\"text-align:center\">220V<\/p>\n<\/td>\n<td width=\"76\" valign=\"center\">\n<p style=\"text-align:center\">50\/60HZ<\/p>\n<\/td>\n<td width=\"184\" valign=\"center\">\n<p style=\"text-align:center\">Einmalig 12 St\u00fcck Kegel herstellen<\/p>\n<\/td>\n<td width=\"68\" valign=\"center\">\n<p style=\"text-align:center\">650<\/p>\n<\/td>\n<td width=\"74\" valign=\"center\">\n<p style=\"text-align:center\">620<\/p>\n<\/td>\n<td width=\"68\" valign=\"center\">\n<p style=\"text-align:center\">600<\/p>\n<\/td>\n<td width=\"167\" valign=\"center\">\n<p style=\"text-align:center\">Geschwindigkeit einstellen, sich drehen, warm halten<\/p>\n<\/td>\n<\/tr>\n<\/tbody>\n<\/table>\n<\/div>\n<p>&nbsp;<\/p>\n<div class=\"text-left d-tem09-title d-interval\" data-detail=\"wrap\">\n<div class=\"title-header\">\n<h2><span style=\"font-family: arial, helvetica, sans-serif\"><strong><span style=\"font-size: 24px\"><a name=\"PRODUCT ADVANTAGE\"><\/a>PRODUKTVORTEIL<\/span><\/strong><\/span><\/h2>\n<p><span>Au\u00dferdem tragen hochqualifizierte Ingenieure, f\u00e4hige Technologen und sachkundiges Personal viel zur Entwicklung des Unternehmens bei.<\/span><\/p>\n<p><span><\/span><\/p>\n<p><span><img loading=\"lazy\" decoding=\"async\" src=\"https:\/\/www.hommy.com\/wp-content\/uploads\/15553200629141.jpg\" title=\"\" alt=\"product-Hommy-img\" width=\"300\" height=\"800\" border=\"0\" vspace=\"0\" style=\"width: 300px;height: 800px\"><\/span><\/p>\n<p><span><\/span><\/p>\n<p>1. stellen Sie die Drehgeschwindigkeit Basis auf Ihre Pizza Kegel innen w\u00e4hlen Material.<\/p>\n<p><\/p>\n<p><img decoding=\"async\" src=\"https:\/\/www.hommy.com\/wp-content\/uploads\/15795053819851.jpg\" alt=\"product-Hommy-img\" title=\"\"><\/p>\n<p>2. einstellen Temperatur Basis auf Pizza Kegel innen w\u00e4hlen Material.<\/p>\n<p><img loading=\"lazy\" decoding=\"async\" src=\"https:\/\/www.hommy.com\/wp-content\/uploads\/15795053272563.png\" title=\"\" alt=\"product-Hommy-img\" width=\"200\" height=\"750\" border=\"0\" vspace=\"0\" style=\"width: 200px;height: 750px\"><\/p>\n<p><\/p>\n<p>3. wenn sich die Maschine dreht, um den Appetit der Passanten zu wecken<\/p>\n<p><img loading=\"lazy\" decoding=\"async\" src=\"https:\/\/www.hommy.com\/wp-content\/uploads\/15553200627014.jpg\" title=\"\" alt=\"product-Rotating pizza cone ovenStainless Steel Electric Pizza Cone Warming Oven-Hommy-img\" width=\"200\" height=\"800\" border=\"0\" vspace=\"0\" style=\"width: 200px;height: 800px\">&nbsp;.<\/p>\n<p><\/p>\n<p>4. leicht zu reinigen.<\/p>\n<p><span><br \/><\/span><\/p>\n<p><span><br \/><\/span><\/p>\n<\/div>\n<\/div>\n<p>Dokument\uff1a<img decoding=\"async\" src=\"https:\/\/www.hommy.com\/wp-content\/uploads\/icon_pdf-81.gif\" style=\"margin-right: 2px\" alt=\"product-Hommy-Rotierender Pizzateller-OfenElektrischer Pizzateller-W\u00e4rmeofen aus Edelstahl-img\" title=\"\"><a href=\"https:\/\/img80002414.weyesimg.com\/uploads\/www.hommy.com\/addon\/16028164619911.pdf\" title=\"16028164619911.pdf\" style=\"font-size: 12px\">16028164619911.pdf<\/a><\/p>\n<p><\/p>\n<\/div><\/div>","protected":false},"excerpt":{"rendered":"<p>&nbsp; Rotating pizza cone oven Rotating pizza cone oven|PRODUCT FEATURES|PRODUCT SPECIFICATION|PRODUCT ADVANTAGE &nbsp; &nbsp; The rotating pizza cone oven is designed by our professionals using the advanced technology and in compliance with international standards. The customers can avail this rotating pizza cone oven from us in several sizes and finishes to meet their specific needs. [&hellip;]<\/p>\n","protected":false},"featured_media":1018,"comment_status":"open","ping_status":"open","template":"","meta":{"_swt_meta_header_display":false,"_swt_meta_footer_display":false,"_swt_meta_site_title_display":false,"_swt_meta_sticky_header":false,"_swt_meta_transparent_header":false},"product_brand":[],"product_cat":[90],"product_tag":[],"class_list":{"0":"post-1024","1":"product","2":"type-product","3":"status-publish","4":"has-post-thumbnail","6":"product_cat-pizza-cone-machine","8":"first","9":"instock","10":"shipping-taxable","11":"product-type-simple"},"_links":{"self":[{"href":"https:\/\/www.hommy.com\/de\/wp-json\/wp\/v2\/product\/1024","targetHints":{"allow":["GET"]}}],"collection":[{"href":"https:\/\/www.hommy.com\/de\/wp-json\/wp\/v2\/product"}],"about":[{"href":"https:\/\/www.hommy.com\/de\/wp-json\/wp\/v2\/types\/product"}],"replies":[{"embeddable":true,"href":"https:\/\/www.hommy.com\/de\/wp-json\/wp\/v2\/comments?post=1024"}],"wp:featuredmedia":[{"embeddable":true,"href":"https:\/\/www.hommy.com\/de\/wp-json\/wp\/v2\/media\/1018"}],"wp:attachment":[{"href":"https:\/\/www.hommy.com\/de\/wp-json\/wp\/v2\/media?parent=1024"}],"wp:term":[{"taxonomy":"product_brand","embeddable":true,"href":"https:\/\/www.hommy.com\/de\/wp-json\/wp\/v2\/product_brand?post=1024"},{"taxonomy":"product_cat","embeddable":true,"href":"https:\/\/www.hommy.com\/de\/wp-json\/wp\/v2\/product_cat?post=1024"},{"taxonomy":"product_tag","embeddable":true,"href":"https:\/\/www.hommy.com\/de\/wp-json\/wp\/v2\/product_tag?post=1024"}],"curies":[{"name":"wp","href":"https:\/\/api.w.org\/{rel}","templated":true}]}}