{"id":100,"date":"2024-07-02T12:08:31","date_gmt":"2024-07-02T12:08:31","guid":{"rendered":"http:\/\/localhost\/hommywp\/pa-al-12-aluminum-pizza-pan-vending-machine-parts\/"},"modified":"2025-08-01T09:57:26","modified_gmt":"2025-08-01T09:57:26","slug":"pa-al-12-aluminium-pizzapfanne","status":"publish","type":"product","link":"https:\/\/www.hommy.com\/de\/p\/pa-al-12-aluminium-pizzapfanne\/","title":{"rendered":"Pa-Al-12\" Aluminium-Pizzapfanne Verkaufsautomatenteile"},"content":{"rendered":"<div>\n<p style=\"text-align: center\"><span style=\"font-family:Calibri;font-size:29px\">Pizza-Automat Italien <\/span><\/p>\n<p><\/p>\n<p style=\"margin-bottom:0;text-align:justify\"><span style=\"font-family:\u5b8b\u4f53;font-size:29px\">Produktmerkmale: <\/span><\/p>\n<p><span style=\"font-family:Calibri;font-size:21px\">1.&nbsp;<\/span><span style=\"font-family:Calibri;font-size:21px\">12\" Aluminium-Pizzapfanne w\u00e4hlen Material, das Lebensmittelqualit\u00e4t passieren haben. &nbsp;<\/span><\/p>\n<p><span style=\"font-family:Calibri;font-size:21px\">2.&nbsp;<\/span><span style=\"font-family:Calibri;font-size:21px\">Die Aluminium-Pizza-Pfanne Basis auf hommy Pizzakasten, um das Design, das Durchmesser 30cm ist zu tun.<\/span><\/p>\n<p><span style=\"font-family:Calibri;font-size:21px\">3.&nbsp;<\/span><span style=\"font-family:Calibri;font-size:21px\">Im Inneren der Pfanne befinden sich zus\u00e4tzliche L\u00f6cher und Vertiefungen, durch die der Wasserdampf abflie\u00dfen kann, wodurch die Pizza noch leckerer wird. <\/span><\/p>\n<p><span style=\"font-family:Calibri;font-size:21px\">4.&nbsp;<\/span><span style=\"font-family:Calibri;font-size:21px\">Die Aluminium-Pizzaschachtel ist ein spezielles Design f\u00fcr Hommy-Pizza-Automaten. <\/span><\/p>\n<p><span style=\"font-family:Calibri;font-size:21px\">5.&nbsp;<\/span><span style=\"font-family:Calibri;font-size:21px\">Der Pizzakarton und die Aluminium-Pizzapfanne sind ein Set f\u00fcr den Hommy-Pizza-Automaten, damit er funktioniert.<\/span><\/p>\n<p><span style=\"font-family:Calibri;font-size:21px\">Die Aluminium-Pizzapfanne ist ein langlebiges Produkt, das f\u00fcr den Einsatz in Lebensmitteln geeignet ist und wegen seiner optimalen Leistung, Langlebigkeit und optimalen Verarbeitung sehr gesch\u00e4tzt wird.<\/span><\/p>\n<p><span style=\"font-family:Calibri;font-size:21px\"><\/span><\/p>\n<h2>Wie gro\u00df ist die Automatenindustrie in den USA?<\/h2>\n<p style=\"margin-top: 5px;margin-bottom: 5px\">Die US-Automatenindustrie ist im Jahr 2017 etwa $22,4 Milliarden wert. Es wird prognostiziert, dass sie in den n\u00e4chsten f\u00fcnf Jahren mit einer CAGR von etwa 2,6% wachsen wird. 2017 wurde die US-Automatenindustrie vom Lebensmittel- und Getr\u00e4nkesegment dominiert, das mehr als die H\u00e4lfte des Marktumsatzes ausmachte. Das zweitgr\u00f6\u00dfte Segment war das Snack- und S\u00fc\u00dfwarensegment. Andere wichtige Segmente waren das Getr\u00e4nke-, Fertigpackungs-, Convenience- und Fast-Food-Segment. Der Markt wird voraussichtlich in den n\u00e4chsten f\u00fcnf Jahren mit einer CAGR von etwa 2,6% wachsen.<\/p>\n<p style=\"margin-top: 5px;margin-bottom: 5px\"><\/p>\n<h2>Wie baut man einen gesunden Verkaufsautomaten?<\/h2>\n<p style=\"margin-top: 5px;margin-bottom: 5px\">Das ist die Theorie der Healthy Vending Initiative, eines Zusammenschlusses von Vertretern des \u00f6ffentlichen Gesundheitswesens, Schulverwaltern und anderen, die versuchen, die Art und Weise, wie Automaten verkauft und genutzt werden, zu \u00e4ndern.In den letzten Jahren sind Automaten zu einem festen Bestandteil vieler Arbeitspl\u00e4tze geworden. Diese Automaten sind eine gute M\u00f6glichkeit, Geld zu sparen, und sie sind eine gute M\u00f6glichkeit, Ihren Mitarbeitern zu helfen, ges\u00fcnder zu essen. Wenn Sie einen gesunden Verkaufsautomaten f\u00fcr Ihren Arbeitsplatz aufstellen m\u00f6chten, finden Sie hier einige Tipps, die Ihnen dabei helfen.<\/p>\n<p style=\"margin-top: 5px;margin-bottom: 5px\"><\/p>\n<h2>Verdienen Verkaufsautomaten in Kanada Geld?<\/h2>\n<p style=\"margin-top: 5px;margin-bottom: 5px\">\u00dcberall auf der Welt findet man Verkaufsautomaten. Sie sind oft das erste, was man sieht, wenn man ein Geb\u00e4ude betritt. In Kanada gibt es viele verschiedene Arten von Verkaufsautomaten. Manche verkaufen S\u00fc\u00dfigkeiten, manche Wasser, manche Bier.&nbsp;<\/p>\n<p style=\"margin-top: 5px;margin-bottom: 5px\"><br style=\"font-family: sans-serif;font-size: 16px\" \/><\/p>\n<p><span style=\"font-family:Calibri;font-size:21px\"><br \/><\/span><\/p>\n<\/p><\/div>","protected":false},"excerpt":{"rendered":"<p>Pizza vending machine Italy Product Features : 1.&nbsp;12\u201d aluminum pizza pan choose material that have pass food grade . &nbsp; 2.&nbsp;The aluminum pizza pan base on &nbsp;hommy pizza box to do the design that is diameter 30cm . 3.&nbsp;There are additional holes and pits inside the pan to drain away water vapor, making the pizza [&hellip;]<\/p>\n","protected":false},"featured_media":1957,"comment_status":"open","ping_status":"open","template":"","meta":{"_swt_meta_header_display":false,"_swt_meta_footer_display":false,"_swt_meta_site_title_display":false,"_swt_meta_sticky_header":false,"_swt_meta_transparent_header":false},"product_brand":[],"product_cat":[70,68],"product_tag":[],"class_list":{"0":"post-100","1":"product","2":"type-product","3":"status-publish","4":"has-post-thumbnail","6":"product_cat-pizza-vending-machine","7":"product_cat-vending-machine","9":"first","10":"instock","11":"shipping-taxable","12":"product-type-simple"},"_links":{"self":[{"href":"https:\/\/www.hommy.com\/de\/wp-json\/wp\/v2\/product\/100","targetHints":{"allow":["GET"]}}],"collection":[{"href":"https:\/\/www.hommy.com\/de\/wp-json\/wp\/v2\/product"}],"about":[{"href":"https:\/\/www.hommy.com\/de\/wp-json\/wp\/v2\/types\/product"}],"replies":[{"embeddable":true,"href":"https:\/\/www.hommy.com\/de\/wp-json\/wp\/v2\/comments?post=100"}],"wp:featuredmedia":[{"embeddable":true,"href":"https:\/\/www.hommy.com\/de\/wp-json\/wp\/v2\/media\/1957"}],"wp:attachment":[{"href":"https:\/\/www.hommy.com\/de\/wp-json\/wp\/v2\/media?parent=100"}],"wp:term":[{"taxonomy":"product_brand","embeddable":true,"href":"https:\/\/www.hommy.com\/de\/wp-json\/wp\/v2\/product_brand?post=100"},{"taxonomy":"product_cat","embeddable":true,"href":"https:\/\/www.hommy.com\/de\/wp-json\/wp\/v2\/product_cat?post=100"},{"taxonomy":"product_tag","embeddable":true,"href":"https:\/\/www.hommy.com\/de\/wp-json\/wp\/v2\/product_tag?post=100"}],"curies":[{"name":"wp","href":"https:\/\/api.w.org\/{rel}","templated":true}]}}