{"id":2075,"date":"2024-07-06T17:05:20","date_gmt":"2024-07-06T17:05:20","guid":{"rendered":"https:\/\/www.hommy.com\/?page_id=2075"},"modified":"2025-10-28T05:18:38","modified_gmt":"2025-10-28T05:18:38","slug":"produkt","status":"publish","type":"page","link":"https:\/\/www.hommy.com\/de\/produkt\/","title":{"rendered":"Produkt"},"content":{"rendered":"<h1 class=\"wp-block-heading\">Automaten, Eismaschine und andere Produkte<\/h1>\n\n\n\n<div class=\"container px-4 py-8 mx-auto wp-block-ska-element\">\n<h2 class=\"my-8 text-2xl font-bold text-center wp-block-ska-element\">\n<a href=\"https:\/\/www.hommy.com\/de\/c\/verkaufsautomat\/\" class=\"text-blue-600 hover:text-blue-800 wp-block-ska-text ska-text\">Verkaufsautomat<\/a>\n<\/h2>\n\n\n\n<div class=\"grid grid-cols-1 md:grid-cols-2 lg:grid-cols-3 gap-6 wp-block-ska-element\">\n<div class=\"flex flex-col p-4 bg-white rounded-lg shadow-md wp-block-ska-element\">\n<div class=\"flex justify-center items-center mb-4 wp-block-ska-element\">\n<a href=\"https:\/\/www.hommy.com\/de\/c\/smoothie-automat\/\" class=\"product-image wp-block-ska-image image\"><img decoding=\"async\" src=\"https:\/\/www.hommy.com\/wp-content\/uploads\/17105143854028-600x599.jpg\" alt=\"Smoothie-Automat\" height=\"350\" loading=\"lazy\" title=\"\"><\/a>\n<\/div>\n\n\n\n<div class=\"mt-auto text-center wp-block-ska-element\">\n<a href=\"https:\/\/www.hommy.com\/de\/c\/smoothie-automat\/\" class=\"inline-block px-4 py-2 font-bold text-white bg-blue-500 hover:bg-blue-700 rounded wp-block-ska-text ska-text\">Smoothie-Automat<\/a>\n<\/div>\n<\/div>\n\n\n\n<div class=\"flex flex-col p-4 bg-white rounded-lg shadow-md wp-block-ska-element\">\n<div class=\"flex justify-center items-center mb-4 wp-block-ska-element\">\n<a href=\"https:\/\/www.hommy.com\/de\/c\/pizza-automat\/\" class=\"product-image wp-block-ska-image image\"><img decoding=\"async\" src=\"https:\/\/www.hommy.com\/wp-content\/uploads\/16103355827843.jpg\" alt=\"Pizza-Automat\" height=\"350\" loading=\"lazy\" title=\"\"><\/a>\n<\/div>\n\n\n\n<div class=\"mt-auto text-center wp-block-ska-element\">\n<a href=\"https:\/\/www.hommy.com\/de\/c\/pizza-automat\/\" class=\"inline-block px-4 py-2 font-bold text-white bg-blue-500 hover:bg-blue-700 rounded wp-block-ska-text ska-text\">Pizza-Automat<\/a>\n<\/div>\n<\/div>\n\n\n\n<div class=\"flex flex-col p-4 bg-white rounded-lg shadow-md wp-block-ska-element\">\n<div class=\"flex justify-center items-center mb-4 wp-block-ska-element\">\n<a href=\"https:\/\/www.hommy.com\/de\/c\/pommes-frites-automat\/\" class=\"product-image wp-block-ska-image image\"><img decoding=\"async\" src=\"https:\/\/www.hommy.com\/wp-content\/uploads\/16841138152247.png\" alt=\"Pommes Frites-Automat\" height=\"350\" loading=\"lazy\" title=\"\"><\/a>\n<\/div>\n\n\n\n<div class=\"mt-auto text-center wp-block-ska-element\">\n<a href=\"https:\/\/www.hommy.com\/de\/c\/pommes-frites-automat\/\" class=\"inline-block px-4 py-2 font-bold text-white bg-blue-500 hover:bg-blue-700 rounded wp-block-ska-text ska-text\">Pommes Frites-Automat<\/a>\n<\/div>\n<\/div>\n\n\n\n<div class=\"flex flex-col p-4 bg-white rounded-lg shadow-md wp-block-ska-element\">\n<div class=\"flex justify-center items-center mb-4 wp-block-ska-element\">\n<a href=\"https:\/\/www.hommy.com\/de\/c\/eiscreme-automat\/\" class=\"product-image wp-block-ska-image image\"><img decoding=\"async\" src=\"https:\/\/www.hommy.com\/wp-content\/uploads\/15865900183784-600x755.jpg\" alt=\"Eiscreme-Automat\" height=\"350\" loading=\"lazy\" title=\"\"><\/a>\n<\/div>\n\n\n\n<div class=\"mt-auto text-center wp-block-ska-element\">\n<a href=\"https:\/\/www.hommy.com\/de\/c\/eiscreme-automat\/\" class=\"inline-block px-4 py-2 font-bold text-white bg-blue-500 hover:bg-blue-700 rounded wp-block-ska-text ska-text\">Eiscreme-Automat<\/a>\n<\/div>\n<\/div>\n\n\n\n<div class=\"flex flex-col p-4 bg-white rounded-lg shadow-md wp-block-ska-element\">\n<div class=\"flex justify-center items-center mb-4 wp-block-ska-element\">\n<a href=\"https:\/\/www.hommy.com\/de\/c\/soda-getranke-automat\/\" class=\"product-image wp-block-ska-image image\"><img decoding=\"async\" src=\"https:\/\/www.hommy.com\/wp-content\/uploads\/16431825339515.png\" alt=\"Soda-Getr\u00e4nke-Automat\" height=\"350\" loading=\"lazy\" title=\"\"><\/a>\n<\/div>\n\n\n\n<div class=\"mt-auto text-center wp-block-ska-element\">\n<a href=\"https:\/\/www.hommy.com\/de\/c\/soda-getranke-automat\/\" class=\"inline-block px-4 py-2 font-bold text-white bg-blue-500 hover:bg-blue-700 rounded wp-block-ska-text ska-text\">Soda-Getr\u00e4nke-Automat<\/a>\n<\/div>\n<\/div>\n\n\n\n<div class=\"flex flex-col p-4 bg-white rounded-lg shadow-md wp-block-ska-element\">\n<div class=\"flex justify-center items-center mb-4 wp-block-ska-element\">\n<a href=\"https:\/\/www.hommy.com\/de\/c\/heisgetranke-automat\/\" class=\"product-image wp-block-ska-image image\"><img decoding=\"async\" src=\"https:\/\/www.hommy.com\/wp-content\/uploads\/16429862153434.jpg\" alt=\"Hei\u00dfgetr\u00e4nke-Automat\" height=\"350\" loading=\"lazy\" title=\"\"><\/a>\n<\/div>\n\n\n\n<div class=\"mt-auto text-center wp-block-ska-element\">\n<a href=\"https:\/\/www.hommy.com\/de\/c\/heisgetranke-automat\/\" class=\"inline-block px-4 py-2 font-bold text-white bg-blue-500 hover:bg-blue-700 rounded wp-block-ska-text ska-text\">Hei\u00dfgetr\u00e4nke-Automat<\/a>\n<\/div>\n<\/div>\n\n\n\n<div class=\"flex flex-col p-4 bg-white rounded-lg shadow-md wp-block-ska-element\">\n<div class=\"flex justify-center items-center mb-4 wp-block-ska-element\">\n<a href=\"https:\/\/www.hommy.com\/de\/c\/popcorn-automat\/\" class=\"product-image wp-block-ska-image image\"><img decoding=\"async\" src=\"https:\/\/www.hommy.com\/wp-content\/uploads\/16431842559211.jpg\" alt=\"Popcorn-Automat\" height=\"350\" loading=\"lazy\" title=\"\"><\/a>\n<\/div>\n\n\n\n<div class=\"mt-auto text-center wp-block-ska-element\">\n<a href=\"https:\/\/www.hommy.com\/de\/c\/popcorn-automat\/\" class=\"inline-block px-4 py-2 font-bold text-white bg-blue-500 hover:bg-blue-700 rounded wp-block-ska-text ska-text\">Popcorn-Automat<\/a>\n<\/div>\n<\/div>\n\n\n\n<div class=\"flex flex-col p-4 bg-white rounded-lg shadow-md wp-block-ska-element\">\n<div class=\"flex justify-center items-center mb-4 wp-block-ska-element\">\n<a href=\"https:\/\/www.hommy.com\/de\/c\/roboter-eisdiele\/\" class=\"product-image wp-block-ska-image image\"><img decoding=\"async\" src=\"https:\/\/www.hommy.com\/wp-content\/uploads\/16431785365397.jpg\" alt=\"Roboter-Eisdiele\" height=\"350\" loading=\"lazy\" title=\"\"><\/a>\n<\/div>\n\n\n\n<div class=\"mt-auto text-center wp-block-ska-element\">\n<a href=\"https:\/\/www.hommy.com\/de\/c\/roboter-eisdiele\/\" class=\"inline-block px-4 py-2 font-bold text-white bg-blue-500 hover:bg-blue-700 rounded wp-block-ska-text ska-text\">Roboter-Eisdiele<\/a>\n<\/div>\n<\/div>\n<\/div>\n\n\n\n<h2 class=\"my-8 mt-12 text-2xl font-bold text-center wp-block-ska-element\">\n<a href=\"https:\/\/www.hommy.com\/de\/c\/speiseeismaschine\/\" class=\"text-blue-600 hover:text-blue-800 wp-block-ska-text ska-text\">Eiscreme-Maschine<\/a>\n<\/h2>\n\n\n\n<div class=\"grid grid-cols-1 md:grid-cols-2 lg:grid-cols-3 gap-6 wp-block-ska-element\">\n<div class=\"flex flex-col p-4 bg-white rounded-lg shadow-md wp-block-ska-element\">\n<div class=\"flex justify-center items-center mb-4 wp-block-ska-element\">\n<a href=\"https:\/\/www.hommy.com\/de\/c\/softeismaschine\/\" class=\"product-image wp-block-ska-image image\"><img decoding=\"async\" src=\"https:\/\/www.hommy.com\/wp-content\/uploads\/16002442948830.jpg\" alt=\"Softeismaschine\" height=\"350\" loading=\"lazy\" title=\"\"><\/a>\n<\/div>\n\n\n\n<div class=\"mt-auto text-center wp-block-ska-element\">\n<a href=\"https:\/\/www.hommy.com\/de\/c\/softeismaschine\/\" class=\"inline-block px-4 py-2 font-bold text-white bg-blue-500 hover:bg-blue-700 rounded wp-block-ska-text ska-text\">Softeismaschine<\/a>\n<\/div>\n<\/div>\n\n\n\n<div class=\"flex flex-col p-4 bg-white rounded-lg shadow-md wp-block-ska-element\">\n<div class=\"flex justify-center items-center mb-4 wp-block-ska-element\">\n<a href=\"https:\/\/www.hommy.com\/de\/c\/maschine-fur-gefrorenen-joghurt\/\" class=\"product-image wp-block-ska-image image\"><img decoding=\"async\" src=\"https:\/\/www.hommy.com\/wp-content\/uploads\/15585131824789-600x600.jpg\" alt=\"Frozen Yogurt Maschine\" height=\"350\" loading=\"lazy\" title=\"\"><\/a>\n<\/div>\n\n\n\n<div class=\"mt-auto text-center wp-block-ska-element\">\n<a href=\"https:\/\/www.hommy.com\/de\/c\/maschine-fur-gefrorenen-joghurt\/\" class=\"inline-block px-4 py-2 font-bold text-white bg-blue-500 hover:bg-blue-700 rounded wp-block-ska-text ska-text\">Frozen Yogurt Maschine<\/a>\n<\/div>\n<\/div>\n\n\n\n<div class=\"flex flex-col p-4 bg-white rounded-lg shadow-md wp-block-ska-element\">\n<div class=\"flex justify-center items-center mb-4 wp-block-ska-element\">\n<a href=\"https:\/\/www.hommy.com\/de\/c\/kupfer-eismaschine\/\" class=\"product-image wp-block-ska-image image\"><img decoding=\"async\" src=\"https:\/\/www.hommy.com\/wp-content\/uploads\/16005038721205.jpg\" alt=\"Eiscrememaschine aus Kupfer\" height=\"350\" loading=\"lazy\" title=\"\"><\/a>\n<\/div>\n\n\n\n<div class=\"mt-auto text-center wp-block-ska-element\">\n<a href=\"https:\/\/www.hommy.com\/de\/c\/kupfer-eismaschine\/\" class=\"inline-block px-4 py-2 font-bold text-white bg-blue-500 hover:bg-blue-700 rounded wp-block-ska-text ska-text\">Eiscrememaschine aus Kupfer<\/a>\n<\/div>\n<\/div>\n\n\n\n<div class=\"flex flex-col p-4 bg-white rounded-lg shadow-md wp-block-ska-element\">\n<div class=\"flex justify-center items-center mb-4 wp-block-ska-element\">\n<a href=\"https:\/\/www.hommy.com\/de\/c\/frittier-eismaschine\/\" class=\"product-image wp-block-ska-image image\"><img decoding=\"async\" src=\"https:\/\/www.hommy.com\/wp-content\/uploads\/15553218255331-600x600.jpg\" alt=\"Frittierte Eismaschine\" height=\"350\" loading=\"lazy\" title=\"\"><\/a>\n<\/div>\n\n\n\n<div class=\"mt-auto text-center wp-block-ska-element\">\n<a href=\"https:\/\/www.hommy.com\/de\/c\/frittier-eismaschine\/\" class=\"inline-block px-4 py-2 font-bold text-white bg-blue-500 hover:bg-blue-700 rounded wp-block-ska-text ska-text\">Frittierte Eismaschine<\/a>\n<\/div>\n<\/div>\n\n\n\n<div class=\"flex flex-col p-4 bg-white rounded-lg shadow-md wp-block-ska-element\">\n<div class=\"flex justify-center items-center mb-4 wp-block-ska-element\">\n<a href=\"https:\/\/www.hommy.com\/de\/c\/harteiscreme-maschine\/\" class=\"product-image wp-block-ska-image image\"><img decoding=\"async\" src=\"https:\/\/www.hommy.com\/wp-content\/uploads\/15553985425937-600x600.jpg\" alt=\"Harteis-Maschine\" height=\"349\" loading=\"lazy\" title=\"\"><\/a>\n<\/div>\n\n\n\n<div class=\"mt-auto text-center wp-block-ska-element\">\n<a href=\"https:\/\/www.hommy.com\/de\/c\/harteiscreme-maschine\/\" class=\"inline-block px-4 py-2 font-bold text-white bg-blue-500 hover:bg-blue-700 rounded wp-block-ska-text ska-text\">Harteis-Maschine<\/a>\n<\/div>\n<\/div>\n<\/div>\n\n\n\n<h2 class=\"my-8 mt-12 text-2xl font-bold text-center wp-block-heading\">Andere Produkte<\/h2>\n\n\n\n<div class=\"grid grid-cols-1 md:grid-cols-2 lg:grid-cols-3 gap-6 wp-block-ska-element\">\n<div class=\"flex flex-col p-4 bg-white rounded-lg shadow-md wp-block-ska-element\">\n<div class=\"flex justify-center items-center mb-4 wp-block-ska-element\">\n<a href=\"https:\/\/www.hommy.com\/de\/c\/schaufenster\/\" class=\"product-image wp-block-ska-image image\"><img decoding=\"async\" src=\"https:\/\/www.hommy.com\/wp-content\/uploads\/16010844204694.png\" alt=\"Vitrine anzeigen\" height=\"350\" loading=\"lazy\" title=\"\"><\/a>\n<\/div>\n\n\n\n<div class=\"mt-auto text-center wp-block-ska-element\">\n<a href=\"https:\/\/www.hommy.com\/de\/c\/schaufenster\/\" class=\"inline-block px-4 py-2 font-bold text-white bg-blue-500 hover:bg-blue-700 rounded wp-block-ska-text ska-text\">Vitrine anzeigen<\/a>\n<\/div>\n<\/div>\n\n\n\n<div class=\"flex flex-col p-4 bg-white rounded-lg shadow-md wp-block-ska-element\">\n<div class=\"flex justify-center items-center mb-4 wp-block-ska-element\">\n<a href=\"https:\/\/www.hommy.com\/de\/c\/one-shot-maschine\/\" class=\"product-image wp-block-ska-image image\"><img decoding=\"async\" src=\"https:\/\/www.hommy.com\/wp-content\/uploads\/15583394853064.png\" alt=\"Ein-Schuss-Maschine\" height=\"350\" loading=\"lazy\" title=\"\"><\/a>\n<\/div>\n\n\n\n<div class=\"mt-auto text-center wp-block-ska-element\">\n<a href=\"https:\/\/www.hommy.com\/de\/c\/one-shot-maschine\/\" class=\"inline-block px-4 py-2 font-bold text-white bg-blue-500 hover:bg-blue-700 rounded wp-block-ska-text ska-text\">Ein-Schuss-Maschine<\/a>\n<\/div>\n<\/div>\n\n\n\n<div class=\"flex flex-col p-4 bg-white rounded-lg shadow-md wp-block-ska-element\">\n<div class=\"flex justify-center items-center mb-4 wp-block-ska-element\">\n<a href=\"https:\/\/www.hommy.com\/de\/c\/eis-am-stiel-maschine\/\" class=\"product-image wp-block-ska-image image\"><img decoding=\"async\" src=\"https:\/\/www.hommy.com\/wp-content\/uploads\/16034159106362.png\" alt=\"Eis am Stiel Maschine\" height=\"350\" loading=\"lazy\" title=\"\"><\/a>\n<\/div>\n\n\n\n<div class=\"mt-auto text-center wp-block-ska-element\">\n<a href=\"https:\/\/www.hommy.com\/de\/c\/eis-am-stiel-maschine\/\" class=\"inline-block px-4 py-2 font-bold text-white bg-blue-500 hover:bg-blue-700 rounded wp-block-ska-text ska-text\">Eis am Stiel Maschine<\/a>\n<\/div>\n<\/div>\n\n\n\n<div class=\"flex flex-col p-4 bg-white rounded-lg shadow-md wp-block-ska-element\">\n<div class=\"flex justify-center items-center mb-4 wp-block-ska-element\">\n<a href=\"https:\/\/www.hommy.com\/de\/c\/eisblockmaschine\/\" class=\"product-image wp-block-ska-image image\"><img decoding=\"async\" src=\"https:\/\/www.hommy.com\/wp-content\/uploads\/16030737187486-600x381.jpg\" alt=\"Eisblock-Maschine\" height=\"350\" loading=\"lazy\" title=\"\"><\/a>\n<\/div>\n\n\n\n<div class=\"mt-auto text-center wp-block-ska-element\">\n<a href=\"https:\/\/www.hommy.com\/de\/c\/eisblockmaschine\/\" class=\"inline-block px-4 py-2 font-bold text-white bg-blue-500 hover:bg-blue-700 rounded wp-block-ska-text ska-text\">Eisblock-Maschine<\/a>\n<\/div>\n<\/div>\n\n\n\n<div class=\"flex flex-col p-4 bg-white rounded-lg shadow-md wp-block-ska-element\">\n<div class=\"flex justify-center items-center mb-4 wp-block-ska-element\">\n<a href=\"https:\/\/www.hommy.com\/de\/c\/eishornchenmaschine\/\" class=\"product-image wp-block-ska-image image\"><img decoding=\"async\" src=\"https:\/\/www.hommy.com\/wp-content\/uploads\/15795124372418.png\" alt=\"Eiscreme-Kegelmaschine\" height=\"350\" loading=\"lazy\" title=\"\"><\/a>\n<\/div>\n\n\n\n<div class=\"mt-auto text-center wp-block-ska-element\">\n<a href=\"https:\/\/www.hommy.com\/de\/c\/eishornchenmaschine\/\" class=\"inline-block px-4 py-2 font-bold text-white bg-blue-500 hover:bg-blue-700 rounded wp-block-ska-text ska-text\">Eiscreme-Kegelmaschine<\/a>\n<\/div>\n<\/div>\n\n\n\n<div class=\"flex flex-col p-4 bg-white rounded-lg shadow-md wp-block-ska-element\">\n<div class=\"flex justify-center items-center mb-4 wp-block-ska-element\">\n<a href=\"https:\/\/www.hommy.com\/de\/c\/eiscreme-modell\/\" class=\"product-image wp-block-ska-image image\"><img decoding=\"async\" src=\"https:\/\/www.hommy.com\/wp-content\/uploads\/15553219996264-600x600.jpg\" alt=\"Eiscreme-Modell\" height=\"350\" loading=\"lazy\" title=\"\"><\/a>\n<\/div>\n\n\n\n<div class=\"mt-auto text-center wp-block-ska-element\">\n<a href=\"https:\/\/www.hommy.com\/de\/c\/eiscreme-modell\/\" class=\"inline-block px-4 py-2 font-bold text-white bg-blue-500 hover:bg-blue-700 rounded wp-block-ska-text ska-text\">Eiscreme-Modell<\/a>\n<\/div>\n<\/div>\n\n\n\n<div class=\"flex flex-col p-4 bg-white rounded-lg shadow-md wp-block-ska-element\">\n<div class=\"flex justify-center items-center mb-4 wp-block-ska-element\">\n<a href=\"https:\/\/www.hommy.com\/de\/c\/pizzakegelmaschine\/\" class=\"product-image wp-block-ska-image image\"><img decoding=\"async\" src=\"https:\/\/www.hommy.com\/wp-content\/uploads\/15553196899069-600x600.jpg\" alt=\"Pizza-Kegel-Maschine\" height=\"350\" loading=\"lazy\" title=\"\"><\/a>\n<\/div>\n\n\n\n<div class=\"mt-auto text-center wp-block-ska-element\">\n<a href=\"https:\/\/www.hommy.com\/de\/c\/pizzakegelmaschine\/\" class=\"inline-block px-4 py-2 font-bold text-white bg-blue-500 hover:bg-blue-700 rounded wp-block-ska-text ska-text\">Pizza-Kegel-Maschine<\/a>\n<\/div>\n<\/div>\n\n\n\n<div class=\"flex flex-col p-4 bg-white rounded-lg shadow-md wp-block-ska-element\">\n<div class=\"flex justify-center items-center mb-4 wp-block-ska-element\">\n<a href=\"https:\/\/www.hommy.com\/de\/c\/slush-maschine\/\" class=\"product-image wp-block-ska-image image\"><img decoding=\"async\" src=\"https:\/\/www.hommy.com\/wp-content\/uploads\/16030924215415.png\" alt=\"Slush-Maschine\" height=\"350\" loading=\"lazy\" title=\"\"><\/a>\n<\/div>\n\n\n\n<div class=\"mt-auto text-center wp-block-ska-element\">\n<a href=\"https:\/\/www.hommy.com\/de\/c\/slush-maschine\/\" class=\"inline-block px-4 py-2 font-bold text-white bg-blue-500 hover:bg-blue-700 rounded wp-block-ska-text ska-text\">Slush-Maschine<\/a>\n<\/div>\n<\/div>\n<\/div>\n<\/div>\n\n\n\n<p>Enterprise (Xinhui) Co., LTD. ist ein modernes Unternehmen f\u00fcr kommerzielle Eismaschinen. Wir widmen uns haupts\u00e4chlich dem Gesch\u00e4ft der kommerziellen Eismaschine. Die Maschine ist eines der Hauptprodukte von Hommy. Bei der Herstellung der Eismaschine werden gute Materialien, fortschrittliche Produktionstechnologie und feine Fertigungstechniken verwendet. Dar\u00fcber hinaus sind unsere Maschinen mit hochwertigen Ger\u00e4ten ausgestattet, die sich leicht in Ihrem Betrieb installieren lassen und Ihnen den bestm\u00f6glichen Service bieten.<\/p>\n\n\n\n<p>Wir zeigen Ihnen die bei den Kunden beliebtesten kommerziellen Speiseeis-Herstellungsanlagen. Die kommerzielle Eismaschine, die auf der Grundlage des Know-hows und der Erfahrung unseres Unternehmens hergestellt wird, bietet Ihnen die besten Dienstleistungen zu erschwinglichen Preisen. Es ist ein vertrauensw\u00fcrdiges Produkt, das auf dem Markt Anerkennung und Unterst\u00fctzung findet.Hommy hat ein ausgezeichnetes F&amp;E-Eliteteam. Au\u00dferdem verf\u00fcgen wir \u00fcber fortschrittliche Produktionsanlagen und technische Prozesse. Wir k\u00f6nnen unseren Kunden professionelle und hochwertige OEM\/ODM-Dienstleistungen anbieten.<\/p>","protected":false},"excerpt":{"rendered":"<p>Vending Machine, Ice Cream Machine And Other Products Enterprise (Xinhui) Co., LTD. Is a modern commercial ice cream machine enterprise. We are mainly dedicated to the business of commercial ice cream making machine. The machine is one of the main products of Hommy. Good materials, advanced production technology, and fine manufacturing techniques are used in [&hellip;]<\/p>\n","protected":false},"author":1,"featured_media":0,"parent":0,"menu_order":0,"comment_status":"closed","ping_status":"closed","template":"","meta":{"_swt_meta_header_display":false,"_swt_meta_footer_display":false,"_swt_meta_site_title_display":true,"_swt_meta_sticky_header":false,"_swt_meta_transparent_header":false,"footnotes":""},"class_list":["post-2075","page","type-page","status-publish","hentry"],"_links":{"self":[{"href":"https:\/\/www.hommy.com\/de\/wp-json\/wp\/v2\/pages\/2075","targetHints":{"allow":["GET"]}}],"collection":[{"href":"https:\/\/www.hommy.com\/de\/wp-json\/wp\/v2\/pages"}],"about":[{"href":"https:\/\/www.hommy.com\/de\/wp-json\/wp\/v2\/types\/page"}],"author":[{"embeddable":true,"href":"https:\/\/www.hommy.com\/de\/wp-json\/wp\/v2\/users\/1"}],"replies":[{"embeddable":true,"href":"https:\/\/www.hommy.com\/de\/wp-json\/wp\/v2\/comments?post=2075"}],"version-history":[{"count":2,"href":"https:\/\/www.hommy.com\/de\/wp-json\/wp\/v2\/pages\/2075\/revisions"}],"predecessor-version":[{"id":2861,"href":"https:\/\/www.hommy.com\/de\/wp-json\/wp\/v2\/pages\/2075\/revisions\/2861"}],"wp:attachment":[{"href":"https:\/\/www.hommy.com\/de\/wp-json\/wp\/v2\/media?parent=2075"}],"curies":[{"name":"wp","href":"https:\/\/api.w.org\/{rel}","templated":true}]}}