{"id":1539,"date":"2024-07-03T13:05:16","date_gmt":"2024-07-03T13:05:16","guid":{"rendered":"http:\/\/localhost\/hommywp\/?page_id=1539"},"modified":"2024-11-15T15:13:46","modified_gmt":"2024-11-15T15:13:46","slug":"losung","status":"publish","type":"page","link":"https:\/\/www.hommy.com\/de\/losung\/","title":{"rendered":"L\u00f6sung"},"content":{"rendered":"<p><strong>1. Bango-Eiscreme-Laden<\/strong><\/p>\n\n\n\n<p>Mit 20 Jahren Erfahrung in der Herstellung von Eismaschinen wei\u00df Hommy Enterprise (Xinhui) Co., LTD. sehr gut, wie man Eis in guter Qualit\u00e4t herstellt (Professionelle Eismaschine und Lebensmittelverarbeitungsmaschine). Auf der Grundlage dieser reichen Erfahrung gr\u00fcndete der Gr\u00fcnder von Hommy, Herr Daniel Lai, im Jahr 2011 die Bango International Catering Management Co, Ltd.<\/p>\n\n\n\n<p>Als einer der gro\u00dfen Gastronomiekonzerne betreibt Bango Filialketten in der Speiseeisbranche und wird zum sich schnell entwickelnden Anbieter von Speiseeis-Franchising.<\/p>\n\n\n\n<p>Bango bietet seinen Kunden einen umfassenden Service f\u00fcr Eisdielen entsprechend ihren Anforderungen und Budgets, einschlie\u00dflich der Gestaltung der L\u00e4den, der Lebensmittelausstattung, der Schulung f\u00fcr den Betrieb der L\u00e4den usw.<\/p>\n\n\n\n<figure class=\"wp-block-gallery has-nested-images columns-default is-cropped columns-3 wp-block-gallery-1 is-layout-flex wp-block-gallery-is-layout-flex\">\n<figure class=\"wp-block-image size-medium\"><img loading=\"lazy\" decoding=\"async\" width=\"480\" height=\"390\" data-id=\"1541\" src=\"https:\/\/www.hommy.com\/wp-content\/uploads\/image-3.webp\" alt=\"Innenansicht von Bango Ice Cream Store\" class=\"wp-image-1541\" title=\"Innenansicht von Bango Ice Cream Store\" srcset=\"https:\/\/www.hommy.com\/wp-content\/uploads\/image-3.webp 480w, https:\/\/www.hommy.com\/wp-content\/uploads\/image-3-300x244.webp 300w\" sizes=\"auto, (max-width: 480px) 100vw, 480px\" \/><\/figure>\n\n\n\n<figure class=\"wp-block-image size-medium\"><img loading=\"lazy\" decoding=\"async\" width=\"800\" height=\"650\" data-id=\"1559\" src=\"https:\/\/www.hommy.com\/wp-content\/uploads\/image-35.png\" alt=\"Bango Ice Cream Store au\u00dfen\" class=\"wp-image-1559\" title=\"Bango Ice Cream Store au\u00dfen\" srcset=\"https:\/\/www.hommy.com\/wp-content\/uploads\/image-35.png 800w, https:\/\/www.hommy.com\/wp-content\/uploads\/image-35-600x488.png 600w, https:\/\/www.hommy.com\/wp-content\/uploads\/image-35-300x244.png 300w, https:\/\/www.hommy.com\/wp-content\/uploads\/image-35-768x624.png 768w\" sizes=\"auto, (max-width: 800px) 100vw, 800px\" \/><\/figure>\n\n\n\n<figure class=\"wp-block-image size-medium\"><img loading=\"lazy\" decoding=\"async\" width=\"480\" height=\"390\" data-id=\"1544\" src=\"https:\/\/www.hommy.com\/wp-content\/uploads\/image-6.webp\" alt=\"Kunden genie\u00dfen Eiscreme bei Bango\" class=\"wp-image-1544\" title=\"Kunden genie\u00dfen Eiscreme bei Bango\" srcset=\"https:\/\/www.hommy.com\/wp-content\/uploads\/image-6.webp 480w, https:\/\/www.hommy.com\/wp-content\/uploads\/image-6-300x244.webp 300w\" sizes=\"auto, (max-width: 480px) 100vw, 480px\" \/><\/figure>\n<\/figure>\n\n\n\n<p><strong>PROZESS DER GESCH\u00c4FTSER\u00d6FFNUNG<\/strong><\/p>\n\n\n\n<p>Die wichtigsten Produkte sind: Softeismaschine, Eismaschine, Kaltgetr\u00e4nkemaschine, Zuckerrohrentsafter, Eismaschine usw.<\/p>\n\n\n\n<p>OEM und ODM sind ebenfalls willkommen.<\/p>\n\n\n\n<figure class=\"wp-block-gallery has-nested-images columns-default is-cropped columns-3 wp-block-gallery-2 is-layout-flex wp-block-gallery-is-layout-flex\">\n<figure class=\"wp-block-image size-medium\"><img loading=\"lazy\" decoding=\"async\" width=\"800\" height=\"650\" data-id=\"1545\" src=\"https:\/\/www.hommy.com\/wp-content\/uploads\/image-7.webp\" alt=\"Lernen Sie die Kooperationspolitik und die Markenkultur von &quot;Bango&quot; kennen\" class=\"wp-image-1545\" title=\"Lernen Sie die Kooperationspolitik und die Markenkultur von &quot;Bango&quot; kennen\" srcset=\"https:\/\/www.hommy.com\/wp-content\/uploads\/image-7.webp 800w, https:\/\/www.hommy.com\/wp-content\/uploads\/image-7-600x488.webp 600w, https:\/\/www.hommy.com\/wp-content\/uploads\/image-7-300x244.webp 300w, https:\/\/www.hommy.com\/wp-content\/uploads\/image-7-768x624.webp 768w\" sizes=\"auto, (max-width: 800px) 100vw, 800px\" \/><figcaption class=\"wp-element-caption\">1. Lernen Sie die Kooperationspolitik und die Markenkultur von \"Bango\" kennen<\/figcaption><\/figure>\n\n\n\n<figure class=\"wp-block-image size-medium\"><img loading=\"lazy\" decoding=\"async\" width=\"800\" height=\"650\" data-id=\"1546\" src=\"https:\/\/www.hommy.com\/wp-content\/uploads\/image-8.webp\" alt=\"F\u00fcllen Sie das Antragsformular aus und schicken Sie es ab\" class=\"wp-image-1546\" title=\"F\u00fcllen Sie das Antragsformular aus und schicken Sie es ab\" srcset=\"https:\/\/www.hommy.com\/wp-content\/uploads\/image-8.webp 800w, https:\/\/www.hommy.com\/wp-content\/uploads\/image-8-600x488.webp 600w, https:\/\/www.hommy.com\/wp-content\/uploads\/image-8-300x244.webp 300w, https:\/\/www.hommy.com\/wp-content\/uploads\/image-8-768x624.webp 768w\" sizes=\"auto, (max-width: 800px) 100vw, 800px\" \/><figcaption class=\"wp-element-caption\">2. F\u00fcllen Sie das Antragsformular aus und reichen Sie es ein<\/figcaption><\/figure>\n\n\n\n<figure class=\"wp-block-image size-medium\"><img loading=\"lazy\" decoding=\"async\" width=\"800\" height=\"650\" data-id=\"1547\" src=\"https:\/\/www.hommy.com\/wp-content\/uploads\/image-9.webp\" alt=\"Warten Sie auf die Qualifikationsbewertung von Bango\" class=\"wp-image-1547\" title=\"Warten Sie auf die Qualifikationsbewertung von Bango\" srcset=\"https:\/\/www.hommy.com\/wp-content\/uploads\/image-9.webp 800w, https:\/\/www.hommy.com\/wp-content\/uploads\/image-9-600x488.webp 600w, https:\/\/www.hommy.com\/wp-content\/uploads\/image-9-300x244.webp 300w, https:\/\/www.hommy.com\/wp-content\/uploads\/image-9-768x624.webp 768w\" sizes=\"auto, (max-width: 800px) 100vw, 800px\" \/><figcaption class=\"wp-element-caption\">3. Warten Sie auf die Qualifikationsbewertung von Bango<\/figcaption><\/figure>\n<\/figure>\n\n\n\n<figure class=\"wp-block-gallery has-nested-images columns-default is-cropped columns-3 wp-block-gallery-3 is-layout-flex wp-block-gallery-is-layout-flex\">\n<figure class=\"wp-block-image size-medium\"><img loading=\"lazy\" decoding=\"async\" width=\"800\" height=\"650\" data-id=\"1548\" src=\"https:\/\/www.hommy.com\/wp-content\/uploads\/image-10.webp\" alt=\"Kommunikation der Kooperationsregeln im Detail mit Bango\" class=\"wp-image-1548\" title=\"Kommunikation der Kooperationsregeln im Detail mit Bango\" srcset=\"https:\/\/www.hommy.com\/wp-content\/uploads\/image-10.webp 800w, https:\/\/www.hommy.com\/wp-content\/uploads\/image-10-600x488.webp 600w, https:\/\/www.hommy.com\/wp-content\/uploads\/image-10-300x244.webp 300w, https:\/\/www.hommy.com\/wp-content\/uploads\/image-10-768x624.webp 768w\" sizes=\"auto, (max-width: 800px) 100vw, 800px\" \/><figcaption class=\"wp-element-caption\">4. Kommunikation der Kooperationsregeln im Detail mit Bango<\/figcaption><\/figure>\n\n\n\n<figure class=\"wp-block-image size-medium\"><img loading=\"lazy\" decoding=\"async\" width=\"800\" height=\"650\" data-id=\"1549\" src=\"https:\/\/www.hommy.com\/wp-content\/uploads\/image-11.webp\" alt=\"Volles Verst\u00e4ndnis f\u00fcr die Marke Bango und das Gesch\u00e4ftskonzept\" class=\"wp-image-1549\" title=\"Volles Verst\u00e4ndnis f\u00fcr die Marke Bango und das Gesch\u00e4ftskonzept\" srcset=\"https:\/\/www.hommy.com\/wp-content\/uploads\/image-11.webp 800w, https:\/\/www.hommy.com\/wp-content\/uploads\/image-11-600x488.webp 600w, https:\/\/www.hommy.com\/wp-content\/uploads\/image-11-300x244.webp 300w, https:\/\/www.hommy.com\/wp-content\/uploads\/image-11-768x624.webp 768w\" sizes=\"auto, (max-width: 800px) 100vw, 800px\" \/><figcaption class=\"wp-element-caption\">5. Volles Verst\u00e4ndnis f\u00fcr die Marke Bango und das Gesch\u00e4ftskonzept<\/figcaption><\/figure>\n\n\n\n<figure class=\"wp-block-image size-medium\"><img loading=\"lazy\" decoding=\"async\" width=\"800\" height=\"650\" data-id=\"1550\" src=\"https:\/\/www.hommy.com\/wp-content\/uploads\/image-12.webp\" alt=\"Besuch und Auswahl der Gesch\u00e4ftsadresse, Bewertung des Projekts und Best\u00e4tigung des Gesch\u00e4ftsmodells\" class=\"wp-image-1550\" title=\"Besuch und Auswahl der Gesch\u00e4ftsadresse, Bewertung des Projekts und Best\u00e4tigung des Gesch\u00e4ftsmodells\" srcset=\"https:\/\/www.hommy.com\/wp-content\/uploads\/image-12.webp 800w, https:\/\/www.hommy.com\/wp-content\/uploads\/image-12-600x488.webp 600w, https:\/\/www.hommy.com\/wp-content\/uploads\/image-12-300x244.webp 300w, https:\/\/www.hommy.com\/wp-content\/uploads\/image-12-768x624.webp 768w\" sizes=\"auto, (max-width: 800px) 100vw, 800px\" \/><figcaption class=\"wp-element-caption\">6. Besuch und Auswahl der Gesch\u00e4ftsadresse, Bewertung des Projekts und Best\u00e4tigung des Gesch\u00e4ftsmodells<\/figcaption><\/figure>\n<\/figure>\n\n\n\n<figure class=\"wp-block-gallery has-nested-images columns-default is-cropped columns-3 wp-block-gallery-4 is-layout-flex wp-block-gallery-is-layout-flex\">\n<figure class=\"wp-block-image size-medium\"><img loading=\"lazy\" decoding=\"async\" width=\"800\" height=\"650\" data-id=\"1551\" src=\"https:\/\/www.hommy.com\/wp-content\/uploads\/image-13.webp\" alt=\"Unterzeichnen Sie den Gesch\u00e4ftsvertrag\" class=\"wp-image-1551\" title=\"Unterzeichnen Sie den Gesch\u00e4ftsvertrag\" srcset=\"https:\/\/www.hommy.com\/wp-content\/uploads\/image-13.webp 800w, https:\/\/www.hommy.com\/wp-content\/uploads\/image-13-600x488.webp 600w, https:\/\/www.hommy.com\/wp-content\/uploads\/image-13-300x244.webp 300w, https:\/\/www.hommy.com\/wp-content\/uploads\/image-13-768x624.webp 768w\" sizes=\"auto, (max-width: 800px) 100vw, 800px\" \/><figcaption class=\"wp-element-caption\">7. Unterzeichnen Sie den Gesch\u00e4ftsvertrag<\/figcaption><\/figure>\n\n\n\n<figure class=\"wp-block-image size-medium\"><img loading=\"lazy\" decoding=\"async\" width=\"800\" height=\"650\" data-id=\"1554\" src=\"https:\/\/www.hommy.com\/wp-content\/uploads\/image-16.webp\" alt=\"Gestaltung und Dekoration des Bango-Ladens, Einstellung von Personal und Vorbereitung der Materialien und des Gesch\u00e4ftszertifikats\" class=\"wp-image-1554\" title=\"Gestaltung und Dekoration des Bango-Ladens, Einstellung von Personal und Vorbereitung der Materialien und des Gesch\u00e4ftszertifikats\" srcset=\"https:\/\/www.hommy.com\/wp-content\/uploads\/image-16.webp 800w, https:\/\/www.hommy.com\/wp-content\/uploads\/image-16-600x488.webp 600w, https:\/\/www.hommy.com\/wp-content\/uploads\/image-16-300x244.webp 300w, https:\/\/www.hommy.com\/wp-content\/uploads\/image-16-768x624.webp 768w\" sizes=\"auto, (max-width: 800px) 100vw, 800px\" \/><figcaption class=\"wp-element-caption\">8. Gestalten und dekorieren Sie den Bango-Laden, stellen Sie Personal ein und bereiten Sie die Materialien und das Gesch\u00e4ftszertifikat vor.<\/figcaption><\/figure>\n\n\n\n<figure class=\"wp-block-image size-medium\"><img loading=\"lazy\" decoding=\"async\" width=\"800\" height=\"650\" data-id=\"1552\" src=\"https:\/\/www.hommy.com\/wp-content\/uploads\/image-14.webp\" alt=\"Schulung des Personals, Beginn der Werbung und Verkaufsf\u00f6rderung\" class=\"wp-image-1552\" title=\"Schulung des Personals, Beginn der Werbung und Verkaufsf\u00f6rderung\" srcset=\"https:\/\/www.hommy.com\/wp-content\/uploads\/image-14.webp 800w, https:\/\/www.hommy.com\/wp-content\/uploads\/image-14-600x488.webp 600w, https:\/\/www.hommy.com\/wp-content\/uploads\/image-14-300x244.webp 300w, https:\/\/www.hommy.com\/wp-content\/uploads\/image-14-768x624.webp 768w\" sizes=\"auto, (max-width: 800px) 100vw, 800px\" \/><figcaption class=\"wp-element-caption\">9. Schulung des Personals, Beginn der Werbung und Verkaufsf\u00f6rderung<\/figcaption><\/figure>\n<\/figure>\n\n\n\n<figure class=\"wp-block-gallery has-nested-images columns-default is-cropped columns-3 wp-block-gallery-5 is-layout-flex wp-block-gallery-is-layout-flex\">\n<figure class=\"wp-block-image size-medium\"><img loading=\"lazy\" decoding=\"async\" width=\"800\" height=\"650\" data-id=\"1553\" src=\"https:\/\/www.hommy.com\/wp-content\/uploads\/image-15.webp\" alt=\"Probeer\u00f6ffnung und Verbesserung jeder Ladenregel w\u00e4hrend der Probezeit\" class=\"wp-image-1553\" title=\"Probeer\u00f6ffnung und Verbesserung jeder Ladenregel w\u00e4hrend der Probezeit\" srcset=\"https:\/\/www.hommy.com\/wp-content\/uploads\/image-15.webp 800w, https:\/\/www.hommy.com\/wp-content\/uploads\/image-15-600x488.webp 600w, https:\/\/www.hommy.com\/wp-content\/uploads\/image-15-300x244.webp 300w, https:\/\/www.hommy.com\/wp-content\/uploads\/image-15-768x624.webp 768w\" sizes=\"auto, (max-width: 800px) 100vw, 800px\" \/><figcaption class=\"wp-element-caption\">10. Probeer\u00f6ffnung und Verbesserung jeder Ladenregel w\u00e4hrend der Probezeit<\/figcaption><\/figure>\n\n\n\n<figure class=\"wp-block-image size-medium\"><img loading=\"lazy\" decoding=\"async\" width=\"800\" height=\"650\" data-id=\"1555\" src=\"https:\/\/www.hommy.com\/wp-content\/uploads\/image-17.webp\" alt=\"Offizielle Er\u00f6ffnung des Bango-Shops\" class=\"wp-image-1555\" title=\"Offizielle Er\u00f6ffnung des Bango-Shops\" srcset=\"https:\/\/www.hommy.com\/wp-content\/uploads\/image-17.webp 800w, https:\/\/www.hommy.com\/wp-content\/uploads\/image-17-600x488.webp 600w, https:\/\/www.hommy.com\/wp-content\/uploads\/image-17-300x244.webp 300w, https:\/\/www.hommy.com\/wp-content\/uploads\/image-17-768x624.webp 768w\" sizes=\"auto, (max-width: 800px) 100vw, 800px\" \/><figcaption class=\"wp-element-caption\">11. Offizielle Er\u00f6ffnung des Bango-Shops<\/figcaption><\/figure>\n\n\n\n<figure class=\"wp-block-image size-medium\"><img loading=\"lazy\" decoding=\"async\" width=\"800\" height=\"650\" data-id=\"1557\" src=\"https:\/\/www.hommy.com\/wp-content\/uploads\/image-19.webp\" alt=\"Beaufsichtigung und Anleitung des Investors bei der F\u00fchrung des Ladens\" class=\"wp-image-1557\" title=\"Beaufsichtigung und Anleitung des Investors bei der F\u00fchrung des Ladens\" srcset=\"https:\/\/www.hommy.com\/wp-content\/uploads\/image-19.webp 800w, https:\/\/www.hommy.com\/wp-content\/uploads\/image-19-600x488.webp 600w, https:\/\/www.hommy.com\/wp-content\/uploads\/image-19-300x244.webp 300w, https:\/\/www.hommy.com\/wp-content\/uploads\/image-19-768x624.webp 768w\" sizes=\"auto, (max-width: 800px) 100vw, 800px\" \/><figcaption class=\"wp-element-caption\">12. Beaufsichtigung und Anleitung des Investors beim Betrieb des Gesch\u00e4fts<\/figcaption><\/figure>\n<\/figure>\n\n\n\n<p><strong>2. Verkaufsautomat Eiscreme-Maschine<\/strong><\/p>\n\n\n\n<figure class=\"wp-block-image size-large\"><img loading=\"lazy\" decoding=\"async\" width=\"929\" height=\"568\" src=\"https:\/\/www.hommy.com\/wp-content\/uploads\/image-18.webp\" alt=\"Verkaufsautomat f\u00fcr Speiseeis\" class=\"wp-image-1556\" title=\"Verkaufsautomat f\u00fcr Speiseeis\" srcset=\"https:\/\/www.hommy.com\/wp-content\/uploads\/image-18.webp 929w, https:\/\/www.hommy.com\/wp-content\/uploads\/image-18-600x367.webp 600w, https:\/\/www.hommy.com\/wp-content\/uploads\/image-18-300x183.webp 300w, https:\/\/www.hommy.com\/wp-content\/uploads\/image-18-768x470.webp 768w\" sizes=\"auto, (max-width: 929px) 100vw, 929px\" \/><\/figure>\n\n\n\n<p>Im Bango-Eisladen sehen Sie vielleicht, dass einige Eismaschinen handgefertigt sind, aber Sie k\u00f6nnen auch feststellen, dass einige davon automatisch sind. Die automatischen Eisautomaten werden ebenfalls von Hommy entwickelt und hergestellt.<\/p>\n\n\n\n<p>Um Kunden zu helfen, ein gutes Gesch\u00e4ft in der Eisindustrie zu machen, empfehlen wir neben dem Eisgesch\u00e4ft auch in Eisautomaten rund um Ihr Gesch\u00e4ft zu investieren. Vor allem, wenn Sie Ihr eigenes Bango-Gesch\u00e4ft und ein ausgereiftes Serviceteam haben, k\u00f6nnen Sie Ihr Team zur Verwaltung der Automaten vor Ort schicken, um Ihr Eisgesch\u00e4ft weiter zu entwickeln.<\/p>\n\n\n\n<p>Speiseeisautomaten sind leicht abnehmbar und k\u00f6nnen flexibel an verschiedenen Orten aufgestellt werden, z. B. in Kinos, Universit\u00e4ten, Restaurants, Einkaufszentren, an malerischen Orten usw. Diese Gesch\u00e4ftsform \"handgefertigtes Eisgesch\u00e4ft + Eisautomaten\" wird als \"Ice Cream Business Ecosystem\" bezeichnet.<\/p>\n\n\n\n<p><strong>Anwendbarer Ort der automatischen Eisverkaufsmaschine<\/strong><\/p>\n\n\n\n<figure class=\"wp-block-image size-large\"><img loading=\"lazy\" decoding=\"async\" width=\"1400\" height=\"696\" src=\"https:\/\/www.hommy.com\/wp-content\/uploads\/image-7.jpeg\" alt=\"Automatische Speiseeisautomaten an verschiedenen Standorten\" class=\"wp-image-1558\" title=\"Automatische Speiseeisautomaten an verschiedenen Standorten\" srcset=\"https:\/\/www.hommy.com\/wp-content\/uploads\/image-7.jpeg 1400w, https:\/\/www.hommy.com\/wp-content\/uploads\/image-7-600x298.jpeg 600w, https:\/\/www.hommy.com\/wp-content\/uploads\/image-7-300x149.jpeg 300w, https:\/\/www.hommy.com\/wp-content\/uploads\/image-7-1024x509.jpeg 1024w, https:\/\/www.hommy.com\/wp-content\/uploads\/image-7-768x382.jpeg 768w\" sizes=\"auto, (max-width: 1400px) 100vw, 1400px\" \/><\/figure>","protected":false},"excerpt":{"rendered":"<p>1. Bango Ice Cream Store With 20 years in manufacturing ice cream machines, Hommy Enterprise (Xinhui) Co., LTD. knows well how to make ice cream in good quality (Professional Ice cream maker machine &amp; food processing machine). Based on this rich experience, the founder of Hommy, Mr. Daniel Lai set up Bango International Catering Management [&hellip;]<\/p>\n","protected":false},"author":1,"featured_media":0,"parent":0,"menu_order":0,"comment_status":"closed","ping_status":"closed","template":"","meta":{"_swt_meta_header_display":false,"_swt_meta_footer_display":false,"_swt_meta_site_title_display":false,"_swt_meta_sticky_header":false,"_swt_meta_transparent_header":false,"footnotes":""},"class_list":["post-1539","page","type-page","status-publish","hentry"],"_links":{"self":[{"href":"https:\/\/www.hommy.com\/de\/wp-json\/wp\/v2\/pages\/1539","targetHints":{"allow":["GET"]}}],"collection":[{"href":"https:\/\/www.hommy.com\/de\/wp-json\/wp\/v2\/pages"}],"about":[{"href":"https:\/\/www.hommy.com\/de\/wp-json\/wp\/v2\/types\/page"}],"author":[{"embeddable":true,"href":"https:\/\/www.hommy.com\/de\/wp-json\/wp\/v2\/users\/1"}],"replies":[{"embeddable":true,"href":"https:\/\/www.hommy.com\/de\/wp-json\/wp\/v2\/comments?post=1539"}],"version-history":[{"count":0,"href":"https:\/\/www.hommy.com\/de\/wp-json\/wp\/v2\/pages\/1539\/revisions"}],"wp:attachment":[{"href":"https:\/\/www.hommy.com\/de\/wp-json\/wp\/v2\/media?parent=1539"}],"curies":[{"name":"wp","href":"https:\/\/api.w.org\/{rel}","templated":true}]}}