{"id":1537,"date":"2024-07-03T12:56:13","date_gmt":"2024-07-03T12:56:13","guid":{"rendered":"http:\/\/localhost\/hommywp\/?page_id=1537"},"modified":"2024-07-03T12:56:16","modified_gmt":"2024-07-03T12:56:16","slug":"faq","status":"publish","type":"page","link":"https:\/\/www.hommy.com\/de\/faq\/","title":{"rendered":"FAQ"},"content":{"rendered":"<p>Ben\u00f6tigen Sie irgendwelche Informationen von uns, um Kreditkartenleserdienste hinzuzuf\u00fcgen?&nbsp;<\/p>\n\n\n\n<p>Wenn wir Ihnen helfen, die Kreditkarte in China zu kaufen, k\u00f6nnen wir Ihnen helfen, alle zu handhaben, wenn Sie die Maschine bekommen, die Kreditkarte Anbieter, die Vertreter in Ihrem Markt haben, die Ihnen helfen, alle zu handhaben, \u00f6ffnen Sie das Konto wie diese. wenn Sie Kreditkarte in Ihrem Land zu installieren, die Maschine im Inneren verwenden wir das System ist MDB, die internationale Vereinbarung ist, k\u00f6nnen Sie die Kreditkarte Anbieter bitten, f\u00fcr Sie zu installieren. wenn Sie irgendwelche Fragen haben, kontaktieren Sie uns bitte. &nbsp;<\/p>\n\n\n\n<p>Wir m\u00f6chten sicherstellen, dass die Automaten in Europa zugelassen werden (entspricht den europ\u00e4ischen Spezifikationen)?<\/p>\n\n\n\n<p>Diese Maschine hat CE, UL Certiftication erhalten. das kann aus Europa und USA Markt verkaufen, haben wir es zu Europa Markt und USA Markt jetzt verkaufen.<\/p>\n\n\n\n<p>Wir m\u00f6chten mehr Informationen \u00fcber die Garantie und die Art und Weise, wie Sie sie reparieren k\u00f6nnen, wenn etwas kaputt ist?<\/p>\n\n\n\n<p>Hommy automatische Verkaufsautomaten haben 18 Monate Garantie, wenn die Eis-Automaten haben jede Frage, die wir auch \u00fcberpr\u00fcfen k\u00f6nnen es im Hintergrund, die uns einige infornation, wir aus dieser Nachricht, wir wissen, was ist Frage, wir senden das Teil f\u00fcr Sie zu \u00e4ndern.<\/p>\n\n\n\n<p>Gibt es kein Internet, wie kann ich Verkaufsinformationen vom Automaten erhalten?<\/p>\n\n\n\n<p>Wenn kein Netz vorhanden ist, k\u00f6nnen Sie den Tagesumsatz nur im Hintergrund des Automaten \u00fcberpr\u00fcfen.<\/p>\n\n\n\n<p>Haben die Eisautomaten von Hommy ein Erinnerungssystem zum Nachf\u00fcllen?<\/p>\n\n\n\n<p>Ja, wenn Vending-Eismaschine Material weniger, die Nachricht f\u00fcr den Arbeitnehmer zu senden, um nachzuf\u00fcllen, wenn das Material passieren wir Setup-Level die Maschine automatisch zu stoppen, um es zu arbeiten. die Eis-Material-Tank, haben wir F\u00fchler, die zwei Ebenen haben, ist die erste erinnern Sie nachf\u00fcllen, die zweite ist kein Material zu stoppen, um zu verkaufen.<\/p>\n\n\n\n<p>Wir wollen mehr Infos \u00fcber das Verkaufssystem und die App. In Hommy Automatengesch\u00e4ft ?<\/p>\n\n\n\n<p>Sie k\u00f6nnen dieses Video, das einige Teil \u00fcber die Vending-Eismaschine im Inneren des Systems haben zu sehen.   Bitte \u00fcberpr\u00fcfen Sie es https:\/\/youtube.com\/embed\/FGJZCLwgloU?rel=0&nbsp;<\/p>\n\n\n\n<p>Gibt es irgendwelche Regeln f\u00fcr die Position des Automaten wie z.B. wie viel Gehrung von der Wand...?und funktionieren die Automaten auch bei hei\u00dfem Wetter?<\/p>\n\n\n\n<p>Der Hommy-Automat ist seit mehr als 6 Jahren auf dem Markt. Wir wissen, dass es an manchen Orten gewisse Beschr\u00e4nkungen gibt. Wir haben die Abluft\u00f6ffnung nach oben verlegt, so dass es keine Einschr\u00e4nkungen gibt. Die Bel\u00fcftung auf allen Seiten des Automaten ist nicht sehr streng auf den Lagerort abgestimmt.<\/p>\n\n\n\n<p>Was brauchen Sie von uns, um eine neue Sprache hinzuzuf\u00fcgen?<\/p>\n\n\n\n<p>Ja, wir k\u00f6nnen Ihnen helfen, Ihre Sprache f\u00fcr den Automaten hinzuzuf\u00fcgen, gerade jetzt haben unsere Eisautomaten mehrere Sprachen f\u00fcr Sie zur Auswahl: Chinesisch, Englisch, Polen, Saudi-Arabien, Malaysia, Thailand, Spanien, Deutschland, Malaysisch, Russisch.<\/p>\n\n\n\n<p>Was ist die regelm\u00e4\u00dfige Wartung f\u00fcr Eiscremeautomaten?<\/p>\n\n\n\n<p>1. jedes Mal, wenn Sie Material f\u00fcr Eiscreme-Automaten hinzuf\u00fcgen, m\u00fcssen Sie einfach die Maschine zu l\u00f6schen. 2. alle 14 Tage m\u00fcssen Sie herausnehmen Kehle Block im Inneren clyinder zu l\u00f6schen. weil die Vending-Eis-Automat im Inneren haben Pasteurisierung Funktion, jede Nacht, die es automatisch tun wird, so dass Sie keine Notwendigkeit jeder, die Maschine im Inneren zu l\u00f6schen. 3. 3months m\u00fcssen den Automaten innen Dichtung \u00e4ndern, 4. 1 Jahr klar Kondensator ein Mal, dieses Teil k\u00f6nnen Sie Kerl, der die Klimaanlage reinigen fragen.<\/p>\n\n\n\n<p>Was ist die regelm\u00e4\u00dfige Wartung f\u00fcr Eiscremeautomaten?<\/p>\n\n\n\n<p>1. jedes Mal, wenn Sie Material f\u00fcr Eiscreme-Automaten hinzuf\u00fcgen, m\u00fcssen Sie einfach die Maschine zu l\u00f6schen. 2. alle 14 Tage m\u00fcssen Sie die Kehle Block herausnehmen, um im Inneren clyinder klar. weil die Vending-Eis-Automat im Inneren haben Pasteurisierung Funktion, jede Nacht, die es automatisch tun wird, so dass Sie keine Notwendigkeit jeder, um die Maschine im Inneren klar 3. 3months m\u00fcssen den Automaten innen Dichtung \u00e4ndern, 4. 1 Jahr klar Kondensator ein Mal, dieses Teil k\u00f6nnen Sie Kerl, der die Klimaanlage reinigen fragen.<\/p>\n\n\n\n<p>Verf\u00fcgt der Automat \u00fcber einen Lautsprecher?<\/p>\n\n\n\n<p>ja, unsere Maschine haben es, sehen Sie das Video, das diese Funktion innen haben.<\/p>\n\n\n\n<p>Ich sehe, dass Ihre Firma Sugacan-Saftmaschine mit K\u00fchlsystem hergestellt hat, was ist der Unterschied zu anderen Sugcan-Saftmaschinen?<\/p>\n\n\n\n<p>Unsere sugcan Saftmaschine innen haben K\u00fchlsystem, das den Saft halten kann, ist ohne Eis k\u00fchl und kann Saft urspr\u00fcnglichen Geschmack halten, wenn mehr frisch, auch diese Maschine innerhalb der Rolle ist sehr stark herausnehmen Saftrate 85%.<\/p>\n\n\n\n<p>Wie lange produzieren Sie Automaten f\u00fcr Speiseeis? Wie viele Arten von Verkaufsautomaten haben Sie?<\/p>\n\n\n\n<p>Wir produzieren Eiscreme-Maschine \u00fcber 20 Jahre, von 2013 beginnen wir die erste Vending-Eis zu produzieren, wenn Sie zu unserem Show-Raum kommen, k\u00f6nnen Sie diese erste Maschine sehen, wir halten es immer noch. wir haben 4 Art von Automaten: Stand Hm766, HM931, HM736 und Tischplatte HM116A, k\u00f6nnen Sie unseren Katalog sehen Sie mehr dar\u00fcber zu sehen.<\/p>\n\n\n\n<p>Wie lange gibt es Ihr Unternehmen schon und wie viele Mitarbeiter hat es?<\/p>\n\n\n\n<p>Unsere Firma ist 1999 und wir haben Arbeiter \u00fcber 80pcs.<\/p>\n\n\n\n<p>Ihre Eismaschine kann mit unserem Landesgeld und unserer Sprache arbeiten?<\/p>\n\n\n\n<p>Ja, wir k\u00f6nnen Ihr Land Geld verwenden, gerade jetzt verwenden wir Zahlungssystem in Gro\u00dfbritannien oder Taiwan zwei Lieferanten gemacht. unsere Maschine haben verschiedene Sprache: Chinesisch, Englisch, Arabisch, Spanisch, Malaysisch, Vietnamesisch, Thai, Portugiesisch. wenn Ihre lauguage nicht einschlie\u00dflich innen, k\u00f6nnen Sie uns helfen, es zu machen, aber Sie m\u00fcssen uns helfen, zu \u00fcbersetzen, dass ok ist, dass ist frei f\u00fcr Sie, andere Sprache hinzuzuf\u00fcgen.<\/p>","protected":false},"excerpt":{"rendered":"<p>To add Credit Card Reader Services do you need any info from us?&nbsp; If we help you to buy the credit card in china , we can help you to handle all , when you get the machine , the credit card supplier who have agent in your market&nbsp; who will help you to handle [&hellip;]<\/p>\n","protected":false},"author":1,"featured_media":0,"parent":0,"menu_order":0,"comment_status":"closed","ping_status":"closed","template":"","meta":{"_swt_meta_header_display":false,"_swt_meta_footer_display":false,"_swt_meta_site_title_display":false,"_swt_meta_sticky_header":false,"_swt_meta_transparent_header":false,"footnotes":""},"class_list":["post-1537","page","type-page","status-publish","hentry"],"_links":{"self":[{"href":"https:\/\/www.hommy.com\/de\/wp-json\/wp\/v2\/pages\/1537","targetHints":{"allow":["GET"]}}],"collection":[{"href":"https:\/\/www.hommy.com\/de\/wp-json\/wp\/v2\/pages"}],"about":[{"href":"https:\/\/www.hommy.com\/de\/wp-json\/wp\/v2\/types\/page"}],"author":[{"embeddable":true,"href":"https:\/\/www.hommy.com\/de\/wp-json\/wp\/v2\/users\/1"}],"replies":[{"embeddable":true,"href":"https:\/\/www.hommy.com\/de\/wp-json\/wp\/v2\/comments?post=1537"}],"version-history":[{"count":0,"href":"https:\/\/www.hommy.com\/de\/wp-json\/wp\/v2\/pages\/1537\/revisions"}],"wp:attachment":[{"href":"https:\/\/www.hommy.com\/de\/wp-json\/wp\/v2\/media?parent=1537"}],"curies":[{"name":"wp","href":"https:\/\/api.w.org\/{rel}","templated":true}]}}