{"id":1533,"date":"2024-07-03T12:53:50","date_gmt":"2024-07-03T12:53:50","guid":{"rendered":"http:\/\/localhost\/hommywp\/?page_id=1533"},"modified":"2024-11-15T15:32:15","modified_gmt":"2024-11-15T15:32:15","slug":"was-sie-als-unser-verkaufsagent-bekommen-konnen","status":"publish","type":"page","link":"https:\/\/www.hommy.com\/de\/was-sie-als-unser-verkaufsagent-bekommen-konnen\/","title":{"rendered":"Was Sie als unser Verkaufsagent bekommen k\u00f6nnen"},"content":{"rendered":"<h2 class=\"wp-block-heading\"><strong>Maximaler Gewinn!<\/strong><\/h2>\n\n\n\n<p>Wir geben Ihnen einen H\u00e4ndlerpreis! Sie k\u00f6nnen den Verkaufspreis entsprechend Ihrem lokalen Markt kontrollieren, und Sie erhalten den maximalen Nutzen!<\/p>\n\n\n\n<p><\/p>\n\n\n\n<h2 class=\"wp-block-heading\"><strong>Te<\/strong><strong>chnische Unterst\u00fctzung!<\/strong><\/h2>\n\n\n\n<p>Wir haben professionelle Techniker, Sie k\u00f6nnen Leute in unser Werk schicken, um zu lernen, wie man die Maschine repariert und bedient, oder unsere Techniker in Ihr Land schicken, um sie zu schulen und technisch zu unterst\u00fctzen!<\/p>\n\n\n\n<p><\/p>\n\n\n\n<h2 class=\"wp-block-heading\"><strong>V<\/strong><strong>artenreiche und hochwertige Produkte<\/strong><strong>&nbsp;und die Entwicklung neuer Produkte!<\/strong><\/h2>\n\n\n\n<p>Wir werden weiterhin neue Produkte entwickeln und alte Produkte verbessern, um sie besser zu machen. Gleichzeitig begr\u00fc\u00dfen wir es, wenn Kunden neue OEMs oder neue Ideen und neue Ideen vorschlagen, um weitere gute Produkte herzustellen.<\/p>\n\n\n\n<p><\/p>\n\n\n\n<h2 class=\"wp-block-heading\"><strong>M<\/strong><strong>arketing Unterst\u00fctzung!<\/strong><\/h2>\n\n\n\n<p>Wenn Sie an der Messe teilnehmen, k\u00f6nnen wir einen Verk\u00e4ufer in die Region schicken, der Sie bei der Vermarktung unterst\u00fctzt und Anfragen an Sie weiterleitet!<\/p>\n\n\n\n<p><\/p>\n\n\n\n<h2 class=\"wp-block-heading\"><strong>W<\/strong><strong>ir sind bereit, gemeinsam mit unserem H\u00e4ndler zu wachsen.<\/strong><\/h2>\n\n\n\n<p>Wenn Sie einen guten Vorschlag vom Kunden erhalten, k\u00f6nnen Sie uns Feedback geben, und wir verbessern die Maschine entsprechend Ihren Anforderungen.<\/p>","protected":false},"excerpt":{"rendered":"<p>Maximums profit! We give you a dealer price! You can control the sales price according to your local market, and you get the maximums benefit! Technical support! We have professional technicians, you can send people to our factory to learn how to repair and operate the machine or our technicians to your country for training [&hellip;]<\/p>\n","protected":false},"author":1,"featured_media":0,"parent":0,"menu_order":0,"comment_status":"closed","ping_status":"closed","template":"","meta":{"_swt_meta_header_display":false,"_swt_meta_footer_display":false,"_swt_meta_site_title_display":false,"_swt_meta_sticky_header":false,"_swt_meta_transparent_header":false,"footnotes":""},"class_list":["post-1533","page","type-page","status-publish","hentry"],"_links":{"self":[{"href":"https:\/\/www.hommy.com\/de\/wp-json\/wp\/v2\/pages\/1533","targetHints":{"allow":["GET"]}}],"collection":[{"href":"https:\/\/www.hommy.com\/de\/wp-json\/wp\/v2\/pages"}],"about":[{"href":"https:\/\/www.hommy.com\/de\/wp-json\/wp\/v2\/types\/page"}],"author":[{"embeddable":true,"href":"https:\/\/www.hommy.com\/de\/wp-json\/wp\/v2\/users\/1"}],"replies":[{"embeddable":true,"href":"https:\/\/www.hommy.com\/de\/wp-json\/wp\/v2\/comments?post=1533"}],"version-history":[{"count":0,"href":"https:\/\/www.hommy.com\/de\/wp-json\/wp\/v2\/pages\/1533\/revisions"}],"wp:attachment":[{"href":"https:\/\/www.hommy.com\/de\/wp-json\/wp\/v2\/media?parent=1533"}],"curies":[{"name":"wp","href":"https:\/\/api.w.org\/{rel}","templated":true}]}}