{"id":1473,"date":"2024-07-03T10:27:16","date_gmt":"2024-07-03T10:27:16","guid":{"rendered":"http:\/\/localhost\/hommywp\/?page_id=1473"},"modified":"2024-11-15T11:40:14","modified_gmt":"2024-11-15T11:40:14","slug":"qualitat","status":"publish","type":"page","link":"https:\/\/www.hommy.com\/de\/qualitat\/","title":{"rendered":"Qualit\u00e4t"},"content":{"rendered":"<p><strong>1. Kauf von Rohstoffen&nbsp;<\/strong><\/p>\n\n\n\n<p>Wenn alle Rohstoffe im Lager ankommen, wird die Menge zun\u00e4chst vom Lager best\u00e4tigt, und dann kann QC das Lager entsprechend der Inspektionsqualifikation betreten.<\/p>\n\n\n\n<p>Im Falle von Qualit\u00e4tsproblemen sind sie nach Best\u00e4tigung durch die Technik an den Hersteller zur\u00fcckzusenden.<\/p>\n\n\n\n<figure class=\"wp-block-image size-full\"><img loading=\"lazy\" decoding=\"async\" width=\"750\" height=\"372\" src=\"https:\/\/www.hommy.com\/wp-content\/uploads\/image-1.webp\" alt=\"\" class=\"wp-image-1477\" title=\"\" srcset=\"https:\/\/www.hommy.com\/wp-content\/uploads\/image-1.webp 750w, https:\/\/www.hommy.com\/wp-content\/uploads\/image-1-600x298.webp 600w, https:\/\/www.hommy.com\/wp-content\/uploads\/image-1-300x149.webp 300w\" sizes=\"auto, (max-width: 750px) 100vw, 750px\" \/><\/figure>\n\n\n\n<p><strong>2. die Kontrolle der Ersatzteilqualit\u00e4t&nbsp;<\/strong><\/p>\n\n\n\n<p>Es gibt zwei Arten von Zubeh\u00f6r: die Fabrikproduktion und die ausgelagerte Verarbeitungsproduktion. Die Fabrik produziert selbst. W\u00e4hrend des Produktionsprozesses \u00fcberpr\u00fcfen die Mitarbeiter der Qualit\u00e4tskontrolle kontinuierlich die Produktqualit\u00e4t.&nbsp;<\/p>\n\n\n\n<p>Bereitstellung der Zeichnungen und Produktanforderungen an die Fabrik der anderen Partei w\u00e4hrend des Outsourcing-Prozesses, und dann wird die QC der Fabrik die Produkte gem\u00e4\u00df den Zeichnungen und dem Prozess kopieren oder vollst\u00e4ndig pr\u00fcfen<\/p>\n\n\n\n<p><strong>3. die Inspektion am Flie\u00dfband<\/strong><\/p>\n\n\n\n<p>Jede Maschine hat einen eindeutigen Maschinencode. In der Produktions- und Montagelinie hat jede Maschine ein Formular, in das die Einbausituation jedes Teils eingetragen wird.&nbsp;<\/p>\n\n\n\n<p>QC wird die Probleme, die in der oben genannten und bitten die zust\u00e4ndigen Mitarbeiter zu behandeln und speichern Sie die Installation der gesamten Maschine ohne Probleme und dann auf die gesamte Maschine f\u00fcr die Pr\u00fcfung<\/p>\n\n\n\n<p><strong>4. die Pr\u00fcfung der gesamten Maschine<\/strong><\/p>\n\n\n\n<p>Wenn die Maschine zusammengebaut ist, testet das QC-Personal die Maschine mit Rohstoffen. Es dauert etwa 5-8 Stunden f\u00fcr die gesamte Maschine, um jede Maschine zu testen. Die Rohstoffe werden in die Maschine gegeben, um jede Funktion zu testen und zu pr\u00fcfen, ob die Maschine im Dauerbetrieb Probleme hat.<\/p>\n\n\n\n<p>Wenn ein Problem festgestellt wird, wird es auf dem Formular im folgenden Buch vermerkt und von den zust\u00e4ndigen Mitarbeitern bearbeitet.<\/p>\n\n\n\n<p><strong>5. klar &amp; Verpackung<\/strong><\/p>\n\n\n\n<p>Nachdem die gesamte Maschine getestet wurde, wird sie gereinigt und an der Luft getrocknet. Vor dem Verpacken wird die QC den Strom wieder anschlie\u00dfen, um zu pr\u00fcfen, ob die Maschine ohne Material ordnungsgem\u00e4\u00df funktioniert.&nbsp;<\/p>\n\n\n\n<p>Gleichzeitig pr\u00fcft das Verpackungspersonal, ob das entsprechende Zubeh\u00f6r und die Nachr\u00fcstungen entsprechend den Anforderungen der Kundenbestellung in die Maschine eingebaut sind, so dass die gesamte Maschine nach der Pr\u00fcfung das Werk verlassen kann.<\/p>","protected":false},"excerpt":{"rendered":"<p>1. Purchase of raw materials&nbsp; When all raw materials arrive at the warehouse, the quantity shall be confirmed by the warehouse first, and then QC can enter the warehouse according to the inspection qualification. If there are quality problems, they shall be returned to the manufacturer after confirmed with the technology. 2.Spare part qualtity control&nbsp; [&hellip;]<\/p>\n","protected":false},"author":1,"featured_media":0,"parent":0,"menu_order":0,"comment_status":"closed","ping_status":"closed","template":"","meta":{"_swt_meta_header_display":false,"_swt_meta_footer_display":false,"_swt_meta_site_title_display":false,"_swt_meta_sticky_header":false,"_swt_meta_transparent_header":false,"footnotes":""},"class_list":["post-1473","page","type-page","status-publish","hentry"],"_links":{"self":[{"href":"https:\/\/www.hommy.com\/de\/wp-json\/wp\/v2\/pages\/1473","targetHints":{"allow":["GET"]}}],"collection":[{"href":"https:\/\/www.hommy.com\/de\/wp-json\/wp\/v2\/pages"}],"about":[{"href":"https:\/\/www.hommy.com\/de\/wp-json\/wp\/v2\/types\/page"}],"author":[{"embeddable":true,"href":"https:\/\/www.hommy.com\/de\/wp-json\/wp\/v2\/users\/1"}],"replies":[{"embeddable":true,"href":"https:\/\/www.hommy.com\/de\/wp-json\/wp\/v2\/comments?post=1473"}],"version-history":[{"count":0,"href":"https:\/\/www.hommy.com\/de\/wp-json\/wp\/v2\/pages\/1473\/revisions"}],"wp:attachment":[{"href":"https:\/\/www.hommy.com\/de\/wp-json\/wp\/v2\/media?parent=1473"}],"curies":[{"name":"wp","href":"https:\/\/api.w.org\/{rel}","templated":true}]}}