{"id":1455,"date":"2024-07-03T10:08:49","date_gmt":"2024-07-03T10:08:49","guid":{"rendered":"http:\/\/localhost\/hommywp\/?page_id=1455"},"modified":"2024-11-15T11:38:30","modified_gmt":"2024-11-15T11:38:30","slug":"meilenstein","status":"publish","type":"page","link":"https:\/\/www.hommy.com\/de\/meilenstein\/","title":{"rendered":"Meilenstein"},"content":{"rendered":"<div class=\"wp-block-group alignwide has-background has-global-padding is-layout-constrained wp-container-core-group-is-layout-3a02abfb wp-block-group-is-layout-constrained\" style=\"background-color:#f4f4f9;padding-top:20px;padding-right:20px;padding-bottom:20px;padding-left:20px\">\n<h1 class=\"wp-block-heading has-text-align-center has-text-color\" style=\"color:#0073aa\">Zeitleiste des Unternehmens<\/h1>\n\n\n\n<ol class=\"wp-block-list timeline\">\n<li class=\"timeline-item\">\n<div class=\"wp-block-group has-background is-layout-flow wp-block-group-is-layout-flow\" style=\"border-radius:6px;background-color:#ffffff;padding-top:20px;padding-right:30px;padding-bottom:20px;padding-left:30px\">\n<p class=\"year has-large-font-size\"><strong>2010<\/strong><\/p>\n\n\n\n<p class=\"description\">Verleihung des Zertifikats f\u00fcr ein privates wissenschaftliches Unternehmen in der Provinz Guangdong.<\/p>\n\n\n\n<p class=\"description\">Wir haben 1 Million RMB in den Kauf von CNC-Stanzmaschinen investiert, um die Pr\u00e4zision unserer Produkte zu verbessern.<\/p>\n<\/div>\n<\/li>\n\n\n\n<li class=\"timeline-item\">\n<div class=\"wp-block-group has-background is-layout-flow wp-block-group-is-layout-flow\" style=\"border-radius:6px;background-color:#ffffff;padding-top:20px;padding-right:30px;padding-bottom:20px;padding-left:30px\">\n<p class=\"year has-large-font-size\"><strong>2012<\/strong><\/p>\n\n\n\n<p class=\"description\">Auszeichnung als beliebtester Lieferant von Eismaschinen in der Hotelbedarfsbranche.<\/p>\n<\/div>\n<\/li>\n\n\n\n<li class=\"timeline-item\">\n<div class=\"wp-block-group has-background is-layout-flow wp-block-group-is-layout-flow\" style=\"border-radius:6px;background-color:#ffffff;padding-top:20px;padding-right:30px;padding-bottom:20px;padding-left:30px\">\n<p class=\"year has-large-font-size\"><strong>2013<\/strong><\/p>\n\n\n\n<p class=\"description\">Produzierte Speiseeisautomaten.<\/p>\n\n\n\n<p class=\"description\">Bango International Catering Management Co. Ltd wurde gegr\u00fcndet. Sie gr\u00fcndete ihre Niederlassung in Peking und er\u00f6ffnete mehr als 50 Filialen, um den chinesischen Markt zu erschlie\u00dfen.<\/p>\n\n\n\n<p class=\"description\">Wir haben mit KFC in China zusammengearbeitet, um den Eismixer HM24 herzustellen.<\/p>\n<\/div>\n<\/li>\n\n\n\n<li class=\"timeline-item\">\n<div class=\"wp-block-group has-background is-layout-flow wp-block-group-is-layout-flow\" style=\"border-radius:6px;background-color:#ffffff;padding-top:20px;padding-right:30px;padding-bottom:20px;padding-left:30px\">\n<p class=\"year has-large-font-size\"><strong>2014<\/strong><\/p>\n\n\n\n<p class=\"description\">Entwickelt automatische M\u00fcnzautomaten Eiscreme Maschine HM766.<\/p>\n<\/div>\n<\/li>\n\n\n\n<li class=\"timeline-item\">\n<div class=\"wp-block-group has-background is-layout-flow wp-block-group-is-layout-flow\" style=\"border-radius:6px;background-color:#ffffff;padding-top:20px;padding-right:30px;padding-bottom:20px;padding-left:30px\">\n<p class=\"year has-large-font-size\"><strong>2015<\/strong><\/p>\n\n\n\n<p class=\"description\">Entwicklung von HM 931, HM116T, HM736 auf der Grundlage von HM766 und der Internet + Technologie.<\/p>\n<\/div>\n<\/li>\n\n\n\n<li class=\"timeline-item\">\n<div class=\"wp-block-group has-background is-layout-flow wp-block-group-is-layout-flow\" style=\"border-radius:6px;background-color:#ffffff;padding-top:20px;padding-right:30px;padding-bottom:20px;padding-left:30px\">\n<p class=\"year has-large-font-size\"><strong>2016<\/strong><\/p>\n\n\n\n<p class=\"description\">Verkaufsautomaten f\u00fcr Speiseeis wurden nach Malaysia und Saudi-Arabien exportiert, wo sie jetzt auch einen Vertreter haben.<\/p>\n\n\n\n<p class=\"description\">Wir arbeiten mit Carrefour China zusammen, um die Eismaschine HM726 herzustellen, und kooperieren auch mit bekannten Markenunternehmen, um in chinesischen Convenience Stores Fu\u00df zu fassen.<\/p>\n<\/div>\n<\/li>\n\n\n\n<li class=\"timeline-item\">\n<div class=\"wp-block-group has-background is-layout-flow wp-block-group-is-layout-flow\" style=\"border-radius:6px;background-color:#ffffff;padding-top:20px;padding-right:30px;padding-bottom:20px;padding-left:30px\">\n<p class=\"year has-large-font-size\"><strong>2017<\/strong><\/p>\n\n\n\n<p class=\"description\">Er\u00f6ffnung der Bango-Filiale im Ausland, z. B. in Bahrain und Singapur, au\u00dferdem haben wir neue automatische Popsicle-Maschinen entwickelt und die gebratene Eismaschine verbessert.<\/p>\n<\/div>\n<\/li>\n<\/ol>\n<\/div>","protected":false},"excerpt":{"rendered":"<p>Zeitleiste des Unternehmens<\/p>","protected":false},"author":1,"featured_media":0,"parent":0,"menu_order":0,"comment_status":"closed","ping_status":"closed","template":"","meta":{"_swt_meta_header_display":false,"_swt_meta_footer_display":false,"_swt_meta_site_title_display":false,"_swt_meta_sticky_header":false,"_swt_meta_transparent_header":false,"footnotes":""},"class_list":["post-1455","page","type-page","status-publish","hentry"],"_links":{"self":[{"href":"https:\/\/www.hommy.com\/de\/wp-json\/wp\/v2\/pages\/1455","targetHints":{"allow":["GET"]}}],"collection":[{"href":"https:\/\/www.hommy.com\/de\/wp-json\/wp\/v2\/pages"}],"about":[{"href":"https:\/\/www.hommy.com\/de\/wp-json\/wp\/v2\/types\/page"}],"author":[{"embeddable":true,"href":"https:\/\/www.hommy.com\/de\/wp-json\/wp\/v2\/users\/1"}],"replies":[{"embeddable":true,"href":"https:\/\/www.hommy.com\/de\/wp-json\/wp\/v2\/comments?post=1455"}],"version-history":[{"count":0,"href":"https:\/\/www.hommy.com\/de\/wp-json\/wp\/v2\/pages\/1455\/revisions"}],"wp:attachment":[{"href":"https:\/\/www.hommy.com\/de\/wp-json\/wp\/v2\/media?parent=1455"}],"curies":[{"name":"wp","href":"https:\/\/api.w.org\/{rel}","templated":true}]}}