{"id":1453,"date":"2024-07-03T10:07:44","date_gmt":"2024-07-03T10:07:44","guid":{"rendered":"http:\/\/localhost\/hommywp\/?page_id=1453"},"modified":"2024-07-23T11:09:38","modified_gmt":"2024-07-23T11:09:38","slug":"uber-uns","status":"publish","type":"page","link":"https:\/\/www.hommy.com\/de\/uber-uns\/","title":{"rendered":"\u00dcber uns"},"content":{"rendered":"<p>Hommy Enterprise (Xinhui) Co., LTD. wurde 1999 gegr\u00fcndet und ist ein professionelles High-Tech-Unternehmen, das auf die Herstellung von&nbsp;<strong>Verkaufsautomaten<\/strong>&nbsp;(Eis, Pizza, Popcorn, Soda, Pommes frites, warme und gefrorene Lebensmittel), Eiscreme, gefrorener Joghurt, Zuckerrohrsaft, Popcorn, Popsicle, Eisblock, Pizzat\u00fcten, Slush und mehr. Auch wir sind willkommen&nbsp;<strong>OEM<\/strong>&nbsp;und&nbsp;<strong>ODM<\/strong>.<\/p>\n\n\n\n<p>Das Werk von Hommy erstreckt sich \u00fcber eine Fl\u00e4che von&nbsp;<strong>30500<\/strong>&nbsp;Sie umfasst flexible Produktionslinien, ein Forschungs- und Entwicklungslabor, ein Schulungszentrum und eine mit modernsten Ger\u00e4ten ausgestattete Werkstatt. Au\u00dferdem tragen hochqualifizierte Ingenieure, f\u00e4hige Technologen und sachkundiges Personal viel zur Entwicklung des Unternehmens bei.<\/p>\n\n\n\n<p>Ausgezeichnete Kundenerfahrungen sind der Ausgangspunkt von Hommy. Nach jahrelanger Entwicklung haben wir einen umfangreichen Netzvertrieb in verschiedenen L\u00e4ndern aufgebaut und erhalten gutes Feedback von unseren Kunden. Wir arbeiten eng mit renommierten Unternehmen und Instituten zusammen und werden allgemein als zuverl\u00e4ssiger Partner gesch\u00e4tzt, der sich durch hohe Qualit\u00e4t und Umsicht im Service auszeichnet.<\/p>\n\n\n\n<div class=\"wp-block-buttons is-content-justification-center is-layout-flex wp-container-core-buttons-is-layout-a89b3969 wp-block-buttons-is-layout-flex\">\n<div class=\"wp-block-button\"><a class=\"wp-block-button__link has-vivid-cyan-blue-background-color has-background wp-element-button\" href=\"https:\/\/www.hommy.com\/de\/kontaktieren-sie-uns\/\">Kontakt<\/a><\/div>\n<\/div>\n\n\n\n<figure class=\"wp-block-video\"><video controls poster=\"https:\/\/img80002414.weyesimg.com\/uploads\/wij2rdgc.allweyes.com\/images\/15535020757231.jpg?imageView2\/2\/w\/1920\/q\/70\/format\/webp\" preload=\"none\" src=\"https:\/\/img80002414.weyesimg.com\/uploads\/wij2rdgc.allweyes.com\/video\/15535044898255.mp4\"><\/video><\/figure>","protected":false},"excerpt":{"rendered":"<p>Established in&nbsp;1999, Hommy Enterprise (Xinhui) Co., LTD. is a professional high-tech enterprise specialized in manufacturing&nbsp;vending machines&nbsp;series(ice cream, pizza, popcorn, soda drinks, french fries, hot and frozen food), ice cream frozen yogurt machine, sugarcane juice machine, popcorn machine, popsicle machine, ice block machine, pizza cone machine, slush machine and more.&nbsp;Also we are welcome&nbsp;OEM&nbsp;and&nbsp;ODM. Hommy\u2019s plant is [&hellip;]<\/p>\n","protected":false},"author":1,"featured_media":0,"parent":0,"menu_order":0,"comment_status":"closed","ping_status":"closed","template":"","meta":{"_swt_meta_header_display":false,"_swt_meta_footer_display":false,"_swt_meta_site_title_display":false,"_swt_meta_sticky_header":false,"_swt_meta_transparent_header":false,"footnotes":""},"class_list":["post-1453","page","type-page","status-publish","hentry"],"_links":{"self":[{"href":"https:\/\/www.hommy.com\/de\/wp-json\/wp\/v2\/pages\/1453","targetHints":{"allow":["GET"]}}],"collection":[{"href":"https:\/\/www.hommy.com\/de\/wp-json\/wp\/v2\/pages"}],"about":[{"href":"https:\/\/www.hommy.com\/de\/wp-json\/wp\/v2\/types\/page"}],"author":[{"embeddable":true,"href":"https:\/\/www.hommy.com\/de\/wp-json\/wp\/v2\/users\/1"}],"replies":[{"embeddable":true,"href":"https:\/\/www.hommy.com\/de\/wp-json\/wp\/v2\/comments?post=1453"}],"version-history":[{"count":0,"href":"https:\/\/www.hommy.com\/de\/wp-json\/wp\/v2\/pages\/1453\/revisions"}],"wp:attachment":[{"href":"https:\/\/www.hommy.com\/de\/wp-json\/wp\/v2\/media?parent=1453"}],"curies":[{"name":"wp","href":"https:\/\/api.w.org\/{rel}","templated":true}]}}