{"id":560,"date":"2024-07-02T13:52:40","date_gmt":"2024-07-02T13:52:40","guid":{"rendered":"http:\/\/localhost\/hommywp\/hm-pm-62-commercial-block-ice-maker-equipment-supplier-4tons-24h\/"},"modified":"2025-08-01T09:57:36","modified_gmt":"2025-08-01T09:57:36","slug":"%d8%a2%d9%84%d8%a9-%d8%b5%d9%86%d8%b9-%d9%82%d9%88%d8%a7%d9%84%d8%a8-%d8%a7%d9%84%d8%ab%d9%84%d8%ac-%d9%84%d9%84%d8%a8%d9%8a%d8%b9","status":"publish","type":"product","link":"https:\/\/www.hommy.com\/ar\/p\/%d8%a2%d9%84%d8%a9-%d8%b5%d9%86%d8%b9-%d9%82%d9%88%d8%a7%d9%84%d8%a8-%d8%a7%d9%84%d8%ab%d9%84%d8%ac-%d9%84%d9%84%d8%a8%d9%8a%d8%b9\/","title":{"rendered":"Hm-Pm-62 \u0645\u0648\u0631\u062f \u0645\u0639\u062f\u0627\u062a \u0635\u0627\u0646\u0639 \u0642\u0648\u0627\u0644\u0628 \u0627\u0644\u062b\u0644\u062c \u0627\u0644\u062a\u062c\u0627\u0631\u064a\u0629 4 \u0637\u0646\/ 24 \u0633\u0627\u0639\u0629"},"content":{"rendered":"<div>\n<p><\/p>\n<h2 style=\", Helvetica, Arial, sans-serif;text-align: center\"><strong><span style=\"letter-spacing: 0px;font-family: arial, helvetica, sans-serif;font-size: 24px\"><a name=\"Block ice machine\"><\/a>\u0645\u0627\u0643\u064a\u0646\u0629 \u062a\u0635\u0646\u064a\u0639 \u0642\u0648\u0627\u0644\u0628 \u0627\u0644\u062b\u0644\u062c<\/span><\/strong><\/h2>\n<p style=\"text-align: center\"><a href=\"#Block ice machine\" target=\"_self\" data-lv=\"0\" rel=\"noopener\"><span style=\"font-size: 18px;font-family: arial, helvetica, sans-serif\">\u0645\u0627\u0643\u064a\u0646\u0629 \u062a\u0635\u0646\u064a\u0639 \u0642\u0648\u0627\u0644\u0628 \u0627\u0644\u062b\u0644\u062c<\/span><\/a><span style=\"font-size: 18px;font-family: arial, helvetica, sans-serif\">|<a href=\"#Product Features\" target=\"_self\" data-lv=\"0\" rel=\"noopener\">\u0645\u064a\u0632\u0627\u062a \u0627\u0644\u0645\u0646\u062a\u062c<\/a>|<a href=\"#PRODUCT SPECIFICATION\" target=\"_self\" data-lv=\"0\" rel=\"noopener\">\u0645\u0648\u0627\u0635\u0641\u0627\u062a \u0627\u0644\u0645\u0646\u062a\u062c<\/a><a href=\"#PRODUCT SPECIFICATION\" target=\"_self\" data-lv=\"0\" rel=\"noopener\"><\/a><\/span><\/p>\n<p><\/p>\n<p><\/p>\n<p style=\"text-align: center\">\n<p>\u0646\u062d\u0646 \u0645\u0635\u0646\u0639\u0648\u0646 \u0648\u0645\u0648\u0631\u062f\u0648\u0646 \u0648\u0645\u0635\u062f\u0631\u0648\u0646 \u0645\u0634\u0647\u0648\u0631\u0648\u0646 \u0644\u0635\u0627\u0646\u0639\u0629 \u0642\u0648\u0627\u0644\u0628 \u0627\u0644\u062b\u0644\u062c. \u062a\u064f\u0633\u062a\u062e\u062f\u0645 \u0635\u0627\u0646\u0639\u0629 \u0642\u0648\u0627\u0644\u0628 \u0627\u0644\u062b\u0644\u062c \u0627\u0644\u062a\u062c\u0627\u0631\u064a\u0629 \u0647\u0630\u0647 \u0644\u0635\u0646\u0639 \u0627\u0644\u062b\u0644\u062c \u0641\u064a \u0627\u0644\u0645\u0646\u0637\u0642\u0629 \u0627\u0644\u062a\u062c\u0627\u0631\u064a\u0629. \u0647\u0630\u0647 \u0627\u0644\u0622\u0644\u0629 \u0644\u062f\u064a\u0647\u0627 \u0627\u0644\u0642\u062f\u0631\u0629 \u0639\u0644\u0649 \u0625\u0646\u062a\u0627\u062c \u0643\u0645\u064a\u0629 \u0643\u0628\u064a\u0631\u0629 \u0645\u0646 \u0627\u0644\u062b\u0644\u062c \u0641\u064a \u0648\u0642\u062a \u0623\u0642\u0644. \u0648\u0639\u0644\u0627\u0648\u0629 \u0639\u0644\u0649 \u0630\u0644\u0643\u060c \u0641\u0625\u0646 \u0647\u0630\u0647 \u0627\u0644\u0622\u0644\u0629 \u0644\u062f\u064a\u0647\u0627 \u062a\u0635\u0645\u064a\u0645 \u0641\u0639\u0627\u0644 \u0648\u0645\u062a\u0642\u062f\u0645. \u0635\u0627\u0646\u0639\u0629 \u0627\u0644\u062b\u0644\u062c \u0647\u0630\u0647 \u0645\u062a\u0648\u0641\u0631\u0629 \u0628\u0645\u0648\u0627\u0635\u0641\u0627\u062a \u0645\u062e\u062a\u0644\u0641\u0629.<\/p>\n<p><\/p>\n<p>\u0646\u062d\u0646 \u0645\u0646\u062e\u0631\u0637\u0648\u0646 \u0641\u064a \u062a\u0642\u062f\u064a\u0645 \u0646\u0648\u0639\u064a\u0629 \u0645\u0645\u062a\u0627\u0632\u0629 \u0645\u0646 \u0635\u0627\u0646\u0639\u0627\u062a \u0642\u0648\u0627\u0644\u0628 \u0627\u0644\u062b\u0644\u062c \u0627\u0644\u062a\u062c\u0627\u0631\u064a\u0629 \u0644\u0639\u0645\u0644\u0627\u0626\u0646\u0627 \u0627\u0644\u0643\u0631\u0627\u0645. \u0646\u062d\u0646 \u0634\u0631\u0643\u0629 \u062a\u0639\u062a\u0645\u062f \u0639\u0644\u0649 \u0627\u0644\u062c\u0648\u062f\u0629 \u0648\u062a\u0631\u0643\u0632 \u0639\u0644\u0649 \u062c\u0648\u062f\u0629 \u0645\u0646\u062a\u062c\u0627\u062a\u0646\u0627 \u0648\u0643\u0630\u0644\u0643 \u0639\u0644\u0649 \u062c\u0648\u062f\u0629 \u0627\u0644\u062e\u062f\u0645\u0627\u062a \u0627\u0644\u062a\u064a \u0646\u0642\u062f\u0645\u0647\u0627 \u0644\u0639\u0645\u0644\u0627\u0626\u0646\u0627.<\/p>\n<p style=\"text-align: center\">&nbsp;<\/p>\n<p style=\"text-align: center\">&nbsp;<\/p>\n<div class=\"d-tem11-graphic tem11-graphic mockup\" data-detail=\"wrap\">\n<div class=\"tab_row\">\n<div class=\"img\" style=\"width: 50%\">\n<p style=\"text-align:center\"><img loading=\"lazy\" decoding=\"async\" title=\"\" alt=\"\u0627\u0644\u0645\u0646\u062a\u062c-HM-PM-62 \u0645\u0627\u0643\u064a\u0646\u0629 \u062a\u0635\u0646\u064a\u0639 \u0642\u0648\u0627\u0644\u0628 \u0627\u0644\u062b\u0644\u062c \u0627\u0644\u0628\u0644\u0648\u0643-IMG-IMG\" src=\"https:\/\/www.hommy.com\/wp-content\/uploads\/16030686509068.jpg\" width=\"480\" height=\"561\" border=\"0\" vspace=\"0\" style=\"width: 480px;height: 561px\"><\/p>\n<\/div>\n<div class=\"text_box\" style=\"width: 50%\">\n<div class=\"txt\">\n<div class=\"title\">\n<h2><strong><span style=\"font-family: arial, helvetica, sans-serif;font-size: 24px\"><a name=\"Product Features\"><\/a>\u0645\u064a\u0632\u0627\u062a \u0627\u0644\u0645\u0646\u062a\u062c<\/span><\/strong>&nbsp;<\/h2>\n<\/div>\n<p><span style=\"font-family: arial, helvetica, sans-serif\"><span style=\"font-size: 16px\">1.<\/span><span style=\"font-size: 16px\">\u062a\u0645 \u062a\u0635\u0645\u064a\u0645 \u0627\u0644\u0645\u0627\u0643\u064a\u0646\u0629 \u0628\u0645\u0638\u0647\u0631 \u0641\u0627\u062e\u0631 \u0648\u062a\u0634\u063a\u064a\u0644 \u0633\u0647\u0644 \u0648\u062a\u0643\u0644\u0641\u0629 \u0635\u064a\u0627\u0646\u0629 \u0645\u0646\u062e\u0641\u0636\u0629.<\/span><\/span><\/p>\n<p><span style=\"font-family: arial, helvetica, sans-serif\"><span style=\"font-family: \u5b8b\u4f53;font-size: 16px\">2.<\/span><span style=\"font-family: Calibri;font-size: 16px\">\u062e\u0632\u0627\u0646 \u0627\u0644\u0645\u0648\u0627\u062f \u0627\u0644\u062f\u0627\u062e\u0644\u064a\u0629 \u0645\u0635\u0646\u0648\u0639 \u0645\u0646 \u0627\u0644\u0641\u0648\u0644\u0627\u0630 \u0627\u0644\u0645\u0642\u0627\u0648\u0645 \u0644\u0644\u0635\u062f\u0623 \u0627\u0644\u0646\u0642\u064a \u0627\u0644\u0630\u064a \u064a\u0645\u0643\u0646\u0647 \u0645\u0642\u0627\u0648\u0645\u0629 \u062a\u0622\u0643\u0644 \u062d\u0645\u0636 \u0627\u0644\u0647\u064a\u062f\u0631\u0648\u0643\u0644\u0648\u0631\u064a\u0643.<\/span><\/span><\/p>\n<p><span style=\"font-family: arial, helvetica, sans-serif\"><span style=\"font-family: \u5b8b\u4f53;font-size: 16px\">3.<\/span><span style=\"font-family: Calibri;font-size: 16px\">\u0627\u0644\u0639\u0645\u0644\u064a\u0629 \u0633\u0647\u0644\u0629 .<\/span><\/span><\/p>\n<p><span style=\"font-family: arial, helvetica, sans-serif\"><span style=\"font-family: \u5b8b\u4f53;font-size: 16px\">4.<\/span><span style=\"font-family: Calibri;font-size: 16px\">\u063a\u0637\u0627\u0621 \u0645\u0642\u0627\u0648\u0645 \u0644\u0644\u0647\u0648\u0627\u0621 \u0648\u064a\u062d\u0627\u0641\u0638 \u0639\u0644\u0649 \u0627\u0633\u062a\u062e\u062f\u0627\u0645 \u0627\u0644\u0645\u0648\u0627\u062f \u0644\u0641\u062a\u0631\u0629 \u0637\u0648\u064a\u0644\u0629.<\/span><\/span><\/p>\n<p><span style=\"font-family: arial, helvetica, sans-serif\"><span style=\"font-family: \u5b8b\u4f53;font-size: 16px\">5.<\/span><span style=\"font-family: Calibri;font-size: 16px\">\u0627\u0633\u062a\u062b\u0645\u0627\u0631\u0627\u062a \u0631\u0623\u0633\u0645\u0627\u0644\u064a\u0629 \u0645\u0646\u062e\u0641\u0636\u0629 \u0628\u0623\u0642\u0635\u0649 \u0625\u0646\u062a\u0627\u062c\u064a\u0629<\/span><\/span><\/p>\n<p><span style=\"font-family: arial, helvetica, sans-serif\"><span style=\"font-family: \u5b8b\u4f53;font-size: 16px\">6.<\/span><span style=\"font-family: Calibri;font-size: 16px\">\u062a\u062d\u0642\u064a\u0642 \u0627\u0644\u0631\u0628\u062d \u0645\u0646 \u0627\u0644\u0645\u064a\u0627\u0647\u060c \u0625\u0645\u0643\u0627\u0646\u064a\u0629 \u0631\u0628\u062d \u0644\u0627 \u062a\u0635\u062f\u0642<\/span><\/span><\/p>\n<p><span style=\"font-family: arial, helvetica, sans-serif\"><span style=\"font-family: \u5b8b\u4f53;font-size: 16px\">7.<\/span><span style=\"font-family: Calibri;font-size: 16px\">\u0627\u0644\u0633\u0639\u0627\u062a \u0627\u0644\u0645\u0639\u0631\u0648\u0636\u0629: 1 \u0637\u0646\/24 \u0633\u0627\u0639\u0629\u060c 2 \u0637\u0646\/24 \u0633\u0627\u0639\u0629\u060c 3 \u0637\u0646\/24 \u0633\u0627\u0639\u0629\u060c 4 \u0637\u0646\/24 \u0633\u0627\u0639\u0629\u060c 5 \u0637\u0646\/24 \u0633\u0627\u0639\u0629.<\/span><\/span><\/p>\n<p><span style=\"font-family: arial, helvetica, sans-serif\"><span style=\"font-family: \u5b8b\u4f53;font-size: 16px\">8.<\/span><span style=\"font-family: Calibri;font-size: 16px\">Ice weight: 5kgs(130X70X630mm),10kgs(260X70X630mm),15kgs(210X100X830mm),20kgs(210X120X830mm),<\/span><\/span><\/p>\n<p style=\"text-indent:32px\"><span style=\"font-size: 16px;font-family: arial, helvetica, sans-serif\">25 \u0643\u062c\u0645 (280 \u00d7 120 \u00d7 830 \u0645\u0645)<\/span><\/p>\n<p><span style=\"font-family: arial, helvetica, sans-serif\"><span style=\"font-family: \u5b8b\u4f53;font-size: 16px\">9.<\/span><span style=\"font-family: Calibri;font-size: 16px\">\u0644\u0627 \u062a\u0648\u062c\u062f \u0645\u062a\u0637\u0644\u0628\u0627\u062a \u0644\u0644\u0639\u0645\u0627\u0644 \u0627\u0644\u0645\u0647\u0631\u0629<\/span><\/span><\/p>\n<p><span style=\"font-family: arial, helvetica, sans-serif\"><span style=\"font-family: \u5b8b\u4f53;font-size: 16px\">10.<\/span><span style=\"font-family: Calibri;font-size: 16px\">\u0645\u062a\u0627\u0646\u0629 \u0639\u0627\u0644\u064a\u0629\u060c \u0627\u0644\u062d\u062f \u0627\u0644\u0623\u062f\u0646\u0649 \u0645\u0646 \u0627\u0644\u0635\u064a\u0627\u0646\u0629<\/span><\/span><\/p>\n<p><span style=\"font-family: arial, helvetica, sans-serif\"><span style=\"font-family: \u5b8b\u4f53;font-size: 16px\">11. <\/span><span style=\"font-family: Calibri;font-size: 16px\">\u0625\u0630\u0627 \u0643\u0627\u0646\u062a \u0627\u0644\u0645\u0627\u0643\u064a\u0646\u0629 \u062a\u0639\u0645\u0644 \u0628\u0646\u0638\u0627\u0645 \u0627\u0644\u062a\u0628\u0631\u064a\u062f \u0628\u0627\u0644\u0645\u0627\u0621\u060c \u0641\u0633\u062a\u062d\u062a\u0627\u062c \u0625\u0644\u0649 \u062a\u0631\u0643\u064a\u0628 \u0645\u0636\u062e\u0629 \u0648\u0628\u0631\u062c \u062a\u0628\u0631\u064a\u062f \u0645\u0639\u064b\u0627.<\/span><\/span><\/p>\n<\/div>\n<\/div>\n<\/div>\n<\/div>\n<p>&nbsp;<\/p>\n<div class=\"text-left d-tem09-title d-interval\" data-detail=\"wrap\">\n<div class=\"title-header\">\n<h2><strong><span style=\"font-size: 24px;font-family: arial, helvetica, sans-serif\"><a name=\"PRODUCT SPECIFICATION\"><\/a>\u0645\u0648\u0627\u0635\u0641\u0627\u062a \u0627\u0644\u0645\u0646\u062a\u062c<\/span><\/strong><strong><span style=\"font-size: 24px;font-family: arial, helvetica, sans-serif\"><\/span><\/strong><strong style=\"color: inherit;font-family: inherit\"><span style=\"font-size: 24px;font-family: arial, helvetica, sans-serif\">N<\/span><\/strong><\/h2>\n<div class=\"subtitle\" style=\"text-align: center\"><img loading=\"lazy\" decoding=\"async\" src=\"https:\/\/www.hommy.com\/wp-content\/uploads\/16030689896844.png\" title=\"\" alt=\"\u0627\u0644\u0645\u0646\u062a\u062c-\u0647\u0648\u0645\u064a-\u0625\u064a\u0645\u062c\" width=\"1000\" height=\"424\" border=\"0\" vspace=\"0\" style=\"width: 1000px;height: 424px\"><\/div>\n<\/div>\n<\/div>\n<p>&nbsp;<\/p>\n<p><span><br \/><\/span><\/p>\n<p><span>\u0627\u0644\u0645\u0633\u062a\u0646\u062f\uff1a\u0627\u0644\u0648\u062b\u064a\u0642\u0629<\/span><img decoding=\"async\" src=\"https:\/\/www.hommy.com\/wp-content\/uploads\/icon_pdf-26.gif\" style=\"margin-right: 2px\" alt=\"\u0627\u0644\u0645\u0646\u062a\u062c-\u0647\u0648\u0645\u064a-\u0625\u064a\u0645\u062c\" title=\"\"><a href=\"https:\/\/img80002414.weyesimg.com\/uploads\/www.hommy.com\/addon\/16030709006453.pdf\" title=\"16030709006453.pdf\" style=\"font-size: 12px\">16030709006453.pdf<\/a><\/p>\n<h2>\u0643\u064a\u0641 \u062a\u0635\u0646\u0639 \u0643\u0645\u064a\u0627\u062a \u0643\u0628\u064a\u0631\u0629 \u0645\u0646 \u0645\u0643\u0639\u0628\u0627\u062a \u0627\u0644\u062b\u0644\u062c\u061f<\/h2>\n<p style=\"margin-top: 5px;margin-bottom: 5px\"><\/p>\n<p style=\"margin-top: 5px;margin-bottom: 5px\">\u0641\u064a \u0627\u0644\u0645\u0627\u0636\u064a\u060c \u0643\u0627\u0646 \u0627\u0644\u0646\u0627\u0633 \u064a\u0635\u0646\u0639\u0648\u0646 \u0645\u0643\u0639\u0628\u0627\u062a \u0627\u0644\u062b\u0644\u062c \u0639\u0646 \u0637\u0631\u064a\u0642 \u0648\u0636\u0639 \u0627\u0644\u0645\u0627\u0621 \u0641\u064a \u0643\u064a\u0633 \u0628\u0644\u0627\u0633\u062a\u064a\u0643\u064a \u0648\u0648\u0636\u0639 \u0627\u0644\u0643\u064a\u0633 \u0641\u064a \u0627\u0644\u062b\u0644\u0627\u062c\u0629. \u0648\u0645\u0639 \u0630\u0644\u0643\u060c \u0641\u0625\u0646 \u0647\u0630\u0647 \u0627\u0644\u0637\u0631\u064a\u0642\u0629 \u062e\u0637\u064a\u0631\u0629 \u0644\u0623\u0646 \u0627\u0644\u0623\u0643\u064a\u0627\u0633 \u0627\u0644\u0628\u0644\u0627\u0633\u062a\u064a\u0643\u064a\u0629 \u064a\u0645\u0643\u0646 \u0623\u0646 \u062a\u0646\u0641\u062c\u0631 \u0641\u064a \u0627\u0644\u062b\u0644\u0627\u062c\u0629.<\/p>\n<p style=\"margin-top: 5px;margin-bottom: 5px\"><\/p>\n<p style=\"margin-top: 5px;margin-bottom: 5px\"><\/p>\n<p style=\"margin-top: 5px;margin-bottom: 5px\">\u0623\u062e\u0637\u0637 \u0644\u0628\u0646\u0627\u0621 \u0633\u0642\u064a\u0641\u0629 \u0645\u0639\u0632\u0648\u0644\u0629 \u0628\u0645\u0633\u0627\u062d\u0629 8 \u00d7 4 \u00d7 4 \u00d7 4 \u0623\u0642\u062f\u0627\u0645. \u0644\u062f\u064a \u0645\u0631\u0622\u0628 \u0645\u0633\u0627\u062d\u062a\u0647 4 \u00d7 8 \u00d7 8 \u00d7 8 \u0623\u0642\u062f\u0627\u0645 \u0633\u0623\u0633\u062a\u062e\u062f\u0645\u0647 \u0641\u064a \u0645\u0634\u0631\u0648\u0639 \u062e\u0627\u0631\u062c\u064a\u060c \u0644\u0643\u0646\u0646\u064a \u0623\u062d\u062a\u0627\u062c \u0625\u0644\u0649 \u0627\u0633\u062a\u062e\u062f\u0627\u0645 \u0627\u0644\u0645\u0633\u0627\u062d\u0629 \u0627\u0644\u0625\u0636\u0627\u0641\u064a\u0629 \u0641\u064a \u0627\u0644\u0633\u0642\u064a\u0641\u0629 \u0644\u0644\u062a\u062e\u0632\u064a\u0646. \u0623\u0641\u0643\u0631 \u0641\u064a \u0634\u0631\u0627\u0621 \u0644\u0648\u062d \u0631\u063a\u0648\u064a \u0631\u062e\u064a\u0635 \u0639\u0644\u0649 \u0634\u0643\u0644 \u062d\u0631\u0641 U \u0648\u062a\u063a\u0637\u064a\u062a\u0647 \u0628\u0627\u0644\u0623\u0644\u064a\u0627\u0641 \u0627\u0644\u0632\u062c\u0627\u062c\u064a\u0629. \u064a\u062c\u0628 \u0623\u0646 \u064a\u0645\u0646\u0639 \u0627\u0644\u0639\u0632\u0644 \u0645\u0639\u0638\u0645 \u0627\u0644\u0628\u0631\u062f\u060c \u0648\u0644\u0643\u0646\u0646\u064a \u0623\u062a\u0633\u0627\u0621\u0644 \u0639\u0645\u0627 \u0625\u0630\u0627 \u0643\u0627\u0646\u062a \u0627\u0644\u0623\u0644\u064a\u0627\u0641 \u0627\u0644\u0632\u062c\u0627\u062c\u064a\u0629 \u0633\u062a\u0645\u0646\u0639 \u0627\u0644\u0631\u0637\u0648\u0628\u0629. \u0643\u0645\u0627 \u0623\u0646\u0646\u064a \u0633\u0623\u0636\u0639 \u0627\u0644\u0623\u0644\u064a\u0627\u0641 \u0627\u0644\u0632\u062c\u0627\u062c\u064a\u0629 \u0641\u064a \u0627\u0644\u062f\u0627\u062e\u0644. \u0645\u0627 \u064a\u0642\u0644\u0642\u0646\u064a \u0628\u0634\u0643\u0644 \u0631\u0626\u064a\u0633\u064a \u0647\u0648 \u0645\u0627 \u0625\u0630\u0627 \u0643\u0627\u0646\u062a \u0627\u0644\u0623\u0644\u064a\u0627\u0641 \u0627\u0644\u0632\u062c\u0627\u062c\u064a\u0629 \u0633\u062a\u062d\u0627\u0641\u0638 \u0639\u0644\u0649 \u0627\u0644\u0631\u0637\u0648\u0628\u0629 \u0648\u062a\u0645\u0646\u0639\u0647\u0627<\/p>\n<p style=\"margin-top: 5px;margin-bottom: 5px\"><\/p>\n<h2>\u0644\u0645\u0627\u0630\u0627 \u062a\u062a\u0639\u0637\u0644 \u0635\u0627\u0646\u0639\u0627\u062a \u0627\u0644\u062b\u0644\u062c \u062f\u0627\u0626\u0645\u064b\u0627\u061f<\/h2>\n<p style=\"margin-top: 5px;margin-bottom: 5px\"><\/p>\n<p style=\"margin-top: 5px;margin-bottom: 5px\">\u0646\u0639\u0644\u0645 \u062c\u0645\u064a\u0639\u064b\u0627 \u0623\u0646 \u0635\u0627\u0646\u0639\u0627\u062a \u0627\u0644\u062b\u0644\u062c \u0644\u064a\u0633\u062a \u0645\u062b\u0627\u0644\u064a\u0629. \u0641\u0647\u064a \u0633\u0648\u0641 \u062a\u0646\u0643\u0633\u0631\u060c \u0648\u062d\u062a\u0649 \u0645\u0639 \u0623\u0641\u0636\u0644 \u0635\u0627\u0646\u0639\u0627\u062a \u0627\u0644\u062b\u0644\u062c \u0627\u0644\u0645\u0635\u0645\u0645\u0629 \u0648\u0627\u0644\u0645\u0635\u0646\u0639\u0629\u060c \u0633\u064a\u0643\u0648\u0646 \u0647\u0646\u0627\u0643 \u062b\u0644\u062c \u0644\u0627 \u064a\u0635\u0644 \u0625\u0644\u0649 \u0635\u0627\u0646\u0639\u0629 \u0627\u0644\u062b\u0644\u062c. \u0648\u0644\u0643\u0646\u060c \u0644\u0645\u0627\u0630\u0627 \u062a\u062a\u0639\u0637\u0644 \u0635\u0627\u0646\u0639\u0627\u062a \u0627\u0644\u062b\u0644\u062c\u061f<\/p>\n<p style=\"margin-top: 5px;margin-bottom: 5px\"><\/p>\n<p style=\"margin-top: 5px;margin-bottom: 5px\">\u0648\u0627\u062c\u0647\u062a\u0646\u0627 \u0645\u0624\u062e\u0631\u0627\u064b \u0645\u0634\u0643\u0644\u0629 \u0641\u064a \u0635\u0627\u0646\u0639\u0629 \u0627\u0644\u062b\u0644\u062c \u0644\u062f\u064a\u0646\u0627. \u0644\u0642\u062f \u062a\u0639\u0637\u0644\u062a. \u0645\u0627 \u0644\u0645 \u0646\u0643\u0646 \u0646\u0639\u0644\u0645 \u0623\u0646\u0647 \u0643\u0627\u0646 \u0633\u064a\u062a\u0639\u0637\u0644. \u0643\u0646\u0627 \u0641\u064a \u0637\u0648\u0631 \u0628\u064a\u0639 \u0645\u0646\u0632\u0644\u0646\u0627\u060c \u0648\u0644\u0645 \u0646\u0642\u0645 \u0628\u0625\u064a\u0642\u0627\u0641 \u062a\u0634\u063a\u064a\u0644 \u0627\u0644\u0645\u064a\u0627\u0647. \u0639\u0646\u062f\u0645\u0627 \u0623\u062f\u0631\u0643\u0646\u0627 \u0623\u0646 \u0644\u062f\u064a\u0646\u0627 \u0635\u0627\u0646\u0639\u0629 \u062b\u0644\u062c \u0645\u0639\u0637\u0644\u0629\u060c \u0627\u062a\u0635\u0644\u0646\u0627 \u0628\u0645\u0642\u0627\u0648\u0644\u0646\u0627 \u0627\u0644\u0645\u062d\u0644\u064a. \u062c\u0627\u0621 \u0627\u0644\u0645\u0642\u0627\u0648\u0644 \u0648\u0623\u062c\u0631\u0649 \u0628\u0639\u0636 \u0627\u0644\u0627\u062e\u062a\u0628\u0627\u0631\u0627\u062a. \u0648\u0642\u0631\u0631 \u0623\u0646<\/p>\n<\/div><\/div>","protected":false},"excerpt":{"rendered":"<p>Block ice machine Block ice machine|Product Features|PRODUCT SPECIFICATION We are a renowned manufacturer, supplier and exporter of the block ice maker. This commercial block ice maker is used for making ice in the commercial area. This machine has the ability to produce large quantity of ice in less time. Moreover, this machine has an effective [&hellip;]<\/p>\n","protected":false},"featured_media":557,"comment_status":"open","ping_status":"open","template":"","meta":{"_swt_meta_header_display":false,"_swt_meta_footer_display":false,"_swt_meta_site_title_display":false,"_swt_meta_sticky_header":false,"_swt_meta_transparent_header":false},"product_brand":[],"product_cat":[76],"product_tag":[],"class_list":{"0":"post-560","1":"product","2":"type-product","3":"status-publish","4":"has-post-thumbnail","6":"product_cat-ice-block-machine","8":"first","9":"instock","10":"shipping-taxable","11":"product-type-simple"},"_links":{"self":[{"href":"https:\/\/www.hommy.com\/ar\/wp-json\/wp\/v2\/product\/560","targetHints":{"allow":["GET"]}}],"collection":[{"href":"https:\/\/www.hommy.com\/ar\/wp-json\/wp\/v2\/product"}],"about":[{"href":"https:\/\/www.hommy.com\/ar\/wp-json\/wp\/v2\/types\/product"}],"replies":[{"embeddable":true,"href":"https:\/\/www.hommy.com\/ar\/wp-json\/wp\/v2\/comments?post=560"}],"wp:featuredmedia":[{"embeddable":true,"href":"https:\/\/www.hommy.com\/ar\/wp-json\/wp\/v2\/media\/557"}],"wp:attachment":[{"href":"https:\/\/www.hommy.com\/ar\/wp-json\/wp\/v2\/media?parent=560"}],"wp:term":[{"taxonomy":"product_brand","embeddable":true,"href":"https:\/\/www.hommy.com\/ar\/wp-json\/wp\/v2\/product_brand?post=560"},{"taxonomy":"product_cat","embeddable":true,"href":"https:\/\/www.hommy.com\/ar\/wp-json\/wp\/v2\/product_cat?post=560"},{"taxonomy":"product_tag","embeddable":true,"href":"https:\/\/www.hommy.com\/ar\/wp-json\/wp\/v2\/product_tag?post=560"}],"curies":[{"name":"\u062f\u0628\u0644\u064a\u0648 \u0628\u064a","href":"https:\/\/api.w.org\/{rel}","templated":true}]}}