{"id":110,"date":"2024-07-02T12:08:34","date_gmt":"2024-07-02T12:08:34","guid":{"rendered":"http:\/\/localhost\/hommywp\/pa-b1-12-pizza-box-for-vending-machine\/"},"modified":"2025-08-01T09:57:26","modified_gmt":"2025-08-01T09:57:26","slug":"%d8%b5%d9%86%d8%af%d9%88%d9%82-%d8%a8%d9%8a%d8%aa%d8%b2%d8%a7-pa-b1-12","status":"publish","type":"product","link":"https:\/\/www.hommy.com\/ar\/p\/%d8%b5%d9%86%d8%af%d9%88%d9%82-%d8%a8%d9%8a%d8%aa%d8%b2%d8%a7-pa-b1-12\/","title":{"rendered":"\u0639\u0644\u0628\u0629 \u0628\u064a\u062a\u0632\u0627 Pa-B1-12 \u0628\u0648\u0635\u0629 \u0644\u0645\u0627\u0643\u064a\u0646\u0629 \u0627\u0644\u0628\u064a\u0639"},"content":{"rendered":"<div>\n<p style=\"text-align: center\"><span style=\"font-family:Calibri;font-size:29px\">\u0645\u0627\u0643\u064a\u0646\u0629 \u0628\u064a\u0639 \u0627\u0644\u0628\u064a\u062a\u0632\u0627 3 \u062f\u0642\u0627\u0626\u0642 \u0628\u064a\u0639 \u0627\u0644\u0628\u064a\u062a\u0632\u0627<\/span><span style=\"font-family: Calibri;font-size: 29px\">&nbsp; &nbsp; &nbsp; &nbsp; &nbsp;&nbsp;<\/span><\/p>\n<p><span style=\"font-family: Calibri;font-size: 29px\">&nbsp; &nbsp; &nbsp; &nbsp; &nbsp;<\/span><span style=\"font-family: \u5b8b\u4f53;font-size: 29px\">&nbsp;&nbsp;&nbsp;&nbsp;&nbsp;&nbsp;&nbsp;&nbsp;&nbsp;&nbsp;&nbsp;&nbsp;&nbsp;&nbsp;<\/span><span style=\"font-family: Calibri;font-size: 29px\">&nbsp; &nbsp; <\/span><span style=\"font-family: \u5b8b\u4f53;font-size: 29px\">&nbsp; &nbsp; &nbsp; &nbsp; &nbsp; &nbsp; &nbsp; &nbsp; &nbsp; &nbsp;<\/span><\/p>\n<p style=\"margin-bottom:0;text-align:justify\"><span style=\"font-family:\u5b8b\u4f53;font-size:29px\"><\/span><\/p>\n<p>\u0646\u062d\u0646 \u0645\u0635\u0646\u0639\u0648\u0646 \u0648\u0645\u0648\u0631\u0650\u0651\u062f\u0648\u0646 \u0648\u0645\u0635\u062f\u0650\u0651\u0631\u0648\u0646 \u0644\u0635\u0646\u0627\u062f\u064a\u0642 \u0627\u0644\u0628\u064a\u062a\u0632\u0627 \u0644\u0645\u0627\u0643\u064a\u0646\u0629 \u0627\u0644\u0628\u064a\u0639 \u0627\u0644\u062a\u064a \u062a\u0623\u062a\u064a \u0628\u062a\u0635\u0645\u064a\u0645\u0627\u062a \u062c\u0630\u0627\u0628\u0629. \u064a\u062a\u0645 \u062a\u0635\u0646\u064a\u0639 \u0639\u0644\u0628 \u0627\u0644\u0628\u064a\u062a\u0632\u0627 \u0644\u062f\u064a\u0646\u0627 \u0628\u0627\u0633\u062a\u062e\u062f\u0627\u0645 \u0645\u0648\u0627\u062f \u0623\u0633\u0627\u0633\u064a\u0629 \u0639\u0627\u0644\u064a\u0629 \u0627\u0644\u062c\u0648\u062f\u0629. \u0639\u0644\u0628\u0629 \u0627\u0644\u0628\u064a\u062a\u0632\u0627 \u0647\u0630\u0647 \u0645\u0637\u0644\u0648\u0628\u0629 \u0639\u0644\u0649 \u0646\u0637\u0627\u0642 \u0648\u0627\u0633\u0639 \u0641\u064a \u0635\u0646\u0627\u0639\u0629 \u0627\u0644\u0645\u0648\u0627\u062f \u0627\u0644\u063a\u0630\u0627\u0626\u064a\u0629 \u0644\u062a\u062e\u0632\u064a\u0646 \u0627\u0644\u0645\u0646\u062a\u062c\u0627\u062a \u0627\u0644\u063a\u0630\u0627\u0626\u064a\u0629 \u0645\u062b\u0644 \u0627\u0644\u0628\u064a\u062a\u0632\u0627 \u0648\u0627\u0644\u0633\u0646\u062f\u0648\u064a\u0634\u0627\u062a \u0648\u0627\u0644\u0645\u0646\u062a\u062c\u0627\u062a \u0627\u0644\u063a\u0630\u0627\u0626\u064a\u0629 \u0648\u0645\u0627 \u0625\u0644\u0649 \u0630\u0644\u0643.<\/p>\n<p><\/p>\n<p>\u0645\u0627 \u0647\u064a \u0639\u0644\u0628\u0629 \u0627\u0644\u0628\u064a\u062a\u0632\u0627\u061f<\/p>\n<p><\/p>\n<p>\u062a\u064f\u0633\u062a\u062e\u062f\u0645 \u0639\u0644\u0628 \u0627\u0644\u0628\u064a\u062a\u0632\u0627 \u0644\u062a\u062e\u0632\u064a\u0646 \u0627\u0644\u0645\u0648\u0627\u062f \u0627\u0644\u063a\u0630\u0627\u0626\u064a\u0629 \u0648\u0647\u064a \u0645\u0635\u0646\u0648\u0639\u0629 \u0645\u0646 \u0627\u0644\u0648\u0631\u0642 \u0627\u0644\u0645\u0642\u0648\u0649. \u0648\u0647\u064a \u0645\u0635\u0646\u0648\u0639\u0629 \u0644\u062a\u064f\u062d\u0641\u0638 \u0641\u064a \u0634\u0643\u0644 \u0645\u0639\u064a\u0646 \u064a\u0646\u0627\u0633\u0628 \u0622\u0644\u0629 \u0627\u0644\u0628\u064a\u0639. \u064a\u0631\u062c\u0639 \u0633\u0628\u0628 \u062a\u0633\u0645\u064a\u0629 \u0639\u0644\u0628 \u0627\u0644\u0628\u064a\u062a\u0632\u0627 \u0628\u0639\u0644\u0628 \u0627\u0644\u0628\u064a\u062a\u0632\u0627 \u0625\u0644\u0649 \u0637\u0631\u064a\u0642\u0629 \u062a\u062e\u0632\u064a\u0646 \u0627\u0644\u0628\u064a\u062a\u0632\u0627. \u0648\u0647\u064a \u062a\u062e\u062a\u0644\u0641 \u0639\u0646 \u0639\u0644\u0628 \u0627\u0644\u0628\u064a\u062a\u0632\u0627 \u0627\u0644\u0639\u0627\u062f\u064a\u0629 \u0644\u0623\u0646\u0647\u0627 \u0645\u0635\u0645\u0645\u0629 \u0644\u062d\u0641\u0638 \u0627\u0644\u0628\u064a\u062a\u0632\u0627 \u0627\u0644\u0623\u0643\u0628\u0631 \u062d\u062c\u0645\u064b\u0627. \u0647\u0646\u0627\u0643 \u0646\u0645\u0627\u0630\u062c \u0645\u062e\u062a\u0644\u0641\u0629 \u0645\u0646 \u0639\u0644\u0628 \u0627\u0644\u0628\u064a\u062a\u0632\u0627 \u0645\u062a\u0648\u0641\u0631\u0629 \u0641\u064a \u0627\u0644\u0633\u0648\u0642\u060c \u0645\u062b\u0644 \u0627\u0644\u0635\u0646\u062f\u0648\u0642 \u0627\u0644\u062f\u0627\u0626\u0631\u064a\u060c \u0648\u0627\u0644\u0635\u0646\u062f\u0648\u0642 \u0627\u0644\u0645\u062b\u0644\u062b\u060c \u0648\u0627\u0644\u0635\u0646\u062f\u0648\u0642 \u0627\u0644\u0631\u0628\u0627\u0639\u064a\u060c \u0648\u0645\u0627 \u0625\u0644\u0649 \u0630\u0644\u0643. \u0639\u0644\u0628 \u0627\u0644\u0628\u064a\u062a\u0632\u0627 \u0627\u0644\u062a\u064a \u062a\u064f\u0633\u062a\u062e\u062f\u0645 \u0644\u0635\u0646\u0639 \u0627\u0644\u0628\u064a\u062a\u0632\u0627 \u0639\u0627\u062f\u0629\u064b \u0645\u0627 \u062a\u0643\u0648\u0646 \u0645\u0631\u0628\u0639\u0629 \u0623\u0648 \u062f\u0627\u0626\u0631\u064a\u0629 \u0627\u0644\u0634\u0643\u0644.<\/p>\n<p style=\"margin-bottom:0;text-align:justify\"><\/p>\n<p style=\"margin-bottom:0;text-align:justify\"><span style=\"font-size: 29px;font-family: Helvetica\">\u0645\u064a\u0632\u0627\u062a \u0627\u0644\u0645\u0646\u062a\u062c :<\/span><span style=\"font-family:\u5b8b\u4f53;font-size:29px\"> <\/span><\/p>\n<p><span style=\"font-family:Calibri;font-size:21px\">1.&nbsp;<\/span><span style=\"font-family:Calibri;font-size:21px\">\u0639\u0644\u0628\u0629 \u0628\u064a\u062a\u0632\u0627 \u0645\u0642\u0627\u0633 12 \u0628\u0648\u0635\u0629\u060c \u062a\u062d\u062a\u0648\u064a \u0639\u0644\u0649 \u0646\u0648\u0639\u064a\u0646 \u0645\u0646 \u0627\u0644\u0623\u062d\u062c\u0627\u0645 \u0644\u062a\u062e\u062a\u0627\u0631 \u0645\u0646 \u0628\u064a\u0646\u0647\u0627\u060c 32 \u00d7 32 \u00d7 32 \u00d7 3 \u0633\u0645 \u0648 32 \u00d7 32 \u00d7 32 \u00d7 3.5 \u0633\u0645\u060c \u0648\u0633\u0648\u0641 \u0646\u0633\u062a\u0646\u062f \u0625\u0644\u0649 \u062d\u062c\u0645 \u0635\u0646\u062f\u0648\u0642 \u0627\u0644\u0628\u064a\u062a\u0632\u0627 \u0627\u0644\u0645\u062e\u062a\u0644\u0641\u0629 \u0644\u0636\u0628\u0637 \u0627\u0644\u0643\u0645\u064a\u0629 \u062f\u0627\u062e\u0644 \u0645\u0627\u0643\u064a\u0646\u0629 \u0627\u0644\u0628\u064a\u062a\u0632\u0627. <\/span><\/p>\n<p><span style=\"font-family:Calibri;font-size:21px\">2.&nbsp;<\/span><span style=\"font-family:Calibri;font-size:21px\">\u064a\u062d\u062a\u0641\u0638 \u0635\u0646\u062f\u0648\u0642 \u0627\u0644\u0628\u064a\u062a\u0632\u0627 \u062f\u0627\u062e\u0644 \u0627\u0644\u0641\u0631\u064a\u0632\u0631\u060c \u0644\u0630\u0627 \u0646\u062e\u062a\u0627\u0631 \u0627\u0644\u0645\u0648\u0627\u062f \u0627\u0644\u062a\u064a \u064a\u062c\u0628 \u0623\u0646 \u062a\u0645\u0631\u0631 \u0627\u0644\u0648\u0631\u0642 \u0627\u0644\u0645\u0642\u0627\u0648\u0645 \u0644\u0644\u0631\u0637\u0648\u0628\u0629. <\/span><\/p>\n<p><span style=\"font-family:Calibri;font-size:21px\">3.&nbsp;<\/span><span style=\"font-family:Calibri;font-size:21px\">\u0639\u0644\u0628\u0629 \u0627\u0644\u0628\u064a\u062a\u0632\u0627 \u0647\u064a \u062a\u0635\u0645\u064a\u0645 \u062e\u0627\u0635 \u0644\u0645\u0627\u0643\u064a\u0646\u0629 \u0628\u064a\u0639 \u0627\u0644\u0628\u064a\u062a\u0632\u0627 \u0627\u0644\u0645\u0646\u0632\u0644\u064a\u0629. <\/span><\/p>\n<p><span style=\"font-family:Calibri;font-size:21px\">4.&nbsp;<\/span><span style=\"font-family:Calibri;font-size:21px\">\u0639\u0644\u0628\u0629 \u0627\u0644\u0628\u064a\u062a\u0632\u0627 \u0648\u0635\u064a\u0646\u064a\u0629 \u0627\u0644\u0628\u064a\u062a\u0632\u0627 \u0627\u0644\u0645\u0635\u0646\u0648\u0639\u0629 \u0645\u0646 \u0627\u0644\u0623\u0644\u0648\u0645\u0646\u064a\u0648\u0645 \u0647\u064a \u0645\u062c\u0645\u0648\u0639\u0629 \u0648\u0627\u062d\u062f\u0629 \u0644\u0645\u0627\u0643\u064a\u0646\u0629 \u0628\u064a\u0639 \u0627\u0644\u0628\u064a\u062a\u0632\u0627 \u0647\u0648\u0645\u064a \u0644\u062a\u0634\u063a\u064a\u0644\u0647\u0627.<\/span><\/p>\n<h2 style=\"font-family: sans-serif\">\u0643\u0645 \u0633\u0639\u0631 \u0645\u0627\u0643\u064a\u0646\u0629 \u0628\u064a\u062a\u0632\u0627 \u0641\u0648\u0631\u0646\u0648\u061f<\/h2>\n<p style=\"margin-top: 5px;margin-bottom: 5px;font-family: sans-serif;font-size: 16px\"><\/p>\n<p style=\"margin-top: 5px;margin-bottom: 5px;font-family: sans-serif;font-size: 16px\">\u0628\u064a\u062a\u0632\u0627 \u0641\u0648\u0631\u0646\u0648 \u0647\u064a \u0634\u0631\u0643\u0629 \u0639\u0627\u0626\u0644\u064a\u0629 \u0645\u0645\u0644\u0648\u0643\u0629 \u0644\u0644\u0639\u0627\u0626\u0644\u0629 \u0645\u0645\u0627 \u064a\u0639\u0646\u064a \u0623\u0646\u0646\u0627 \u0646\u0639\u0631\u0641 \u0645\u0639\u0646\u0649 \u0625\u062f\u0627\u0631\u0629 \u0627\u0644\u0623\u0639\u0645\u0627\u0644 \u0627\u0644\u062a\u062c\u0627\u0631\u064a\u0629 - \u0644\u062f\u064a\u0646\u0627 \u0639\u0627\u0626\u0644\u0629 \u0648\u0623\u0635\u062f\u0642\u0627\u0621 \u0646\u0639\u0631\u0641\u0647\u0645 \u0645\u0646\u0630 \u0633\u0646\u0648\u0627\u062a \u0639\u062f\u064a\u062f\u0629. \u0644\u064a\u0633 \u0647\u0630\u0627 \u0641\u062d\u0633\u0628\u060c \u0628\u0644 \u0625\u0646\u0646\u0627 \u0646\u0639\u0645\u0644 \u0641\u064a \u0645\u062c\u0627\u0644 \u062a\u062c\u0627\u0631\u0629 \u0627\u0644\u0645\u0648\u0627\u062f \u0627\u0644\u063a\u0630\u0627\u0626\u064a\u0629 \u0645\u0646\u0630 \u0633\u0646\u0648\u0627\u062a \u0639\u062f\u064a\u062f\u0629 \u0648\u0647\u0630\u0627 \u064a\u0639\u0646\u064a \u0623\u0646\u0647 \u0642\u062f \u0623\u062a\u064a\u062d\u062a \u0644\u0646\u0627 \u0627\u0644\u0641\u0631\u0635\u0629 \u0644\u0644\u062a\u0639\u0644\u0645 \u0645\u0646 \u0627\u0644\u0623\u062e\u0637\u0627\u0621 \u0648\u0627\u0644\u062a\u062c\u0627\u0631\u0628 \u0627\u0644\u0633\u064a\u0626\u0629 \u0648\u0627\u0644\u062a\u062c\u0627\u0631\u0628 \u0627\u0644\u062c\u064a\u062f\u0629 \u0648\u0647\u0630\u0627 \u0647\u0648 \u0645\u0627 \u064a\u062c\u0639\u0644\u0646\u0627 \u0646\u0639\u0631\u0641 \u0645\u0627 \u0633\u062a\u062d\u0635\u0644 \u0639\u0644\u064a\u0647 \u0645\u0646\u0627: \u0648\u062c\u0647 \u0648\u062f\u0648\u062f \u064a\u0633\u0627\u0639\u062f\u0643 \u0641\u064a \u0637\u0644\u0628\u0643 \u0648\u064a\u0642\u062f\u0645 \u0644\u0643 \u0627\u0644\u0646\u0635\u064a\u062d\u0629\u061b \u062e\u062f\u0645\u0629 \u062a\u0648\u0635\u064a\u0644 \u0648\u062f\u064a\u0629 \u0648\u0648\u062f\u0648\u062f\u0629 \u062a\u062d\u0627\u0648\u0644 \u0625\u0631\u0636\u0627\u0621\u0643 \u0648\u062a\u0642\u062f\u064a\u0645 \u0623\u0641\u0636\u0644 \u062e\u062f\u0645\u0629 \u0645\u0645\u0643\u0646\u0629 \u0644\u0643\u061b \u062a\u0648\u0635\u064a\u0644 \u0633\u0631\u064a\u0639 \u0648\u0648\u062f\u0648\u062f \u0648\u0645\u0643\u0627\u0644\u0645\u0629 \u0647\u0627\u062a\u0641\u064a\u0629 \u0645\u062c\u0627\u0646\u064a\u0629 \u0648\u0635\u0627\u062f\u0642\u0629 \u0648\u0648\u062f\u064a\u0629 \u0648\u0645\u0647\u0630\u0628\u0629. \u0628\u0627\u062e\u062a\u0635\u0627\u0631\u060c \u0646\u062d\u0646 \u0646\u0642\u062f\u0645 \u0623\u0641\u0636\u0644 \u062e\u062f\u0645\u0629 \u0641\u064a \u0647\u0630\u0627 \u0627\u0644\u0645\u062c\u0627\u0644! \u0647\u0630\u0627 \u0647\u0648 \u0627\u0644\u0633\u0628\u0628 \u0641\u064a \u0623\u0646 \u062c\u0645\u064a\u0639 \u0634\u0631\u0643\u0627\u0621 \u0627\u0644\u062a\u0648\u0635\u064a\u0644 \u0644\u062f\u064a\u0646\u0627 \u0637\u0644\u0628\u0646\u0627 \u0627\u0644\u062a\u0648\u0635\u064a\u0629 \u0628\u0647\u0645 \u0644\u0633\u0646\u0648\u0627\u062a \u0639\u062f\u064a\u062f\u0629\u060c \u0641\u0646\u062d\u0646 \u0646\u0639\u0645\u0644 \u0645\u0639\u0647\u0645 \u0644\u0623\u0646\u0647\u0645 \u0627\u0643\u062a\u0633\u0628\u0648\u0627 \u062b\u0642\u062a\u0646\u0627 \u0648\u0633\u0645\u0639\u062a\u0646\u0627.<\/p>\n<p style=\"margin-top: 5px;margin-bottom: 5px;font-family: sans-serif;font-size: 16px\"><\/p>\n<h2 style=\"font-family: sans-serif\">\u0647\u0644 \u064a\u062c\u0628 \u0623\u0646 \u0623\u0633\u062a\u062b\u0645\u0631 \u0628\u064a\u062a\u0632\u0627 \u0628\u064a\u0633\u062a\u0631\u0648 \u0628\u064a\u0633\u062a\u0631\u0648\u061f<\/h2>\n<p style=\"margin-top: 5px;margin-bottom: 5px;font-family: sans-serif;font-size: 16px\"><\/p>\n<p style=\"margin-top: 5px;margin-bottom: 5px;font-family: sans-serif;font-size: 16px\">\u0623\u0639\u0644\u0645 \u0623\u0646 \u0647\u0630\u0627 \u0645\u0648\u0636\u0648\u0639 \u062e\u0627\u0631\u062c \u0639\u0646 \u0627\u0644\u0645\u0648\u0636\u0648\u0639 \u0625\u0644\u0649 \u062d\u062f \u0645\u0627\u060c \u0644\u0643\u0646\u0646\u064a \u0641\u0643\u0631\u062a \u0641\u064a \u0623\u0646 \u0623\u0633\u0623\u0644. \u0644\u0642\u062f \u0643\u0646\u062a \u0623\u0641\u0643\u0631 \u0641\u064a \u0627\u0644\u0627\u0633\u062a\u062b\u0645\u0627\u0631 \u0641\u064a \u0628\u064a\u0633\u062a\u0631\u0648. \u0625\u0646\u0647\u0627 \u0645\u0648\u062c\u0648\u062f\u0629 \u0645\u0646\u0630 \u062d\u0648\u0627\u0644\u064a 7 \u0633\u0646\u0648\u0627\u062a. \u0622\u062e\u0631 \u0645\u0631\u0629 \u0646\u0638\u0631\u062a \u0641\u064a\u0647\u0627 \u0643\u0627\u0646 \u0627\u0644\u0633\u0639\u0631 \u0623\u0642\u0644 \u0645\u0646 $10. \u0625\u0646\u0647\u0645 \u0645\u0639\u0631\u0648\u0641\u0648\u0646 \u0628\u0628\u064a\u062a\u0632\u0627\u0647\u0645 \u0627\u0644\u0645\u0635\u0646\u0648\u0639\u0629 \u0645\u0646 \u0627\u0644\u0639\u062c\u064a\u0646 \u0627\u0644\u0645\u062c\u0645\u062f \u0645\u0639 \u0627\u0644\u0625\u0636\u0627\u0641\u0627\u062a \u0627\u0644\u062a\u064a \u062a\u0628\u0642\u0649 \u0641\u064a \u0645\u0643\u0627\u0646\u0647\u0627\u060c \u0644\u0643\u0646\u0647\u0645 \u0623\u0642\u0631\u0628 \u0625\u0644\u0649 \u0645\u0637\u0639\u0645 \u0634\u0637\u0627\u0626\u0631. \u064a\u0632\u0639\u0645\u0648\u0646 \u0623\u0646\u0647\u0645 \u0623\u0643\u062b\u0631 \u0635\u062d\u0629 \u0645\u0646 \u0645\u0639\u0638\u0645 \u0645\u0637\u0627\u0639\u0645 \u0627\u0644\u0628\u064a\u062a\u0632\u0627. \u0623\u0646\u0627 \u062c\u062f\u064a\u062f \u0641\u064a \u0627\u0644\u0645\u0646\u0637\u0642\u0629 \u0648\u0623\u062d\u0628 \u0628\u064a\u062a\u0632\u0627\u0647\u0645 \"\u0645\u062d\u0644\u064a\u0629 \u0627\u0644\u0635\u0646\u0639\".<\/p>\n<p style=\"margin-top: 5px;margin-bottom: 5px;font-family: sans-serif;font-size: 16px\"><\/p>\n<h2 style=\"font-family: sans-serif\">\u0643\u064a\u0641 \u064a\u0639\u0645\u0644 \u0643\u0634\u0643 \u0627\u0644\u0628\u064a\u062a\u0632\u0627\u061f<\/h2>\n<p style=\"margin-top: 5px;margin-bottom: 5px;font-family: sans-serif;font-size: 16px\"><\/p>\n<p style=\"margin-top: 5px;margin-bottom: 5px;font-family: sans-serif;font-size: 16px\">\u0643\u0634\u0643 \u0627\u0644\u0628\u064a\u062a\u0632\u0627 \u0647\u0648 \u062e\u062f\u0645\u0629 \u062a\u0648\u0635\u064a\u0644 \u0627\u0644\u0628\u064a\u062a\u0632\u0627 \u062d\u064a\u062b \u064a\u0645\u0643\u0646 \u0644\u0644\u0623\u0634\u062e\u0627\u0635 \u062a\u0646\u0627\u0648\u0644 \u0627\u0644\u0628\u064a\u062a\u0632\u0627 \u0623\u062b\u0646\u0627\u0621 \u0627\u0644\u062a\u0646\u0642\u0644 \u0645\u0646 \u0645\u0627\u0643\u064a\u0646\u0629 \u0628\u064a\u0639 \u0645\u062b\u0644 \u0645\u0627\u0643\u064a\u0646\u0629 \u0627\u0644\u0628\u064a\u0639. \u0646\u062d\u0646 \u0645\u0627\u0643\u064a\u0646\u0629 \u0628\u064a\u0639 \u0627\u0644\u0628\u064a\u062a\u0632\u0627\u060c \u0648\u0645\u0627\u0643\u064a\u0646\u0629 \u0628\u064a\u0639 \u0627\u0644\u0628\u064a\u062a\u0632\u0627 \u0647\u064a \u0645\u0627\u0643\u064a\u0646\u0629 \u0628\u064a\u0639 \u0627\u0644\u0628\u064a\u062a\u0632\u0627 \u0647\u064a \u0645\u0627\u0643\u064a\u0646\u0629 \u0635\u0631\u0641 \u0637\u0639\u0627\u0645 \u0645\u0635\u0645\u0645\u0629 \u0639\u0627\u062f\u0629\u064b \u0644\u0628\u064a\u0639 \u0627\u0644\u0623\u0637\u0639\u0645\u0629 \u0648\u0627\u0644\u0645\u0634\u0631\u0648\u0628\u0627\u062a. \u0648\u063a\u0627\u0644\u0628\u0627\u064b \u0645\u0627 \u062a\u0633\u0645\u062d \u0623\u064a\u0636\u0627\u064b \u0628\u0627\u0644\u062f\u0641\u0639 \u0646\u0642\u062f\u0627\u064b \u0623\u0648 \u0628\u0628\u0637\u0627\u0642\u0629 \u0627\u0644\u0627\u0626\u062a\u0645\u0627\u0646 \u0623\u0648 \u0628\u0627\u0644\u0647\u0627\u062a\u0641 \u0627\u0644\u0645\u062d\u0645\u0648\u0644 \u0644\u0644\u0645\u0633\u062a\u062e\u062f\u0645\u064a\u0646. \u0647\u0646\u0627\u0643 \u0646\u0648\u0639\u0627\u0646 \u0645\u0646 \u0627\u0644\u0623\u0643\u0634\u0627\u0643\u061b \u0643\u0634\u0643 \u0627\u0644\u062e\u062f\u0645\u0629 \u0627\u0644\u0630\u0627\u062a\u064a\u0629 \u0627\u0644\u0645\u0624\u062a\u0645\u062a\u0629 \u0628\u0627\u0644\u0643\u0627\u0645\u0644 \u0648\u0643\u0634\u0643 \u0627\u0644\u062e\u062f\u0645\u0629 \u0628\u0645\u0633\u0627\u0639\u062f\u0629 \u0627\u0644\u0625\u0646\u0633\u0627\u0646.<\/p>\n<\/p><\/div>","protected":false},"excerpt":{"rendered":"<p>3 min vending pizza machine&nbsp; &nbsp; &nbsp; &nbsp; &nbsp;&nbsp; &nbsp; &nbsp; &nbsp; &nbsp; &nbsp;&nbsp;&nbsp;&nbsp;&nbsp;&nbsp;&nbsp;&nbsp;&nbsp;&nbsp;&nbsp;&nbsp;&nbsp;&nbsp;&nbsp;&nbsp; &nbsp; &nbsp; &nbsp; &nbsp; &nbsp; &nbsp; &nbsp; &nbsp; &nbsp; &nbsp; &nbsp; We have been a manufacturer, supplier and exporter of Pizza Box for vending machine that comes in attractive designs. Our Pizza Boxes are manufactured using premium quality basic material. This [&hellip;]<\/p>\n","protected":false},"featured_media":1958,"comment_status":"open","ping_status":"open","template":"","meta":{"_swt_meta_header_display":false,"_swt_meta_footer_display":false,"_swt_meta_site_title_display":false,"_swt_meta_sticky_header":false,"_swt_meta_transparent_header":false},"product_brand":[],"product_cat":[70,68],"product_tag":[],"class_list":{"0":"post-110","1":"product","2":"type-product","3":"status-publish","4":"has-post-thumbnail","6":"product_cat-pizza-vending-machine","7":"product_cat-vending-machine","9":"first","10":"instock","11":"shipping-taxable","12":"product-type-simple"},"_links":{"self":[{"href":"https:\/\/www.hommy.com\/ar\/wp-json\/wp\/v2\/product\/110","targetHints":{"allow":["GET"]}}],"collection":[{"href":"https:\/\/www.hommy.com\/ar\/wp-json\/wp\/v2\/product"}],"about":[{"href":"https:\/\/www.hommy.com\/ar\/wp-json\/wp\/v2\/types\/product"}],"replies":[{"embeddable":true,"href":"https:\/\/www.hommy.com\/ar\/wp-json\/wp\/v2\/comments?post=110"}],"wp:featuredmedia":[{"embeddable":true,"href":"https:\/\/www.hommy.com\/ar\/wp-json\/wp\/v2\/media\/1958"}],"wp:attachment":[{"href":"https:\/\/www.hommy.com\/ar\/wp-json\/wp\/v2\/media?parent=110"}],"wp:term":[{"taxonomy":"product_brand","embeddable":true,"href":"https:\/\/www.hommy.com\/ar\/wp-json\/wp\/v2\/product_brand?post=110"},{"taxonomy":"product_cat","embeddable":true,"href":"https:\/\/www.hommy.com\/ar\/wp-json\/wp\/v2\/product_cat?post=110"},{"taxonomy":"product_tag","embeddable":true,"href":"https:\/\/www.hommy.com\/ar\/wp-json\/wp\/v2\/product_tag?post=110"}],"curies":[{"name":"\u062f\u0628\u0644\u064a\u0648 \u0628\u064a","href":"https:\/\/api.w.org\/{rel}","templated":true}]}}